{"id":3823,"date":"2024-09-28T10:30:51","date_gmt":"2024-09-28T10:30:51","guid":{"rendered":"https:\/\/www.chancescook.com\/?post_type=product&#038;p=3823"},"modified":"2024-09-28T10:30:52","modified_gmt":"2024-09-28T10:30:52","slug":"12-piece-set-of-pots-and-pans","status":"publish","type":"product","link":"https:\/\/www.chancescook.com\/pt\/produto\/12-piece-set-of-pots-and-pans\/","title":{"rendered":"Conjunto de 12 pe\u00e7as de tachos e panelas com p\u00e9s pontiagudos Grossista - Utens\u00edlios de cozinha de qualidade para todas as cozinhas"},"content":{"rendered":"<div class=\"wp-block-columns is-layout-flex wp-container-core-columns-is-layout-9d6595d7 wp-block-columns-is-layout-flex\">\n<div class=\"wp-block-column is-layout-flow wp-block-column-is-layout-flow\">\n<h3 class=\"wp-block-heading\">Carater\u00edsticas e vantagens do conjunto de panelas e frigideiras de 12 pe\u00e7as<\/h3>\n\n\n\n<ul class=\"wp-block-list\">\n<li><strong>Design de p\u00e9s pontiagudos<\/strong>: Ado\u00e7\u00e3o de um design delicado e \u00fanico de p\u00e9s pontiagudos, reflectindo a moda est\u00e9tica deste conjunto de tachos e panelas de 12 pe\u00e7as.<\/li>\n\n\n\n<li><strong>Conjunto de panelas de 12 pe\u00e7as<\/strong>: Contendo panelas, frigideiras, vaporizadores, etc., existem 12 pe\u00e7as de utens\u00edlios de cozinha em diferentes tamanhos e tipos, que podem satisfazer as necessidades de cozedura de diferentes ingredientes, bem como as exig\u00eancias dos profissionais de cozinha.<\/li>\n\n\n\n<li><strong>Durabilidade<\/strong>: Fabricado em a\u00e7o inoxid\u00e1vel 410 de qualidade alimentar, o utens\u00edlio de cozinha pode ser utilizado durante muito tempo sem se desgastar.<\/li>\n\n\n\n<li><strong>Condu\u00e7\u00e3o isot\u00e9rmica<\/strong>: Pode ser utilizado em placas de indu\u00e7\u00e3o, etc. O design do fundo com v\u00e1rias camadas garante uma distribui\u00e7\u00e3o uniforme do calor e minimiza o tempo de cozedura.<\/li>\n\n\n\n<li><strong>Tampa de vidro transparente<\/strong>: O conjunto de utens\u00edlios de cozinha \u00e9 fornecido com uma tampa de vidro temperado, para que possa verificar facilmente o estado de cozedura dos seus alimentos, mantendo o calor e a humidade.<\/li>\n\n\n\n<li><strong>Boa estabilidade e anti-derrapante<\/strong>: Os tachos e panelas de 12 pe\u00e7as com p\u00e9s pontiagudos aumentam a estabilidade dos utens\u00edlios de cozinha e reduzem o risco de inclina\u00e7\u00e3o durante a utiliza\u00e7\u00e3o.<\/li>\n<\/ul>\n<\/div>\n\n\n\n<div class=\"wp-block-column is-layout-flow wp-block-column-is-layout-flow\">\n<h3 class=\"wp-block-heading\">Especifica\u00e7\u00f5es do Conjunto de panelas e frigideiras de 12 pe\u00e7as<\/h3>\n\n\n\n<ul class=\"wp-block-list\">\n<li>Fabricante: CHANCES<\/li>\n\n\n\n<li>Model No.:CY-JJBG1205A\/CY-TG1203\/CY-JJBG12035\/CY-JJBG12035A<\/li>\n\n\n\n<li>Material: SS410<\/li>\n\n\n\n<li>Contagem de pe\u00e7as:12 pe\u00e7as<\/li>\n\n\n\n<li>Espessura: 0,5 mm\/0,3 mm\/0,35 mm<\/li>\n\n\n\n<li>Fundo:3,0mm\/1,2mm\/1,5mm<\/li>\n\n\n\n<li>OEM&amp;ODM: Personalizado, bem-vindo OEM&amp;ODM<\/li>\n\n\n\n<li>MOQ:1 x 40'HQ<\/li>\n\n\n\n<li>Embalagem: Caixa de cor\/caixa de cart\u00e3o<\/li>\n\n\n\n<li>Amostra: Gr\u00e1tis<\/li>\n<\/ul>\n<\/div>\n<\/div>","protected":false},"excerpt":{"rendered":"<p>Explore este conjunto de tachos e panelas de 12 pe\u00e7as com um conjunto de utens\u00edlios de cozinha \u00fanico e luxuoso para maior estabilidade e est\u00e9tica moderna. Completo com tachos e panelas para um desempenho consistente e necessidades culin\u00e1rias vers\u00e1teis, este conjunto \u00e9 ideal para a cozinha dom\u00e9stica ou profissional.<\/p>\n<h3>Conjunto de 12 pe\u00e7as de panelas e frigideiras Inclui\uff1a<\/h3>\n<table style=\"border-collapse: collapse; width: 468.62pt;\" border=\"0\" width=\"781\" cellspacing=\"0\" cellpadding=\"0\">\n<tbody>\n<tr style=\"height: 17.40pt;\">\n<td class=\"et3\" style=\"height: 17.40pt; width: 82.10pt;\" width=\"136\" height=\"29\">Modelo n.<\/td>\n<td class=\"et3\" style=\"width: 138.15pt;\" width=\"230\">Variantes do produto<\/td>\n<td class=\"et3\" style=\"width: 248.35pt;\" width=\"413\">Configura\u00e7\u00e3o<\/td>\n<\/tr>\n<tr style=\"height: 72.00pt;\">\n<td class=\"et4\" style=\"height: 72.00pt; width: 82.10pt;\" width=\"136\" height=\"120\">CY-JJBG1205A<\/td>\n<td class=\"et5\" style=\"width: 138.15pt;\" width=\"230\">Conjunto de panelas de p\u00e9 pontiagudo com tampa de vidro<\/td>\n<td class=\"et6\" style=\"width: 248.35pt;\" rowspan=\"2\" width=\"413\">Ca\u00e7arola de 16cm x 9cm com tampa<br \/>Ca\u00e7arola de 16cm x 9cm com tampa<br \/>Ca\u00e7arola de 18cm x 10,5cm com tampa<br \/>Ca\u00e7arola de 20cm x 11cm com tampa<br \/>Ca\u00e7arola de 24 cm x 12,9 cm com tampa<br \/>Frigideira de 24cm x 7cm com tampa<\/td>\n<\/tr>\n<tr style=\"height: 72.00pt;\">\n<td class=\"et4\" style=\"height: 72.00pt; width: 82.10pt;\" width=\"136\" height=\"120\">CY-TG1203<\/td>\n<td class=\"et5\" style=\"width: 138.15pt;\" width=\"230\">Conjunto de utens\u00edlios de cozinha com p\u00e9s pontiagudos<\/td>\n<\/tr>\n<tr style=\"height: 72.00pt;\">\n<td class=\"et8\" style=\"height: 72.00pt;\" height=\"120\">CY-JJBG12035<\/td>\n<td class=\"et5\" style=\"width: 138.15pt;\" width=\"230\">Conjunto de utens\u00edlios de cozinha com p\u00e9s pontiagudos<\/td>\n<td class=\"et7\" style=\"width: 248.35pt; border-bottom: .5pt solid #000000;\" rowspan=\"2\" width=\"413\">Ca\u00e7arola de 16cm x 9cm com tampa<br \/>Ca\u00e7arola de 16cm x 9cm com tampa<br \/>Ca\u00e7arola de 18cm x 10,5cm com tampa<br \/>Ca\u00e7arola de 20cm x 11cm com tampa<br \/>Ca\u00e7arola de 24 cm x 12,9 cm com tampa<br \/>Frigideira de 24cm x 7cm com tampa<\/td>\n<\/tr>\n<tr style=\"height: 72.00pt;\">\n<td class=\"et8\" style=\"height: 72.00pt;\" height=\"120\">CY-JJBG12035A<\/td>\n<td class=\"et5\" style=\"width: 138.15pt;\" width=\"230\">Conjunto de utens\u00edlios de cozinha com p\u00e9s pontiagudos<\/td>\n<\/tr>\n<\/tbody>\n<\/table>","protected":false},"featured_media":4135,"comment_status":"closed","ping_status":"closed","template":"","meta":{"_acf_changed":false},"product_brand":[],"product_cat":[53],"product_tag":[],"class_list":{"0":"post-3823","1":"product","2":"type-product","3":"status-publish","4":"has-post-thumbnail","6":"product_cat-wholesale-cookware-sets","8":"first","9":"instock","10":"shipping-taxable","11":"product-type-simple"},"acf":[],"_links":{"self":[{"href":"https:\/\/www.chancescook.com\/pt\/wp-json\/wp\/v2\/product\/3823","targetHints":{"allow":["GET"]}}],"collection":[{"href":"https:\/\/www.chancescook.com\/pt\/wp-json\/wp\/v2\/product"}],"about":[{"href":"https:\/\/www.chancescook.com\/pt\/wp-json\/wp\/v2\/types\/product"}],"replies":[{"embeddable":true,"href":"https:\/\/www.chancescook.com\/pt\/wp-json\/wp\/v2\/comments?post=3823"}],"wp:featuredmedia":[{"embeddable":true,"href":"https:\/\/www.chancescook.com\/pt\/wp-json\/wp\/v2\/media\/4135"}],"wp:attachment":[{"href":"https:\/\/www.chancescook.com\/pt\/wp-json\/wp\/v2\/media?parent=3823"}],"wp:term":[{"taxonomy":"product_brand","embeddable":true,"href":"https:\/\/www.chancescook.com\/pt\/wp-json\/wp\/v2\/product_brand?post=3823"},{"taxonomy":"product_cat","embeddable":true,"href":"https:\/\/www.chancescook.com\/pt\/wp-json\/wp\/v2\/product_cat?post=3823"},{"taxonomy":"product_tag","embeddable":true,"href":"https:\/\/www.chancescook.com\/pt\/wp-json\/wp\/v2\/product_tag?post=3823"}],"curies":[{"name":"wp","href":"https:\/\/api.w.org\/{rel}","templated":true}]}}