{"id":3832,"date":"2024-10-06T06:35:13","date_gmt":"2024-10-06T06:35:13","guid":{"rendered":"https:\/\/www.chancescook.com\/?post_type=product&#038;p=3832"},"modified":"2025-03-04T06:20:50","modified_gmt":"2025-03-04T06:20:50","slug":"pots-and-pans-set-stainless-steel","status":"publish","type":"product","link":"https:\/\/www.chancescook.com\/pt\/produto\/pots-and-pans-set-stainless-steel\/","title":{"rendered":"Conjunto de panelas e frigideiras por atacado, Conjunto de panelas de a\u00e7o inoxid\u00e1vel de 8 pe\u00e7as Fornecedor"},"content":{"rendered":"<div class=\"wp-block-columns is-layout-flex wp-container-core-columns-is-layout-9d6595d7 wp-block-columns-is-layout-flex\">\n<div class=\"wp-block-column is-layout-flow wp-block-column-is-layout-flow\">\n<h3 class=\"wp-block-heading\">Carater\u00edsticas e vantagens do conjunto de panelas e frigideiras<\/h3>\n\n\n\n<ul class=\"wp-block-list\">\n<li><strong>Equipado com uma tampa<\/strong>: n\u00e3o s\u00f3 mant\u00e9m o calor e a humidade fora da frigideira, como tamb\u00e9m aumenta a velocidade de cozedura dos alimentos, o que o torna ideal para uma <strong>conjunto de tachos e panelas por atacado<\/strong>.<\/li>\n\n\n\n<li><strong>Design da pega:<\/strong> Se o material e o design corretos da pega forem selecionados, n\u00e3o s\u00f3 tornar\u00e3o o utilizador do utens\u00edlio de cozinha mais seguro e mais confort\u00e1vel, como tamb\u00e9m ter\u00e3o impacto na efici\u00eancia e efic\u00e1cia do processo de cozedura, especialmente num <strong>Fornecedor de conjunto de panelas de 8 pe\u00e7as<\/strong> oferecendo op\u00e7\u00f5es de qualidade.<\/li>\n\n\n\n<li><strong>Aplicabilidade da utiliza\u00e7\u00e3o comercial:<\/strong> Pode ser aplic\u00e1vel para compras a granel, satisfazendo as necessidades de compras em grande escala de restaurantes, hot\u00e9is e cozinhas comerciais, oferecendo solu\u00e7\u00f5es rent\u00e1veis aos utilizadores em ambientes comerciais.<\/li>\n\n\n\n<li><strong>Adapta\u00e7\u00e3o multifuncional:<\/strong> O conjunto de 8 pe\u00e7as tem v\u00e1rios tipos de tachos e panelas no interior, adequados para fritar, estufar, ferver, fritar e outros tipos de formas de cozinhar para servir v\u00e1rias necessidades culin\u00e1rias.<\/li>\n\n\n\n<li><strong>Esteticamente agrad\u00e1vel:<\/strong> O conjunto de tachos e panelas para venda por grosso, concebido num estilo chin\u00eas, eleva o n\u00edvel de beleza, tornando estes artigos poderosos e aumentando o apelo visual geral da cozinha.<\/li>\n\n\n\n<li><strong>Design personalizado e \u00e0 medida:<\/strong> Desde a sele\u00e7\u00e3o do material, tamanho e forma at\u00e9 \u00e0 pega, tampa e design do log\u00f3tipo, as panelas e frigideiras personalizadas podem satisfazer melhor as necessidades dos utilizadores.<\/li>\n<\/ul>\n<\/div>\n\n\n\n<div class=\"wp-block-column is-layout-flow wp-block-column-is-layout-flow\">\n<h3 class=\"wp-block-heading\">Especifica\u00e7\u00f5es do conjunto de panelas e frigideiras por atacado<\/h3>\n\n\n\n<ul class=\"wp-block-list\">\n<li>Fabricante: CHANCES<\/li>\n\n\n\n<li>Model No.:CY-ZSPG0508\/CY-TGZS0805A<\/li>\n\n\n\n<li>Material: SS201<\/li>\n\n\n\n<li>Contagem de pe\u00e7as:8 pe\u00e7as<\/li>\n\n\n\n<li>Espessura: 0,5 mm<\/li>\n\n\n\n<li>Fundo:3.0mm<\/li>\n\n\n\n<li>OEM&amp;ODM: Personalizado, bem-vindo OEM&amp;ODM<\/li>\n\n\n\n<li>MOQ:1 x 40'HQ<\/li>\n\n\n\n<li>Embalagem: Caixa de cor\/caixa de cart\u00e3o<\/li>\n\n\n\n<li>Amostra: Gr\u00e1tis<\/li>\n<\/ul>\n<\/div>\n<\/div>\n\n\n\n<p><\/p>","protected":false},"excerpt":{"rendered":"<p>Bem-vindo ao conjunto de tachos e panelas por atacado. Estes v\u00eam com tampas e pegas correspondentes e s\u00e3o feitos de material de a\u00e7o inoxid\u00e1vel de alta qualidade que \u00e9 dur\u00e1vel e pr\u00e1tico. \u00c9 adequado para uso dom\u00e9stico e para grandes por\u00e7\u00f5es em estabelecimentos de restaura\u00e7\u00e3o e \u00e9 ideal para compras comerciais.<\/p>\n<h3>O conjunto de panelas e frigideiras em a\u00e7o inoxid\u00e1vel inclui:<\/h3>\n<table style=\"border-collapse: collapse; width: 478.82pt;\" border=\"0\" width=\"798\" cellspacing=\"0\" cellpadding=\"0\">\n<tbody>\n<tr style=\"height: 17.40pt;\">\n<td class=\"et3\" style=\"height: 17.40pt; width: 92.45pt;\" width=\"154\" height=\"29\">Modelo n.<\/td>\n<td class=\"et3\" style=\"width: 138.15pt;\" width=\"230\">Variantes do produto<\/td>\n<td class=\"et3\" style=\"width: 248.35pt;\" width=\"413\">Configura\u00e7\u00e3o<\/td>\n<\/tr>\n<tr style=\"height: 72.00pt;\">\n<td class=\"et4\" style=\"height: 72.00pt; width: 92.45pt;\" width=\"154\" height=\"120\">CY-ZSPG0508<\/td>\n<td class=\"et5\" style=\"width: 138.15pt;\" width=\"230\">Conjunto de utens\u00edlios de cozinha chineses com tampas planas e pegas de silicone<\/td>\n<td class=\"et6\" style=\"width: 248.35pt;\" width=\"413\">Panela de 16cm x 10,4cm com tampa<br \/>Ca\u00e7arola de 18cm x 11,3cm com tampa<br \/>Ca\u00e7arola de 20cm x 12,1cm com tampa<br \/>Frigideira de 20cm x 6,6cm com tampa<\/td>\n<\/tr>\n<tr style=\"height: 72.00pt;\">\n<td class=\"et4\" style=\"height: 72.00pt; width: 92.45pt;\" width=\"154\" height=\"120\">CY-TGZS0805A<\/td>\n<td class=\"et5\" style=\"width: 138.15pt;\" width=\"230\">Conjunto de utens\u00edlios de cozinha chineses com tampa de vidro e pega em a\u00e7o inoxid\u00e1vel<\/td>\n<td class=\"et6\" style=\"width: 248.35pt;\" width=\"413\">Ca\u00e7arola de 16 cm com tampa<br \/>Ca\u00e7arola de 18 cm com tampa<br \/>Ca\u00e7arola de 20 cm com tampa<br \/>Ca\u00e7arola de 24 cm com tampa<\/td>\n<\/tr>\n<\/tbody>\n<\/table>","protected":false},"featured_media":4140,"comment_status":"closed","ping_status":"closed","template":"","meta":{"_acf_changed":false},"product_brand":[],"product_cat":[53],"product_tag":[],"class_list":{"0":"post-3832","1":"product","2":"type-product","3":"status-publish","4":"has-post-thumbnail","6":"product_cat-wholesale-cookware-sets","8":"first","9":"instock","10":"shipping-taxable","11":"product-type-simple"},"acf":[],"_links":{"self":[{"href":"https:\/\/www.chancescook.com\/pt\/wp-json\/wp\/v2\/product\/3832","targetHints":{"allow":["GET"]}}],"collection":[{"href":"https:\/\/www.chancescook.com\/pt\/wp-json\/wp\/v2\/product"}],"about":[{"href":"https:\/\/www.chancescook.com\/pt\/wp-json\/wp\/v2\/types\/product"}],"replies":[{"embeddable":true,"href":"https:\/\/www.chancescook.com\/pt\/wp-json\/wp\/v2\/comments?post=3832"}],"wp:featuredmedia":[{"embeddable":true,"href":"https:\/\/www.chancescook.com\/pt\/wp-json\/wp\/v2\/media\/4140"}],"wp:attachment":[{"href":"https:\/\/www.chancescook.com\/pt\/wp-json\/wp\/v2\/media?parent=3832"}],"wp:term":[{"taxonomy":"product_brand","embeddable":true,"href":"https:\/\/www.chancescook.com\/pt\/wp-json\/wp\/v2\/product_brand?post=3832"},{"taxonomy":"product_cat","embeddable":true,"href":"https:\/\/www.chancescook.com\/pt\/wp-json\/wp\/v2\/product_cat?post=3832"},{"taxonomy":"product_tag","embeddable":true,"href":"https:\/\/www.chancescook.com\/pt\/wp-json\/wp\/v2\/product_tag?post=3832"}],"curies":[{"name":"wp","href":"https:\/\/api.w.org\/{rel}","templated":true}]}}