{"id":3835,"date":"2025-07-01T17:40:57","date_gmt":"2025-07-01T17:40:57","guid":{"rendered":"https:\/\/www.chancescook.com\/?post_type=product&#038;p=3835"},"modified":"2025-07-01T17:40:59","modified_gmt":"2025-07-01T17:40:59","slug":"wholesale-kitchen-pots-and-pans-set","status":"publish","type":"product","link":"https:\/\/www.chancescook.com\/pt\/produto\/wholesale-kitchen-pots-and-pans-set\/","title":{"rendered":"Conjunto de panelas e frigideiras de cozinha por atacado, conjunto de estilo chin\u00eas com tampas de a\u00e7o 6 pe\u00e7as"},"content":{"rendered":"<div class=\"wp-block-columns is-layout-flex wp-container-core-columns-is-layout-9d6595d7 wp-block-columns-is-layout-flex\">\n<div class=\"wp-block-column is-layout-flow wp-block-column-is-layout-flow\">\n<h3 class=\"wp-block-heading\">Carater\u00edsticas e vantagens do conjunto de panelas e frigideiras de cozinha<\/h3>\n\n\n\n<ul class=\"wp-block-list\">\n<li><strong>Duradouro:<\/strong> Constru\u00eddas com materiais de grande qualidade, as panelas e frigideiras t\u00eam uma excelente durabilidade e resist\u00eancia \u00e0 corros\u00e3o, mesmo em caso de utiliza\u00e7\u00e3o frequente.<\/li>\n\n\n\n<li><strong>Compat\u00edvel com todos os tipos de fog\u00f5es:<\/strong> Conjuntos de utens\u00edlios de cozinha personalizados em a\u00e7o inoxid\u00e1vel adequados para todos os fog\u00f5es, incluindo os de indu\u00e7\u00e3o, garantindo uma ampla compatibilidade.<\/li>\n\n\n\n<li><strong>Utens\u00edlios de cozinha n\u00e3o t\u00f3xicos:<\/strong> Os nossos conjuntos de utens\u00edlios de cozinha est\u00e3o isentos de subst\u00e2ncias nocivas como PFOA, PTFE, PFAs, chumbo, c\u00e1dmio e metais t\u00f3xicos, pelo que pode ter a certeza de que est\u00e1 a cozinhar em seguran\u00e7a.<\/li>\n\n\n\n<li><strong>\u00d3timo para personaliza\u00e7\u00e3o:<\/strong> pode ser personalizado e a produ\u00e7\u00e3o personalizada de acordo com as necessidades dos fabricantes para satisfazer requisitos espec\u00edficos de design e funcionais.<\/li>\n\n\n\n<li><strong>Versatilidade: <\/strong>Inclui uma enorme variedade de utens\u00edlios de cozinha, adequados a todos os tipos de estilos de cozinha e que satisfazem diferentes necessidades culin\u00e1rias.<\/li>\n\n\n\n<li><strong>Simples de limpar:<\/strong> O a\u00e7o inoxid\u00e1vel e os materiais antiaderentes tornam a limpeza r\u00e1pida e f\u00e1cil.<\/li>\n<\/ul>\n<\/div>\n\n\n\n<div class=\"wp-block-column is-layout-flow wp-block-column-is-layout-flow\">\n<h3 class=\"wp-block-heading\">Especifica\u00e7\u00f5es do conjunto de panelas e frigideiras de cozinha<\/h3>\n\n\n\n<ul class=\"wp-block-list\">\n<li>Fabricante: CHANCES<\/li>\n\n\n\n<li>Modelo n.\u00ba:CY-ZSGG0605<\/li>\n\n\n\n<li>Material: SS201<\/li>\n\n\n\n<li>Contagem de pe\u00e7as:6 pe\u00e7as<\/li>\n\n\n\n<li>Tampa: Tampa de a\u00e7o inoxid\u00e1vel<\/li>\n\n\n\n<li>Espessura: 0,5 mm<\/li>\n\n\n\n<li>Fundo:3.0mm<\/li>\n\n\n\n<li>GW\/NW: 20,8 kg\/19,8 kg<\/li>\n\n\n\n<li>OEM&amp;ODM: Personalizado, bem-vindo OEM&amp;ODM<\/li>\n\n\n\n<li>MOQ:1 x 40'HQ<\/li>\n\n\n\n<li>Embalagem: Caixa de cor\/caixa de cart\u00e3o<\/li>\n\n\n\n<li>Amostra: Gr\u00e1tis<\/li>\n<\/ul>\n<\/div>\n<\/div>","protected":false},"excerpt":{"rendered":"<p>Conjunto de tachos e panelas de cozinha de 6 pe\u00e7as com design chin\u00eas e tampas de a\u00e7o a condizer. Inclui uma variedade de tachos e panelas para m\u00faltiplas necessidades culin\u00e1rias. A tampa de a\u00e7o inoxid\u00e1vel ret\u00e9m a humidade e protege o sabor dos alimentos. Combina um design tradicional com um car\u00e1cter pr\u00e1tico moderno para compras a granel e utiliza\u00e7\u00e3o profissional na cozinha.<\/p>\n<h3>O conjunto de panelas e frigideiras de cozinha inclui:.<\/h3>\n<ul>\n<li>Ca\u00e7arola de 22cm x 12,5cm com tampa<\/li>\n<li>Ca\u00e7arola de 24 cm x 13,5 cm com tampa<\/li>\n<li>Ca\u00e7arola de 26 cm x 14,5 cm com tampa<\/li>\n<\/ul>","protected":false},"featured_media":4165,"comment_status":"closed","ping_status":"closed","template":"","meta":{"_acf_changed":false},"product_brand":[],"product_cat":[53],"product_tag":[],"class_list":{"0":"post-3835","1":"product","2":"type-product","3":"status-publish","4":"has-post-thumbnail","6":"product_cat-wholesale-cookware-sets","8":"first","9":"instock","10":"shipping-taxable","11":"product-type-simple"},"acf":[],"_links":{"self":[{"href":"https:\/\/www.chancescook.com\/pt\/wp-json\/wp\/v2\/product\/3835","targetHints":{"allow":["GET"]}}],"collection":[{"href":"https:\/\/www.chancescook.com\/pt\/wp-json\/wp\/v2\/product"}],"about":[{"href":"https:\/\/www.chancescook.com\/pt\/wp-json\/wp\/v2\/types\/product"}],"replies":[{"embeddable":true,"href":"https:\/\/www.chancescook.com\/pt\/wp-json\/wp\/v2\/comments?post=3835"}],"wp:featuredmedia":[{"embeddable":true,"href":"https:\/\/www.chancescook.com\/pt\/wp-json\/wp\/v2\/media\/4165"}],"wp:attachment":[{"href":"https:\/\/www.chancescook.com\/pt\/wp-json\/wp\/v2\/media?parent=3835"}],"wp:term":[{"taxonomy":"product_brand","embeddable":true,"href":"https:\/\/www.chancescook.com\/pt\/wp-json\/wp\/v2\/product_brand?post=3835"},{"taxonomy":"product_cat","embeddable":true,"href":"https:\/\/www.chancescook.com\/pt\/wp-json\/wp\/v2\/product_cat?post=3835"},{"taxonomy":"product_tag","embeddable":true,"href":"https:\/\/www.chancescook.com\/pt\/wp-json\/wp\/v2\/product_tag?post=3835"}],"curies":[{"name":"wp","href":"https:\/\/api.w.org\/{rel}","templated":true}]}}