{"id":3841,"date":"2024-09-21T06:45:57","date_gmt":"2024-09-21T06:45:57","guid":{"rendered":"https:\/\/www.chancescook.com\/?post_type=product&#038;p=3841"},"modified":"2024-09-28T16:33:02","modified_gmt":"2024-09-28T16:33:02","slug":"wholesale-cooking-pots-and-pans","status":"publish","type":"product","link":"https:\/\/www.chancescook.com\/pt\/produto\/wholesale-cooking-pots-and-pans\/","title":{"rendered":"Tachos e panelas para cozinha comercial por grosso Conjunto de panelas de estilo americano de 12 pe\u00e7as com tampas e orelhas de vidro"},"content":{"rendered":"<div class=\"wp-block-columns is-layout-flex wp-container-core-columns-is-layout-9d6595d7 wp-block-columns-is-layout-flex\">\n<div class=\"wp-block-column is-layout-flow wp-block-column-is-layout-flow\">\n<h3 class=\"wp-block-heading\">Carater\u00edsticas e vantagens dos tachos e panelas para cozinha comercial<\/h3>\n\n\n\n<ul class=\"wp-block-list\">\n<li><strong>Conjunto completo:<\/strong> Estas panelas e frigideiras de 12 pe\u00e7as oferecem muitos tipos de panelas e frigideiras, proporcionando variedade para diferentes tipos de receitas, garantindo que existe algo adequado para v\u00e1rias necessidades e prefer\u00eancias culin\u00e1rias, independentemente do prato que est\u00e1 a ser preparado.<\/li>\n\n\n\n<li><strong>Conveni\u00eancia:<\/strong> O facto de todos os artigos serem comprados num \u00fanico local d\u00e1 consist\u00eancia \u00e0s panelas e frigideiras utilizadas e ajuda a reduzir as despesas, tornando-a uma op\u00e7\u00e3o mais econ\u00f3mica para fins comerciais.<\/li>\n\n\n\n<li><strong>Op\u00e7\u00f5es de tamanhos m\u00faltiplos:<\/strong> Este conjunto tem v\u00e1rios tipos de tachos e panelas, com tamanhos diferentes para satisfazer as necessidades culin\u00e1rias, tanto em cozinhas dom\u00e9sticas como em locais como restaurantes.<\/li>\n\n\n\n<li><strong>Duradouro: <\/strong>O material de a\u00e7o inoxid\u00e1vel destas panelas e frigideiras \u00e9 resistente e n\u00e3o se danifica facilmente, sendo tamb\u00e9m f\u00e1cil de limpar. Tamb\u00e9m proporciona uma boa transfer\u00eancia de calor, assegurando que os alimentos s\u00e3o aquecidos de forma homog\u00e9nea.<\/li>\n\n\n\n<li><strong>A tampa de vidro foi concebida\uff1a<\/strong> para permitir a observa\u00e7\u00e3o do estado dos alimentos durante a cozedura, o que diminui a frequ\u00eancia de abertura da tampa, mant\u00e9m a veda\u00e7\u00e3o e resulta numa melhoria da efici\u00eancia da cozedura.<\/li>\n\n\n\n<li><strong>Sobre as qualidades est\u00e9ticas\uff1a<\/strong> o design utiliza um conceito moderno de boca larga ao estilo americano, que simplifica a sua utiliza\u00e7\u00e3o e o processo de limpeza. Pode ser aplicado eficazmente em diferentes ambientes de cozinha, tanto contempor\u00e2neos como tradicionais.<\/li>\n<\/ul>\n<\/div>\n\n\n\n<div class=\"wp-block-column is-layout-flow wp-block-column-is-layout-flow\">\n<h3 class=\"wp-block-heading\">Especifica\u00e7\u00f5es dos tachos e panelas para cozinha comercial<\/h3>\n\n\n\n<ul class=\"wp-block-list\">\n<li>Fabricante: CHANCES<\/li>\n\n\n\n<li>Model No.:CY-ZS1205\/CY-MSKZSBG1205<\/li>\n\n\n\n<li>Material: SS201<\/li>\n\n\n\n<li>Contagem de pe\u00e7as:12 pe\u00e7as<\/li>\n\n\n\n<li>Espessura: 0,5 mm<\/li>\n\n\n\n<li>Fundo:3.0mm<\/li>\n\n\n\n<li>OEM&amp;ODM: Personalizado, bem-vindo OEM&amp;ODM<\/li>\n\n\n\n<li>MOQ:1 x 40'HQ<\/li>\n\n\n\n<li>Embalagem: Caixa de cor\/caixa de cart\u00e3o<\/li>\n\n\n\n<li>Amostra: Gr\u00e1tis<\/li>\n<\/ul>\n<\/div>\n<\/div>","protected":false},"excerpt":{"rendered":"<p>Este conjunto completo de panelas e frigideiras para cozinha comercial de 12 pe\u00e7as combina o estilo americano com a funcionalidade cl\u00e1ssica chinesa. Cada pe\u00e7a de utens\u00edlio de cozinha foi concebida para proporcionar op\u00e7\u00f5es de cozedura vers\u00e1teis, incorporando simultaneamente carater\u00edsticas modernas para aumentar a comodidade e o profissionalismo, tanto nas cozinhas dom\u00e9sticas como em ambientes comerciais.<\/p>\n<h3>Os tachos e panelas para cozinha comercial incluem:<\/h3>\n<table style=\"border-collapse: collapse; width: 478.82pt;\" border=\"0\" width=\"798\" cellspacing=\"0\" cellpadding=\"0\">\n<tbody>\n<tr style=\"height: 17.40pt;\">\n<td class=\"et3\" style=\"height: 17.40pt; width: 92.45pt;\" width=\"154\" height=\"29\">Modelo n.<\/td>\n<td class=\"et3\" style=\"width: 138.15pt;\" width=\"230\">Variantes do produto<\/td>\n<td class=\"et3\" style=\"width: 248.35pt;\" width=\"413\">Configura\u00e7\u00e3o<\/td>\n<\/tr>\n<tr style=\"height: 72.00pt;\">\n<td class=\"et4\" style=\"height: 72.00pt; width: 92.45pt;\" width=\"154\" height=\"120\">CY-ZS1205<\/td>\n<td class=\"et5\" style=\"width: 138.15pt;\" width=\"230\">Conjunto de panelas com tampa de vidro chin\u00eas com bico americano<\/td>\n<td class=\"et6\" style=\"width: 248.35pt;\" width=\"413\">Ca\u00e7arola de 16 cm x 9,2 cm com tampa<br \/>Ca\u00e7arola de 16 cm x 9,2 cm com tampa<br \/>Ca\u00e7arola de 18 cm x 9,9 cm com tampa<br \/>Ca\u00e7arola de 20cm x 10,2cm com tampa<br \/>Ca\u00e7arola de 24 cm x 11,9 cm com tampa<br \/>Frigideira de 24 cm x 6,8 cm com tampa<\/td>\n<\/tr>\n<tr style=\"height: 72.00pt;\">\n<td class=\"et4\" style=\"height: 72.00pt; width: 92.45pt;\" width=\"154\" height=\"120\">CY-MSKZSBG1205<\/td>\n<td class=\"et5\" style=\"width: 138.15pt;\" width=\"230\">Conjunto de utens\u00edlios de cozinha com orelhas de andorinha para utens\u00edlios de cozinha chineses com bico americano<\/td>\n<td class=\"et6\" style=\"width: 248.35pt;\" width=\"413\">Ca\u00e7arola de 16 cm com tampa<br \/>Ca\u00e7arola de 16 cm com tampa<br \/>Ca\u00e7arola de 18 cm com tampa<br \/>Ca\u00e7arola de 20 cm com tampa<br \/>Ca\u00e7arola de 24 cm com tampa<br \/>Frigideira de 24 cm com tampa<\/td>\n<\/tr>\n<\/tbody>\n<\/table>","protected":false},"featured_media":3842,"comment_status":"closed","ping_status":"closed","template":"","meta":{"_acf_changed":false},"product_brand":[],"product_cat":[53],"product_tag":[],"class_list":{"0":"post-3841","1":"product","2":"type-product","3":"status-publish","4":"has-post-thumbnail","6":"product_cat-wholesale-cookware-sets","8":"first","9":"instock","10":"shipping-taxable","11":"product-type-simple"},"acf":[],"_links":{"self":[{"href":"https:\/\/www.chancescook.com\/pt\/wp-json\/wp\/v2\/product\/3841","targetHints":{"allow":["GET"]}}],"collection":[{"href":"https:\/\/www.chancescook.com\/pt\/wp-json\/wp\/v2\/product"}],"about":[{"href":"https:\/\/www.chancescook.com\/pt\/wp-json\/wp\/v2\/types\/product"}],"replies":[{"embeddable":true,"href":"https:\/\/www.chancescook.com\/pt\/wp-json\/wp\/v2\/comments?post=3841"}],"wp:featuredmedia":[{"embeddable":true,"href":"https:\/\/www.chancescook.com\/pt\/wp-json\/wp\/v2\/media\/3842"}],"wp:attachment":[{"href":"https:\/\/www.chancescook.com\/pt\/wp-json\/wp\/v2\/media?parent=3841"}],"wp:term":[{"taxonomy":"product_brand","embeddable":true,"href":"https:\/\/www.chancescook.com\/pt\/wp-json\/wp\/v2\/product_brand?post=3841"},{"taxonomy":"product_cat","embeddable":true,"href":"https:\/\/www.chancescook.com\/pt\/wp-json\/wp\/v2\/product_cat?post=3841"},{"taxonomy":"product_tag","embeddable":true,"href":"https:\/\/www.chancescook.com\/pt\/wp-json\/wp\/v2\/product_tag?post=3841"}],"curies":[{"name":"wp","href":"https:\/\/api.w.org\/{rel}","templated":true}]}}