{"id":3859,"date":"2024-09-21T08:07:45","date_gmt":"2024-09-21T08:07:45","guid":{"rendered":"https:\/\/www.chancescook.com\/?post_type=product&#038;p=3859"},"modified":"2024-09-23T08:33:21","modified_gmt":"2024-09-23T08:33:21","slug":"restaurant-supply-cookware","status":"publish","type":"product","link":"https:\/\/www.chancescook.com\/pt\/produto\/restaurant-supply-cookware\/","title":{"rendered":"Conjunto de panelas e frigideiras em a\u00e7o inoxid\u00e1vel, estilo europeu, com 7 pe\u00e7as, da Restaurant Supply Cookware"},"content":{"rendered":"<div class=\"wp-block-columns is-layout-flex wp-container-core-columns-is-layout-9d6595d7 wp-block-columns-is-layout-flex\">\n<div class=\"wp-block-column is-layout-flow wp-block-column-is-layout-flow\">\n<h3 class=\"wp-block-heading\">Carater\u00edsticas e vantagens dos utens\u00edlios de cozinha para restaurantes<\/h3>\n\n\n\n<ul class=\"wp-block-list\">\n<li><strong>Conveni\u00eancia:<\/strong> Os utens\u00edlios de cozinha para restaurantes oferecem um balc\u00e3o \u00fanico para garantir que as panelas e frigideiras fornecidas s\u00e3o da mesma qualidade, o que pode ajudar a poupar tempo, reduzir os esfor\u00e7os de trabalho e tamb\u00e9m aumentar a efici\u00eancia at\u00e9 certo ponto.<\/li>\n\n\n\n<li><strong>Op\u00e7\u00f5es de tamanhos m\u00faltiplos:<\/strong> Existem muitos tamanhos diferentes de tachos e panelas, de modo a satisfazer plenamente as v\u00e1rias necessidades na cozinha, seja em casa ou numa cozinha comercial.<\/li>\n\n\n\n<li><strong>Forte:<\/strong> Os conjuntos de utens\u00edlios de cozinha feitos de a\u00e7o inoxid\u00e1vel duram muito tempo e a sua limpeza \u00e9 simples, pelo que podem ser utilizados durante muitos anos. O calor espalha-se bem, pelo que os alimentos s\u00e3o aquecidos por igual.<\/li>\n\n\n\n<li><strong>Tampas que se adaptam:<\/strong> Cada uma destas panelas e frigideiras inclui tampas que combinam entre si, o que ajuda a reduzir a fuga de calor e humidade.<\/li>\n\n\n\n<li><strong>Design da pega:<\/strong> A pega foi concebida tendo em conta a ergonomia, para uma melhor estabilidade e conforto na utiliza\u00e7\u00e3o do utens\u00edlio de cozinha, especialmente quando est\u00e1 aquecido.<\/li>\n\n\n\n<li><strong>Design de estilo europeu:<\/strong> Este conjunto de 7 pe\u00e7as de utens\u00edlios de cozinha \u00e9 criado a partir de a\u00e7o inoxid\u00e1vel de alta qualidade, incorporando um design refinado de inspira\u00e7\u00e3o europeia que melhora o aspeto da cozinha. Combina e combina bem com muitos tipos diferentes de decora\u00e7\u00e3o de cozinha.<\/li>\n<\/ul>\n<\/div>\n\n\n\n<div class=\"wp-block-column is-layout-flow wp-block-column-is-layout-flow\">\n<h3 class=\"wp-block-heading\">Especifica\u00e7\u00f5es dos utens\u00edlios de cozinha da Restaurant Supply<\/h3>\n\n\n\n<ul class=\"wp-block-list\">\n<li>Fabricante: CHANCES<\/li>\n\n\n\n<li>Model No.:CY-OSGB0707\/CY-OSBG0705<\/li>\n\n\n\n<li>Material: SS201<\/li>\n\n\n\n<li>Contagem de pe\u00e7as:7 pe\u00e7as<\/li>\n\n\n\n<li>Espessura: 0,5 mm\/0,6 mm<\/li>\n\n\n\n<li>Fundo:4.0mm<\/li>\n\n\n\n<li>OEM&amp;ODM: Personalizado, bem-vindo OEM&amp;ODM<\/li>\n\n\n\n<li>MOQ:1 x 40'HQ<\/li>\n\n\n\n<li>Embalagem: Caixa de cor\/caixa de cart\u00e3o<\/li>\n\n\n\n<li>Amostra: Gr\u00e1tis<\/li>\n<\/ul>\n<\/div>\n<\/div>","protected":false},"excerpt":{"rendered":"<p>O conjunto de 7 pe\u00e7as em a\u00e7o inoxid\u00e1vel de estilo europeu oferecido pelo fornecedor de utens\u00edlios de cozinha \u00e9 bem concebido e de constru\u00e7\u00e3o dur\u00e1vel, dispon\u00edvel em dois estilos: conjunto de utens\u00edlios de cozinha com tampa de a\u00e7o e pegas quadradas. Cada conjunto de utens\u00edlios de cozinha vem com tampas a condizer e pegas ergon\u00f3micas para um manuseamento f\u00e1cil. Quer se trate de uma cozinha dom\u00e9stica ou de uma cozinha profissional, este conjunto de utens\u00edlios de cozinha combina eleg\u00e2ncia e car\u00e1cter pr\u00e1tico.<\/p>\n<h3>Os utens\u00edlios de cozinha da Restaurant Supply incluem\uff1a<\/h3>\n<table width=\"798\">\n<tbody>\n<tr>\n<td width=\"154\">Modelo n.<\/td>\n<td width=\"230\">Variantes do produto<\/td>\n<td width=\"413\">Configura\u00e7\u00e3o<\/td>\n<\/tr>\n<tr>\n<td width=\"154\">CY-OSGB0707<\/td>\n<td width=\"230\">Conjunto de panelas europeias com tampa de a\u00e7o e pega quadrada<\/td>\n<td width=\"413\">Ca\u00e7arola de 16 cm x 7,8 cm com tampa<br \/>Panela de 18cm x 8,5cm<br \/>Ca\u00e7arola de 18cm x 8,5cm com tampa<br \/>Ca\u00e7arola de 24 cm x 11,1 cm com tampa<\/td>\n<\/tr>\n<tr>\n<td width=\"154\">CY-OSBG0705<\/td>\n<td width=\"230\">Conjunto de panelas europeias com tampa de vidro<\/td>\n<td width=\"413\">Ca\u00e7arola de 16 cm com tampa<br \/>Ca\u00e7arola de 20 cm com tampa<br \/>Ca\u00e7arola de 24 cm com tampa<br \/>Frigideira de 24 cm<\/td>\n<\/tr>\n<\/tbody>\n<\/table>\n<p>&nbsp;<\/p>","protected":false},"featured_media":4118,"comment_status":"closed","ping_status":"closed","template":"","meta":{"_acf_changed":false},"product_brand":[],"product_cat":[53],"product_tag":[],"class_list":{"0":"post-3859","1":"product","2":"type-product","3":"status-publish","4":"has-post-thumbnail","6":"product_cat-wholesale-cookware-sets","8":"first","9":"instock","10":"shipping-taxable","11":"product-type-simple"},"acf":[],"_links":{"self":[{"href":"https:\/\/www.chancescook.com\/pt\/wp-json\/wp\/v2\/product\/3859","targetHints":{"allow":["GET"]}}],"collection":[{"href":"https:\/\/www.chancescook.com\/pt\/wp-json\/wp\/v2\/product"}],"about":[{"href":"https:\/\/www.chancescook.com\/pt\/wp-json\/wp\/v2\/types\/product"}],"replies":[{"embeddable":true,"href":"https:\/\/www.chancescook.com\/pt\/wp-json\/wp\/v2\/comments?post=3859"}],"wp:featuredmedia":[{"embeddable":true,"href":"https:\/\/www.chancescook.com\/pt\/wp-json\/wp\/v2\/media\/4118"}],"wp:attachment":[{"href":"https:\/\/www.chancescook.com\/pt\/wp-json\/wp\/v2\/media?parent=3859"}],"wp:term":[{"taxonomy":"product_brand","embeddable":true,"href":"https:\/\/www.chancescook.com\/pt\/wp-json\/wp\/v2\/product_brand?post=3859"},{"taxonomy":"product_cat","embeddable":true,"href":"https:\/\/www.chancescook.com\/pt\/wp-json\/wp\/v2\/product_cat?post=3859"},{"taxonomy":"product_tag","embeddable":true,"href":"https:\/\/www.chancescook.com\/pt\/wp-json\/wp\/v2\/product_tag?post=3859"}],"curies":[{"name":"wp","href":"https:\/\/api.w.org\/{rel}","templated":true}]}}