{"id":3864,"date":"2024-09-28T18:20:26","date_gmt":"2024-09-28T18:20:26","guid":{"rendered":"https:\/\/www.chancescook.com\/?post_type=product&#038;p=3864"},"modified":"2024-09-28T18:20:27","modified_gmt":"2024-09-28T18:20:27","slug":"custom-set-of-nonstick-cookware","status":"publish","type":"product","link":"https:\/\/www.chancescook.com\/pt\/produto\/custom-set-of-nonstick-cookware\/","title":{"rendered":"Conjunto personalizado de 9 pe\u00e7as de utens\u00edlios de cozinha antiaderentes de estilo europeu com tampas de a\u00e7o ou vidro"},"content":{"rendered":"<div class=\"wp-block-columns is-layout-flex wp-container-core-columns-is-layout-9d6595d7 wp-block-columns-is-layout-flex\">\n<div class=\"wp-block-column is-layout-flow wp-block-column-is-layout-flow\">\n<h3 class=\"wp-block-heading\">Carater\u00edsticas e vantagens do conjunto de 9 pe\u00e7as de utens\u00edlios de cozinha antiaderentes<\/h3>\n\n\n\n<ul class=\"wp-block-list\">\n<li><strong>Material de qualidade superior:<\/strong> O conjunto de 9 pe\u00e7as de utens\u00edlios de cozinha antiaderentes \u00e9 feito de material de qualidade alimentar em a\u00e7o inoxid\u00e1vel de alta qualidade, dur\u00e1vel e saud\u00e1vel.<\/li>\n\n\n\n<li><strong>Design da pega:<\/strong> Um conjunto de utens\u00edlios de cozinha europeus com diferentes formas de pegas \u00e9 ergonomicamente concebido para uma ader\u00eancia confort\u00e1vel e conveniente enquanto cozinha.<\/li>\n\n\n\n<li><strong>Versatilidade:<\/strong> O conjunto de 9 pe\u00e7as de utens\u00edlios de cozinha antiaderentes inclui todos os tipos de tachos e panelas que podem ser adequados para muitos m\u00e9todos de cozedura e para diferentes cozinhas.<\/li>\n\n\n\n<li><strong>Desenho da tampa:<\/strong> A tampa ajuda a reter o calor e a humidade no interior da panela, evitando derrames ou que os alimentos fiquem secos, al\u00e9m de poupar energia e manter o sabor dos alimentos. As tampas de vidro facilitam a visualiza\u00e7\u00e3o do estado dos alimentos.<\/li>\n\n\n\n<li><strong>Design de estilo europeu:<\/strong> Este conjunto de 9 pe\u00e7as de utens\u00edlios de cozinha \u00e9 criado a partir de a\u00e7o inoxid\u00e1vel de alta qualidade, incorporando um design refinado de inspira\u00e7\u00e3o europeia que melhora o aspeto da cozinha.<\/li>\n\n\n\n<li><strong>Seguro para o forno:<\/strong> Este conjunto de utens\u00edlios de cozinha pode ir ao forno entre aproximadamente 350\u00b0F e 450\u00b0F e \u00e9 adequado para o forno e para a m\u00e1quina de lavar lou\u00e7a.<\/li>\n<\/ul>\n<\/div>\n\n\n\n<div class=\"wp-block-column is-layout-flow wp-block-column-is-layout-flow\">\n<h3 class=\"wp-block-heading\">Especifica\u00e7\u00f5es do Conjunto de 9 pe\u00e7as de utens\u00edlios de cozinha Nonstic<\/h3>\n\n\n\n<ul class=\"wp-block-list\">\n<li>Fabricante: CHANCES<\/li>\n\n\n\n<li>Model No.:CY-OSGG0906\/CY-OSZB0709\/CY-OSBG0905<\/li>\n\n\n\n<li>Material: SS201\/SS410<\/li>\n\n\n\n<li>Contagem de pe\u00e7as:9 pe\u00e7as<\/li>\n\n\n\n<li>Espessura:0,7mm\/0,6mm\/0,5mm<\/li>\n\n\n\n<li>Fundo:3.0mm\/4.0mm<\/li>\n\n\n\n<li>OEM&amp;ODM: Personalizado, bem-vindo OEM&amp;ODM<\/li>\n\n\n\n<li>MOQ:1 x 40'HQ<\/li>\n\n\n\n<li>Embalagem: Caixa de cor\/caixa de cart\u00e3o<\/li>\n\n\n\n<li>Amostra: Gr\u00e1tis<\/li>\n<\/ul>\n<\/div>\n<\/div>","protected":false},"excerpt":{"rendered":"<p>O conjunto de utens\u00edlios de cozinha para venda por grosso \u00e9 um conjunto de 9 pe\u00e7as de estilo europeu que inclui uma variedade de tachos e panelas com pegas ergon\u00f3micas confort\u00e1veis. O conjunto de utens\u00edlios de cozinha tamb\u00e9m inclui tampas de a\u00e7o e de vidro para uma variedade de estilos de cozinha, ajudando a reter o calor e a humidade nas panelas e frigideiras para que os alimentos cozinhem mais rapidamente. \u00c9 ideal para cozinhas dom\u00e9sticas, ajudando-o a criar facilmente resultados de cozinha de n\u00edvel profissional.<\/p>\n<h3>O conjunto de utens\u00edlios de cozinha antiaderentes inclui<\/h3>\n<table width=\"798\">\n<tbody>\n<tr>\n<td width=\"154\">Modelo n.<\/td>\n<td width=\"230\">Variantes do produto<\/td>\n<td width=\"413\">Configura\u00e7\u00e3o<\/td>\n<\/tr>\n<tr>\n<td width=\"154\">CY-OSGG0906<\/td>\n<td width=\"230\">Conjunto de panelas de estilo europeu com tampa de a\u00e7o e pega quadrada<\/td>\n<td rowspan=\"2\" width=\"413\">Ca\u00e7arola de 16 cm x 7,8 cm com tampa<br \/>Panela de 18cm x 8,5cm<br \/>Ca\u00e7arola de 18cm x 8,5cm com tampa<br \/>Ca\u00e7arola de 24 cm x 11,1 cm com tampa<br \/>Frigideira de 24 cm x 5,4 cm com tampa<\/td>\n<\/tr>\n<tr>\n<td width=\"154\">CY-OSZB0709<\/td>\n<td width=\"230\">Conjunto de panelas de cabo fundido com tampa de a\u00e7o de corpo reto estilo europeu<\/td>\n<\/tr>\n<tr>\n<td>CY-OSBG0905<\/td>\n<td width=\"230\">Conjunto de panelas com tampa de vidro europeia<\/td>\n<td width=\"413\">Ca\u00e7arola de 16 cm com tampa<br \/>Ca\u00e7arola de 18 cm com tampa<br \/>Ca\u00e7arola de 20 cm com tampa<br \/>Ca\u00e7arola de 24 cm com tampa<br \/>Frigideira de 24 cm<\/td>\n<\/tr>\n<\/tbody>\n<\/table>\n<p>&nbsp;<\/p>","protected":false},"featured_media":4144,"comment_status":"closed","ping_status":"closed","template":"","meta":{"_acf_changed":false},"product_brand":[],"product_cat":[53],"product_tag":[],"class_list":{"0":"post-3864","1":"product","2":"type-product","3":"status-publish","4":"has-post-thumbnail","6":"product_cat-wholesale-cookware-sets","8":"first","9":"instock","10":"shipping-taxable","11":"product-type-simple"},"acf":[],"_links":{"self":[{"href":"https:\/\/www.chancescook.com\/pt\/wp-json\/wp\/v2\/product\/3864","targetHints":{"allow":["GET"]}}],"collection":[{"href":"https:\/\/www.chancescook.com\/pt\/wp-json\/wp\/v2\/product"}],"about":[{"href":"https:\/\/www.chancescook.com\/pt\/wp-json\/wp\/v2\/types\/product"}],"replies":[{"embeddable":true,"href":"https:\/\/www.chancescook.com\/pt\/wp-json\/wp\/v2\/comments?post=3864"}],"wp:featuredmedia":[{"embeddable":true,"href":"https:\/\/www.chancescook.com\/pt\/wp-json\/wp\/v2\/media\/4144"}],"wp:attachment":[{"href":"https:\/\/www.chancescook.com\/pt\/wp-json\/wp\/v2\/media?parent=3864"}],"wp:term":[{"taxonomy":"product_brand","embeddable":true,"href":"https:\/\/www.chancescook.com\/pt\/wp-json\/wp\/v2\/product_brand?post=3864"},{"taxonomy":"product_cat","embeddable":true,"href":"https:\/\/www.chancescook.com\/pt\/wp-json\/wp\/v2\/product_cat?post=3864"},{"taxonomy":"product_tag","embeddable":true,"href":"https:\/\/www.chancescook.com\/pt\/wp-json\/wp\/v2\/product_tag?post=3864"}],"curies":[{"name":"wp","href":"https:\/\/api.w.org\/{rel}","templated":true}]}}