{"id":3869,"date":"2025-06-24T17:57:18","date_gmt":"2025-06-24T17:57:18","guid":{"rendered":"https:\/\/www.chancescook.com\/?post_type=product&#038;p=3869"},"modified":"2025-06-24T17:57:21","modified_gmt":"2025-06-24T17:57:21","slug":"kitchenware-wholesale-pots-and-pans","status":"publish","type":"product","link":"https:\/\/www.chancescook.com\/pt\/produto\/kitchenware-wholesale-pots-and-pans\/","title":{"rendered":"Utens\u00edlios de cozinha por atacado para Conjunto de panelas europeias de 12 pe\u00e7as com tampa de a\u00e7o F\u00e1brica"},"content":{"rendered":"<div class=\"wp-block-columns is-layout-flex wp-container-core-columns-is-layout-9d6595d7 wp-block-columns-is-layout-flex\">\n<div class=\"wp-block-column is-layout-flow wp-block-column-is-layout-flow\">\n<h3 class=\"wp-block-heading\">Carater\u00edsticas e vantagens do com\u00e9rcio grossista de utens\u00edlios de cozinha<\/h3>\n\n\n\n<ul class=\"wp-block-list\">\n<li><strong>Conjunto completo<\/strong>: 21 pe\u00e7as de utens\u00edlios de cozinha para satisfazer todas as necessidades culin\u00e1rias, um conjunto para resolver todos os problemas da cozinha.<\/li>\n\n\n\n<li><strong>A\u00e7o inoxid\u00e1vel de alta qualidade<\/strong>: Este conjunto de utens\u00edlios de cozinha \u00e9 feito de material de a\u00e7o inoxid\u00e1vel de alta qualidade, que \u00e9 dur\u00e1vel e resistente \u00e0 corros\u00e3o, garantindo uma utiliza\u00e7\u00e3o a longo prazo.<\/li>\n\n\n\n<li><strong>Adequado para v\u00e1rios fog\u00f5es<\/strong>: quer utilize um fog\u00e3o de indu\u00e7\u00e3o, um fog\u00e3o a g\u00e1s ou uma placa de indu\u00e7\u00e3o, as nossas panelas e frigideiras s\u00e3o perfeitas para o efeito.<\/li>\n\n\n\n<li><strong>Tampa de a\u00e7o:<\/strong> A tampa ajuda a reter o calor e a humidade no interior da frigideira, permitindo que os alimentos cozinhem mais rapidamente e evitando derrames ou que a comida fique seca<\/li>\n\n\n\n<li><strong>\u00d3timo para personaliza\u00e7\u00e3o<\/strong>A produ\u00e7\u00e3o pode ser personalizada e customizada de acordo com as necessidades dos fabricantes para atender a requisitos espec\u00edficos de design e funcionalidade.<\/li>\n\n\n\n<li><strong>F\u00e1cil de limpar<\/strong>: O a\u00e7o inoxid\u00e1vel e os materiais antiaderentes tornam a limpeza r\u00e1pida e f\u00e1cil.<\/li>\n<\/ul>\n<\/div>\n\n\n\n<div class=\"wp-block-column is-layout-flow wp-block-column-is-layout-flow\">\n<h3 class=\"wp-block-heading\">Especifica\u00e7\u00f5es de Utens\u00edlios de cozinha por atacado<\/h3>\n\n\n\n<ul class=\"wp-block-list\">\n<li>Fabricante: CHANCES<\/li>\n\n\n\n<li>Modelo n.\u00ba:CY-OS1205A<\/li>\n\n\n\n<li>Material: SS201<\/li>\n\n\n\n<li>Contagem de pe\u00e7as:12 pe\u00e7as<\/li>\n\n\n\n<li>Espessura: 0,5 mm<\/li>\n\n\n\n<li>Fundo:3.0mm1<\/li>\n\n\n\n<li>OEM&amp;ODM: Personalizado, bem-vindo OEM&amp;ODM<\/li>\n\n\n\n<li>MOQ:1 x 40'HQ<\/li>\n\n\n\n<li>Embalagem: Caixa de cor\/caixa de cart\u00e3o<\/li>\n\n\n\n<li>Amostra: Gr\u00e1tis<\/li>\n<\/ul>\n<\/div>\n<\/div>","protected":false},"excerpt":{"rendered":"<p>Fabricado especificamente para grossistas de cozinha, o conjunto de panelas europeias de 12 pe\u00e7as \u00e9 feito de a\u00e7o. Todos os artigos t\u00eam uma constru\u00e7\u00e3o robusta e pegas que permitem uma utiliza\u00e7\u00e3o confort\u00e1vel, embora o conforto possa variar. O conjunto oferece diferentes op\u00e7\u00f5es para cozinhar, com o calor a espalhar-se uniformemente, embora nem sempre, e a manuten\u00e7\u00e3o que pode ser feita com alguma facilidade. Este conjunto pode funcionar bem tanto em cozinhas profissionais como em cozinhas dom\u00e9sticas, mas isso depende do ambiente e das necessidades do utilizador.<\/p>\n<h3>Conjunto de utens\u00edlios de cozinha por atacado inclui\uff1a<\/h3>\n<ul>\n<li>Ca\u00e7arola de 16cm x 8cm com tampa<\/li>\n<li>Ca\u00e7arola de 16cm x 8cm com tampa<\/li>\n<li>Ca\u00e7arola de 18cm x 9cm com tampa<\/li>\n<li>Ca\u00e7arola de 20cm x 10cm com tampa<\/li>\n<li>Ca\u00e7arola de 24cm x 12cm com tampa<\/li>\n<li>Frigideira de 24cm x 5cm com tampa<\/li>\n<\/ul>","protected":false},"featured_media":4180,"comment_status":"closed","ping_status":"closed","template":"","meta":{"_acf_changed":false},"product_brand":[],"product_cat":[53],"product_tag":[],"class_list":{"0":"post-3869","1":"product","2":"type-product","3":"status-publish","4":"has-post-thumbnail","6":"product_cat-wholesale-cookware-sets","8":"first","9":"instock","10":"shipping-taxable","11":"product-type-simple"},"acf":[],"_links":{"self":[{"href":"https:\/\/www.chancescook.com\/pt\/wp-json\/wp\/v2\/product\/3869","targetHints":{"allow":["GET"]}}],"collection":[{"href":"https:\/\/www.chancescook.com\/pt\/wp-json\/wp\/v2\/product"}],"about":[{"href":"https:\/\/www.chancescook.com\/pt\/wp-json\/wp\/v2\/types\/product"}],"replies":[{"embeddable":true,"href":"https:\/\/www.chancescook.com\/pt\/wp-json\/wp\/v2\/comments?post=3869"}],"wp:featuredmedia":[{"embeddable":true,"href":"https:\/\/www.chancescook.com\/pt\/wp-json\/wp\/v2\/media\/4180"}],"wp:attachment":[{"href":"https:\/\/www.chancescook.com\/pt\/wp-json\/wp\/v2\/media?parent=3869"}],"wp:term":[{"taxonomy":"product_brand","embeddable":true,"href":"https:\/\/www.chancescook.com\/pt\/wp-json\/wp\/v2\/product_brand?post=3869"},{"taxonomy":"product_cat","embeddable":true,"href":"https:\/\/www.chancescook.com\/pt\/wp-json\/wp\/v2\/product_cat?post=3869"},{"taxonomy":"product_tag","embeddable":true,"href":"https:\/\/www.chancescook.com\/pt\/wp-json\/wp\/v2\/product_tag?post=3869"}],"curies":[{"name":"wp","href":"https:\/\/api.w.org\/{rel}","templated":true}]}}