{"id":3871,"date":"2024-09-21T06:57:22","date_gmt":"2024-09-21T06:57:22","guid":{"rendered":"https:\/\/www.chancescook.com\/?post_type=product&#038;p=3871"},"modified":"2024-09-23T08:10:35","modified_gmt":"2024-09-23T08:10:35","slug":"10-piece-pots-and-pans-set-supplier","status":"publish","type":"product","link":"https:\/\/www.chancescook.com\/pt\/produto\/10-piece-pots-and-pans-set-supplier\/","title":{"rendered":"O melhor conjunto de tachos e panelas de 10 pe\u00e7as fabricado pelo fornecedor Conjunto de panelas com tampa de a\u00e7o de estilo europeu"},"content":{"rendered":"<div class=\"wp-block-columns is-layout-flex wp-container-core-columns-is-layout-9d6595d7 wp-block-columns-is-layout-flex\">\n<div class=\"wp-block-column is-layout-flow wp-block-column-is-layout-flow\">\n<h3 class=\"wp-block-heading\">Carater\u00edsticas e vantagens do conjunto de tachos e panelas de 10 pe\u00e7as<\/h3>\n\n\n\n<ul class=\"wp-block-list\">\n<li>S<strong>teel Design da tampa:<\/strong> A tampa de a\u00e7o n\u00e3o s\u00f3 \u00e9 resistente a altas temperaturas, \u00e0 corros\u00e3o e a uma longa vida \u00fatil, como tamb\u00e9m ret\u00e9m eficazmente o calor e o vapor para melhorar a efici\u00eancia da cozedura.<\/li>\n\n\n\n<li><strong>Conjunto completo:<\/strong> este conjunto de tachos e panelas de 10 pe\u00e7as cont\u00e9m uma vasta gama de utens\u00edlios de cozinha para as necessidades culin\u00e1rias di\u00e1rias, adequados para tudo, desde simples refei\u00e7\u00f5es caseiras a pratos de festa complexos.<\/li>\n\n\n\n<li><strong>Revestimento n\u00e3o t\u00f3xico e sem qu\u00edmicos<\/strong>: Fabricado em a\u00e7o composto de alta qualidade, isento de subst\u00e2ncias nocivas como PFAS, PTFE, Teflon, PFOA, PFOS, etc.<\/li>\n\n\n\n<li><strong>\u00d3timo para personaliza\u00e7\u00e3o<\/strong>A produ\u00e7\u00e3o pode ser personalizada e customizada de acordo com as necessidades dos fabricantes para atender a requisitos espec\u00edficos de design e funcionalidade.<\/li>\n\n\n\n<li><strong>Adapta-se a v\u00e1rios estilos de cozedura:<\/strong> quer se trate de fritar a altas temperaturas, de cozer em lume brando ou de ferver, este conjunto proporciona um excelente desempenho e adapta-se a uma vasta gama de necessidades culin\u00e1rias.<\/li>\n\n\n\n<li><strong>F\u00e1cil de limpar<\/strong>: O a\u00e7o inoxid\u00e1vel e os materiais antiaderentes tornam a limpeza r\u00e1pida e f\u00e1cil.<\/li>\n<\/ul>\n<\/div>\n\n\n\n<div class=\"wp-block-column is-layout-flow wp-block-column-is-layout-flow\">\n<h3 class=\"wp-block-heading\">Especifica\u00e7\u00f5es do Conjunto de panelas e frigideiras de 10 pe\u00e7as<\/h3>\n\n\n\n<ul class=\"wp-block-list\">\n<li>Fabricante: CHANCES<\/li>\n\n\n\n<li>Modelo n.\u00ba:CY-OSGG1005<\/li>\n\n\n\n<li>Material: SS201<\/li>\n\n\n\n<li>Contagem de pe\u00e7as:10 pe\u00e7as<\/li>\n\n\n\n<li>Tampa: Tampa de a\u00e7o inoxid\u00e1vel<\/li>\n\n\n\n<li>Espessura: 0,5 mm<\/li>\n\n\n\n<li>Fundo:3.0mm<\/li>\n\n\n\n<li><strong><a href=\"https:\/\/www.chancescook.com\/pt\/custom-cookware\/\">OEM&amp;ODM<\/a><\/strong>: Personalizado, bem-vindo OEM&amp;ODM<\/li>\n\n\n\n<li>MOQ:1 x 40'HQ<\/li>\n\n\n\n<li>Embalagem: Caixa de cor\/caixa de cart\u00e3o<\/li>\n\n\n\n<li>Amostra: Gr\u00e1tis<\/li>\n<\/ul>\n<\/div>\n<\/div>\n\n\n\n<p><\/p>","protected":false},"excerpt":{"rendered":"<p>Este fabricante produz um conjunto de tachos e panelas de 10 pe\u00e7as com estilo europeu e tampas de a\u00e7o lisas. O conjunto cont\u00e9m muitos tachos e panelas importantes para satisfazer v\u00e1rios requisitos de cozinha, e as tampas de a\u00e7o s\u00e3o \u00fateis para melhorar a reten\u00e7\u00e3o de calor e os resultados de cozedura, enquanto as pegas s\u00e3o concebidas para conforto. Adequado tanto para cozinhas profissionais como para cozinhas dom\u00e9sticas, este conjunto re\u00fane um design atraente e uma utiliza\u00e7\u00e3o funcional, servindo tanto o aspeto como a finalidade.<\/p>\n<h3>Conjunto de panelas e frigideiras de 10 pe\u00e7as inclui\uff1a<\/h3>\n<ul>\n<li>Ca\u00e7arola de 16cm x 8cm com tampa<\/li>\n<li>Ca\u00e7arola de 16cm x 8cm com tampa<\/li>\n<li>Ca\u00e7arola de 20cm x 10cm com tampa<\/li>\n<li>Ca\u00e7arola de 24cm x 12cm com tampa<\/li>\n<li>Frigideira de 24cm x 5cm com tampa<\/li>\n<\/ul>","protected":false},"featured_media":4110,"comment_status":"closed","ping_status":"closed","template":"","meta":{"_acf_changed":false},"product_brand":[],"product_cat":[53],"product_tag":[],"class_list":{"0":"post-3871","1":"product","2":"type-product","3":"status-publish","4":"has-post-thumbnail","6":"product_cat-wholesale-cookware-sets","8":"first","9":"instock","10":"shipping-taxable","11":"product-type-simple"},"acf":[],"_links":{"self":[{"href":"https:\/\/www.chancescook.com\/pt\/wp-json\/wp\/v2\/product\/3871","targetHints":{"allow":["GET"]}}],"collection":[{"href":"https:\/\/www.chancescook.com\/pt\/wp-json\/wp\/v2\/product"}],"about":[{"href":"https:\/\/www.chancescook.com\/pt\/wp-json\/wp\/v2\/types\/product"}],"replies":[{"embeddable":true,"href":"https:\/\/www.chancescook.com\/pt\/wp-json\/wp\/v2\/comments?post=3871"}],"wp:featuredmedia":[{"embeddable":true,"href":"https:\/\/www.chancescook.com\/pt\/wp-json\/wp\/v2\/media\/4110"}],"wp:attachment":[{"href":"https:\/\/www.chancescook.com\/pt\/wp-json\/wp\/v2\/media?parent=3871"}],"wp:term":[{"taxonomy":"product_brand","embeddable":true,"href":"https:\/\/www.chancescook.com\/pt\/wp-json\/wp\/v2\/product_brand?post=3871"},{"taxonomy":"product_cat","embeddable":true,"href":"https:\/\/www.chancescook.com\/pt\/wp-json\/wp\/v2\/product_cat?post=3871"},{"taxonomy":"product_tag","embeddable":true,"href":"https:\/\/www.chancescook.com\/pt\/wp-json\/wp\/v2\/product_tag?post=3871"}],"curies":[{"name":"wp","href":"https:\/\/api.w.org\/{rel}","templated":true}]}}