{"id":3896,"date":"2024-09-21T06:31:52","date_gmt":"2024-09-21T06:31:52","guid":{"rendered":"https:\/\/www.chancescook.com\/?post_type=product&#038;p=3896"},"modified":"2025-12-22T10:19:52","modified_gmt":"2025-12-22T10:19:52","slug":"stainless-steel-steamer-wok-supplier","status":"publish","type":"product","link":"https:\/\/www.chancescook.com\/pt\/produto\/stainless-steel-steamer-wok-supplier\/","title":{"rendered":"Vaporizador de a\u00e7o inoxid\u00e1vel Wok Fornecedor Fabrico Multi-funcional com Tampa Combinada"},"content":{"rendered":"<div class=\"wp-block-columns is-layout-flex wp-container-core-columns-is-layout-9d6595d7 wp-block-columns-is-layout-flex\">\n<div class=\"wp-block-column is-layout-flow wp-block-column-is-layout-flow\">\n<h3 class=\"wp-block-heading\">Carater\u00edsticas e vantagens do Steamer Wok<\/h3>\n\n\n\n<ul class=\"wp-block-list\">\n<li><strong>Um pote multiusos:<\/strong> Ao fundir as fun\u00e7\u00f5es de vaporizador e frigideira numa s\u00f3, este equipamento de cozinha pode ser utilizado na cozinha di\u00e1ria para saltear e cozer alimentos a vapor. Ajuda a poupar espa\u00e7o na cozinha.<\/li>\n\n\n\n<li><strong>Pega ergon\u00f3mica:<\/strong> O design tem uma pega, feita para conforto, que \u00e9 isolada e n\u00e3o escorrega facilmente para ajudar a uma utiliza\u00e7\u00e3o segura.<\/li>\n\n\n\n<li><strong>Durabilidade:<\/strong> O material \u00e9 de a\u00e7o inoxid\u00e1vel de boa qualidade, conferindo ao wok para vapor uma forte durabilidade e assegurando que o calor \u00e9 distribu\u00eddo uniformemente. Isto garante uma cozedura consistente e, ao mesmo tempo, reduz a necessidade de substitui\u00e7\u00f5es frequentes.<\/li>\n\n\n\n<li><strong>Design empilh\u00e1vel:<\/strong> As panelas e frigideiras multifuncionais podem ser empilhadas para arruma\u00e7\u00e3o, poupando espa\u00e7o e sendo f\u00e1ceis de organizar. Esta \u00e9 uma gaveta de vapor anexa para melhorar a efici\u00eancia dos cozinhados.<\/li>\n\n\n\n<li><strong>Compat\u00edvel com v\u00e1rios fog\u00f5es:<\/strong> este utens\u00edlio de cozinha \u00e9 adequado para fog\u00f5es de indu\u00e7\u00e3o, a g\u00e1s, de cer\u00e2mica e outros tipos de fog\u00f5es, sendo mais c\u00f3modo e flex\u00edvel de utilizar.<\/li>\n\n\n\n<li><strong>Fundo uniformemente aquecido:<\/strong> o design especial do fundo da panela garante uma distribui\u00e7\u00e3o uniforme do calor, evitando o sobreaquecimento localizado ou alimentos queimados.<\/li>\n<\/ul>\n<\/div>\n\n\n\n<div class=\"wp-block-column is-layout-flow wp-block-column-is-layout-flow\">\n<h3 class=\"wp-block-heading\">Especifica\u00e7\u00f5es do Wok para vapor em a\u00e7o inoxid\u00e1vel<\/h3>\n\n\n\n<ul class=\"wp-block-list\">\n<li>Fabricante: CHANCES<\/li>\n\n\n\n<li>Modelo n.\u00ba:CY-ZD0536B<\/li>\n\n\n\n<li>Material: SS201<\/li>\n\n\n\n<li>Tampa: Tampa de a\u00e7o inoxid\u00e1vel<\/li>\n\n\n\n<li>Espessura: 0,5 mm<\/li>\n\n\n\n<li>Fundo:2,5 mm<\/li>\n\n\n\n<li>OEM&amp;ODM: Personalizado, bem-vindo OEM&amp;ODM<\/li>\n\n\n\n<li>MOQ:1 x 40'HQ<\/li>\n\n\n\n<li>Embalagem: Caixa de cor\/caixa de cart\u00e3o<\/li>\n\n\n\n<li>Amostra: Gr\u00e1tis<\/li>\n<\/ul>\n<\/div>\n<\/div>","protected":false},"excerpt":{"rendered":"<p>Um wok para vapor \u00e9 um utens\u00edlio de cozinha multifuncional que pode ser utilizado para fritar e cozer alimentos a vapor. Com uma base redonda larga para uma distribui\u00e7\u00e3o uniforme do calor, \u00e9 acompanhada por uma tampa e uma grelha para cozer a vapor, tornando-a ideal para cozinhar uma grande variedade de pratos. \u00c9 perfeita para uma cozedura eficiente e \u00e9 adequada tanto para uso dom\u00e9stico como comercial.<\/p>\n<h3 class=\"wp-block-heading\">Wok de a\u00e7o inoxid\u00e1vel para cozimento a vapor Inclui\uff1a<\/h3>\n<ul>\n<li>Frigideira de 36 cm com duas pegas<\/li>\n<li>Vaporizador de 36 cm com duas pegas<\/li>\n<li>1 unidade de capa combinada<\/li>\n<li>1 pe\u00e7a de vapor<\/li>\n<\/ul>\n<p>A Chances est\u00e1 empenhada em fornecer aos clientes servi\u00e7os personalizados eficientes e profissionais, contando com a nossa forte capacidade de produ\u00e7\u00e3o e rigoroso controle de qualidade para garantir que cada lote de panela wok para vapor de a\u00e7o inoxid\u00e1vel atenda \u00e0s suas necessidades de alto padr\u00e3o.<\/p>","protected":false},"featured_media":5814,"comment_status":"closed","ping_status":"closed","template":"","meta":{"_acf_changed":false},"product_brand":[],"product_cat":[52,64],"product_tag":[],"class_list":{"0":"post-3896","1":"product","2":"type-product","3":"status-publish","4":"has-post-thumbnail","6":"product_cat-cookware-wholesale","7":"product_cat-chinese-steamer-pot-factory","9":"first","10":"instock","11":"shipping-taxable","12":"product-type-simple"},"acf":[],"_links":{"self":[{"href":"https:\/\/www.chancescook.com\/pt\/wp-json\/wp\/v2\/product\/3896","targetHints":{"allow":["GET"]}}],"collection":[{"href":"https:\/\/www.chancescook.com\/pt\/wp-json\/wp\/v2\/product"}],"about":[{"href":"https:\/\/www.chancescook.com\/pt\/wp-json\/wp\/v2\/types\/product"}],"replies":[{"embeddable":true,"href":"https:\/\/www.chancescook.com\/pt\/wp-json\/wp\/v2\/comments?post=3896"}],"wp:featuredmedia":[{"embeddable":true,"href":"https:\/\/www.chancescook.com\/pt\/wp-json\/wp\/v2\/media\/5814"}],"wp:attachment":[{"href":"https:\/\/www.chancescook.com\/pt\/wp-json\/wp\/v2\/media?parent=3896"}],"wp:term":[{"taxonomy":"product_brand","embeddable":true,"href":"https:\/\/www.chancescook.com\/pt\/wp-json\/wp\/v2\/product_brand?post=3896"},{"taxonomy":"product_cat","embeddable":true,"href":"https:\/\/www.chancescook.com\/pt\/wp-json\/wp\/v2\/product_cat?post=3896"},{"taxonomy":"product_tag","embeddable":true,"href":"https:\/\/www.chancescook.com\/pt\/wp-json\/wp\/v2\/product_tag?post=3896"}],"curies":[{"name":"wp","href":"https:\/\/api.w.org\/{rel}","templated":true}]}}