{"id":3897,"date":"2024-09-10T08:11:17","date_gmt":"2024-09-10T08:11:17","guid":{"rendered":"https:\/\/www.chancescook.com\/?post_type=product&#038;p=3897"},"modified":"2025-12-21T13:45:10","modified_gmt":"2025-12-21T13:45:10","slug":"custom-japanese-snow-pan","status":"publish","type":"product","link":"https:\/\/www.chancescook.com\/pt\/produto\/custom-japanese-snow-pan\/","title":{"rendered":"Frigideira japonesa personalizada para leite revestida de leite A\u00e7o inoxid\u00e1vel 430 antiaderente com pega de madeira"},"content":{"rendered":"<div class=\"wp-block-columns is-layout-flex wp-container-core-columns-is-layout-9d6595d7 wp-block-columns-is-layout-flex\">\n<div class=\"wp-block-column is-layout-flow wp-block-column-is-layout-flow\">\n<h3 class=\"wp-block-heading\">Carater\u00edsticas e benef\u00edcios da panela de neve japonesa<\/h3>\n\n\n\n<ul class=\"wp-block-list\">\n<li><strong>Material de a\u00e7o inoxid\u00e1vel 430 de alta qualidade<\/strong>O seu design \u00e9 feito de a\u00e7o inoxid\u00e1vel 430 com excelente resist\u00eancia \u00e0 corros\u00e3o e \u00e0 ferrugem para garantir uma distribui\u00e7\u00e3o uniforme do calor e proporcionar resultados de cozedura ideais.<\/li>\n<\/ul>\n\n\n\n<p><\/p>\n\n\n\n<ul class=\"wp-block-list\">\n<li><strong>Revestimento antiaderente<\/strong>: a superf\u00edcie da panela de neve japonesa \u00e9 revestida com um revestimento antiaderente de primeira qualidade para evitar que os alimentos se colem, f\u00e1cil de limpar, especialmente adequado para cozinhar leite, molhos e outros pratos delicados.<\/li>\n<\/ul>\n\n\n\n<p><\/p>\n\n\n\n<ul class=\"wp-block-list\">\n<li><strong>Design Yukiyaki de estilo japon\u00eas<\/strong>: O design Yukiyaki de estilo tradicional japon\u00eas \u00e9 simples e elegante na apar\u00eancia e pr\u00e1tico na fun\u00e7\u00e3o, adequado para cozinhas modernas.<\/li>\n<\/ul>\n\n\n\n<p><\/p>\n\n\n\n<ul class=\"wp-block-list\">\n<li><strong>Pega ergon\u00f3mica<\/strong>: Uma frigideira para neve em a\u00e7o inoxid\u00e1vel est\u00e1 equipada com uma pega confort\u00e1vel e resistente ao calor para garantir seguran\u00e7a e comodidade ao cozinhar.<\/li>\n<\/ul>\n\n\n\n<p><\/p>\n\n\n\n<ul class=\"wp-block-list\">\n<li><strong>Adequado para utiliza\u00e7\u00e3o di\u00e1ria<\/strong>: A panela de neve japonesa \u00e9 leve e resistente para as tarefas culin\u00e1rias do dia a dia, como ferver, cozer em lume brando e fazer sopas ou molhos.<\/li>\n<\/ul>\n\n\n\n<p><\/p>\n\n\n\n<ul class=\"wp-block-list\">\n<li><strong>Adequado para v\u00e1rios fog\u00f5es<\/strong>: Compat\u00edvel com fog\u00f5es a g\u00e1s, de indu\u00e7\u00e3o, de indu\u00e7\u00e3o e outros fog\u00f5es, flex\u00edvel e aplic\u00e1vel.<\/li>\n<\/ul>\n\n\n\n<p><\/p>\n\n\n\n<ul class=\"wp-block-list\">\n<li><strong>Material amigo do ambiente<\/strong>: O a\u00e7o inoxid\u00e1vel \u00e9 feito de material ecol\u00f3gico de qualidade alimentar, em conformidade com o conceito de sa\u00fade e prote\u00e7\u00e3o ambiental.<\/li>\n<\/ul>\n<\/div>\n\n\n\n<div class=\"wp-block-column is-layout-flow wp-block-column-is-layout-flow\">\n<figure class=\"wp-block-image size-full\"><img decoding=\"async\" src=\"https:\/\/www.chancescook.com\/wp-content\/uploads\/2024\/09\/Custom-Japanese-Snow-Pan-3.webp\" alt=\"Panela de neve japonesa personalizada (3)\" class=\"wp-image-3901\"\/><\/figure>\n<\/div>\n<\/div>","protected":false},"excerpt":{"rendered":"<p>Explore a nossa frigideira de neve japonesa antiaderente personalizada para atualizar a sua cole\u00e7\u00e3o de utens\u00edlios de cozinha, constru\u00edda com a\u00e7o inoxid\u00e1vel de qualidade alimentar 430 de primeira qualidade para compradores que procuram utens\u00edlios de cozinha duradouros e de alta qualidade. N\u00e3o hesite em contactar-nos.<\/p>\n<h3 class=\"wp-block-heading\">Especifica\u00e7\u00f5es da panela de neve japonesa<\/h3>\n<table style=\"border-collapse: collapse; width: 481.52pt;\" border=\"0\" width=\"1284\" cellspacing=\"0\" cellpadding=\"0\">\n<tbody>\n<tr style=\"height: 16.10pt;\">\n<td class=\"et3\" style=\"height: 16.10pt; width: 71.30pt;\" width=\"190\" height=\"42\">Modelo n.<\/td>\n<td class=\"et3\" style=\"width: 150.05pt;\" width=\"400\">Di\u00e2metro<\/td>\n<td class=\"et3\" style=\"width: 150.05pt;\" width=\"400\">Peso<\/td>\n<td class=\"et3\" style=\"width: 110.35pt;\" width=\"294\">espessuras<\/td>\n<\/tr>\n<tr style=\"height: 48.40pt;\">\n<td class=\"et3\" style=\"height: 48.40pt;\" height=\"129\">CY-XPG10<\/td>\n<td class=\"et3\">18cm\/20cm\/22cm<\/td>\n<td class=\"et3\">510g\/600g\/650g<\/td>\n<td class=\"et3\">1mm<\/td>\n<\/tr>\n<tr style=\"height: 48.40pt;\">\n<td class=\"et3\" style=\"height: 48.40pt;\" height=\"129\">CY-XPG04<\/td>\n<td class=\"et3\">16cm\/18cm\/20cm\/22cm<\/td>\n<td class=\"et3\">250g\/290g\/340g\/450g<\/td>\n<td class=\"et3\">0,4 mm<\/td>\n<\/tr>\n<\/tbody>\n<\/table>\n<ul>\n<li>Fabricante: CHANCES<\/li>\n<li>Material: SS430<\/li>\n<li>Cor: Original\/Preto<\/li>\n<li>Tampa: Tampa de vidro<\/li>\n<li>OEM&amp;ODM: Personalizado, bem-vindo OEM&amp;ODM<\/li>\n<li>MOQ:1 x 40'HQ<\/li>\n<li>Embalagem: Caixa de cor\/caixa de cart\u00e3o<\/li>\n<li>Amostra: Gr\u00e1tis<\/li>\n<\/ul>\n<p><strong>Chancescook<\/strong> est\u00e1 empenhada em fornecer servi\u00e7os personalizados eficientes e profissionais apoiados pelo nosso desenvolvimento exclusivo de moldes, forte capacidade de produ\u00e7\u00e3o e controlo de qualidade rigoroso para garantir que cada lote de panelas de neve japonesas satisfaz as suas necessidades.<\/p>","protected":false},"featured_media":5772,"comment_status":"closed","ping_status":"closed","template":"","meta":{"_acf_changed":false},"product_brand":[],"product_cat":[52,69],"product_tag":[],"class_list":{"0":"post-3897","1":"product","2":"type-product","3":"status-publish","4":"has-post-thumbnail","6":"product_cat-cookware-wholesale","7":"product_cat-snow-pan-wholesaler","9":"first","10":"instock","11":"shipping-taxable","12":"product-type-simple"},"acf":[],"_links":{"self":[{"href":"https:\/\/www.chancescook.com\/pt\/wp-json\/wp\/v2\/product\/3897","targetHints":{"allow":["GET"]}}],"collection":[{"href":"https:\/\/www.chancescook.com\/pt\/wp-json\/wp\/v2\/product"}],"about":[{"href":"https:\/\/www.chancescook.com\/pt\/wp-json\/wp\/v2\/types\/product"}],"replies":[{"embeddable":true,"href":"https:\/\/www.chancescook.com\/pt\/wp-json\/wp\/v2\/comments?post=3897"}],"wp:featuredmedia":[{"embeddable":true,"href":"https:\/\/www.chancescook.com\/pt\/wp-json\/wp\/v2\/media\/5772"}],"wp:attachment":[{"href":"https:\/\/www.chancescook.com\/pt\/wp-json\/wp\/v2\/media?parent=3897"}],"wp:term":[{"taxonomy":"product_brand","embeddable":true,"href":"https:\/\/www.chancescook.com\/pt\/wp-json\/wp\/v2\/product_brand?post=3897"},{"taxonomy":"product_cat","embeddable":true,"href":"https:\/\/www.chancescook.com\/pt\/wp-json\/wp\/v2\/product_cat?post=3897"},{"taxonomy":"product_tag","embeddable":true,"href":"https:\/\/www.chancescook.com\/pt\/wp-json\/wp\/v2\/product_tag?post=3897"}],"curies":[{"name":"wp","href":"https:\/\/api.w.org\/{rel}","templated":true}]}}