{"id":3905,"date":"2024-09-25T08:22:59","date_gmt":"2024-09-25T08:22:59","guid":{"rendered":"https:\/\/www.chancescook.com\/?post_type=product&#038;p=3905"},"modified":"2025-12-22T12:47:08","modified_gmt":"2025-12-22T12:47:08","slug":"custom-stainless-steel-mixing-bowl-set","status":"publish","type":"product","link":"https:\/\/www.chancescook.com\/pt\/produto\/custom-stainless-steel-mixing-bowl-set\/","title":{"rendered":"Conjunto de ta\u00e7as de mistura de a\u00e7o inoxid\u00e1vel personalizadas Conjunto de ta\u00e7as de 5 pe\u00e7as com tampas de PVC"},"content":{"rendered":"<div class=\"wp-block-columns is-layout-flex wp-container-core-columns-is-layout-9d6595d7 wp-block-columns-is-layout-flex\">\n<div class=\"wp-block-column is-layout-flow wp-block-column-is-layout-flow\">\n<h3 class=\"wp-block-heading\">Carater\u00edsticas e vantagens do Conjunto de ta\u00e7as misturadoras em a\u00e7o inoxid\u00e1vel de 5 pe\u00e7as<\/h3>\n\n\n\n<ul class=\"wp-block-list\">\n<li><strong>Empilh\u00e1vel Multi-tamanho:<\/strong> Este conjunto de ta\u00e7as de 5 pe\u00e7as foi concebido em v\u00e1rios tamanhos, com estas ta\u00e7as encaixadas umas nas outras para facilitar a arruma\u00e7\u00e3o e poupar espa\u00e7o na cozinha, proporcionando ao mesmo tempo mais op\u00e7\u00f5es de arruma\u00e7\u00e3o e prepara\u00e7\u00e3o de alimentos.<\/li>\n\n\n\n<li><strong>Durabilidade:<\/strong> Conjunto de ta\u00e7as misturadoras em a\u00e7o inoxid\u00e1vel 410 de alta qualidade para um servi\u00e7o duradouro.<\/li>\n\n\n\n<li><strong>Escolhas:<\/strong> Est\u00e3o dispon\u00edveis v\u00e1rias espessuras e cores para se adaptarem a cada solu\u00e7\u00e3o de arruma\u00e7\u00e3o personalizada.<\/li>\n\n\n\n<li><strong>Armazenamento seguro:<\/strong> As tampas em PVC fecham bem, mantendo os alimentos frescos e sem derrames.<\/li>\n\n\n\n<li><strong>F\u00e1cil de limpar e de manter:<\/strong> F\u00e1cil de limpar e manter, pelo que \u00e9 adequado para utiliza\u00e7\u00e3o di\u00e1ria.<\/li>\n\n\n\n<li><strong>Design elegante:<\/strong> O aspeto moderno dos utens\u00edlios de cozinha combina bem com qualquer interior de cozinha, acrescentando um elemento de estilo.<\/li>\n\n\n\n<li><strong>Fundo \u00fanico:<\/strong> S\u00e3o geralmente mais leves e f\u00e1ceis de transportar e manusear do que os de fundo duplo.<\/li>\n<\/ul>\n<\/div>\n\n\n\n<div class=\"wp-block-column is-layout-flow wp-block-column-is-layout-flow\">\n<h3 class=\"wp-block-heading\">Especifica\u00e7\u00f5es do Conjunto de ta\u00e7as misturadoras em a\u00e7o inoxid\u00e1vel<\/h3>\n\n\n\n<ul class=\"wp-block-list\">\n<li>Fabricante: CHANCES<\/li>\n\n\n\n<li>Modelo No.:CY-BXW05A(engrossar)\/CY-BXW05B\/CY-BXW01\uff08azul\uff09\/CY-BXW02\uff08verde\uff09\/CY-BXW03\uff08laranja\uff09<\/li>\n\n\n\n<li>Material: SS410<\/li>\n\n\n\n<li>Contagem de pe\u00e7as:5 pe\u00e7as<\/li>\n\n\n\n<li>Espessura: 0,3 mm\/0,25 mm<\/li>\n\n\n\n<li>Fundo:fundo simples<\/li>\n\n\n\n<li>GW\uff1a22,0 kg\/19,5 kg<\/li>\n\n\n\n<li>NW: 20,5 kg\/18,0 kg<\/li>\n\n\n\n<li>OEM&amp;ODM: Personalizado, bem-vindo OEM&amp;ODM<\/li>\n\n\n\n<li>MOQ:1 x 40'HQ<\/li>\n\n\n\n<li>Embalagem: Caixa de cor\/caixa de cart\u00e3o<\/li>\n\n\n\n<li>Amostra: Gr\u00e1tis<\/li>\n<\/ul>\n<\/div>\n<\/div>\n\n\n\n<div class=\"wp-block-columns is-layout-flex wp-container-core-columns-is-layout-9d6595d7 wp-block-columns-is-layout-flex\">\n<div class=\"wp-block-column is-layout-flow wp-block-column-is-layout-flow\" style=\"flex-basis:25%\"><\/div>\n\n\n\n<div class=\"wp-block-column is-layout-flow wp-block-column-is-layout-flow\" style=\"flex-basis:50%\">\n<figure class=\"wp-block-image size-full\"><img decoding=\"async\" width=\"1969\" height=\"1811\" src=\"https:\/\/www.chancescook.com\/wp-content\/uploads\/2024\/09\/customized-bowl-set-box.webp\" alt=\"caixa de conjunto de ta\u00e7as personalizadas\" class=\"wp-image-4185\" srcset=\"https:\/\/www.chancescook.com\/wp-content\/uploads\/2024\/09\/customized-bowl-set-box.webp 1969w, https:\/\/www.chancescook.com\/wp-content\/uploads\/2024\/09\/customized-bowl-set-box-300x276.webp 300w, https:\/\/www.chancescook.com\/wp-content\/uploads\/2024\/09\/customized-bowl-set-box-768x706.webp 768w, https:\/\/www.chancescook.com\/wp-content\/uploads\/2024\/09\/customized-bowl-set-box-13x12.webp 13w, https:\/\/www.chancescook.com\/wp-content\/uploads\/2024\/09\/customized-bowl-set-box-285x262.webp 285w, https:\/\/www.chancescook.com\/wp-content\/uploads\/2024\/09\/customized-bowl-set-box-1600x1472.webp 1600w, https:\/\/www.chancescook.com\/wp-content\/uploads\/2024\/09\/customized-bowl-set-box-660x607.webp 660w, https:\/\/www.chancescook.com\/wp-content\/uploads\/2024\/09\/customized-bowl-set-box-150x138.webp 150w\" sizes=\"(max-width: 1969px) 100vw, 1969px\" \/><\/figure>\n<\/div>\n\n\n\n<div class=\"wp-block-column is-layout-flow wp-block-column-is-layout-flow\" style=\"flex-basis:25%\"><\/div>\n<\/div>\n\n\n\n<p><\/p>","protected":false},"excerpt":{"rendered":"<p>Fabricado com um conjunto de ta\u00e7as misturadoras em a\u00e7o inoxid\u00e1vel 410 de alta qualidade num conjunto de 5 pe\u00e7as, cada conjunto de ta\u00e7as est\u00e1 dispon\u00edvel em diferentes tamanhos, espessuras e cores, o que torna este conjunto de ta\u00e7as personalizado perfeito para solu\u00e7\u00f5es de arruma\u00e7\u00e3o vers\u00e1teis que combinam durabilidade com estilo para utiliza\u00e7\u00e3o di\u00e1ria em casa ou para aplica\u00e7\u00f5es de catering!<\/p>\n<h3>Conjunto de ta\u00e7as misturadoras em a\u00e7o inoxid\u00e1vel com 5 pe\u00e7as inclui:<\/h3>\n<table width=\"798\">\n<tbody>\n<tr>\n<td width=\"154\">Modelo n.<\/td>\n<td width=\"230\">Variantes do produto<\/td>\n<td width=\"413\">Configura\u00e7\u00e3o<\/td>\n<\/tr>\n<tr>\n<td width=\"154\">CY-BXW05A(engrossar)\u00a0<\/td>\n<td rowspan=\"5\" width=\"230\">Ta\u00e7a de conserva\u00e7\u00e3o de 5 pe\u00e7as em a\u00e7o inoxid\u00e1vel<\/td>\n<td rowspan=\"5\" width=\"413\">10cm x 4,4cm com tampa em PVC<br \/>12cm x 5,0cm com tampa em PVC<br \/>14cm x 5,7cm com tampa em PVC<br \/>16cm x 6,1cm com tampa em PVC<br \/>18cm x 6,9cm com tampa em PVC<\/td>\n<\/tr>\n<tr>\n<td width=\"154\">CY-BXW05B<\/td>\n<\/tr>\n<tr>\n<td>CY-BXW01\uff08azul\uff09<\/td>\n<\/tr>\n<tr>\n<td>CY-BXW02\uff08verde\uff09<\/td>\n<\/tr>\n<tr>\n<td>CY-BXW03\uff08laranja\uff09<\/td>\n<\/tr>\n<\/tbody>\n<\/table>","protected":false},"featured_media":5827,"comment_status":"closed","ping_status":"closed","template":"","meta":{"_acf_changed":false},"product_brand":[],"product_cat":[56],"product_tag":[],"class_list":{"0":"post-3905","1":"product","2":"type-product","3":"status-publish","4":"has-post-thumbnail","6":"product_cat-wholesale-kitchen-utensils","8":"first","9":"instock","10":"shipping-taxable","11":"product-type-simple"},"acf":[],"_links":{"self":[{"href":"https:\/\/www.chancescook.com\/pt\/wp-json\/wp\/v2\/product\/3905","targetHints":{"allow":["GET"]}}],"collection":[{"href":"https:\/\/www.chancescook.com\/pt\/wp-json\/wp\/v2\/product"}],"about":[{"href":"https:\/\/www.chancescook.com\/pt\/wp-json\/wp\/v2\/types\/product"}],"replies":[{"embeddable":true,"href":"https:\/\/www.chancescook.com\/pt\/wp-json\/wp\/v2\/comments?post=3905"}],"wp:featuredmedia":[{"embeddable":true,"href":"https:\/\/www.chancescook.com\/pt\/wp-json\/wp\/v2\/media\/5827"}],"wp:attachment":[{"href":"https:\/\/www.chancescook.com\/pt\/wp-json\/wp\/v2\/media?parent=3905"}],"wp:term":[{"taxonomy":"product_brand","embeddable":true,"href":"https:\/\/www.chancescook.com\/pt\/wp-json\/wp\/v2\/product_brand?post=3905"},{"taxonomy":"product_cat","embeddable":true,"href":"https:\/\/www.chancescook.com\/pt\/wp-json\/wp\/v2\/product_cat?post=3905"},{"taxonomy":"product_tag","embeddable":true,"href":"https:\/\/www.chancescook.com\/pt\/wp-json\/wp\/v2\/product_tag?post=3905"}],"curies":[{"name":"wp","href":"https:\/\/api.w.org\/{rel}","templated":true}]}}