{"id":3909,"date":"2024-09-25T10:30:47","date_gmt":"2024-09-25T10:30:47","guid":{"rendered":"https:\/\/www.chancescook.com\/?post_type=product&#038;p=3909"},"modified":"2025-12-31T04:22:32","modified_gmt":"2025-12-31T04:22:32","slug":"wholesale-stainless-steel-wok","status":"publish","type":"product","link":"https:\/\/www.chancescook.com\/pt\/produto\/wholesale-stainless-steel-wok\/","title":{"rendered":"Wok de a\u00e7o inoxid\u00e1vel por atacado Fundo composto Wenwu Pega com tampa de a\u00e7o"},"content":{"rendered":"<div class=\"wp-block-columns is-layout-flex wp-container-core-columns-is-layout-9d6595d7 wp-block-columns-is-layout-flex\">\n<div class=\"wp-block-column is-layout-flow wp-block-column-is-layout-flow\" style=\"flex-basis:70%\">\n<h3 class=\"wp-block-heading\">Carater\u00edsticas e vantagens do Wok em a\u00e7o inoxid\u00e1vel<\/h3>\n\n\n\n<ul class=\"wp-block-list\">\n<li><strong>A\u00e7o inoxid\u00e1vel de qualidade superior:<\/strong> O material desta frigideira wok \u00e9 o a\u00e7o inoxid\u00e1vel, conhecido por ser de alta qualidade, o que lhe confere durabilidade e resiste \u00e0 corros\u00e3o, tornando-a adequada para utiliza\u00e7\u00e3o durante um longo per\u00edodo.<\/li>\n\n\n\n<li><strong>Estrutura inferior em comp\u00f3sito:<\/strong> O design do fundo composto faz com que o calor se espalhe de forma mais uniforme e aque\u00e7a mais rapidamente, proporcionando efici\u00eancia na utiliza\u00e7\u00e3o da energia, o que \u00e9 \u00fatil para muitos tipos diferentes de necessidades culin\u00e1rias.<\/li>\n\n\n\n<li><strong>Compat\u00edvel com todos os tipos de fog\u00f5es:<\/strong> O wok em a\u00e7o inoxid\u00e1vel \u00e9 adequado para todos os tipos de fog\u00e3o, incluindo os fog\u00f5es de indu\u00e7\u00e3o, o que lhe permite ter uma ampla compatibilidade e, assim, satisfazer as v\u00e1rias necessidades que surgem na cozinha.<\/li>\n\n\n\n<li><strong>Pega Wen Wu:<\/strong> O cabo da Wen Wu tem um design particular, funcional e com alguma apar\u00eancia de atratividade. Proporciona uma ader\u00eancia firme, ao mesmo tempo que permite um manuseamento mais f\u00e1cil, tornando as ac\u00e7\u00f5es mais seguras em geral quando utilizadas.<\/li>\n\n\n\n<li><strong>Design da tampa de p\u00e9:<\/strong> A tampa pode ficar na vertical, pelo que o espa\u00e7o que ocupa nas superf\u00edcies da cozinha \u00e9 reduzido. Al\u00e9m disso, evita o contacto entre a tampa e objectos ou superf\u00edcies sujas, o que pode levar \u00e0 contamina\u00e7\u00e3o.<\/li>\n\n\n\n<li><strong>F\u00e1cil de limpar:<\/strong> Concebida para ser f\u00e1cil de limpar e lav\u00e1vel na m\u00e1quina de lavar lou\u00e7a para manter os seus utens\u00edlios de cozinha com um aspeto novo.<\/li>\n\n\n\n<li><strong>Disponibilidade por grosso:<\/strong> Concebido para o mercado grossista, \u00e9 ideal para empresas de restaura\u00e7\u00e3o e retalhistas que compram em grandes quantidades.<\/li>\n<\/ul>\n<\/div>\n\n\n\n<div class=\"wp-block-column is-layout-flow wp-block-column-is-layout-flow\" style=\"flex-basis:30%\"><\/div>\n<\/div>\n\n\n\n<p><\/p>","protected":false},"excerpt":{"rendered":"<p>Este wok de a\u00e7o inoxid\u00e1vel foi criado com um fundo composto, destinado a uma melhor propaga\u00e7\u00e3o do calor, e a pega wen wu contribui para a sua beleza e resist\u00eancia. O design especial da tampa permite-lhe ficar na vertical quando n\u00e3o est\u00e1 a ser utilizada, o que \u00e9 pr\u00e1tico e ocupa menos espa\u00e7o. Este utens\u00edlio de cozinha foi concebido para responder a v\u00e1rios tipos de necessidades culin\u00e1rias e pode ser utilizado tanto em cozinhas dom\u00e9sticas como em cozinhas profissionais.<\/p>\n<h3 class=\"wp-block-heading\">Especifica\u00e7\u00f5es do Wok de a\u00e7o inoxid\u00e1vel<\/h3>\n<ul>\n<li><strong>Fabricante:<\/strong> CHANCES<\/li>\n<li><strong>Modelo n<\/strong>.:CY-FDKLBCD0636<\/li>\n<li><strong>Material<\/strong>: SS304<\/li>\n<li><strong>Tampa<\/strong>: Tampa de a\u00e7o inoxid\u00e1vel<\/li>\n<li><strong>Tamanho:<\/strong>32 cm<\/li>\n<li><strong>Espessura<\/strong>:2.0mm<\/li>\n<li><strong>Fundo<\/strong>:2.0mm<\/li>\n<li><strong>OEM&amp;ODM:<\/strong> Personalizado, bem-vindo OEM&amp;ODM<\/li>\n<li><strong>QUANTIDADE M\u00c1XIMA DE ENCOMENDA<\/strong>:1 x 40\u2019HQ<\/li>\n<li><strong>Embalagem<\/strong>: Caixa de cor\/Caixa de cart\u00e3o<\/li>\n<li><strong>Amostra<\/strong>: Gr\u00e1tis<\/li>\n<\/ul>\n<p>A Chances est\u00e1 empenhada em fornecer aos clientes um servi\u00e7o eficiente e profissional\u00a0<a href=\"https:\/\/www.chancescook.com\/pt\/custom-cookware\/\"><strong>servi\u00e7os personalizados<\/strong><\/a>A empresa, apoiando-se na sua forte capacidade de produ\u00e7\u00e3o e num rigoroso controlo de qualidade, garante que cada lote de\u00a0<strong>wok em a\u00e7o inoxid\u00e1vel<\/strong><span style=\"box-sizing: border-box; margin: 0px; padding: 0px;\"><strong> panela\u00a0<\/strong><\/span>responde \u00e0s suas necessidades de alto n\u00edvel.<\/p>","protected":false},"featured_media":5919,"comment_status":"closed","ping_status":"closed","template":"","meta":{"_acf_changed":false},"product_brand":[],"product_cat":[52,65],"product_tag":[],"class_list":{"0":"post-3909","1":"product","2":"type-product","3":"status-publish","4":"has-post-thumbnail","6":"product_cat-cookware-wholesale","7":"product_cat-chinese-wok","9":"first","10":"instock","11":"shipping-taxable","12":"product-type-simple"},"acf":[],"_links":{"self":[{"href":"https:\/\/www.chancescook.com\/pt\/wp-json\/wp\/v2\/product\/3909","targetHints":{"allow":["GET"]}}],"collection":[{"href":"https:\/\/www.chancescook.com\/pt\/wp-json\/wp\/v2\/product"}],"about":[{"href":"https:\/\/www.chancescook.com\/pt\/wp-json\/wp\/v2\/types\/product"}],"replies":[{"embeddable":true,"href":"https:\/\/www.chancescook.com\/pt\/wp-json\/wp\/v2\/comments?post=3909"}],"wp:featuredmedia":[{"embeddable":true,"href":"https:\/\/www.chancescook.com\/pt\/wp-json\/wp\/v2\/media\/5919"}],"wp:attachment":[{"href":"https:\/\/www.chancescook.com\/pt\/wp-json\/wp\/v2\/media?parent=3909"}],"wp:term":[{"taxonomy":"product_brand","embeddable":true,"href":"https:\/\/www.chancescook.com\/pt\/wp-json\/wp\/v2\/product_brand?post=3909"},{"taxonomy":"product_cat","embeddable":true,"href":"https:\/\/www.chancescook.com\/pt\/wp-json\/wp\/v2\/product_cat?post=3909"},{"taxonomy":"product_tag","embeddable":true,"href":"https:\/\/www.chancescook.com\/pt\/wp-json\/wp\/v2\/product_tag?post=3909"}],"curies":[{"name":"wp","href":"https:\/\/api.w.org\/{rel}","templated":true}]}}