{"id":3911,"date":"2024-09-11T06:40:35","date_gmt":"2024-09-11T06:40:35","guid":{"rendered":"https:\/\/www.chancescook.com\/?post_type=product&#038;p=3911"},"modified":"2025-12-20T09:52:31","modified_gmt":"2025-12-20T09:52:31","slug":"wholesale-stainless-steel-saucepan","status":"publish","type":"product","link":"https:\/\/www.chancescook.com\/pt\/produto\/wholesale-stainless-steel-saucepan\/","title":{"rendered":"Fornecimento por atacado de ca\u00e7arola de a\u00e7o inoxid\u00e1vel de tambor de al\u00e7a \u00fanica com tampa de vidro 304"},"content":{"rendered":"<div class=\"wp-block-columns is-layout-flex wp-container-core-columns-is-layout-9d6595d7 wp-block-columns-is-layout-flex\">\n<div class=\"wp-block-column is-layout-flow wp-block-column-is-layout-flow\" style=\"flex-basis:66.66%\">\n<h3 class=\"wp-block-heading\">Carater\u00edsticas e vantagens da ca\u00e7arola de a\u00e7o inoxid\u00e1vel <\/h3>\n\n\n\n<ul class=\"wp-block-list\">\n<li><strong>A\u00e7o inoxid\u00e1vel 304 de alta qualidade<\/strong>: A ca\u00e7arola em forma de tambor \u00e9 feita de a\u00e7o inoxid\u00e1vel 304 de qualidade alimentar, que \u00e9 resistente \u00e0 corros\u00e3o, dur\u00e1vel e de longa dura\u00e7\u00e3o, os alimentos cozinhados s\u00e3o seguros e saud\u00e1veis, e o principal \u00e9 que n\u00e3o \u00e9 f\u00e1cil enferrujar.<\/li>\n\n\n\n<li><strong>Design de pega \u00fanica<\/strong>: Um design ergon\u00f3mico de um \u00fanico punho que \u00e9 confort\u00e1vel de agarrar, poupa trabalho durante a utiliza\u00e7\u00e3o e \u00e9 adequado para um funcionamento a longo prazo.<\/li>\n\n\n\n<li><strong>Tampa de vidro temperado<\/strong>: A ca\u00e7arola de a\u00e7o inoxid\u00e1vel est\u00e1 equipada com uma tampa de vidro temperado de alta resist\u00eancia, design transparente para uma f\u00e1cil observa\u00e7\u00e3o do estado de cozedura em qualquer altura, resist\u00eancia a altas temperaturas e n\u00e3o \u00e9 f\u00e1cil de partir, para garantir a seguran\u00e7a do processo de cozedura.<\/li>\n\n\n\n<li><strong>Fundo espesso e uniformemente aquecido<\/strong>: O fundo espesso da panela conduz o calor de forma uniforme e r\u00e1pida, reduz a perda de calor, melhora a efici\u00eancia da cozedura, poupa energia e \u00e9 adequado para todos os tipos de fog\u00f5es.<\/li>\n\n\n\n<li><strong>Design f\u00e1cil de limpar: <\/strong>A superf\u00edcie da ca\u00e7arola de a\u00e7o inoxid\u00e1vel \u00e9 especialmente tratada para facilitar a limpeza e a m\u00e1quina de lavar loi\u00e7a \u00e9 segura, pr\u00e1tica e simples de utilizar.<\/li>\n<\/ul>\n<\/div>\n\n\n\n<div class=\"wp-block-column is-layout-flow wp-block-column-is-layout-flow\" style=\"flex-basis:33.33%\"><\/div>\n<\/div>","protected":false},"excerpt":{"rendered":"<p>Saiba mais sobre a nossa ca\u00e7arola de a\u00e7o inoxid\u00e1vel 304 dur\u00e1vel, com aspeto elegante e fun\u00e7\u00e3o pr\u00e1tica, adequada para cozinhar sopa, estufar, cozinhar massa e outras necessidades culin\u00e1rias, dur\u00e1vel e f\u00e1cil de melhorar a efici\u00eancia da cozinha. Bem-vindo a contactar-nos a qualquer momento!<\/p>\n<h3 class=\"wp-block-heading\">Especifica\u00e7\u00f5es da ca\u00e7arola de a\u00e7o inoxid\u00e1vel<\/h3>\n<ul>\n<li>Fabricante: CHANCES<\/li>\n<li>Modelo n.\u00ba:CY-GXG05<\/li>\n<li>Material: SS304<\/li>\n<li>Tampa: Tampa de vidro<\/li>\n<li>Espessura: 0,5 mm<\/li>\n<li>Peso:770g<\/li>\n<li>Di\u00e2metro\uff1a16cm<\/li>\n<li>OEM&amp;ODM: Personalizado, bem-vindo OEM&amp;ODM<\/li>\n<li>MOQ:1 x 40'HQ<\/li>\n<li>Embalagem: Caixa de cor\/caixa de cart\u00e3o<\/li>\n<li>Amostra: Gr\u00e1tis<\/li>\n<\/ul>\n<p>A Chancescook est\u00e1 empenhada em fornecer servi\u00e7os personalizados eficientes e profissionais apoiados pelo nosso desenvolvimento exclusivo de moldes, forte capacidade de produ\u00e7\u00e3o e controlo de qualidade rigoroso para garantir que cada lote de ca\u00e7arola de a\u00e7o inoxid\u00e1vel 304 satisfaz as suas necessidades.<\/p>","protected":false},"featured_media":5747,"comment_status":"closed","ping_status":"closed","template":"","meta":{"_acf_changed":false},"product_brand":[],"product_cat":[52,67],"product_tag":[],"class_list":{"0":"post-3911","1":"product","2":"type-product","3":"status-publish","4":"has-post-thumbnail","6":"product_cat-cookware-wholesale","7":"product_cat-saucepan-manufacturer","9":"first","10":"instock","11":"shipping-taxable","12":"product-type-simple"},"acf":[],"_links":{"self":[{"href":"https:\/\/www.chancescook.com\/pt\/wp-json\/wp\/v2\/product\/3911","targetHints":{"allow":["GET"]}}],"collection":[{"href":"https:\/\/www.chancescook.com\/pt\/wp-json\/wp\/v2\/product"}],"about":[{"href":"https:\/\/www.chancescook.com\/pt\/wp-json\/wp\/v2\/types\/product"}],"replies":[{"embeddable":true,"href":"https:\/\/www.chancescook.com\/pt\/wp-json\/wp\/v2\/comments?post=3911"}],"wp:featuredmedia":[{"embeddable":true,"href":"https:\/\/www.chancescook.com\/pt\/wp-json\/wp\/v2\/media\/5747"}],"wp:attachment":[{"href":"https:\/\/www.chancescook.com\/pt\/wp-json\/wp\/v2\/media?parent=3911"}],"wp:term":[{"taxonomy":"product_brand","embeddable":true,"href":"https:\/\/www.chancescook.com\/pt\/wp-json\/wp\/v2\/product_brand?post=3911"},{"taxonomy":"product_cat","embeddable":true,"href":"https:\/\/www.chancescook.com\/pt\/wp-json\/wp\/v2\/product_cat?post=3911"},{"taxonomy":"product_tag","embeddable":true,"href":"https:\/\/www.chancescook.com\/pt\/wp-json\/wp\/v2\/product_tag?post=3911"}],"curies":[{"name":"wp","href":"https:\/\/api.w.org\/{rel}","templated":true}]}}