{"id":3914,"date":"2024-09-11T07:18:01","date_gmt":"2024-09-11T07:18:01","guid":{"rendered":"https:\/\/www.chancescook.com\/?post_type=product&#038;p=3914"},"modified":"2025-12-18T07:47:03","modified_gmt":"2025-12-18T07:47:03","slug":"best-stock-pot-stainless-steel-304","status":"publish","type":"product","link":"https:\/\/www.chancescook.com\/pt\/produto\/best-stock-pot-stainless-steel-304\/","title":{"rendered":"Fornecedor Melhor Pote de Stock A\u00e7o Inoxid\u00e1vel 304 Tambor Fundo Espessado Dupla Orelha Pega Com Tampa"},"content":{"rendered":"<div class=\"wp-block-columns is-layout-flex wp-container-core-columns-is-layout-9d6595d7 wp-block-columns-is-layout-flex\">\n<div class=\"wp-block-column is-layout-flow wp-block-column-is-layout-flow\">\n<h3 class=\"wp-block-heading\">Carater\u00edsticas e benef\u00edcios do melhor caldeir\u00e3o de a\u00e7o inoxid\u00e1vel<\/h3>\n\n\n\n<ul class=\"wp-block-list\">\n<li><strong>Material em a\u00e7o inoxid\u00e1vel 304 de qualidade superior<\/strong>: fabricado em a\u00e7o inoxid\u00e1vel 304 de qualidade alimentar, resistente \u00e0 corros\u00e3o e \u00e0 ferrugem, garantindo uma longa dura\u00e7\u00e3o.<\/li>\n\n\n\n<li><strong>Design de fundo espessado<\/strong>O fundo de a\u00e7o inoxid\u00e1vel da melhor panela de caldo \u00e9 engrossado para conduzir o calor de forma uniforme e r\u00e1pida, evitando o sobreaquecimento localizado, poupando energia e melhorando a efici\u00eancia da cozedura.<\/li>\n\n\n\n<li><strong>Design da pega binaural<\/strong>: A pega binaural \u00e9 ergon\u00f3mica, s\u00f3lida e dur\u00e1vel, f\u00e1cil de deslocar e transportar, garantindo uma utiliza\u00e7\u00e3o segura e sem m\u00e3os quentes.<\/li>\n\n\n\n<li><strong>Tampa de vidro temperado selada<\/strong>: Uma tampa de vidro temperado transparente com orif\u00edcios de ventila\u00e7\u00e3o ajuda a conservar os nutrientes e a humidade dos alimentos, facilitando a observa\u00e7\u00e3o do processo de cozedura.<\/li>\n\n\n\n<li><strong>Multiusos Aplic\u00e1vel<\/strong>: a melhor panela de a\u00e7o inoxid\u00e1vel \u00e9 adequada para todos os tipos de fog\u00f5es, tais como fog\u00f5es a g\u00e1s, fog\u00f5es de indu\u00e7\u00e3o, etc., ideal para sopa, guisado, cozedura a vapor e outros estilos de cozinha.<\/li>\n<\/ul>\n<\/div>\n\n\n\n<div class=\"wp-block-column is-layout-flow wp-block-column-is-layout-flow\">\n<figure class=\"wp-block-image size-full\"><img decoding=\"async\" width=\"2004\" height=\"1503\" src=\"https:\/\/www.chancescook.com\/wp-content\/uploads\/2024\/09\/Best-Stock-Pot-Stainless-Steel-304-Supplier-2.webp\" alt=\"Melhor fornecedor de panela de a\u00e7o inoxid\u00e1vel 304 (2)\" class=\"wp-image-3916\" srcset=\"https:\/\/www.chancescook.com\/wp-content\/uploads\/2024\/09\/Best-Stock-Pot-Stainless-Steel-304-Supplier-2.webp 2004w, https:\/\/www.chancescook.com\/wp-content\/uploads\/2024\/09\/Best-Stock-Pot-Stainless-Steel-304-Supplier-2-300x225.webp 300w, https:\/\/www.chancescook.com\/wp-content\/uploads\/2024\/09\/Best-Stock-Pot-Stainless-Steel-304-Supplier-2-768x576.webp 768w, https:\/\/www.chancescook.com\/wp-content\/uploads\/2024\/09\/Best-Stock-Pot-Stainless-Steel-304-Supplier-2-16x12.webp 16w, https:\/\/www.chancescook.com\/wp-content\/uploads\/2024\/09\/Best-Stock-Pot-Stainless-Steel-304-Supplier-2-285x214.webp 285w, https:\/\/www.chancescook.com\/wp-content\/uploads\/2024\/09\/Best-Stock-Pot-Stainless-Steel-304-Supplier-2-1600x1200.webp 1600w, https:\/\/www.chancescook.com\/wp-content\/uploads\/2024\/09\/Best-Stock-Pot-Stainless-Steel-304-Supplier-2-800x600.webp 800w, https:\/\/www.chancescook.com\/wp-content\/uploads\/2024\/09\/Best-Stock-Pot-Stainless-Steel-304-Supplier-2-660x495.webp 660w, https:\/\/www.chancescook.com\/wp-content\/uploads\/2024\/09\/Best-Stock-Pot-Stainless-Steel-304-Supplier-2-150x113.webp 150w\" sizes=\"(max-width: 2004px) 100vw, 2004px\" \/><\/figure>\n<\/div>\n<\/div>\n\n\n\n<p><\/p>","protected":false},"excerpt":{"rendered":"<p>Explore o fundo engrossado em a\u00e7o inoxid\u00e1vel 304 com pegas duplas de orelha, a melhor panela de caldo, ret\u00e9m os nutrientes e \u00e9 adequada para uma variedade de necessidades culin\u00e1rias, uma excelente companheira de cozinha. Contacte-nos para mais solu\u00e7\u00f5es personalizadas.<\/p>\n<h3 class=\"wp-block-heading\">Especifica\u00e7\u00e3o do melhor caldeir\u00e3o de a\u00e7o inoxid\u00e1vel<\/h3>\n<ul>\n<li>Fabricante: CHANCES<\/li>\n<li>Modelo n.\u00ba:CY-GXG05<\/li>\n<li>Material: SS304<\/li>\n<li>Tampa: Tampa de vidro<\/li>\n<li>Espessura: 0,5 mm<\/li>\n<li>Peso:1270g\/1510g<\/li>\n<li>Di\u00e2metro\uff1a22cm\/24cm<\/li>\n<li>OEM&amp;ODM: Personalizado, bem-vindo OEM&amp;ODM<\/li>\n<li>MOQ:1 x 40'HQ<\/li>\n<li>Embalagem: Caixa de cor\/caixa de cart\u00e3o<\/li>\n<li>Amostra: Gr\u00e1tis<\/li>\n<\/ul>\n<p>A Chancescook est\u00e1 empenhada em fornecer servi\u00e7os personalizados eficientes e profissionais apoiados pelo nosso desenvolvimento exclusivo de moldes, forte capacidade de produ\u00e7\u00e3o e controlo de qualidade rigoroso para garantir que cada lote do melhor caldeir\u00e3o satisfaz as suas necessidades.<\/p>","protected":false},"featured_media":5726,"comment_status":"closed","ping_status":"closed","template":"","meta":{"_acf_changed":false},"product_brand":[],"product_cat":[52,62,63],"product_tag":[],"class_list":{"0":"post-3914","1":"product","2":"type-product","3":"status-publish","4":"has-post-thumbnail","6":"product_cat-cookware-wholesale","7":"product_cat-wholesale-soup-pot","8":"product_cat-stock-pot-wholesale","10":"first","11":"instock","12":"shipping-taxable","13":"product-type-simple"},"acf":[],"_links":{"self":[{"href":"https:\/\/www.chancescook.com\/pt\/wp-json\/wp\/v2\/product\/3914","targetHints":{"allow":["GET"]}}],"collection":[{"href":"https:\/\/www.chancescook.com\/pt\/wp-json\/wp\/v2\/product"}],"about":[{"href":"https:\/\/www.chancescook.com\/pt\/wp-json\/wp\/v2\/types\/product"}],"replies":[{"embeddable":true,"href":"https:\/\/www.chancescook.com\/pt\/wp-json\/wp\/v2\/comments?post=3914"}],"wp:featuredmedia":[{"embeddable":true,"href":"https:\/\/www.chancescook.com\/pt\/wp-json\/wp\/v2\/media\/5726"}],"wp:attachment":[{"href":"https:\/\/www.chancescook.com\/pt\/wp-json\/wp\/v2\/media?parent=3914"}],"wp:term":[{"taxonomy":"product_brand","embeddable":true,"href":"https:\/\/www.chancescook.com\/pt\/wp-json\/wp\/v2\/product_brand?post=3914"},{"taxonomy":"product_cat","embeddable":true,"href":"https:\/\/www.chancescook.com\/pt\/wp-json\/wp\/v2\/product_cat?post=3914"},{"taxonomy":"product_tag","embeddable":true,"href":"https:\/\/www.chancescook.com\/pt\/wp-json\/wp\/v2\/product_tag?post=3914"}],"curies":[{"name":"wp","href":"https:\/\/api.w.org\/{rel}","templated":true}]}}