{"id":3927,"date":"2024-09-11T08:46:45","date_gmt":"2024-09-11T08:46:45","guid":{"rendered":"https:\/\/www.chancescook.com\/?post_type=product&#038;p=3927"},"modified":"2025-12-23T10:16:11","modified_gmt":"2025-12-23T10:16:11","slug":"custom-stainless-steel-soup-pot","status":"publish","type":"product","link":"https:\/\/www.chancescook.com\/pt\/produto\/custom-stainless-steel-soup-pot\/","title":{"rendered":"Pote de sopa de a\u00e7o inoxid\u00e1vel personalizado de f\u00e1brica 304 Pote de al\u00e7a dupla de estilo europeu de v\u00e1rios tamanhos"},"content":{"rendered":"<div class=\"wp-block-columns is-layout-flex wp-container-core-columns-is-layout-9d6595d7 wp-block-columns-is-layout-flex\">\n<div class=\"wp-block-column is-layout-flow wp-block-column-is-layout-flow\" style=\"flex-basis:66.66%\">\n<h3 class=\"wp-block-heading\">Carater\u00edsticas e vantagens da panela de sopa em a\u00e7o inoxid\u00e1vel<\/h3>\n\n\n\n<ul class=\"wp-block-list\">\n<li><strong>Material em a\u00e7o inoxid\u00e1vel 304<\/strong>: fabricado em a\u00e7o inoxid\u00e1vel 304 de qualidade alimentar para garantir a sa\u00fade e a seguran\u00e7a da cozedura dos alimentos, com resist\u00eancia \u00e0 corros\u00e3o e durabilidade.<\/li>\n\n\n\n<li><strong>Design cl\u00e1ssico de pega dupla ao estilo europeu<\/strong>: O design de pega dupla da panela de sopa de a\u00e7o inoxid\u00e1vel \u00e9 f\u00e1cil de agarrar com seguran\u00e7a, aumentando o conforto e a estabilidade ao cozinhar, ao mesmo tempo que tem um estilo europeu simples e atmosf\u00e9rico, que \u00e9 adequado para uma variedade de ocasi\u00f5es.<\/li>\n\n\n\n<li><strong>V\u00e1rios tamanhos dispon\u00edveis<\/strong>: As panelas de sopa em a\u00e7o inoxid\u00e1vel est\u00e3o dispon\u00edveis numa variedade de tamanhos para se adaptarem \u00e0s diferentes necessidades culin\u00e1rias de fam\u00edlias individuais ou da ind\u00fastria da restaura\u00e7\u00e3o, desde pequenos guisados a grandes banquetes.<\/li>\n\n\n\n<li><strong>Fundo espesso para um aquecimento uniforme<\/strong>: O design do fundo espesso garante uma transfer\u00eancia de calor uniforme e reduz o risco de queimaduras localizadas, elevada efici\u00eancia de cozedura e poupan\u00e7a de energia, adequado para todos os tipos de fog\u00f5es.<\/li>\n\n\n\n<li><strong>F\u00e1cil de limpar e manter<\/strong>: A superf\u00edcie lisa de a\u00e7o inoxid\u00e1vel \u00e9 antiaderente e duradoura, f\u00e1cil de limpar, pode ser lavada na m\u00e1quina de lavar lou\u00e7a e facilita a manuten\u00e7\u00e3o di\u00e1ria.<\/li>\n<\/ul>\n<\/div>\n\n\n\n<div class=\"wp-block-column is-layout-flow wp-block-column-is-layout-flow\" style=\"flex-basis:33.33%\"><\/div>\n<\/div>\n\n\n\n<div class=\"wp-block-columns is-layout-flex wp-container-core-columns-is-layout-9d6595d7 wp-block-columns-is-layout-flex\">\n<div class=\"wp-block-column is-layout-flow wp-block-column-is-layout-flow\">\n<figure class=\"wp-block-image size-full\"><img decoding=\"async\" width=\"5184\" height=\"3456\" src=\"https:\/\/www.chancescook.com\/wp-content\/uploads\/2024\/09\/Custom-Stainless-Steel-Soup-Pot-1.webp\" alt=\"Panela de sopa personalizada em a\u00e7o inoxid\u00e1vel (1)\" class=\"wp-image-3928\" srcset=\"https:\/\/www.chancescook.com\/wp-content\/uploads\/2024\/09\/Custom-Stainless-Steel-Soup-Pot-1.webp 5184w, https:\/\/www.chancescook.com\/wp-content\/uploads\/2024\/09\/Custom-Stainless-Steel-Soup-Pot-1-300x200.webp 300w, https:\/\/www.chancescook.com\/wp-content\/uploads\/2024\/09\/Custom-Stainless-Steel-Soup-Pot-1-768x512.webp 768w, https:\/\/www.chancescook.com\/wp-content\/uploads\/2024\/09\/Custom-Stainless-Steel-Soup-Pot-1-18x12.webp 18w, https:\/\/www.chancescook.com\/wp-content\/uploads\/2024\/09\/Custom-Stainless-Steel-Soup-Pot-1-285x190.webp 285w, https:\/\/www.chancescook.com\/wp-content\/uploads\/2024\/09\/Custom-Stainless-Steel-Soup-Pot-1-1600x1067.webp 1600w, https:\/\/www.chancescook.com\/wp-content\/uploads\/2024\/09\/Custom-Stainless-Steel-Soup-Pot-1-660x440.webp 660w, https:\/\/www.chancescook.com\/wp-content\/uploads\/2024\/09\/Custom-Stainless-Steel-Soup-Pot-1-150x100.webp 150w\" sizes=\"(max-width: 5184px) 100vw, 5184px\" \/><\/figure>\n<\/div>\n\n\n\n<div class=\"wp-block-column is-layout-flow wp-block-column-is-layout-flow\">\n<figure class=\"wp-block-image size-full\"><img decoding=\"async\" width=\"5184\" height=\"3456\" src=\"https:\/\/www.chancescook.com\/wp-content\/uploads\/2024\/09\/Custom-Stainless-Steel-Soup-Pot-5.webp\" alt=\"Panela de sopa em a\u00e7o inoxid\u00e1vel personalizada (5)\" class=\"wp-image-3932\" srcset=\"https:\/\/www.chancescook.com\/wp-content\/uploads\/2024\/09\/Custom-Stainless-Steel-Soup-Pot-5.webp 5184w, https:\/\/www.chancescook.com\/wp-content\/uploads\/2024\/09\/Custom-Stainless-Steel-Soup-Pot-5-300x200.webp 300w, https:\/\/www.chancescook.com\/wp-content\/uploads\/2024\/09\/Custom-Stainless-Steel-Soup-Pot-5-768x512.webp 768w, https:\/\/www.chancescook.com\/wp-content\/uploads\/2024\/09\/Custom-Stainless-Steel-Soup-Pot-5-18x12.webp 18w, https:\/\/www.chancescook.com\/wp-content\/uploads\/2024\/09\/Custom-Stainless-Steel-Soup-Pot-5-285x190.webp 285w, https:\/\/www.chancescook.com\/wp-content\/uploads\/2024\/09\/Custom-Stainless-Steel-Soup-Pot-5-1600x1067.webp 1600w, https:\/\/www.chancescook.com\/wp-content\/uploads\/2024\/09\/Custom-Stainless-Steel-Soup-Pot-5-660x440.webp 660w, https:\/\/www.chancescook.com\/wp-content\/uploads\/2024\/09\/Custom-Stainless-Steel-Soup-Pot-5-150x100.webp 150w\" sizes=\"(max-width: 5184px) 100vw, 5184px\" \/><\/figure>\n<\/div>\n\n\n\n<div class=\"wp-block-column is-layout-flow wp-block-column-is-layout-flow\">\n<figure class=\"wp-block-image size-full\"><img decoding=\"async\" width=\"5184\" height=\"3456\" src=\"https:\/\/www.chancescook.com\/wp-content\/uploads\/2024\/09\/Custom-Stainless-Steel-Soup-Pot-7.webp\" alt=\"Panela de sopa em a\u00e7o inoxid\u00e1vel personalizada (7)\" class=\"wp-image-3934\" srcset=\"https:\/\/www.chancescook.com\/wp-content\/uploads\/2024\/09\/Custom-Stainless-Steel-Soup-Pot-7.webp 5184w, https:\/\/www.chancescook.com\/wp-content\/uploads\/2024\/09\/Custom-Stainless-Steel-Soup-Pot-7-300x200.webp 300w, https:\/\/www.chancescook.com\/wp-content\/uploads\/2024\/09\/Custom-Stainless-Steel-Soup-Pot-7-768x512.webp 768w, https:\/\/www.chancescook.com\/wp-content\/uploads\/2024\/09\/Custom-Stainless-Steel-Soup-Pot-7-18x12.webp 18w, https:\/\/www.chancescook.com\/wp-content\/uploads\/2024\/09\/Custom-Stainless-Steel-Soup-Pot-7-285x190.webp 285w, https:\/\/www.chancescook.com\/wp-content\/uploads\/2024\/09\/Custom-Stainless-Steel-Soup-Pot-7-1600x1067.webp 1600w, https:\/\/www.chancescook.com\/wp-content\/uploads\/2024\/09\/Custom-Stainless-Steel-Soup-Pot-7-660x440.webp 660w, https:\/\/www.chancescook.com\/wp-content\/uploads\/2024\/09\/Custom-Stainless-Steel-Soup-Pot-7-150x100.webp 150w\" sizes=\"(max-width: 5184px) 100vw, 5184px\" \/><\/figure>\n<\/div>\n<\/div>","protected":false},"excerpt":{"rendered":"<p>Panelas de sopa de a\u00e7o inoxid\u00e1vel 304 opcionais de v\u00e1rios tamanhos para uso comercial, as panelas de caldo de estilo europeu s\u00e3o dur\u00e1veis e bonitas, adequadas para necessidades culin\u00e1rias multifuncionais em cozinhas dom\u00e9sticas e comerciais. Contacte-nos hoje para um or\u00e7amento!<\/p>\n<h3 class=\"wp-block-heading\">Especifica\u00e7\u00f5es da Panela de sopa em a\u00e7o inoxid\u00e1vel<\/h3>\n<ul>\n<li>Fabricante: CHANCES<\/li>\n<li>Modelo n.\u00ba:CY-OSG05<\/li>\n<li>Material: SS304<\/li>\n<li>Tampa: Tampa de a\u00e7o<\/li>\n<li>Espessura: 0,5 mm<\/li>\n<li>Weight:920g\/1120g\/1300g<\/li>\n<li>Di\u00e2metro\uff1a18cm\/20cm\/22cm<\/li>\n<li>OEM&amp;ODM: Personalizado, bem-vindo OEM&amp;ODM<\/li>\n<li>MOQ:1 x 40'HQ<\/li>\n<li>Embalagem: Caixa de cor\/caixa de cart\u00e3o<\/li>\n<li>Amostra: Gr\u00e1tis<\/li>\n<\/ul>\n<p><a href=\"https:\/\/www.chancescook.com\/pt\/\"><strong>Chancescook<\/strong><\/a> est\u00e1 empenhada em fornecer servi\u00e7os personalizados eficientes e profissionais apoiados pelo nosso desenvolvimento exclusivo de moldes, forte capacidade de produ\u00e7\u00e3o e controlo de qualidade rigoroso para garantir que cada lote de panelas de sopa de a\u00e7o inoxid\u00e1vel satisfaz as suas necessidades.<\/p>","protected":false},"featured_media":5860,"comment_status":"closed","ping_status":"closed","template":"","meta":{"_acf_changed":false},"product_brand":[],"product_cat":[52,62],"product_tag":[],"class_list":{"0":"post-3927","1":"product","2":"type-product","3":"status-publish","4":"has-post-thumbnail","6":"product_cat-cookware-wholesale","7":"product_cat-wholesale-soup-pot","9":"first","10":"instock","11":"shipping-taxable","12":"product-type-simple"},"acf":[],"_links":{"self":[{"href":"https:\/\/www.chancescook.com\/pt\/wp-json\/wp\/v2\/product\/3927","targetHints":{"allow":["GET"]}}],"collection":[{"href":"https:\/\/www.chancescook.com\/pt\/wp-json\/wp\/v2\/product"}],"about":[{"href":"https:\/\/www.chancescook.com\/pt\/wp-json\/wp\/v2\/types\/product"}],"replies":[{"embeddable":true,"href":"https:\/\/www.chancescook.com\/pt\/wp-json\/wp\/v2\/comments?post=3927"}],"wp:featuredmedia":[{"embeddable":true,"href":"https:\/\/www.chancescook.com\/pt\/wp-json\/wp\/v2\/media\/5860"}],"wp:attachment":[{"href":"https:\/\/www.chancescook.com\/pt\/wp-json\/wp\/v2\/media?parent=3927"}],"wp:term":[{"taxonomy":"product_brand","embeddable":true,"href":"https:\/\/www.chancescook.com\/pt\/wp-json\/wp\/v2\/product_brand?post=3927"},{"taxonomy":"product_cat","embeddable":true,"href":"https:\/\/www.chancescook.com\/pt\/wp-json\/wp\/v2\/product_cat?post=3927"},{"taxonomy":"product_tag","embeddable":true,"href":"https:\/\/www.chancescook.com\/pt\/wp-json\/wp\/v2\/product_tag?post=3927"}],"curies":[{"name":"wp","href":"https:\/\/api.w.org\/{rel}","templated":true}]}}