{"id":3939,"date":"2024-09-11T10:00:30","date_gmt":"2024-09-11T10:00:30","guid":{"rendered":"https:\/\/www.chancescook.com\/?post_type=product&#038;p=3939"},"modified":"2025-12-20T09:29:49","modified_gmt":"2025-12-20T09:29:49","slug":"wholesale-milk-pot-italian-style","status":"publish","type":"product","link":"https:\/\/www.chancescook.com\/pt\/produto\/wholesale-milk-pot-italian-style\/","title":{"rendered":"Panela de leite por atacado Estilo italiano 304 de a\u00e7o inoxid\u00e1vel, al\u00e7a \u00fanica 16cm com tampa de vidro"},"content":{"rendered":"<div class=\"wp-block-columns is-layout-flex wp-container-core-columns-is-layout-9d6595d7 wp-block-columns-is-layout-flex\">\n<div class=\"wp-block-column is-layout-flow wp-block-column-is-layout-flow\" style=\"flex-basis:66.66%\">\n<h3 class=\"wp-block-heading\">Carater\u00edsticas e vantagens da leiteira de a\u00e7o inoxid\u00e1vel<\/h3>\n\n\n\n<ul class=\"wp-block-list\">\n<li><strong>Material em a\u00e7o inoxid\u00e1vel 304 de qualidade superior<\/strong>: feito de a\u00e7o inoxid\u00e1vel 304 de qualidade alimentar, resistente \u00e0 corros\u00e3o e \u00e0 ferrugem, garantindo a seguran\u00e7a alimentar e adequado para utiliza\u00e7\u00e3o a longo prazo.<\/li>\n\n\n\n<li><strong>Design simples italiano<\/strong>: A leiteira de a\u00e7o inoxid\u00e1vel tem um design de estilo italiano, simples e elegante, que real\u00e7a a beleza e o sentido de qualidade da cozinha.<\/li>\n\n\n\n<li><strong>Design de pega \u00fanica<\/strong>: a leiteira tem um design ergon\u00f3mico com uma \u00fanica pega para uma ader\u00eancia confort\u00e1vel e uma opera\u00e7\u00e3o f\u00e1cil, especialmente adequada para cozinhar pequenas por\u00e7\u00f5es.<\/li>\n\n\n\n<li><strong>Tamanho multiusos de 16 cm<\/strong>: Tamanho compacto de 16 cm, adequado para aquecer leite, molho a ferver, massa a ferver, sopa quente e outras necessidades culin\u00e1rias di\u00e1rias, pr\u00e1tico.<\/li>\n\n\n\n<li><strong>Tampa de vidro temperado<\/strong>: Uma tampa de vidro temperado transparente permite-lhe ver facilmente o processo de cozedura, com uma excelente resist\u00eancia ao calor e fun\u00e7\u00e3o anti-quebra.<\/li>\n\n\n\n<li><strong>F\u00e1cil de limpar e manter<\/strong>: A superf\u00edcie lisa de a\u00e7o inoxid\u00e1vel n\u00e3o \u00e9 f\u00e1cil de aderir a manchas, \u00e9 f\u00e1cil de limpar, permite a limpeza na m\u00e1quina de lavar lou\u00e7a e poupa tempo e energia.<\/li>\n<\/ul>\n<\/div>\n\n\n\n<div class=\"wp-block-column is-layout-flow wp-block-column-is-layout-flow\" style=\"flex-basis:33.33%\"><\/div>\n<\/div>\n\n\n\n<div class=\"wp-block-columns is-layout-flex wp-container-core-columns-is-layout-9d6595d7 wp-block-columns-is-layout-flex\">\n<div class=\"wp-block-column is-layout-flow wp-block-column-is-layout-flow\">\n<figure class=\"wp-block-image size-full\"><img decoding=\"async\" width=\"5184\" height=\"3456\" src=\"https:\/\/www.chancescook.com\/wp-content\/uploads\/2024\/09\/Wholesale-Milk-Pot-Italian-Style-3.webp\" alt=\"Pote de leite por atacado Estilo italiano (3)\" class=\"wp-image-3942\" srcset=\"https:\/\/www.chancescook.com\/wp-content\/uploads\/2024\/09\/Wholesale-Milk-Pot-Italian-Style-3.webp 5184w, https:\/\/www.chancescook.com\/wp-content\/uploads\/2024\/09\/Wholesale-Milk-Pot-Italian-Style-3-300x200.webp 300w, https:\/\/www.chancescook.com\/wp-content\/uploads\/2024\/09\/Wholesale-Milk-Pot-Italian-Style-3-768x512.webp 768w, https:\/\/www.chancescook.com\/wp-content\/uploads\/2024\/09\/Wholesale-Milk-Pot-Italian-Style-3-18x12.webp 18w, https:\/\/www.chancescook.com\/wp-content\/uploads\/2024\/09\/Wholesale-Milk-Pot-Italian-Style-3-285x190.webp 285w, https:\/\/www.chancescook.com\/wp-content\/uploads\/2024\/09\/Wholesale-Milk-Pot-Italian-Style-3-1600x1067.webp 1600w, https:\/\/www.chancescook.com\/wp-content\/uploads\/2024\/09\/Wholesale-Milk-Pot-Italian-Style-3-660x440.webp 660w, https:\/\/www.chancescook.com\/wp-content\/uploads\/2024\/09\/Wholesale-Milk-Pot-Italian-Style-3-150x100.webp 150w\" sizes=\"(max-width: 5184px) 100vw, 5184px\" \/><\/figure>\n<\/div>\n\n\n\n<div class=\"wp-block-column is-layout-flow wp-block-column-is-layout-flow\">\n<figure class=\"wp-block-image size-full\"><img decoding=\"async\" width=\"5184\" height=\"3456\" src=\"https:\/\/www.chancescook.com\/wp-content\/uploads\/2024\/09\/Wholesale-Milk-Pot-Italian-Style-2.webp\" alt=\"Pote de leite por atacado Estilo italiano (2)\" class=\"wp-image-3941\" srcset=\"https:\/\/www.chancescook.com\/wp-content\/uploads\/2024\/09\/Wholesale-Milk-Pot-Italian-Style-2.webp 5184w, https:\/\/www.chancescook.com\/wp-content\/uploads\/2024\/09\/Wholesale-Milk-Pot-Italian-Style-2-300x200.webp 300w, https:\/\/www.chancescook.com\/wp-content\/uploads\/2024\/09\/Wholesale-Milk-Pot-Italian-Style-2-768x512.webp 768w, https:\/\/www.chancescook.com\/wp-content\/uploads\/2024\/09\/Wholesale-Milk-Pot-Italian-Style-2-18x12.webp 18w, https:\/\/www.chancescook.com\/wp-content\/uploads\/2024\/09\/Wholesale-Milk-Pot-Italian-Style-2-285x190.webp 285w, https:\/\/www.chancescook.com\/wp-content\/uploads\/2024\/09\/Wholesale-Milk-Pot-Italian-Style-2-1600x1067.webp 1600w, https:\/\/www.chancescook.com\/wp-content\/uploads\/2024\/09\/Wholesale-Milk-Pot-Italian-Style-2-660x440.webp 660w, https:\/\/www.chancescook.com\/wp-content\/uploads\/2024\/09\/Wholesale-Milk-Pot-Italian-Style-2-150x100.webp 150w\" sizes=\"(max-width: 5184px) 100vw, 5184px\" \/><\/figure>\n<\/div>\n\n\n\n<div class=\"wp-block-column is-layout-flow wp-block-column-is-layout-flow\">\n<figure class=\"wp-block-image size-full\"><img decoding=\"async\" width=\"5184\" height=\"3456\" src=\"https:\/\/www.chancescook.com\/wp-content\/uploads\/2024\/09\/Wholesale-Milk-Pot-Italian-Style-8.webp\" alt=\"Pote de leite por atacado Estilo italiano (8)\" class=\"wp-image-3947\" srcset=\"https:\/\/www.chancescook.com\/wp-content\/uploads\/2024\/09\/Wholesale-Milk-Pot-Italian-Style-8.webp 5184w, https:\/\/www.chancescook.com\/wp-content\/uploads\/2024\/09\/Wholesale-Milk-Pot-Italian-Style-8-300x200.webp 300w, https:\/\/www.chancescook.com\/wp-content\/uploads\/2024\/09\/Wholesale-Milk-Pot-Italian-Style-8-768x512.webp 768w, https:\/\/www.chancescook.com\/wp-content\/uploads\/2024\/09\/Wholesale-Milk-Pot-Italian-Style-8-18x12.webp 18w, https:\/\/www.chancescook.com\/wp-content\/uploads\/2024\/09\/Wholesale-Milk-Pot-Italian-Style-8-285x190.webp 285w, https:\/\/www.chancescook.com\/wp-content\/uploads\/2024\/09\/Wholesale-Milk-Pot-Italian-Style-8-1600x1067.webp 1600w, https:\/\/www.chancescook.com\/wp-content\/uploads\/2024\/09\/Wholesale-Milk-Pot-Italian-Style-8-660x440.webp 660w, https:\/\/www.chancescook.com\/wp-content\/uploads\/2024\/09\/Wholesale-Milk-Pot-Italian-Style-8-150x100.webp 150w\" sizes=\"(max-width: 5184px) 100vw, 5184px\" \/><\/figure>\n<\/div>\n<\/div>","protected":false},"excerpt":{"rendered":"<p>Descubra a nossa leiteira de al\u00e7a \u00fanica de 16 cm em a\u00e7o inoxid\u00e1vel 304 de estilo italiano, com um design moderno e uma fun\u00e7\u00e3o pr\u00e1tica ao mesmo tempo, perfeitamente adequada para cozinhar pequenas por\u00e7\u00f5es e para a utiliza\u00e7\u00e3o di\u00e1ria na cozinha. Contacte-nos para mais panelas e frigideiras!<\/p>\n<h3 class=\"wp-block-heading\">Especifica\u00e7\u00f5es do Boi\u00e3o de leite em a\u00e7o inoxid\u00e1vel<\/h3>\n<ul>\n<li>Fabricante: CHANCES<\/li>\n<li>Modelo n.\u00ba:CY-YSG05<\/li>\n<li>Material: SS304<\/li>\n<li>Tampa: Tampa de a\u00e7o<\/li>\n<li>Espessura: 0,5 mm<\/li>\n<li>Peso:700g<\/li>\n<li>Di\u00e2metro\uff1a16cm<\/li>\n<li>OEM&amp;ODM: Personalizado, bem-vindo OEM&amp;ODM<\/li>\n<li>MOQ:1 x 40'HQ<\/li>\n<li>Embalagem: Caixa de cor\/caixa de cart\u00e3o<\/li>\n<li>Amostra: Gr\u00e1tis<\/li>\n<\/ul>\n<p><a href=\"https:\/\/www.chancescook.com\/pt\/\"><strong>Chancescook<\/strong><\/a> est\u00e1 empenhada em fornecer servi\u00e7os personalizados eficientes e profissionais, apoiados pelo nosso desenvolvimento exclusivo de moldes, forte capacidade de produ\u00e7\u00e3o e rigoroso controlo de qualidade para garantir que cada lote de leiteira de al\u00e7a \u00fanica de 16 cm em a\u00e7o inoxid\u00e1vel atenda \u00e0s suas necessidades.<\/p>","protected":false},"featured_media":5744,"comment_status":"closed","ping_status":"closed","template":"","meta":{"_acf_changed":false},"product_brand":[],"product_cat":[52,67],"product_tag":[],"class_list":{"0":"post-3939","1":"product","2":"type-product","3":"status-publish","4":"has-post-thumbnail","6":"product_cat-cookware-wholesale","7":"product_cat-saucepan-manufacturer","9":"first","10":"instock","11":"shipping-taxable","12":"product-type-simple"},"acf":[],"_links":{"self":[{"href":"https:\/\/www.chancescook.com\/pt\/wp-json\/wp\/v2\/product\/3939","targetHints":{"allow":["GET"]}}],"collection":[{"href":"https:\/\/www.chancescook.com\/pt\/wp-json\/wp\/v2\/product"}],"about":[{"href":"https:\/\/www.chancescook.com\/pt\/wp-json\/wp\/v2\/types\/product"}],"replies":[{"embeddable":true,"href":"https:\/\/www.chancescook.com\/pt\/wp-json\/wp\/v2\/comments?post=3939"}],"wp:featuredmedia":[{"embeddable":true,"href":"https:\/\/www.chancescook.com\/pt\/wp-json\/wp\/v2\/media\/5744"}],"wp:attachment":[{"href":"https:\/\/www.chancescook.com\/pt\/wp-json\/wp\/v2\/media?parent=3939"}],"wp:term":[{"taxonomy":"product_brand","embeddable":true,"href":"https:\/\/www.chancescook.com\/pt\/wp-json\/wp\/v2\/product_brand?post=3939"},{"taxonomy":"product_cat","embeddable":true,"href":"https:\/\/www.chancescook.com\/pt\/wp-json\/wp\/v2\/product_cat?post=3939"},{"taxonomy":"product_tag","embeddable":true,"href":"https:\/\/www.chancescook.com\/pt\/wp-json\/wp\/v2\/product_tag?post=3939"}],"curies":[{"name":"wp","href":"https:\/\/api.w.org\/{rel}","templated":true}]}}