{"id":3948,"date":"2024-09-11T17:22:24","date_gmt":"2024-09-11T17:22:24","guid":{"rendered":"https:\/\/www.chancescook.com\/?post_type=product&#038;p=3948"},"modified":"2025-12-23T10:13:14","modified_gmt":"2025-12-23T10:13:14","slug":"supply-soup-pot-stainless-steel-304","status":"publish","type":"product","link":"https:\/\/www.chancescook.com\/pt\/produto\/supply-soup-pot-stainless-steel-304\/","title":{"rendered":"Panela de sopa em a\u00e7o inoxid\u00e1vel 304, estilo italiano, com duas pegas e tampa de vidro 20cm\/22cm\/24cm"},"content":{"rendered":"<div class=\"wp-block-columns is-layout-flex wp-container-core-columns-is-layout-9d6595d7 wp-block-columns-is-layout-flex\">\n<div class=\"wp-block-column is-layout-flow wp-block-column-is-layout-flow\" style=\"flex-basis:66.66%\">\n<h3 class=\"wp-block-heading\">Caracter\u00edsticas e vantagens da panela de sopa em a\u00e7o inoxid\u00e1vel<\/h3>\n\n\n\n<ul class=\"wp-block-list\">\n<li><strong>Material de a\u00e7o inoxid\u00e1vel 304 de alta qualidade<\/strong>: a panela de estilo italiano \u00e9 feita de a\u00e7o inoxid\u00e1vel 304 de qualidade alimentar, que tem excelente resist\u00eancia \u00e0 corros\u00e3o e durabilidade, garantindo a sa\u00fade e a seguran\u00e7a dos ingredientes cozinhados.<\/li>\n\n\n\n<li><strong>Design italiano com duas orelhas<\/strong>: O design cl\u00e1ssico italiano com duas pegas \u00e9 confort\u00e1vel e est\u00e1vel de segurar, garantindo comodidade ao cozinhar e, ao mesmo tempo, adicionando beleza \u00e0 cozinha.<\/li>\n\n\n\n<li><strong>Tampa de vidro temperado<\/strong>: A panela de sopa em a\u00e7o inoxid\u00e1vel est\u00e1 equipada com uma tampa transparente em vidro temperado, que facilita a verifica\u00e7\u00e3o do estado de cozedura dos alimentos a qualquer momento. A tampa \u00e9 resistente ao calor e \u00e0 ruptura, retendo o vapor e os nutrientes.<\/li>\n\n\n\n<li><strong>Op\u00e7\u00f5es de tamanhos m\u00faltiplos<\/strong>: A panela de sopa em a\u00e7o inoxid\u00e1vel est\u00e1 dispon\u00edvel em tr\u00eas tamanhos: 20 cm, 22 cm e 24 cm, adequados para diferentes necessidades culin\u00e1rias, desde o guisado familiar di\u00e1rio at\u00e9 refei\u00e7\u00f5es para festas.<\/li>\n\n\n\n<li><strong>Design de fundo espessado<\/strong>: O fundo da panela \u00e9 espesso para conduzir o calor de maneira uniforme e r\u00e1pida, reduzindo o consumo de energia e tornando-a adequada para todos os tipos de fog\u00f5es, incluindo a g\u00e1s e de indu\u00e7\u00e3o.<\/li>\n\n\n\n<li><strong>F\u00e1cil de limpar e manter<\/strong>: A superf\u00edcie lisa de a\u00e7o inoxid\u00e1vel \u00e9 resistente \u00e0s manchas, f\u00e1cil de limpar, permite a lavagem na m\u00e1quina de lavar lou\u00e7a e reduz o tempo de limpeza di\u00e1ria.<\/li>\n<\/ul>\n<\/div>\n\n\n\n<div class=\"wp-block-column is-layout-flow wp-block-column-is-layout-flow\" style=\"flex-basis:33.33%\"><\/div>\n<\/div>\n\n\n\n<div class=\"wp-block-columns is-layout-flex wp-container-core-columns-is-layout-9d6595d7 wp-block-columns-is-layout-flex\">\n<div class=\"wp-block-column is-layout-flow wp-block-column-is-layout-flow\">\n<figure class=\"wp-block-image size-full\"><img decoding=\"async\" width=\"5184\" height=\"3456\" src=\"https:\/\/www.chancescook.com\/wp-content\/uploads\/2024\/09\/Supply-Soup-Pot-Stainless-Steel-8.webp\" alt=\"Fornecimento de panelas de sopa em a\u00e7o inoxid\u00e1vel por grosso\" class=\"wp-image-3956\" srcset=\"https:\/\/www.chancescook.com\/wp-content\/uploads\/2024\/09\/Supply-Soup-Pot-Stainless-Steel-8.webp 5184w, https:\/\/www.chancescook.com\/wp-content\/uploads\/2024\/09\/Supply-Soup-Pot-Stainless-Steel-8-300x200.webp 300w, https:\/\/www.chancescook.com\/wp-content\/uploads\/2024\/09\/Supply-Soup-Pot-Stainless-Steel-8-768x512.webp 768w, https:\/\/www.chancescook.com\/wp-content\/uploads\/2024\/09\/Supply-Soup-Pot-Stainless-Steel-8-18x12.webp 18w, https:\/\/www.chancescook.com\/wp-content\/uploads\/2024\/09\/Supply-Soup-Pot-Stainless-Steel-8-285x190.webp 285w, https:\/\/www.chancescook.com\/wp-content\/uploads\/2024\/09\/Supply-Soup-Pot-Stainless-Steel-8-1600x1067.webp 1600w, https:\/\/www.chancescook.com\/wp-content\/uploads\/2024\/09\/Supply-Soup-Pot-Stainless-Steel-8-660x440.webp 660w, https:\/\/www.chancescook.com\/wp-content\/uploads\/2024\/09\/Supply-Soup-Pot-Stainless-Steel-8-150x100.webp 150w\" sizes=\"(max-width: 5184px) 100vw, 5184px\" \/><\/figure>\n<\/div>\n\n\n\n<div class=\"wp-block-column is-layout-flow wp-block-column-is-layout-flow\">\n<figure class=\"wp-block-image size-full\"><img decoding=\"async\" width=\"5184\" height=\"3456\" src=\"https:\/\/www.chancescook.com\/wp-content\/uploads\/2024\/09\/Supply-Soup-Pot-Stainless-Steel-5.webp\" alt=\"Fornecimento de panelas de sopa em a\u00e7o inoxid\u00e1vel por grosso\" class=\"wp-image-3953\" srcset=\"https:\/\/www.chancescook.com\/wp-content\/uploads\/2024\/09\/Supply-Soup-Pot-Stainless-Steel-5.webp 5184w, https:\/\/www.chancescook.com\/wp-content\/uploads\/2024\/09\/Supply-Soup-Pot-Stainless-Steel-5-300x200.webp 300w, https:\/\/www.chancescook.com\/wp-content\/uploads\/2024\/09\/Supply-Soup-Pot-Stainless-Steel-5-768x512.webp 768w, https:\/\/www.chancescook.com\/wp-content\/uploads\/2024\/09\/Supply-Soup-Pot-Stainless-Steel-5-18x12.webp 18w, https:\/\/www.chancescook.com\/wp-content\/uploads\/2024\/09\/Supply-Soup-Pot-Stainless-Steel-5-285x190.webp 285w, https:\/\/www.chancescook.com\/wp-content\/uploads\/2024\/09\/Supply-Soup-Pot-Stainless-Steel-5-1600x1067.webp 1600w, https:\/\/www.chancescook.com\/wp-content\/uploads\/2024\/09\/Supply-Soup-Pot-Stainless-Steel-5-660x440.webp 660w, https:\/\/www.chancescook.com\/wp-content\/uploads\/2024\/09\/Supply-Soup-Pot-Stainless-Steel-5-150x100.webp 150w\" sizes=\"(max-width: 5184px) 100vw, 5184px\" \/><\/figure>\n<\/div>\n\n\n\n<div class=\"wp-block-column is-layout-flow wp-block-column-is-layout-flow\">\n<figure class=\"wp-block-image size-full\"><img decoding=\"async\" width=\"5184\" height=\"3456\" src=\"https:\/\/www.chancescook.com\/wp-content\/uploads\/2024\/09\/Supply-Soup-Pot-Stainless-Steel-1.webp\" alt=\"Fornecimento de panelas de sopa em a\u00e7o inoxid\u00e1vel por grosso\" class=\"wp-image-3949\" srcset=\"https:\/\/www.chancescook.com\/wp-content\/uploads\/2024\/09\/Supply-Soup-Pot-Stainless-Steel-1.webp 5184w, https:\/\/www.chancescook.com\/wp-content\/uploads\/2024\/09\/Supply-Soup-Pot-Stainless-Steel-1-300x200.webp 300w, https:\/\/www.chancescook.com\/wp-content\/uploads\/2024\/09\/Supply-Soup-Pot-Stainless-Steel-1-768x512.webp 768w, https:\/\/www.chancescook.com\/wp-content\/uploads\/2024\/09\/Supply-Soup-Pot-Stainless-Steel-1-18x12.webp 18w, https:\/\/www.chancescook.com\/wp-content\/uploads\/2024\/09\/Supply-Soup-Pot-Stainless-Steel-1-285x190.webp 285w, https:\/\/www.chancescook.com\/wp-content\/uploads\/2024\/09\/Supply-Soup-Pot-Stainless-Steel-1-1600x1067.webp 1600w, https:\/\/www.chancescook.com\/wp-content\/uploads\/2024\/09\/Supply-Soup-Pot-Stainless-Steel-1-660x440.webp 660w, https:\/\/www.chancescook.com\/wp-content\/uploads\/2024\/09\/Supply-Soup-Pot-Stainless-Steel-1-150x100.webp 150w\" sizes=\"(max-width: 5184px) 100vw, 5184px\" \/><\/figure>\n<\/div>\n<\/div>","protected":false},"excerpt":{"rendered":"<p>Panela dupla italiana cl\u00e1ssica e dur\u00e1vel em a\u00e7o inoxid\u00e1vel 304, op\u00e7\u00f5es de v\u00e1rios tamanhos para uso dom\u00e9stico e catering, ret\u00e9m os nutrientes e melhora a efici\u00eancia do cozimento. Entre em contacto connosco para obter servi\u00e7os mais personalizados!<\/p>\n<h3 class=\"wp-block-heading\">Especifica\u00e7\u00f5es da panela de sopa em a\u00e7o inoxid\u00e1vel<\/h3>\n<ul>\n<li>Fabricante: CHANCES<\/li>\n<li>Modelo n.\u00ba:CY-YSG05<\/li>\n<li>Material: SS304<\/li>\n<li>Tampa: Tampa de vidro<\/li>\n<li>Espessura: 0,5 mm<\/li>\n<li>Peso: 850 g\/1000 g\/1150 g<\/li>\n<li>Di\u00e2metro: 20 cm\/22 cm\/24 cm<\/li>\n<li>OEM&amp;ODM: Personalizado, bem-vindo OEM&amp;ODM<\/li>\n<li>MOQ:1 x 40'HQ<\/li>\n<li>Embalagem: Caixa de cor\/caixa de cart\u00e3o<\/li>\n<li>Amostra: Gr\u00e1tis<\/li>\n<\/ul>\n<p><a href=\"https:\/\/www.chancescook.com\/pt\/\"><strong>Chancescook<\/strong><\/a> est\u00e1 empenhada em fornecer servi\u00e7os personalizados eficientes e profissionais, apoiados pelo nosso desenvolvimento exclusivo de moldes, forte capacidade de produ\u00e7\u00e3o e rigoroso controlo de qualidade, para garantir que cada lote de panelas de sopa em a\u00e7o inoxid\u00e1vel 304 atenda \u00e0s suas necessidades.<\/p>","protected":false},"featured_media":5857,"comment_status":"closed","ping_status":"closed","template":"","meta":{"_acf_changed":false},"product_brand":[],"product_cat":[52,62],"product_tag":[],"class_list":{"0":"post-3948","1":"product","2":"type-product","3":"status-publish","4":"has-post-thumbnail","6":"product_cat-cookware-wholesale","7":"product_cat-wholesale-soup-pot","9":"first","10":"instock","11":"shipping-taxable","12":"product-type-simple"},"acf":[],"_links":{"self":[{"href":"https:\/\/www.chancescook.com\/pt\/wp-json\/wp\/v2\/product\/3948","targetHints":{"allow":["GET"]}}],"collection":[{"href":"https:\/\/www.chancescook.com\/pt\/wp-json\/wp\/v2\/product"}],"about":[{"href":"https:\/\/www.chancescook.com\/pt\/wp-json\/wp\/v2\/types\/product"}],"replies":[{"embeddable":true,"href":"https:\/\/www.chancescook.com\/pt\/wp-json\/wp\/v2\/comments?post=3948"}],"wp:featuredmedia":[{"embeddable":true,"href":"https:\/\/www.chancescook.com\/pt\/wp-json\/wp\/v2\/media\/5857"}],"wp:attachment":[{"href":"https:\/\/www.chancescook.com\/pt\/wp-json\/wp\/v2\/media?parent=3948"}],"wp:term":[{"taxonomy":"product_brand","embeddable":true,"href":"https:\/\/www.chancescook.com\/pt\/wp-json\/wp\/v2\/product_brand?post=3948"},{"taxonomy":"product_cat","embeddable":true,"href":"https:\/\/www.chancescook.com\/pt\/wp-json\/wp\/v2\/product_cat?post=3948"},{"taxonomy":"product_tag","embeddable":true,"href":"https:\/\/www.chancescook.com\/pt\/wp-json\/wp\/v2\/product_tag?post=3948"}],"curies":[{"name":"wp","href":"https:\/\/api.w.org\/{rel}","templated":true}]}}