{"id":3990,"date":"2024-09-20T19:09:27","date_gmt":"2024-09-20T19:09:27","guid":{"rendered":"https:\/\/www.chancescook.com\/?post_type=product&#038;p=3990"},"modified":"2024-11-01T08:33:17","modified_gmt":"2024-11-01T08:33:17","slug":"wholesale-kitchen-steamer-pot","status":"publish","type":"product","link":"https:\/\/www.chancescook.com\/pt\/produto\/wholesale-kitchen-steamer-pot\/","title":{"rendered":"Panela a vapor de cozinha por atacado Tampa combinada Vaporizador original com 3 compartimentos de vapor"},"content":{"rendered":"<div class=\"wp-block-columns is-layout-flex wp-container-core-columns-is-layout-9d6595d7 wp-block-columns-is-layout-flex\">\n<div class=\"wp-block-column is-layout-flow wp-block-column-is-layout-flow\">\n<h3 class=\"wp-block-heading\">Caracter\u00edsticas e vantagens da panela a vapor para cozinha <\/h3>\n\n\n\n<ul class=\"wp-block-list\">\n<li><strong>Design da tampa combinada:<\/strong> Este design \u00e9 utilizado para cobrir objetos, impedindo que o vapor escape e transborde.<\/li>\n\n\n\n<li><strong>Vaporizador de tr\u00eas camadas: <\/strong>O vaporizador tem tr\u00eas camadas e serve para cozinhar v\u00e1rios ingredientes ao mesmo tempo, o que aumenta a velocidade do cozimento, permitindo que diferentes itens sejam cozidos no vapor todos juntos.<\/li>\n\n\n\n<li><strong>Utiliza\u00e7\u00e3o multifuncional:<\/strong> Esta panela a vapor para cozinha tem fun\u00e7\u00f5es para muitos tipos diferentes de ingredientes alimentares. \u00c9 adequada n\u00e3o s\u00f3 para as refei\u00e7\u00f5es di\u00e1rias, mas tamb\u00e9m pode ser usada em dias especiais e durante eventos para diferentes prepara\u00e7\u00f5es alimentares.<\/li>\n\n\n\n<li><strong>Poupe mais tempo:<\/strong> O vaporizador multicamadas permite cozinhar v\u00e1rios pratos ao mesmo tempo e reduz o tempo de prepara\u00e7\u00e3o das refei\u00e7\u00f5es.<\/li>\n\n\n\n<li><strong>F\u00e1cil de usar:<\/strong> \u00c9 f\u00e1cil de limpar e simples de manter, o que \u00e9 \u00fatil para cozinhas com tempo limitado.<\/li>\n\n\n\n<li><strong>Vapor para uma alimenta\u00e7\u00e3o saud\u00e1vel:<\/strong> Diz-se que cozinhar a vapor mant\u00e9m os nutrientes dos alimentos e o sabor, al\u00e9m de n\u00e3o precisar adicionar gordura ou \u00f3leo durante o cozimento.<\/li>\n<\/ul>\n<\/div>\n\n\n\n<div class=\"wp-block-column is-layout-flow wp-block-column-is-layout-flow\">\n<h3 class=\"wp-block-heading\">Especifica\u00e7\u00f5es da panela a vapor para cozinha <\/h3>\n\n\n\n<ul class=\"wp-block-list\">\n<li>Fabricante: CHANCES<\/li>\n\n\n\n<li>Modelo n.\u00ba: CY-YWZG01B\/CY-YWZG03B<\/li>\n\n\n\n<li>Material: SS201<\/li>\n\n\n\n<li>Tampa: Tampa de a\u00e7o inoxid\u00e1vel<\/li>\n\n\n\n<li>Espessura: 0,5 mm<\/li>\n\n\n\n<li>Fundo:2,5 mm<\/li>\n\n\n\n<li><strong><a href=\"https:\/\/www.chancescook.com\/pt\/custom-cookware\/\">OEM&amp;ODM<\/a><\/strong>: Personalizado, bem-vindo OEM&amp;ODM<\/li>\n\n\n\n<li>MOQ:1 x 40'HQ<\/li>\n\n\n\n<li>Embalagem: Caixa de cor\/caixa de cart\u00e3o<\/li>\n\n\n\n<li>Amostra: Gr\u00e1tis<\/li>\n<\/ul>\n<\/div>\n<\/div>","protected":false},"excerpt":{"rendered":"<p>Esta panela de cozedura a vapor de alta qualidade foi concebida com pegas em baquelite e inclui uma tampa combinada para facilitar a utiliza\u00e7\u00e3o. Possui um triplo vaporizador que permite cozinhar diferentes ingredientes ao mesmo tempo, melhorando a efici\u00eancia culin\u00e1ria e poupando tempo. Adequada para cozinhas dom\u00e9sticas e comerciais. Para compras por grosso, entre em contacto connosco.<\/p>\n<h3>Panela de cozedura a vapor para cozinha Inclui:<\/h3>\n<table width=\"798\">\n<tbody>\n<tr>\n<td width=\"154\">Modelo n.<\/td>\n<td width=\"230\">Variantes do produto<\/td>\n<td width=\"413\">Configura\u00e7\u00e3o<\/td>\n<\/tr>\n<tr>\n<td width=\"154\">CY-YWZG01B<\/td>\n<td rowspan=\"2\" width=\"230\">Tampa combinada com cabo em baquelite Vaporizador original com 3 compartimentos para cozinhar a vapor<\/td>\n<td width=\"413\">\n<p>21,5 x 5 cm Camada rasa com cavidade x 2 unidades<\/p>\n<p>21,5 x 6cm Camada profunda com cavidade x 1pcs<\/p>\n<p>Panela de 24 x 12 cm com pega em baquelite x 1 unidade Utens\u00edlios x 1 unidade<\/p>\n<\/td>\n<\/tr>\n<tr>\n<td width=\"154\">CY-YWZG03B<\/td>\n<td width=\"413\">\n<p>28 x 7,7 cm Camada rasa com cavidade x 2 unidades<\/p>\n<p>28 x 9,2cm Camada profunda com cavidade x 1pcs<\/p>\n<p>Panela de 28 x 15,9 cm com pega em baquelite x 1 unidade<\/p>\n<p>Ferramentas x 1pcs<\/p>\n<\/td>\n<\/tr>\n<\/tbody>\n<\/table>\n<p>A Chances est\u00e1 empenhada em fornecer aos clientes um servi\u00e7o eficiente e profissional\u00a0<a href=\"https:\/\/www.chancescook.com\/pt\/custom-cookware\/\"><strong>servi\u00e7os personalizados<\/strong><\/a>A empresa, apoiando-se na sua forte capacidade de produ\u00e7\u00e3o e num rigoroso controlo de qualidade, garante que cada lote de <strong>panela de cozedura a vapor<\/strong>\u00a0responde \u00e0s suas necessidades de alto n\u00edvel.<\/p>","protected":false},"featured_media":4153,"comment_status":"closed","ping_status":"closed","template":"","meta":{"_acf_changed":false},"product_brand":[],"product_cat":[52],"product_tag":[],"class_list":{"0":"post-3990","1":"product","2":"type-product","3":"status-publish","4":"has-post-thumbnail","6":"product_cat-cookware-wholesale","8":"first","9":"instock","10":"shipping-taxable","11":"product-type-simple"},"acf":[],"_links":{"self":[{"href":"https:\/\/www.chancescook.com\/pt\/wp-json\/wp\/v2\/product\/3990","targetHints":{"allow":["GET"]}}],"collection":[{"href":"https:\/\/www.chancescook.com\/pt\/wp-json\/wp\/v2\/product"}],"about":[{"href":"https:\/\/www.chancescook.com\/pt\/wp-json\/wp\/v2\/types\/product"}],"replies":[{"embeddable":true,"href":"https:\/\/www.chancescook.com\/pt\/wp-json\/wp\/v2\/comments?post=3990"}],"wp:featuredmedia":[{"embeddable":true,"href":"https:\/\/www.chancescook.com\/pt\/wp-json\/wp\/v2\/media\/4153"}],"wp:attachment":[{"href":"https:\/\/www.chancescook.com\/pt\/wp-json\/wp\/v2\/media?parent=3990"}],"wp:term":[{"taxonomy":"product_brand","embeddable":true,"href":"https:\/\/www.chancescook.com\/pt\/wp-json\/wp\/v2\/product_brand?post=3990"},{"taxonomy":"product_cat","embeddable":true,"href":"https:\/\/www.chancescook.com\/pt\/wp-json\/wp\/v2\/product_cat?post=3990"},{"taxonomy":"product_tag","embeddable":true,"href":"https:\/\/www.chancescook.com\/pt\/wp-json\/wp\/v2\/product_tag?post=3990"}],"curies":[{"name":"wp","href":"https:\/\/api.w.org\/{rel}","templated":true}]}}