{"id":4042,"date":"2024-09-21T09:00:51","date_gmt":"2024-09-21T09:00:51","guid":{"rendered":"https:\/\/www.chancescook.com\/?post_type=product&#038;p=4042"},"modified":"2024-09-23T08:22:01","modified_gmt":"2024-09-23T08:22:01","slug":"custom-pots-and-pans-set","status":"publish","type":"product","link":"https:\/\/www.chancescook.com\/pt\/produto\/custom-pots-and-pans-set\/","title":{"rendered":"Conjunto de panelas e frigideiras personalizadas Conjunto de 8 pe\u00e7as da melhor panela alta americana com pegas"},"content":{"rendered":"<div class=\"wp-block-columns is-layout-flex wp-container-core-columns-is-layout-9d6595d7 wp-block-columns-is-layout-flex\">\n<div class=\"wp-block-column is-layout-flow wp-block-column-is-layout-flow\">\n<h3 class=\"wp-block-heading\">Carater\u00edsticas e vantagens do conjunto de panelas e frigideiras por atacado<\/h3>\n\n\n\n<ul class=\"wp-block-list\">\n<li><strong>A\u00e7o inoxid\u00e1vel de qualidade superior:<\/strong> Este conjunto de tachos e panelas, de 8 pe\u00e7as, \u00e9 feito de a\u00e7o inoxid\u00e1vel de qualidade superior que pode durar e resistir a coisas como a corros\u00e3o.<\/li>\n\n\n\n<li><strong>Seguro para o forno:<\/strong> Estas panelas e frigideiras s\u00e3o alegadamente capazes de suportar temperaturas de forno de aproximadamente 350 a 450\u00b0F, proporcionando uma certa variedade de formas de cozinhar.<\/li>\n\n\n\n<li><strong>Tecnologia de propaga\u00e7\u00e3o de calor:<\/strong> O calor move-se uniformemente na superf\u00edcie inferior, levando a que a cozedura dos alimentos seja mais consistente e n\u00e3o desenvolva pontos de calor irregulares.<\/li>\n\n\n\n<li><strong>Op\u00e7\u00f5es de tampas em variedade:<\/strong> Tampas de diferentes tipos, combinando tipos de metal e de vidro transparente, simplificam a escolha para a situa\u00e7\u00e3o em causa, mantendo o calor no interior e permitindo-lhe observar a cozedura enquanto esta ocorre.<\/li>\n\n\n\n<li><strong>Vers\u00e1til e f\u00e1cil de utilizar:<\/strong> O conjunto de tachos e panelas por grosso \u00e9 composto por diferentes tamanhos de utens\u00edlios de cozinha que podem ser utilizados para tarefas de cozinha e que est\u00e3o inclu\u00eddos para satisfazer muitas necessidades de cozinha.<\/li>\n\n\n\n<li><strong>F\u00e1cil de limpar:<\/strong> Os utens\u00edlios de cozinha podem ser lavados na m\u00e1quina de lavar loi\u00e7a, o que ajuda a mant\u00ea-los em bom estado e com aspeto de novos.<\/li>\n<\/ul>\n<\/div>\n\n\n\n<div class=\"wp-block-column is-layout-flow wp-block-column-is-layout-flow\">\n<h3 class=\"wp-block-heading\">Especifica\u00e7\u00f5es do conjunto de panelas e frigideiras<\/h3>\n\n\n\n<ul class=\"wp-block-list\">\n<li>Fabricante: CHANCES<\/li>\n\n\n\n<li>Modelo n.\u00ba:CY-MSGGZHG0805\/CY-MSBG0804<\/li>\n\n\n\n<li>Material: SS410\/SS201<\/li>\n\n\n\n<li>Contagem de pe\u00e7as:8 pe\u00e7as<\/li>\n\n\n\n<li>Espessura: 0,5 mm\/0,4 mm<\/li>\n\n\n\n<li>Fundo:2,0mm\/1,8mm<\/li>\n\n\n\n<li>OEM&amp;ODM: Personalizado, bem-vindo OEM&amp;ODM<\/li>\n\n\n\n<li>MOQ:1 x 40'HQ<\/li>\n\n\n\n<li>Embalagem: Caixa de cor, caixa de cart\u00e3o ou personalizada<\/li>\n\n\n\n<li>Amostra: Gr\u00e1tis<\/li>\n<\/ul>\n<\/div>\n<\/div>","protected":false},"excerpt":{"rendered":"<p>O Wholesale Pots and Pans Set \u00e9 um conjunto de utens\u00edlios de cozinha de qualidade superior com 8 pe\u00e7as, que inclui uma combina\u00e7\u00e3o de panelas altas americanas com tampas de metal e de vidro. Cada panela est\u00e1 equipada com pegas robustas para uma f\u00e1cil ader\u00eancia e resist\u00eancia ao calor. Ideal para cozinhas profissionais ou para uso dom\u00e9stico, este conjunto vers\u00e1til garante durabilidade, estilo e funcionalidade. Pode ser adquirido a granel de acordo com as suas necessidades\uff01<\/p>\n<h3>O conjunto de panelas e frigideiras Cusom inclui\uff1a<\/h3>\n<table style=\"border-collapse: collapse; width: 478.82pt;\" border=\"0\" width=\"798\" cellspacing=\"0\" cellpadding=\"0\">\n<tbody>\n<tr style=\"height: 17.40pt;\">\n<td class=\"et3\" style=\"height: 17.40pt; width: 92.45pt;\" width=\"154\" height=\"29\">Modelo n.<\/td>\n<td class=\"et3\" style=\"width: 138.15pt;\" width=\"230\">Variantes do produto<\/td>\n<td class=\"et3\" style=\"width: 248.35pt;\" width=\"413\">Configura\u00e7\u00e3o<\/td>\n<\/tr>\n<tr style=\"height: 72.00pt;\">\n<td class=\"et4\" style=\"height: 72.00pt; width: 92.45pt;\" width=\"154\" height=\"120\">CY-MSGGZHG0805<\/td>\n<td class=\"et5\" style=\"width: 138.15pt;\" width=\"230\">Tampa combinada American High Pot<\/td>\n<td class=\"et6\" style=\"width: 248.35pt; border-bottom: 0.5pt solid #000000; text-align: left;\" rowspan=\"2\" width=\"413\">\n<p>Ca\u00e7arola de 18 cm com tampa<br \/>Ca\u00e7arola de 20cm com tampa<br \/>Ca\u00e7arola de 22 cm com tampa<br \/>Ca\u00e7arola de 24 cm com tampa<\/p>\n<\/td>\n<\/tr>\n<tr style=\"height: 72.00pt;\">\n<td class=\"et4\" style=\"height: 72.00pt; width: 92.45pt;\" width=\"154\" height=\"120\">CY-MSBG0804<\/td>\n<td class=\"et7\" style=\"width: 138.15pt;\" width=\"230\">Conjunto de panelas com tampa de vidro americano<\/td>\n<\/tr>\n<\/tbody>\n<\/table>","protected":false},"featured_media":4102,"comment_status":"closed","ping_status":"closed","template":"","meta":{"_acf_changed":false},"product_brand":[],"product_cat":[53],"product_tag":[],"class_list":{"0":"post-4042","1":"product","2":"type-product","3":"status-publish","4":"has-post-thumbnail","6":"product_cat-wholesale-cookware-sets","8":"first","9":"instock","10":"shipping-taxable","11":"product-type-simple"},"acf":[],"_links":{"self":[{"href":"https:\/\/www.chancescook.com\/pt\/wp-json\/wp\/v2\/product\/4042","targetHints":{"allow":["GET"]}}],"collection":[{"href":"https:\/\/www.chancescook.com\/pt\/wp-json\/wp\/v2\/product"}],"about":[{"href":"https:\/\/www.chancescook.com\/pt\/wp-json\/wp\/v2\/types\/product"}],"replies":[{"embeddable":true,"href":"https:\/\/www.chancescook.com\/pt\/wp-json\/wp\/v2\/comments?post=4042"}],"wp:featuredmedia":[{"embeddable":true,"href":"https:\/\/www.chancescook.com\/pt\/wp-json\/wp\/v2\/media\/4102"}],"wp:attachment":[{"href":"https:\/\/www.chancescook.com\/pt\/wp-json\/wp\/v2\/media?parent=4042"}],"wp:term":[{"taxonomy":"product_brand","embeddable":true,"href":"https:\/\/www.chancescook.com\/pt\/wp-json\/wp\/v2\/product_brand?post=4042"},{"taxonomy":"product_cat","embeddable":true,"href":"https:\/\/www.chancescook.com\/pt\/wp-json\/wp\/v2\/product_cat?post=4042"},{"taxonomy":"product_tag","embeddable":true,"href":"https:\/\/www.chancescook.com\/pt\/wp-json\/wp\/v2\/product_tag?post=4042"}],"curies":[{"name":"wp","href":"https:\/\/api.w.org\/{rel}","templated":true}]}}