{"id":4066,"date":"2024-09-28T16:49:53","date_gmt":"2024-09-28T16:49:53","guid":{"rendered":"https:\/\/www.chancescook.com\/?post_type=product&#038;p=4066"},"modified":"2024-09-28T16:49:55","modified_gmt":"2024-09-28T16:49:55","slug":"wholesale-camping-cookware-set","status":"publish","type":"product","link":"https:\/\/www.chancescook.com\/pt\/produto\/wholesale-camping-cookware-set\/","title":{"rendered":"Conjunto de utens\u00edlios de cozinha para campismo por grosso 6 pe\u00e7as em a\u00e7o inoxid\u00e1vel 410 estilo \u00e2ngulo reto"},"content":{"rendered":"<div class=\"wp-block-columns is-layout-flex wp-container-core-columns-is-layout-9d6595d7 wp-block-columns-is-layout-flex\">\n<div class=\"wp-block-column is-layout-flow wp-block-column-is-layout-flow\">\n<h3 class=\"wp-block-heading\">Carater\u00edsticas e vantagens do conjunto de utens\u00edlios de cozinha para campismo<\/h3>\n\n\n\n<ul class=\"wp-block-list\">\n<li><strong>Constru\u00e7\u00e3o em a\u00e7o inoxid\u00e1vel de alta qualidade<\/strong>: estes conjuntos de utens\u00edlios de cozinha para campismo s\u00e3o fabricados em a\u00e7o inoxid\u00e1vel e s\u00e3o duradouros. Conduzem o calor e s\u00e3o resistentes \u00e0 ferrugem. Tamb\u00e9m resistem \u00e0 corros\u00e3o.<\/li>\n\n\n\n<li>V<strong>Est\u00e3o inclu\u00eddos v\u00e1rios tamanhos:<\/strong> Existem panelas de barro de diferentes tamanhos, que podem ser utilizadas para diferentes tipos de tarefas culin\u00e1rias. O design de cada pe\u00e7a visa tornar a cozedura mais eficiente, embora o impacto exato possa variar.<\/li>\n\n\n\n<li><strong>Pegas confort\u00e1veis<\/strong>: As pegas ergon\u00f3micas destes conjuntos de utens\u00edlios de cozinha proporcionam uma ader\u00eancia confort\u00e1vel e segura, mesmo quando a panela est\u00e1 cheia de comida.<\/li>\n\n\n\n<li><strong>Tampa de vidro temperado:<\/strong> Cada uma das panelas tem uma tampa de vidro, que \u00e9 temperada. Esta tampa de vidro permite-lhe verificar o progresso da cozedura, sem ter de levantar a tampa. <\/li>\n\n\n\n<li><strong>F\u00e1cil de limpar<\/strong>: A superf\u00edcie de a\u00e7o inoxid\u00e1vel \u00e9 lisa e \u00e9 f\u00e1cil de manter limpa. A limpeza \u00e9 simples, pois o conjunto pode ser colocado na m\u00e1quina de lavar loi\u00e7a.<\/li>\n\n\n\n<li><strong>Econ\u00f3mica:<\/strong> o conjunto de 6 pe\u00e7as pode ser utilizado v\u00e1rias vezes e, devido \u00e0 sua combina\u00e7\u00e3o, a necessidade de comprar utens\u00edlios de cozinha adicionais \u00e9 reduzida, tornando-o econ\u00f3mico e pr\u00e1tico para grandes compras por grosso.<\/li>\n<\/ul>\n<\/div>\n\n\n\n<div class=\"wp-block-column is-layout-flow wp-block-column-is-layout-flow\">\n<h3 class=\"wp-block-heading\">Especifica\u00e7\u00f5es do conjunto de utens\u00edlios de cozinha para campismo<\/h3>\n\n\n\n<ul class=\"wp-block-list\">\n<li>Fabricante: CHANCES<\/li>\n\n\n\n<li>Model No.:CY-ZJBG0604\/CY-ZJ0604A<\/li>\n\n\n\n<li>Material: SS410\/SS201<\/li>\n\n\n\n<li>Contagem de pe\u00e7as:6 pe\u00e7as<\/li>\n\n\n\n<li>Tampa: Tampa de a\u00e7o inoxid\u00e1vel<\/li>\n\n\n\n<li>Espessura: 0,4 mm\/0,5 mm<\/li>\n\n\n\n<li>Fundo:3.0mm<\/li>\n\n\n\n<li>PESO BRUTO:23,8 KGS<\/li>\n\n\n\n<li>N.W.:22.7 KGS<\/li>\n\n\n\n<li>OEM&amp;ODM: Personalizado, bem-vindo OEM&amp;ODM<\/li>\n\n\n\n<li>Embalagem: Caixa de cor\/caixa de cart\u00e3o<\/li>\n\n\n\n<li>Amostra: Gr\u00e1tis<\/li>\n<\/ul>\n<\/div>\n<\/div>\n\n\n\n<div class=\"wp-block-columns is-layout-flex wp-container-core-columns-is-layout-9d6595d7 wp-block-columns-is-layout-flex\">\n<div class=\"wp-block-column is-layout-flow wp-block-column-is-layout-flow\" style=\"flex-basis:25%\"><\/div>\n\n\n\n<div class=\"wp-block-column is-layout-flow wp-block-column-is-layout-flow\" style=\"flex-basis:50%\">\n<figure class=\"wp-block-image size-full\"><img decoding=\"async\" width=\"3734\" height=\"2986\" src=\"https:\/\/www.chancescook.com\/wp-content\/uploads\/2024\/09\/Wholesale-cookware-sets-box.webp\" alt=\"Caixa de conjuntos de utens\u00edlios de cozinha por atacado\" class=\"wp-image-4069\" srcset=\"https:\/\/www.chancescook.com\/wp-content\/uploads\/2024\/09\/Wholesale-cookware-sets-box.webp 3734w, https:\/\/www.chancescook.com\/wp-content\/uploads\/2024\/09\/Wholesale-cookware-sets-box-300x240.webp 300w, https:\/\/www.chancescook.com\/wp-content\/uploads\/2024\/09\/Wholesale-cookware-sets-box-768x614.webp 768w, https:\/\/www.chancescook.com\/wp-content\/uploads\/2024\/09\/Wholesale-cookware-sets-box-15x12.webp 15w, https:\/\/www.chancescook.com\/wp-content\/uploads\/2024\/09\/Wholesale-cookware-sets-box-285x228.webp 285w, https:\/\/www.chancescook.com\/wp-content\/uploads\/2024\/09\/Wholesale-cookware-sets-box-1600x1279.webp 1600w, https:\/\/www.chancescook.com\/wp-content\/uploads\/2024\/09\/Wholesale-cookware-sets-box-660x528.webp 660w, https:\/\/www.chancescook.com\/wp-content\/uploads\/2024\/09\/Wholesale-cookware-sets-box-150x120.webp 150w\" sizes=\"(max-width: 3734px) 100vw, 3734px\" \/><\/figure>\n<\/div>\n\n\n\n<div class=\"wp-block-column is-layout-flow wp-block-column-is-layout-flow\" style=\"flex-basis:25%\"><\/div>\n<\/div>\n\n\n\n<p><\/p>","protected":false},"excerpt":{"rendered":"<p>Concebido para ser eficiente e dur\u00e1vel, este conjunto de panelas de campismo de 6 pe\u00e7as cont\u00e9m tachos e panelas de diferentes tamanhos para satisfazer uma variedade de necessidades culin\u00e1rias. Cada utens\u00edlio de cozinha possui pegas em \u00e2ngulo reto para uma ader\u00eancia f\u00e1cil e segura, e as tampas de vidro facilitam a verifica\u00e7\u00e3o do estado dos alimentos enquanto cozinha e evitam derrames. Quer seja para cozinhar no dia a dia ou para uso profissional na cozinha, este conjunto oferece um excelente desempenho e longevidade, tornando-o perfeito para compras a granel na ind\u00fastria da restaura\u00e7\u00e3o.<\/p>\n<h3>Os conjuntos de utens\u00edlios de cozinha para campismo incluem:<\/h3>\n<table width=\"798\">\n<tbody>\n<tr>\n<td width=\"154\">Modelo n.<\/td>\n<td width=\"230\">Variantes do produto<\/td>\n<td width=\"413\">Configura\u00e7\u00e3o<\/td>\n<\/tr>\n<tr>\n<td width=\"154\">CY-ZJBG0604<\/td>\n<td width=\"230\">Conjuntos de panelas com tampa de vidro em \u00e2ngulo reto<\/td>\n<td width=\"413\">Ca\u00e7arola de 22cm x12,8cm com tampa<br \/>Ca\u00e7arola de 24 cm x 13,8 cm com tampa<br \/>Ca\u00e7arola de 26 cm x 14,8 cm com tampa<\/td>\n<\/tr>\n<tr>\n<td width=\"154\">CY-ZJ0604A<\/td>\n<td width=\"230\">Conjuntos de panelas com tampa de vidro em \u00e2ngulo reto<\/td>\n<td width=\"413\">Panela de 16 cm com tampa<br \/>Ca\u00e7arola de 22 cm com tampa<br \/>Frigideira de 24 cm com tampa<\/td>\n<\/tr>\n<\/tbody>\n<\/table>\n<p>&nbsp;<\/p>","protected":false},"featured_media":4147,"comment_status":"closed","ping_status":"closed","template":"","meta":{"_acf_changed":false},"product_brand":[],"product_cat":[53],"product_tag":[],"class_list":{"0":"post-4066","1":"product","2":"type-product","3":"status-publish","4":"has-post-thumbnail","6":"product_cat-wholesale-cookware-sets","8":"first","9":"instock","10":"shipping-taxable","11":"product-type-simple"},"acf":[],"_links":{"self":[{"href":"https:\/\/www.chancescook.com\/pt\/wp-json\/wp\/v2\/product\/4066","targetHints":{"allow":["GET"]}}],"collection":[{"href":"https:\/\/www.chancescook.com\/pt\/wp-json\/wp\/v2\/product"}],"about":[{"href":"https:\/\/www.chancescook.com\/pt\/wp-json\/wp\/v2\/types\/product"}],"replies":[{"embeddable":true,"href":"https:\/\/www.chancescook.com\/pt\/wp-json\/wp\/v2\/comments?post=4066"}],"wp:featuredmedia":[{"embeddable":true,"href":"https:\/\/www.chancescook.com\/pt\/wp-json\/wp\/v2\/media\/4147"}],"wp:attachment":[{"href":"https:\/\/www.chancescook.com\/pt\/wp-json\/wp\/v2\/media?parent=4066"}],"wp:term":[{"taxonomy":"product_brand","embeddable":true,"href":"https:\/\/www.chancescook.com\/pt\/wp-json\/wp\/v2\/product_brand?post=4066"},{"taxonomy":"product_cat","embeddable":true,"href":"https:\/\/www.chancescook.com\/pt\/wp-json\/wp\/v2\/product_cat?post=4066"},{"taxonomy":"product_tag","embeddable":true,"href":"https:\/\/www.chancescook.com\/pt\/wp-json\/wp\/v2\/product_tag?post=4066"}],"curies":[{"name":"wp","href":"https:\/\/api.w.org\/{rel}","templated":true}]}}