{"id":4188,"date":"2024-09-25T03:10:03","date_gmt":"2024-09-25T03:10:03","guid":{"rendered":"https:\/\/www.chancescook.com\/?post_type=product&#038;p=4188"},"modified":"2025-12-22T09:08:48","modified_gmt":"2025-12-22T09:08:48","slug":"wholesale-preserving-pan-jam-pan","status":"publish","type":"product","link":"https:\/\/www.chancescook.com\/pt\/produto\/wholesale-preserving-pan-jam-pan\/","title":{"rendered":"Panela para conservas por atacado, panela para compotas em a\u00e7o inoxid\u00e1vel de grande capacidade, com pega integrada e bico de servir"},"content":{"rendered":"<div class=\"wp-block-columns is-layout-flex wp-container-core-columns-is-layout-9d6595d7 wp-block-columns-is-layout-flex\">\n<div class=\"wp-block-column is-layout-flow wp-block-column-is-layout-flow\">\n<h3 class=\"wp-block-heading\">Carater\u00edsticas e benef\u00edcios da panela de conserva\u00e7\u00e3o<\/h3>\n\n\n\n<ul class=\"wp-block-list\">\n<li><strong>Grande capacidade<\/strong>: A panela de conserva\u00e7\u00e3o Chancescook foi concebida para a confe\u00e7\u00e3o e conserva\u00e7\u00e3o de compotas em lotes, perfeita para uso comercial ou dom\u00e9stico.<\/li>\n\n\n\n<li><strong>Duradouro<\/strong>: Este recipiente de conserva \u00e9 fabricado em a\u00e7o inoxid\u00e1vel de alta qualidade e duradouro, escovado com um acabamento acetinado, pode ser lavado na m\u00e1quina de lavar lou\u00e7a e \u00e9 f\u00e1cil de utilizar.<\/li>\n\n\n\n<li><strong>Pega de transporte integrada<\/strong>: Possui uma pega de transporte robusta e flex\u00edvel que protege a panela de conserva em a\u00e7o inoxid\u00e1vel para maior seguran\u00e7a e f\u00e1cil eleva\u00e7\u00e3o e manuseamento durante a cozedura.<\/li>\n\n\n\n<li><strong>Verter facilmente<\/strong>: O interior desta panela est\u00e1 marcado com litros e pints, o que a torna adequada para medir facilmente os ingredientes.<\/li>\n\n\n\n<li><strong>Utiliza\u00e7\u00e3o vers\u00e1til<\/strong>: A panela de compota em a\u00e7o inoxid\u00e1vel tamb\u00e9m \u00e9 adequada para utiliza\u00e7\u00e3o em v\u00e1rios fog\u00f5es, incluindo a g\u00e1s, el\u00e9ctricos e de indu\u00e7\u00e3o.<\/li>\n\n\n\n<li><strong>Dissipa\u00e7\u00e3o uniforme de calor<\/strong>: Uma placa de base espessa assegura um aquecimento homog\u00e9neo, evitando queimaduras e garantindo a estabilidade.<\/li>\n<\/ul>\n<\/div>\n\n\n\n<div class=\"wp-block-column is-layout-flow wp-block-column-is-layout-flow\">\n<figure class=\"wp-block-image size-full\"><img decoding=\"async\" width=\"400\" height=\"426\" src=\"https:\/\/www.chancescook.com\/wp-content\/uploads\/2024\/09\/Wholesale-Preserving-Pan-Jam-Pan-Stainless-Steel-1.webp\" alt=\"Panela de conserva\u00e7\u00e3o por atacado, panela de compota em a\u00e7o inoxid\u00e1vel (1)\" class=\"wp-image-4192\" srcset=\"https:\/\/www.chancescook.com\/wp-content\/uploads\/2024\/09\/Wholesale-Preserving-Pan-Jam-Pan-Stainless-Steel-1.webp 400w, https:\/\/www.chancescook.com\/wp-content\/uploads\/2024\/09\/Wholesale-Preserving-Pan-Jam-Pan-Stainless-Steel-1-282x300.webp 282w, https:\/\/www.chancescook.com\/wp-content\/uploads\/2024\/09\/Wholesale-Preserving-Pan-Jam-Pan-Stainless-Steel-1-11x12.webp 11w, https:\/\/www.chancescook.com\/wp-content\/uploads\/2024\/09\/Wholesale-Preserving-Pan-Jam-Pan-Stainless-Steel-1-285x304.webp 285w, https:\/\/www.chancescook.com\/wp-content\/uploads\/2024\/09\/Wholesale-Preserving-Pan-Jam-Pan-Stainless-Steel-1-141x150.webp 141w\" sizes=\"(max-width: 400px) 100vw, 400px\" \/><\/figure>\n<\/div>\n<\/div>\n\n\n\n<p><\/p>","protected":false},"excerpt":{"rendered":"<p>Procura panelas de conserva\u00e7\u00e3o fi\u00e1veis em a\u00e7o inoxid\u00e1vel para a sua empresa? Fabricada em a\u00e7o inoxid\u00e1vel de qualidade alimentar de primeira qualidade, com um acabamento acetinado escovado no exterior e um acabamento polido espelhado no interior, a frigideira de conserva\u00e7\u00e3o proporciona uma distribui\u00e7\u00e3o uniforme do calor e \u00e9 adequada para cozinhas comerciais e para uso dom\u00e9stico. Bem-vindo ao inqu\u00e9rito!<\/p>\n<h3 class=\"wp-block-heading\">Especifica\u00e7\u00e3o da Panela de conserva, Panela de compota<\/h3>\n<ul>\n<li>Fabricante: CHANCES<\/li>\n<li>Modelo n.\u00ba:CY-NNT06<\/li>\n<li>Material: SS304<\/li>\n<li>Espessura: 0,6 mm<\/li>\n<li>Peso:1670g<\/li>\n<li>Di\u00e2metro\uff1a30cm<\/li>\n<li>OEM&amp;ODM: Personalizado, bem-vindo OEM&amp;ODM<\/li>\n<li>MOQ:1 x 40'HQ<\/li>\n<li>Embalagem: Caixa de cor\/caixa de cart\u00e3o<\/li>\n<li>Amostra: Gr\u00e1tis<\/li>\n<\/ul>\n<p>A Chancescook est\u00e1 empenhada em fornecer servi\u00e7os personalizados eficientes e profissionais apoiados pelo nosso desenvolvimento exclusivo de moldes, forte capacidade de produ\u00e7\u00e3o e controlo de qualidade rigoroso para garantir que cada lote de panelas de conserva\u00e7\u00e3o em a\u00e7o inoxid\u00e1vel satisfaz as suas necessidades.<\/p>","protected":false},"featured_media":5797,"comment_status":"closed","ping_status":"closed","template":"","meta":{"_acf_changed":false},"product_brand":[],"product_cat":[56],"product_tag":[],"class_list":{"0":"post-4188","1":"product","2":"type-product","3":"status-publish","4":"has-post-thumbnail","6":"product_cat-wholesale-kitchen-utensils","8":"first","9":"instock","10":"shipping-taxable","11":"product-type-simple"},"acf":[],"_links":{"self":[{"href":"https:\/\/www.chancescook.com\/pt\/wp-json\/wp\/v2\/product\/4188","targetHints":{"allow":["GET"]}}],"collection":[{"href":"https:\/\/www.chancescook.com\/pt\/wp-json\/wp\/v2\/product"}],"about":[{"href":"https:\/\/www.chancescook.com\/pt\/wp-json\/wp\/v2\/types\/product"}],"replies":[{"embeddable":true,"href":"https:\/\/www.chancescook.com\/pt\/wp-json\/wp\/v2\/comments?post=4188"}],"wp:featuredmedia":[{"embeddable":true,"href":"https:\/\/www.chancescook.com\/pt\/wp-json\/wp\/v2\/media\/5797"}],"wp:attachment":[{"href":"https:\/\/www.chancescook.com\/pt\/wp-json\/wp\/v2\/media?parent=4188"}],"wp:term":[{"taxonomy":"product_brand","embeddable":true,"href":"https:\/\/www.chancescook.com\/pt\/wp-json\/wp\/v2\/product_brand?post=4188"},{"taxonomy":"product_cat","embeddable":true,"href":"https:\/\/www.chancescook.com\/pt\/wp-json\/wp\/v2\/product_cat?post=4188"},{"taxonomy":"product_tag","embeddable":true,"href":"https:\/\/www.chancescook.com\/pt\/wp-json\/wp\/v2\/product_tag?post=4188"}],"curies":[{"name":"wp","href":"https:\/\/api.w.org\/{rel}","templated":true}]}}