{"id":4234,"date":"2024-10-14T03:31:50","date_gmt":"2024-10-14T03:31:50","guid":{"rendered":"https:\/\/www.chancescook.com\/?post_type=product&#038;p=4234"},"modified":"2025-12-21T13:10:03","modified_gmt":"2025-12-21T13:10:03","slug":"stainless-steel-frying-pan-with-lid","status":"publish","type":"product","link":"https:\/\/www.chancescook.com\/pt\/produto\/stainless-steel-frying-pan-with-lid\/","title":{"rendered":"Frigideira de a\u00e7o inoxid\u00e1vel personalizada, Fabricante de frigideiras"},"content":{"rendered":"<div class=\"wp-block-columns is-layout-flex wp-container-core-columns-is-layout-9d6595d7 wp-block-columns-is-layout-flex\">\n<div class=\"wp-block-column is-layout-flow wp-block-column-is-layout-flow\">\n<h3 class=\"wp-block-heading\">Vantagens da frigideira de a\u00e7o inoxid\u00e1vel com tampa<\/h3>\n\n\n\n<ul class=\"wp-block-list\">\n<li><strong>Distribui\u00e7\u00e3o perfeita do calor<\/strong>: A constru\u00e7\u00e3o em tr\u00eas camadas \u00e9 feita de a\u00e7o inoxid\u00e1vel com um n\u00facleo de alum\u00ednio, garantindo uma distribui\u00e7\u00e3o perfeita do calor. Os alimentos ficar\u00e3o bem cozinhados e deliciosos.<\/li>\n\n\n\n<li><strong>Revestimento antiaderente Honey Bone<\/strong>: A frigideira de a\u00e7o inoxid\u00e1vel com tampa possui um inovador revestimento antiaderente em forma de favo de mel que n\u00e3o se desfaz facilmente para obter excelentes resultados antiaderentes. Isto reduzir\u00e1 consideravelmente a necessidade de utilizar \u00f3leo e gordura para cozinhar de forma saud\u00e1vel.<\/li>\n\n\n\n<li><strong>Tampa de vidro transparente<\/strong>: O design da tampa de vidro transparente de alta resist\u00eancia facilita a visualiza\u00e7\u00e3o do processo de cozedura em tempo real sem abrir frequentemente a tampa, mantendo assim eficazmente o calor e a humidade e evitando a perda de sabor.<\/li>\n\n\n\n<li><strong>Pega auxiliar Keep Cool<\/strong>: A pega auxiliar em a\u00e7o inoxid\u00e1vel, ergonomicamente concebida, com tecnologia de isolamento t\u00e9rmico, garante seguran\u00e7a e conforto na utiliza\u00e7\u00e3o durante a cozedura.<\/li>\n\n\n\n<li><strong>Robusto e dur\u00e1vel<\/strong>: A\u00e7o inoxid\u00e1vel de alta qualidade no fabrico, robusto, resistente a riscos e \u00e0 corros\u00e3o, assegurando assim um desempenho superior durante um longo per\u00edodo e adequado para qualquer tipo de ambiente de cozinha.<\/li>\n\n\n\n<li><strong>F\u00e1cil de limpar<\/strong>: O design do revestimento antiaderente torna menos prov\u00e1vel que os alimentos se colem, pelo que a limpeza ap\u00f3s a utiliza\u00e7\u00e3o \u00e9 bastante f\u00e1cil. Mesmo as n\u00f3doas mais dif\u00edceis s\u00e3o facilmente removidas.<\/li>\n\n\n\n<li><strong>Cozinha multifuncional<\/strong>: A frigideira de a\u00e7o inoxid\u00e1vel com tampa adapta-se a qualquer tipo de fog\u00e3o, incluindo o de indu\u00e7\u00e3o; \u00e9 adequada para fritar, saltear, estufar, etc., de modo a satisfazer as necessidades de diferentes pratos.<\/li>\n<\/ul>\n<\/div>\n\n\n\n<div class=\"wp-block-column is-layout-flow wp-block-column-is-layout-flow\">\n<figure class=\"wp-block-image size-full\"><img decoding=\"async\" width=\"1200\" height=\"1200\" src=\"https:\/\/www.chancescook.com\/wp-content\/uploads\/2024\/10\/Stainless-Steel-Frying-Pan-with-Lid-Wholesaler-9.webp\" alt=\"Frigideira de a\u00e7o inoxid\u00e1vel com tampa Atacadista\" class=\"wp-image-4243\" srcset=\"https:\/\/www.chancescook.com\/wp-content\/uploads\/2024\/10\/Stainless-Steel-Frying-Pan-with-Lid-Wholesaler-9.webp 1200w, https:\/\/www.chancescook.com\/wp-content\/uploads\/2024\/10\/Stainless-Steel-Frying-Pan-with-Lid-Wholesaler-9-300x300.webp 300w, https:\/\/www.chancescook.com\/wp-content\/uploads\/2024\/10\/Stainless-Steel-Frying-Pan-with-Lid-Wholesaler-9-150x150.webp 150w, https:\/\/www.chancescook.com\/wp-content\/uploads\/2024\/10\/Stainless-Steel-Frying-Pan-with-Lid-Wholesaler-9-768x768.webp 768w, https:\/\/www.chancescook.com\/wp-content\/uploads\/2024\/10\/Stainless-Steel-Frying-Pan-with-Lid-Wholesaler-9-12x12.webp 12w, https:\/\/www.chancescook.com\/wp-content\/uploads\/2024\/10\/Stainless-Steel-Frying-Pan-with-Lid-Wholesaler-9-285x285.webp 285w, https:\/\/www.chancescook.com\/wp-content\/uploads\/2024\/10\/Stainless-Steel-Frying-Pan-with-Lid-Wholesaler-9-270x270.webp 270w, https:\/\/www.chancescook.com\/wp-content\/uploads\/2024\/10\/Stainless-Steel-Frying-Pan-with-Lid-Wholesaler-9-540x540.webp 540w, https:\/\/www.chancescook.com\/wp-content\/uploads\/2024\/10\/Stainless-Steel-Frying-Pan-with-Lid-Wholesaler-9-660x660.webp 660w\" sizes=\"(max-width: 1200px) 100vw, 1200px\" \/><\/figure>\n<\/div>\n<\/div>\n\n\n\n<div class=\"wp-block-columns is-layout-flex wp-container-core-columns-is-layout-9d6595d7 wp-block-columns-is-layout-flex\">\n<div class=\"wp-block-column is-layout-flow wp-block-column-is-layout-flow\">\n<figure class=\"wp-block-image size-full\"><img decoding=\"async\" width=\"1200\" height=\"1200\" src=\"https:\/\/www.chancescook.com\/wp-content\/uploads\/2024\/10\/Stainless-Steel-Frying-Pan-with-Lid-Wholesaler-10.webp\" alt=\"Frigideira de a\u00e7o inoxid\u00e1vel com tampa Atacadista\" class=\"wp-image-4244\" srcset=\"https:\/\/www.chancescook.com\/wp-content\/uploads\/2024\/10\/Stainless-Steel-Frying-Pan-with-Lid-Wholesaler-10.webp 1200w, https:\/\/www.chancescook.com\/wp-content\/uploads\/2024\/10\/Stainless-Steel-Frying-Pan-with-Lid-Wholesaler-10-300x300.webp 300w, https:\/\/www.chancescook.com\/wp-content\/uploads\/2024\/10\/Stainless-Steel-Frying-Pan-with-Lid-Wholesaler-10-150x150.webp 150w, https:\/\/www.chancescook.com\/wp-content\/uploads\/2024\/10\/Stainless-Steel-Frying-Pan-with-Lid-Wholesaler-10-768x768.webp 768w, https:\/\/www.chancescook.com\/wp-content\/uploads\/2024\/10\/Stainless-Steel-Frying-Pan-with-Lid-Wholesaler-10-12x12.webp 12w, https:\/\/www.chancescook.com\/wp-content\/uploads\/2024\/10\/Stainless-Steel-Frying-Pan-with-Lid-Wholesaler-10-285x285.webp 285w, https:\/\/www.chancescook.com\/wp-content\/uploads\/2024\/10\/Stainless-Steel-Frying-Pan-with-Lid-Wholesaler-10-270x270.webp 270w, https:\/\/www.chancescook.com\/wp-content\/uploads\/2024\/10\/Stainless-Steel-Frying-Pan-with-Lid-Wholesaler-10-540x540.webp 540w, https:\/\/www.chancescook.com\/wp-content\/uploads\/2024\/10\/Stainless-Steel-Frying-Pan-with-Lid-Wholesaler-10-660x660.webp 660w\" sizes=\"(max-width: 1200px) 100vw, 1200px\" \/><\/figure>\n<\/div>\n\n\n\n<div class=\"wp-block-column is-layout-flow wp-block-column-is-layout-flow\">\n<figure class=\"wp-block-image size-full\"><img decoding=\"async\" src=\"https:\/\/www.chancescook.com\/wp-content\/uploads\/2024\/10\/Stainless-Steel-Frying-Pan-with-Lid-Wholesaler-8.webp\" alt=\"Frigideira de a\u00e7o inoxid\u00e1vel com tampa Atacadista\" class=\"wp-image-4242\"\/><\/figure>\n<\/div>\n\n\n\n<div class=\"wp-block-column is-layout-flow wp-block-column-is-layout-flow\">\n<figure class=\"wp-block-image size-full\"><img decoding=\"async\" width=\"720\" height=\"720\" src=\"https:\/\/www.chancescook.com\/wp-content\/uploads\/2024\/10\/Stainless-Steel-Frying-Pan-with-Lid-Wholesaler-11.webp\" alt=\"Frigideira de a\u00e7o inoxid\u00e1vel com tampa Atacadista\" class=\"wp-image-4245\" srcset=\"https:\/\/www.chancescook.com\/wp-content\/uploads\/2024\/10\/Stainless-Steel-Frying-Pan-with-Lid-Wholesaler-11.webp 720w, https:\/\/www.chancescook.com\/wp-content\/uploads\/2024\/10\/Stainless-Steel-Frying-Pan-with-Lid-Wholesaler-11-300x300.webp 300w, https:\/\/www.chancescook.com\/wp-content\/uploads\/2024\/10\/Stainless-Steel-Frying-Pan-with-Lid-Wholesaler-11-150x150.webp 150w, https:\/\/www.chancescook.com\/wp-content\/uploads\/2024\/10\/Stainless-Steel-Frying-Pan-with-Lid-Wholesaler-11-12x12.webp 12w, https:\/\/www.chancescook.com\/wp-content\/uploads\/2024\/10\/Stainless-Steel-Frying-Pan-with-Lid-Wholesaler-11-285x285.webp 285w, https:\/\/www.chancescook.com\/wp-content\/uploads\/2024\/10\/Stainless-Steel-Frying-Pan-with-Lid-Wholesaler-11-270x270.webp 270w, https:\/\/www.chancescook.com\/wp-content\/uploads\/2024\/10\/Stainless-Steel-Frying-Pan-with-Lid-Wholesaler-11-540x540.webp 540w, https:\/\/www.chancescook.com\/wp-content\/uploads\/2024\/10\/Stainless-Steel-Frying-Pan-with-Lid-Wholesaler-11-660x660.webp 660w\" sizes=\"(max-width: 720px) 100vw, 720px\" \/><\/figure>\n<\/div>\n<\/div>","protected":false},"excerpt":{"rendered":"<p>Esta frigideira para refogar em a\u00e7o inoxid\u00e1vel antiaderente de constru\u00e7\u00e3o tripla com tampa combina um revestimento em favo de mel com uma tampa de vidro transparente para proporcionar uma distribui\u00e7\u00e3o de calor superior e durabilidade para necessidades vers\u00e1teis de cozinha profissional e dom\u00e9stica. N\u00e3o hesite em pedir-nos um or\u00e7amento!<\/p>\n<h3 class=\"wp-block-heading\">Especifica\u00e7\u00f5es da frigideira de a\u00e7o inoxid\u00e1vel<\/h3>\n<table border=\"0\" width=\"1088\" cellspacing=\"0\" cellpadding=\"0\">\n<tbody>\n<tr>\n<td width=\"400\" height=\"44\">Fabricante<\/td>\n<td width=\"688\">CHANCES<\/td>\n<\/tr>\n<tr>\n<td height=\"44\">Espessura<\/td>\n<td>2,3 mm<\/td>\n<\/tr>\n<tr>\n<td height=\"44\">Di\u00e2metro<\/td>\n<td>9,5 polegadas, 12,4 polegadas<\/td>\n<\/tr>\n<tr>\n<td height=\"44\">Capacidade<\/td>\n<td>3QT,6QT<\/td>\n<\/tr>\n<tr>\n<td height=\"44\">Peso<\/td>\n<td>3.2KG<\/td>\n<\/tr>\n<tr>\n<td height=\"44\">Capa<\/td>\n<td>Tampa de vidro<\/td>\n<\/tr>\n<tr>\n<td height=\"44\">Material<\/td>\n<td>A\u00e7o inoxid\u00e1vel de 3 camadas<\/td>\n<\/tr>\n<tr>\n<td height=\"44\">OEM&amp;ODM<\/td>\n<td>Personalizado, bem-vindo OEM&amp;ODM<\/td>\n<\/tr>\n<tr>\n<td height=\"43\">Embalagem:<\/td>\n<td>Caixa de cor\/caixa de cart\u00e3o<\/td>\n<\/tr>\n<tr>\n<td height=\"42\">QUANTIDADE M\u00c1XIMA DE ENCOMENDA<\/td>\n<td>1000 UNIDADES<\/td>\n<\/tr>\n<tr>\n<td height=\"43\">Amostra<\/td>\n<td>Gr\u00e1tis.<\/td>\n<\/tr>\n<\/tbody>\n<\/table>","protected":false},"featured_media":5762,"comment_status":"closed","ping_status":"closed","template":"","meta":{"_acf_changed":false},"product_brand":[],"product_cat":[52,73],"product_tag":[],"class_list":{"0":"post-4234","1":"product","2":"type-product","3":"status-publish","4":"has-post-thumbnail","6":"product_cat-cookware-wholesale","7":"product_cat-saute-pan-supplier","9":"first","10":"instock","11":"shipping-taxable","12":"product-type-simple"},"acf":[],"_links":{"self":[{"href":"https:\/\/www.chancescook.com\/pt\/wp-json\/wp\/v2\/product\/4234","targetHints":{"allow":["GET"]}}],"collection":[{"href":"https:\/\/www.chancescook.com\/pt\/wp-json\/wp\/v2\/product"}],"about":[{"href":"https:\/\/www.chancescook.com\/pt\/wp-json\/wp\/v2\/types\/product"}],"replies":[{"embeddable":true,"href":"https:\/\/www.chancescook.com\/pt\/wp-json\/wp\/v2\/comments?post=4234"}],"wp:featuredmedia":[{"embeddable":true,"href":"https:\/\/www.chancescook.com\/pt\/wp-json\/wp\/v2\/media\/5762"}],"wp:attachment":[{"href":"https:\/\/www.chancescook.com\/pt\/wp-json\/wp\/v2\/media?parent=4234"}],"wp:term":[{"taxonomy":"product_brand","embeddable":true,"href":"https:\/\/www.chancescook.com\/pt\/wp-json\/wp\/v2\/product_brand?post=4234"},{"taxonomy":"product_cat","embeddable":true,"href":"https:\/\/www.chancescook.com\/pt\/wp-json\/wp\/v2\/product_cat?post=4234"},{"taxonomy":"product_tag","embeddable":true,"href":"https:\/\/www.chancescook.com\/pt\/wp-json\/wp\/v2\/product_tag?post=4234"}],"curies":[{"name":"wp","href":"https:\/\/api.w.org\/{rel}","templated":true}]}}