{"id":4246,"date":"2024-10-14T06:56:35","date_gmt":"2024-10-14T06:56:35","guid":{"rendered":"https:\/\/www.chancescook.com\/?post_type=product&#038;p=4246"},"modified":"2025-12-21T13:04:48","modified_gmt":"2025-12-21T13:04:48","slug":"wholesale-non-stick-frying-pan-set","status":"publish","type":"product","link":"https:\/\/www.chancescook.com\/pt\/produto\/wholesale-non-stick-frying-pan-set\/","title":{"rendered":"Conjunto de frigideiras antiaderentes por atacado Frigideira de a\u00e7o inoxid\u00e1vel de tr\u00eas camadas com pente de mel V\u00e1rios tamanhos"},"content":{"rendered":"<div class=\"wp-block-columns is-layout-flex wp-container-core-columns-is-layout-9d6595d7 wp-block-columns-is-layout-flex\">\n<div class=\"wp-block-column is-layout-flow wp-block-column-is-layout-flow\">\n<h3 class=\"wp-block-heading\">Vantagens do conjunto de frigideiras antiaderentes<\/h3>\n\n\n\n<ul class=\"wp-block-list\">\n<li><strong>Escolha de v\u00e1rios tamanhos<\/strong>: Este conjunto de frigideiras antiaderentes cont\u00e9m tamanhos de 12 polegadas, 10 polegadas, 8 polegadas e 7 polegadas para diferentes ingredientes e necessidades culin\u00e1rias, desde a vida familiar quotidiana at\u00e9 um grande jantar.<\/li>\n\n\n\n<li><strong>Design de tr\u00eas camadas<\/strong>A tecnologia Tri-ply combina n\u00facleos de a\u00e7o inoxid\u00e1vel e alum\u00ednio para garantir uma transfer\u00eancia de calor de primeira classe e uma distribui\u00e7\u00e3o uniforme, reduzindo os pontos quentes e optimizando a efici\u00eancia da cozedura.<\/li>\n\n\n\n<li><strong>Revestimento antiaderente em favo de mel<\/strong>Este novo revestimento antiaderente em forma de favo de mel evita que se risque e descasque. O efeito antiaderente \u00e9 melhorado para reduzir a gordura na cozedura, tornando-a mais saud\u00e1vel. A limpeza tamb\u00e9m \u00e9 f\u00e1cil.<\/li>\n\n\n\n<li><strong>Robusto e dur\u00e1vel<\/strong>O conjunto de frigideiras antiaderentes utiliza a\u00e7o inoxid\u00e1vel de qualidade superior; por conseguinte, \u00e9 dur\u00e1vel e resistente \u00e0 corros\u00e3o. O seu desempenho n\u00e3o se altera mesmo ap\u00f3s uma utiliza\u00e7\u00e3o prolongada; \u00e9 adequado para uma cozinha de alta frequ\u00eancia.<\/li>\n\n\n\n<li><strong>Cozinhar multifun\u00e7\u00f5es<\/strong>Para diferentes fontes de calor: fog\u00e3o de indu\u00e7\u00e3o, fog\u00e3o a g\u00e1s, fog\u00e3o el\u00e9trico de cer\u00e2mica; pode fritar, saltear, estufar, ferver, etc., para uma cozinha diversificada.<\/li>\n\n\n\n<li><strong>Design ergon\u00f3mico<\/strong>: com o design ergon\u00f3mico de uma pega em a\u00e7o inoxid\u00e1vel com isolamento t\u00e9rmico, mantenha-se fresco para uma utiliza\u00e7\u00e3o segura, um funcionamento f\u00e1cil e uma melhor experi\u00eancia culin\u00e1ria.<\/li>\n<\/ul>\n<\/div>\n\n\n\n<div class=\"wp-block-column is-layout-flow wp-block-column-is-layout-flow\">\n<figure class=\"wp-block-image size-full\"><img decoding=\"async\" width=\"1600\" height=\"1600\" src=\"https:\/\/www.chancescook.com\/wp-content\/uploads\/2024\/10\/Wholesale-Non-Stick-Frying-Pan-Set-6.webp\" alt=\"Conjunto de frigideiras antiaderentes por atacado (6)\" class=\"wp-image-4251\" srcset=\"https:\/\/www.chancescook.com\/wp-content\/uploads\/2024\/10\/Wholesale-Non-Stick-Frying-Pan-Set-6.webp 1600w, https:\/\/www.chancescook.com\/wp-content\/uploads\/2024\/10\/Wholesale-Non-Stick-Frying-Pan-Set-6-300x300.webp 300w, https:\/\/www.chancescook.com\/wp-content\/uploads\/2024\/10\/Wholesale-Non-Stick-Frying-Pan-Set-6-150x150.webp 150w, https:\/\/www.chancescook.com\/wp-content\/uploads\/2024\/10\/Wholesale-Non-Stick-Frying-Pan-Set-6-768x768.webp 768w, https:\/\/www.chancescook.com\/wp-content\/uploads\/2024\/10\/Wholesale-Non-Stick-Frying-Pan-Set-6-12x12.webp 12w, https:\/\/www.chancescook.com\/wp-content\/uploads\/2024\/10\/Wholesale-Non-Stick-Frying-Pan-Set-6-285x285.webp 285w, https:\/\/www.chancescook.com\/wp-content\/uploads\/2024\/10\/Wholesale-Non-Stick-Frying-Pan-Set-6-270x270.webp 270w, https:\/\/www.chancescook.com\/wp-content\/uploads\/2024\/10\/Wholesale-Non-Stick-Frying-Pan-Set-6-540x540.webp 540w, https:\/\/www.chancescook.com\/wp-content\/uploads\/2024\/10\/Wholesale-Non-Stick-Frying-Pan-Set-6-660x660.webp 660w\" sizes=\"(max-width: 1600px) 100vw, 1600px\" \/><\/figure>\n<\/div>\n<\/div>\n\n\n\n<p><\/p>","protected":false},"excerpt":{"rendered":"<p>Este conjunto de frigideiras antiaderentes de 3 camadas em favo de mel de a\u00e7o inoxid\u00e1vel cont\u00e9m tamanhos de 12 polegadas, 10 polegadas, 8 polegadas e 7 polegadas, escolha o conjunto de frigideiras de a\u00e7o inoxid\u00e1vel resistente e dur\u00e1vel para atender \u00e0s diferentes necessidades de cozimento, \u00e9 uma \u00f3tima op\u00e7\u00e3o para compra por atacado. Bem-vindo a contactar-nos!<\/p>\n<h3 class=\"wp-block-heading\">Especifica\u00e7\u00f5es do Conjunto de frigideiras antiaderentes<\/h3>\n<table border=\"0\" width=\"928\" cellspacing=\"0\" cellpadding=\"0\">\n<tbody>\n<tr>\n<td width=\"400\" height=\"42\">Fabricante<\/td>\n<td width=\"528\">CHANCES<\/td>\n<\/tr>\n<tr>\n<td height=\"42\">Material<\/td>\n<td>A\u00e7o inoxid\u00e1vel de 3 camadas<\/td>\n<\/tr>\n<tr>\n<td height=\"42\">Di\u00e2metro<\/td>\n<td>7 polegadas, 8 polegadas, 10 polegadas e 12 polegadas\u00a0\u00a0<\/td>\n<\/tr>\n<tr>\n<td height=\"44\">Espessura<\/td>\n<td>2,3 mm<\/td>\n<\/tr>\n<tr>\n<td height=\"42\">Tipo<\/td>\n<td>Antiaderente<\/td>\n<\/tr>\n<tr>\n<td height=\"42\">Tampa<\/td>\n<td>Sem tampa<\/td>\n<\/tr>\n<tr>\n<td height=\"44\">Utiliza\u00e7\u00e3o<\/td>\n<td>Fritar e cozinhar<\/td>\n<\/tr>\n<tr>\n<td height=\"44\">OEM&amp;ODM<\/td>\n<td>Personalizado, bem-vindo OEM&amp;ODM<\/td>\n<\/tr>\n<tr>\n<td height=\"44\">Embalagem:<\/td>\n<td>Caixa de cor\/caixa de cart\u00e3o<\/td>\n<\/tr>\n<tr>\n<td height=\"44\">QUANTIDADE M\u00c1XIMA DE ENCOMENDA<\/td>\n<td>1000 UNIDADES<\/td>\n<\/tr>\n<\/tbody>\n<\/table>\n<p><a href=\"https:\/\/www.chancescook.com\/pt\"><strong>Chancescook<\/strong><\/a> est\u00e1 empenhada em fornecer servi\u00e7os personalizados eficientes e profissionais apoiados pelo nosso desenvolvimento exclusivo de moldes, forte capacidade de produ\u00e7\u00e3o e controlo de qualidade rigoroso para garantir que cada lote de conjuntos de frigideiras antiaderentes satisfaz as suas necessidades.<\/p>","protected":false},"featured_media":5761,"comment_status":"closed","ping_status":"closed","template":"","meta":{"_acf_changed":false},"product_brand":[],"product_cat":[66,53],"product_tag":[],"class_list":{"0":"post-4246","1":"product","2":"type-product","3":"status-publish","4":"has-post-thumbnail","6":"product_cat-frying-pan-wholesale","7":"product_cat-wholesale-cookware-sets","9":"first","10":"instock","11":"shipping-taxable","12":"product-type-simple"},"acf":[],"_links":{"self":[{"href":"https:\/\/www.chancescook.com\/pt\/wp-json\/wp\/v2\/product\/4246","targetHints":{"allow":["GET"]}}],"collection":[{"href":"https:\/\/www.chancescook.com\/pt\/wp-json\/wp\/v2\/product"}],"about":[{"href":"https:\/\/www.chancescook.com\/pt\/wp-json\/wp\/v2\/types\/product"}],"replies":[{"embeddable":true,"href":"https:\/\/www.chancescook.com\/pt\/wp-json\/wp\/v2\/comments?post=4246"}],"wp:featuredmedia":[{"embeddable":true,"href":"https:\/\/www.chancescook.com\/pt\/wp-json\/wp\/v2\/media\/5761"}],"wp:attachment":[{"href":"https:\/\/www.chancescook.com\/pt\/wp-json\/wp\/v2\/media?parent=4246"}],"wp:term":[{"taxonomy":"product_brand","embeddable":true,"href":"https:\/\/www.chancescook.com\/pt\/wp-json\/wp\/v2\/product_brand?post=4246"},{"taxonomy":"product_cat","embeddable":true,"href":"https:\/\/www.chancescook.com\/pt\/wp-json\/wp\/v2\/product_cat?post=4246"},{"taxonomy":"product_tag","embeddable":true,"href":"https:\/\/www.chancescook.com\/pt\/wp-json\/wp\/v2\/product_tag?post=4246"}],"curies":[{"name":"wp","href":"https:\/\/api.w.org\/{rel}","templated":true}]}}