{"id":4261,"date":"2024-10-14T09:45:44","date_gmt":"2024-10-14T09:45:44","guid":{"rendered":"https:\/\/www.chancescook.com\/?post_type=product&#038;p=4261"},"modified":"2025-06-20T01:00:02","modified_gmt":"2025-06-20T01:00:02","slug":"tri-ply-stainless-steel-cookware-set","status":"publish","type":"product","link":"https:\/\/www.chancescook.com\/pt\/produto\/tri-ply-stainless-steel-cookware-set\/","title":{"rendered":"Conjunto de panelas de a\u00e7o inoxid\u00e1vel Tri Ply 10 pe\u00e7as Melhor fabricante de panelas e frigideiras"},"content":{"rendered":"<div class=\"wp-block-columns is-layout-flex wp-container-core-columns-is-layout-9d6595d7 wp-block-columns-is-layout-flex\">\n<div class=\"wp-block-column is-layout-flow wp-block-column-is-layout-flow\">\n<h3 class=\"wp-block-heading\">Vantagens do conjunto de panelas de a\u00e7o inoxid\u00e1vel Tri Ply<\/h3>\n\n\n\n<ul class=\"wp-block-list\">\n<li><strong>Estrutura composta de tr\u00eas camadas, condutividade t\u00e9rmica uniforme e maior efici\u00eancia<\/strong>: Este conjunto de utens\u00edlios de cozinha personalizados em a\u00e7o inoxid\u00e1vel de tr\u00eas camadas foi concebido com uma estrutura composta de tr\u00eas camadas, com um n\u00facleo de alum\u00ednio na camada de sandu\u00edche e a\u00e7o inoxid\u00e1vel 304 de qualidade alimentar nas camadas interior e exterior, o que permite uma condutividade t\u00e9rmica r\u00e1pida e uniforme, reduz os pontos mortos da cozedura e melhora a efici\u00eancia do aquecimento, ideal para utens\u00edlios de cozinha de alto desempenho.<\/li>\n\n\n\n<li><strong>Design de 10 pe\u00e7as, satisfaz v\u00e1rias necessidades de cozinha<\/strong>: O conjunto completo de panelas e frigideiras inclui 10 panelas e frigideiras de uso corrente, tais como frigideira, frigideira para estufar, panela de sopa, etc., que s\u00e3o adequadas para fritar, ferver, estufar e outros m\u00e9todos de cozedura, quer seja para a cozinha familiar di\u00e1ria ou para uso auxiliar na restaura\u00e7\u00e3o, pode ser totalmente capaz de o fazer.<\/li>\n\n\n\n<li><strong>Material de a\u00e7o inoxid\u00e1vel de alta qualidade, dur\u00e1vel e resistente \u00e0 corros\u00e3o<\/strong>: Como fabricante profissional de utens\u00edlios de cozinha em a\u00e7o inoxid\u00e1vel de tr\u00eas camadas, escolhemos estritamente o a\u00e7o inoxid\u00e1vel 304 de alta qualidade, que \u00e9 resistente a altas temperaturas, resistente \u00e0 corros\u00e3o, n\u00e3o \u00e9 f\u00e1cil de deformar e outras carater\u00edsticas, e ainda mant\u00e9m o mesmo brilho como novo para uso a longo prazo.<\/li>\n\n\n\n<li><strong>Design de revestimento antiaderente, saud\u00e1vel e f\u00e1cil de limpar<\/strong>: A camada interior do utens\u00edlio de cozinha pode ser equipada com um revestimento antiaderente saud\u00e1vel opcional, que reduz a utiliza\u00e7\u00e3o de \u00f3leo durante a cozedura, torna menos prov\u00e1vel que os alimentos adiram \u00e0 frigideira e torna a limpeza mais conveniente, o que \u00e9 muito adequado para os utilizadores que procuram uma cozinha saud\u00e1vel e um funcionamento eficiente da cozinha.<\/li>\n\n\n\n<li><strong>Cabo ergon\u00f3mico, isolamento t\u00e9rmico e anti-escald\u00f5es mais seguro<\/strong>: A pega \u00e9 isolada termicamente e ergonomicamente concebida para uma ader\u00eancia confort\u00e1vel, o que permite um funcionamento seguro mesmo em ambientes com temperaturas elevadas, melhorando a experi\u00eancia do utilizador e a seguran\u00e7a operacional.<\/li>\n\n\n\n<li><strong>Compat\u00edvel com v\u00e1rias fontes de calor, adapta-se a v\u00e1rios ambientes de cozinha<\/strong>: Este conjunto personalizado de panelas de a\u00e7o inoxid\u00e1vel de tr\u00eas camadas \u00e9 compat\u00edvel com fog\u00f5es de indu\u00e7\u00e3o, fog\u00f5es a g\u00e1s, fog\u00f5es el\u00e9ctricos de cer\u00e2mica, fornos e outras fontes de calor, o que \u00e9 altamente adapt\u00e1vel para satisfazer as necessidades de diferentes regi\u00f5es e equipamentos de cozinha.<\/li>\n\n\n\n<li><strong>Design da tampa de vidro, estado de cozedura claramente vis\u00edvel<\/strong>: Cada conjunto de utens\u00edlios de cozinha est\u00e1 equipado com uma tampa de vidro resistente ao calor a alta temperatura, o que facilita a observa\u00e7\u00e3o do processo de cozedura em tempo real, reduz a perda de calor e humidade causada pela abertura frequente da tampa e melhora a efici\u00eancia e o sabor da cozedura.<\/li>\n\n\n\n<li><strong>Suporte OEM personalizado, criar utens\u00edlios de cozinha de marca exclusiva<\/strong>: Como um fabricante fi\u00e1vel de conjuntos de panelas de a\u00e7o inoxid\u00e1vel de tr\u00eas camadas, fornecemos servi\u00e7os abrangentes de OEM\/ODM, estrutura personalizada, tamanho, log\u00f3tipo e embalagem de acordo com as necessidades do cliente, o que ajuda as marcas a criar produtos diferenciados.<\/li>\n<\/ul>\n<\/div>\n\n\n\n<div class=\"wp-block-column is-layout-flow wp-block-column-is-layout-flow\">\n<figure class=\"wp-block-image size-full\"><img decoding=\"async\" width=\"720\" height=\"720\" src=\"https:\/\/www.chancescook.com\/wp-content\/uploads\/2024\/10\/Tri-Ply-Stainless-Steel-Cookware-Set-Wholesaler-1.webp\" alt=\"Conjunto de panelas de a\u00e7o inoxid\u00e1vel Tri Ply grossista (1)\" class=\"wp-image-4262\" srcset=\"https:\/\/www.chancescook.com\/wp-content\/uploads\/2024\/10\/Tri-Ply-Stainless-Steel-Cookware-Set-Wholesaler-1.webp 720w, https:\/\/www.chancescook.com\/wp-content\/uploads\/2024\/10\/Tri-Ply-Stainless-Steel-Cookware-Set-Wholesaler-1-300x300.webp 300w, https:\/\/www.chancescook.com\/wp-content\/uploads\/2024\/10\/Tri-Ply-Stainless-Steel-Cookware-Set-Wholesaler-1-150x150.webp 150w, https:\/\/www.chancescook.com\/wp-content\/uploads\/2024\/10\/Tri-Ply-Stainless-Steel-Cookware-Set-Wholesaler-1-12x12.webp 12w, https:\/\/www.chancescook.com\/wp-content\/uploads\/2024\/10\/Tri-Ply-Stainless-Steel-Cookware-Set-Wholesaler-1-285x285.webp 285w, https:\/\/www.chancescook.com\/wp-content\/uploads\/2024\/10\/Tri-Ply-Stainless-Steel-Cookware-Set-Wholesaler-1-270x270.webp 270w, https:\/\/www.chancescook.com\/wp-content\/uploads\/2024\/10\/Tri-Ply-Stainless-Steel-Cookware-Set-Wholesaler-1-540x540.webp 540w, https:\/\/www.chancescook.com\/wp-content\/uploads\/2024\/10\/Tri-Ply-Stainless-Steel-Cookware-Set-Wholesaler-1-660x660.webp 660w\" sizes=\"(max-width: 720px) 100vw, 720px\" \/><\/figure>\n<\/div>\n<\/div>\n\n\n\n<div class=\"wp-block-columns is-layout-flex wp-container-core-columns-is-layout-9d6595d7 wp-block-columns-is-layout-flex\">\n<div class=\"wp-block-column is-layout-flow wp-block-column-is-layout-flow\">\n<figure class=\"wp-block-image size-full\"><img decoding=\"async\" width=\"720\" height=\"720\" src=\"https:\/\/www.chancescook.com\/wp-content\/uploads\/2024\/10\/Tri-Ply-Stainless-Steel-Cookware-Set-Wholesaler-4.webp\" alt=\"Os utens\u00edlios de cozinha de a\u00e7o inoxid\u00e1vel s\u00e3o melhores do que os de cer\u00e2mica?\" class=\"wp-image-4265\" srcset=\"https:\/\/www.chancescook.com\/wp-content\/uploads\/2024\/10\/Tri-Ply-Stainless-Steel-Cookware-Set-Wholesaler-4.webp 720w, https:\/\/www.chancescook.com\/wp-content\/uploads\/2024\/10\/Tri-Ply-Stainless-Steel-Cookware-Set-Wholesaler-4-300x300.webp 300w, https:\/\/www.chancescook.com\/wp-content\/uploads\/2024\/10\/Tri-Ply-Stainless-Steel-Cookware-Set-Wholesaler-4-150x150.webp 150w, https:\/\/www.chancescook.com\/wp-content\/uploads\/2024\/10\/Tri-Ply-Stainless-Steel-Cookware-Set-Wholesaler-4-12x12.webp 12w, https:\/\/www.chancescook.com\/wp-content\/uploads\/2024\/10\/Tri-Ply-Stainless-Steel-Cookware-Set-Wholesaler-4-285x285.webp 285w, https:\/\/www.chancescook.com\/wp-content\/uploads\/2024\/10\/Tri-Ply-Stainless-Steel-Cookware-Set-Wholesaler-4-270x270.webp 270w, https:\/\/www.chancescook.com\/wp-content\/uploads\/2024\/10\/Tri-Ply-Stainless-Steel-Cookware-Set-Wholesaler-4-540x540.webp 540w, https:\/\/www.chancescook.com\/wp-content\/uploads\/2024\/10\/Tri-Ply-Stainless-Steel-Cookware-Set-Wholesaler-4-660x660.webp 660w\" sizes=\"(max-width: 720px) 100vw, 720px\" \/><\/figure>\n<\/div>\n\n\n\n<div class=\"wp-block-column is-layout-flow wp-block-column-is-layout-flow\">\n<figure class=\"wp-block-image size-full\"><img decoding=\"async\" width=\"720\" height=\"695\" src=\"https:\/\/www.chancescook.com\/wp-content\/uploads\/2024\/10\/Tri-Ply-Stainless-Steel-Cookware-Set-Wholesaler-2.webp\" alt=\"Trem de cozinha de alum\u00ednio vs a\u00e7o inoxid\u00e1vel-18\/8\" class=\"wp-image-4263\" srcset=\"https:\/\/www.chancescook.com\/wp-content\/uploads\/2024\/10\/Tri-Ply-Stainless-Steel-Cookware-Set-Wholesaler-2.webp 720w, https:\/\/www.chancescook.com\/wp-content\/uploads\/2024\/10\/Tri-Ply-Stainless-Steel-Cookware-Set-Wholesaler-2-300x290.webp 300w, https:\/\/www.chancescook.com\/wp-content\/uploads\/2024\/10\/Tri-Ply-Stainless-Steel-Cookware-Set-Wholesaler-2-12x12.webp 12w, https:\/\/www.chancescook.com\/wp-content\/uploads\/2024\/10\/Tri-Ply-Stainless-Steel-Cookware-Set-Wholesaler-2-285x275.webp 285w, https:\/\/www.chancescook.com\/wp-content\/uploads\/2024\/10\/Tri-Ply-Stainless-Steel-Cookware-Set-Wholesaler-2-660x637.webp 660w, https:\/\/www.chancescook.com\/wp-content\/uploads\/2024\/10\/Tri-Ply-Stainless-Steel-Cookware-Set-Wholesaler-2-150x145.webp 150w\" sizes=\"(max-width: 720px) 100vw, 720px\" \/><\/figure>\n<\/div>\n<\/div>\n\n\n\n<p><\/p>","protected":false},"excerpt":{"rendered":"<p>Este conjunto personalizado de utens\u00edlios de cozinha em a\u00e7o inoxid\u00e1vel de tr\u00eas camadas inclui 10 tachos e panelas dur\u00e1veis e antiaderentes com excelente distribui\u00e7\u00e3o de calor para uma cozedura eficiente e vers\u00e1til. Ideal para cozinhas dom\u00e9sticas e profissionais, \u00e9 fabricado por um fabricante de utens\u00edlios de cozinha de confian\u00e7a. Contacte-nos hoje para personaliza\u00e7\u00e3o OEM!<\/p>\n<h3 class=\"wp-block-heading\">Especifica\u00e7\u00f5es do Conjunto de panelas de a\u00e7o inoxid\u00e1vel Tri Ply<\/h3>\n<table border=\"0\" width=\"1088\" cellspacing=\"0\" cellpadding=\"0\">\n<tbody>\n<tr>\n<td width=\"400\" height=\"42\">Fabricante<\/td>\n<td width=\"688\">CHANCES<\/td>\n<\/tr>\n<tr>\n<td height=\"42\">Material<\/td>\n<td>A\u00e7o inoxid\u00e1vel de 3 camadas<\/td>\n<\/tr>\n<tr>\n<td height=\"42\">Espessura<\/td>\n<td>2,3 mm<\/td>\n<\/tr>\n<tr>\n<td height=\"72\">Combina\u00e7\u00e3o<\/td>\n<td width=\"688\">2* frigideira\/2* molheira\/1* frigideira funda\/1* panela<\/td>\n<\/tr>\n<tr>\n<td height=\"42\">Utiliza\u00e7\u00e3o<\/td>\n<td>Fritar e cozinhar<\/td>\n<\/tr>\n<tr>\n<td height=\"42\">OEM&amp;ODM<\/td>\n<td>Personalizado, bem-vindo OEM&amp;ODM<\/td>\n<\/tr>\n<tr>\n<td height=\"42\">Embalagem:<\/td>\n<td>Caixa de cor\/caixa de cart\u00e3o<\/td>\n<\/tr>\n<tr>\n<td height=\"42\">Amostra<\/td>\n<td>Gr\u00e1tis.<\/td>\n<\/tr>\n<\/tbody>\n<\/table>\n<p><a href=\"https:\/\/www.chancescook.com\/pt\/\"><strong>Chancescook<\/strong><\/a> est\u00e1 empenhada em fornecer servi\u00e7os personalizados eficientes e profissionais apoiados pelo nosso desenvolvimento exclusivo de moldes, forte capacidade de produ\u00e7\u00e3o e controlo de qualidade rigoroso para garantir que cada lote de conjuntos de panelas de a\u00e7o inoxid\u00e1vel de tr\u00eas camadas satisfaz as suas necessidades. \u00a0 \u00a0<\/p>","protected":false},"featured_media":4365,"comment_status":"closed","ping_status":"closed","template":"","meta":{"_acf_changed":false},"product_brand":[],"product_cat":[53],"product_tag":[],"class_list":{"0":"post-4261","1":"product","2":"type-product","3":"status-publish","4":"has-post-thumbnail","6":"product_cat-wholesale-cookware-sets","8":"first","9":"instock","10":"shipping-taxable","11":"product-type-simple"},"acf":[],"_links":{"self":[{"href":"https:\/\/www.chancescook.com\/pt\/wp-json\/wp\/v2\/product\/4261","targetHints":{"allow":["GET"]}}],"collection":[{"href":"https:\/\/www.chancescook.com\/pt\/wp-json\/wp\/v2\/product"}],"about":[{"href":"https:\/\/www.chancescook.com\/pt\/wp-json\/wp\/v2\/types\/product"}],"replies":[{"embeddable":true,"href":"https:\/\/www.chancescook.com\/pt\/wp-json\/wp\/v2\/comments?post=4261"}],"wp:featuredmedia":[{"embeddable":true,"href":"https:\/\/www.chancescook.com\/pt\/wp-json\/wp\/v2\/media\/4365"}],"wp:attachment":[{"href":"https:\/\/www.chancescook.com\/pt\/wp-json\/wp\/v2\/media?parent=4261"}],"wp:term":[{"taxonomy":"product_brand","embeddable":true,"href":"https:\/\/www.chancescook.com\/pt\/wp-json\/wp\/v2\/product_brand?post=4261"},{"taxonomy":"product_cat","embeddable":true,"href":"https:\/\/www.chancescook.com\/pt\/wp-json\/wp\/v2\/product_cat?post=4261"},{"taxonomy":"product_tag","embeddable":true,"href":"https:\/\/www.chancescook.com\/pt\/wp-json\/wp\/v2\/product_tag?post=4261"}],"curies":[{"name":"wp","href":"https:\/\/api.w.org\/{rel}","templated":true}]}}