{"id":4275,"date":"2024-10-14T18:27:52","date_gmt":"2024-10-14T18:27:52","guid":{"rendered":"https:\/\/www.chancescook.com\/?post_type=product&#038;p=4275"},"modified":"2025-12-21T14:23:37","modified_gmt":"2025-12-21T14:23:37","slug":"wholesale-gastronorm-pans","status":"publish","type":"product","link":"https:\/\/www.chancescook.com\/pt\/produto\/wholesale-gastronorm-pans\/","title":{"rendered":"Frigideiras Gastronorm por atacado Frigideiras GN de a\u00e7o inoxid\u00e1vel 304 com tampas"},"content":{"rendered":"<div class=\"wp-block-columns is-layout-flex wp-container-core-columns-is-layout-9d6595d7 wp-block-columns-is-layout-flex\">\n<div class=\"wp-block-column is-layout-flow wp-block-column-is-layout-flow\">\n<h3 class=\"wp-block-heading\">Vantagens das panelas Gastronorm de a\u00e7o inoxid\u00e1vel<\/h3>\n\n\n\n<ul class=\"wp-block-list\">\n<li><strong>Material de a\u00e7o inoxid\u00e1vel 304 de qualidade alimentar para excelente<\/strong>resist\u00eancia \u00e0 corros\u00e3o e \u00e0 oxida\u00e7\u00e3o, garantindo a seguran\u00e7a de uma utiliza\u00e7\u00e3o a longo prazo e a conformidade com as normas relativas ao contacto com os alimentos.<\/li>\n\n\n\n<li><strong>Escolha de v\u00e1rios tamanhos<\/strong>: Disponibilizamos tabuleiros Gastronorm GN de v\u00e1rios tamanhos para se adaptarem \u00e0s diferentes necessidades de v\u00e1rios servi\u00e7os alimentares, desde pequenos contentores a grandes armaz\u00e9ns, com armazenamento de ingredientes e cozinha diversificados.<\/li>\n\n\n\n<li><strong>Design da tampa selada<\/strong>: Equipado com uma tampa selada em a\u00e7o inoxid\u00e1vel, cada tabuleiro GN garante alimentos frescos e zero fugas, e mant\u00e9m o sabor e a qualidade dos ingredientes, especialmente adequado para servi\u00e7os alimentares e cozinhas de grande escala.<\/li>\n\n\n\n<li><strong>Robusto e dur\u00e1vel<\/strong>: A constru\u00e7\u00e3o em a\u00e7o inoxid\u00e1vel espesso \u00e9 resistente a riscos e duradoura. Suporta uma utiliza\u00e7\u00e3o frequente e um manuseamento a alta temperatura; por isso, \u00e9 adequado para condi\u00e7\u00f5es de grande atividade no servi\u00e7o alimentar.<\/li>\n\n\n\n<li><strong>Design economizador de espa\u00e7o para empilhamento<\/strong>: Os tabuleiros GN foram concebidos para serem empilhados, o que permite poupar espa\u00e7o durante a arruma\u00e7\u00e3o. Assim, \u00e9 f\u00e1cil gerir o n\u00famero de pe\u00e7as para organizar eficazmente a cozinha.<\/li>\n\n\n\n<li><strong>Limpeza f\u00e1cil<\/strong>: A suavidade do a\u00e7o inoxid\u00e1vel impede a acumula\u00e7\u00e3o de res\u00edduos de alimentos e \u00e9 f\u00e1cil de limpar; assim, poupa tempo de limpeza na parte de tr\u00e1s da cozinha porque pode ser lavado na m\u00e1quina de lavar lou\u00e7a.<\/li>\n\n\n\n<li><strong>Pode ser aplicado a todos os tipos de ambientes de cozinha<\/strong>: congelados, refrigerados, cozinhados a vapor, etc. Tem uma vasta gama de utiliza\u00e7\u00e3o e uma aplica\u00e7\u00e3o flex\u00edvel em cozinhas comerciais.<\/li>\n<\/ul>\n<\/div>\n\n\n\n<div class=\"wp-block-column is-layout-flow wp-block-column-is-layout-flow\">\n<figure class=\"wp-block-image size-full\"><img decoding=\"async\" width=\"720\" height=\"720\" src=\"https:\/\/www.chancescook.com\/wp-content\/uploads\/2024\/10\/Wholesale-Gastronorm-PansGN-Pans-6.webp\" alt=\"Panelas Gastronorm por atacado, Panelas GN (6)\" class=\"wp-image-4281\" srcset=\"https:\/\/www.chancescook.com\/wp-content\/uploads\/2024\/10\/Wholesale-Gastronorm-PansGN-Pans-6.webp 720w, https:\/\/www.chancescook.com\/wp-content\/uploads\/2024\/10\/Wholesale-Gastronorm-PansGN-Pans-6-300x300.webp 300w, https:\/\/www.chancescook.com\/wp-content\/uploads\/2024\/10\/Wholesale-Gastronorm-PansGN-Pans-6-150x150.webp 150w, https:\/\/www.chancescook.com\/wp-content\/uploads\/2024\/10\/Wholesale-Gastronorm-PansGN-Pans-6-12x12.webp 12w, https:\/\/www.chancescook.com\/wp-content\/uploads\/2024\/10\/Wholesale-Gastronorm-PansGN-Pans-6-285x285.webp 285w, https:\/\/www.chancescook.com\/wp-content\/uploads\/2024\/10\/Wholesale-Gastronorm-PansGN-Pans-6-270x270.webp 270w, https:\/\/www.chancescook.com\/wp-content\/uploads\/2024\/10\/Wholesale-Gastronorm-PansGN-Pans-6-540x540.webp 540w, https:\/\/www.chancescook.com\/wp-content\/uploads\/2024\/10\/Wholesale-Gastronorm-PansGN-Pans-6-660x660.webp 660w\" sizes=\"(max-width: 720px) 100vw, 720px\" \/><\/figure>\n<\/div>\n<\/div>\n\n\n\n<p><\/p>","protected":false},"excerpt":{"rendered":"<p>As nossas frigideiras gastron\u00f3micas de a\u00e7o inoxid\u00e1vel, ou frigideiras gn, oferecem durabilidade e versatilidade em v\u00e1rios tamanhos para cozinhas comerciais e opera\u00e7\u00f5es de servi\u00e7os alimentares. S\u00e3o ideais para compradores B2B que procuram solu\u00e7\u00f5es fi\u00e1veis e duradouras de armazenamento e prepara\u00e7\u00e3o de alimentos.<\/p>\n<h3 class=\"wp-block-heading\">Especifica\u00e7\u00f5es das panelas Gastronorm de a\u00e7o inoxid\u00e1vel<\/h3>\n<table border=\"0\" width=\"1088\" cellspacing=\"0\" cellpadding=\"0\">\n<tbody>\n<tr>\n<td width=\"400\" height=\"42\">Fabricante<\/td>\n<td width=\"688\">CHANCES<\/td>\n<\/tr>\n<tr>\n<td height=\"42\">Material<\/td>\n<td>A\u00e7o inoxid\u00e1vel 304<\/td>\n<\/tr>\n<tr>\n<td height=\"42\">Espessura<\/td>\n<td>1,0 mm<\/td>\n<\/tr>\n<tr>\n<td height=\"42\">Tamanho<\/td>\n<td width=\"688\">1\/1,1\/2, 1\/3, 1\/4, 1\/6, 1\/9 recipiente gastron\u00f3mico<\/td>\n<\/tr>\n<tr>\n<td height=\"42\">Altura<\/td>\n<td>2,4,6,5,10,15,20cm<\/td>\n<\/tr>\n<tr>\n<td height=\"42\">Cor<\/td>\n<td>A\u00e7o inoxid\u00e1vel Cor<\/td>\n<\/tr>\n<tr>\n<td height=\"42\">OEM&amp;ODM<\/td>\n<td>Personalizado, bem-vindo OEM&amp;ODM<\/td>\n<\/tr>\n<tr>\n<td height=\"42\">Embalagem:<\/td>\n<td>Caixa de cor\/caixa de cart\u00e3o<\/td>\n<\/tr>\n<tr>\n<td height=\"42\">Amostra<\/td>\n<td>Gr\u00e1tis.<\/td>\n<\/tr>\n<\/tbody>\n<\/table>","protected":false},"featured_media":4280,"comment_status":"closed","ping_status":"closed","template":"","meta":{"_acf_changed":false},"product_brand":[],"product_cat":[56],"product_tag":[],"class_list":{"0":"post-4275","1":"product","2":"type-product","3":"status-publish","4":"has-post-thumbnail","6":"product_cat-wholesale-kitchen-utensils","8":"first","9":"instock","10":"shipping-taxable","11":"product-type-simple"},"acf":[],"_links":{"self":[{"href":"https:\/\/www.chancescook.com\/pt\/wp-json\/wp\/v2\/product\/4275","targetHints":{"allow":["GET"]}}],"collection":[{"href":"https:\/\/www.chancescook.com\/pt\/wp-json\/wp\/v2\/product"}],"about":[{"href":"https:\/\/www.chancescook.com\/pt\/wp-json\/wp\/v2\/types\/product"}],"replies":[{"embeddable":true,"href":"https:\/\/www.chancescook.com\/pt\/wp-json\/wp\/v2\/comments?post=4275"}],"wp:featuredmedia":[{"embeddable":true,"href":"https:\/\/www.chancescook.com\/pt\/wp-json\/wp\/v2\/media\/4280"}],"wp:attachment":[{"href":"https:\/\/www.chancescook.com\/pt\/wp-json\/wp\/v2\/media?parent=4275"}],"wp:term":[{"taxonomy":"product_brand","embeddable":true,"href":"https:\/\/www.chancescook.com\/pt\/wp-json\/wp\/v2\/product_brand?post=4275"},{"taxonomy":"product_cat","embeddable":true,"href":"https:\/\/www.chancescook.com\/pt\/wp-json\/wp\/v2\/product_cat?post=4275"},{"taxonomy":"product_tag","embeddable":true,"href":"https:\/\/www.chancescook.com\/pt\/wp-json\/wp\/v2\/product_tag?post=4275"}],"curies":[{"name":"wp","href":"https:\/\/api.w.org\/{rel}","templated":true}]}}