{"id":4460,"date":"2024-12-02T15:09:20","date_gmt":"2024-12-02T15:09:20","guid":{"rendered":"https:\/\/www.chancescook.com\/?post_type=product&#038;p=4460"},"modified":"2025-12-22T09:34:49","modified_gmt":"2025-12-22T09:34:49","slug":"wholesale-lunch-boxes-with-cover","status":"publish","type":"product","link":"https:\/\/www.chancescook.com\/pt\/produto\/wholesale-lunch-boxes-with-cover\/","title":{"rendered":"Lancheira a granel \u00e0 prova de fugas para micro-ondas com tampa de vidro vis\u00edvel"},"content":{"rendered":"<div class=\"wp-block-columns is-layout-flex wp-container-core-columns-is-layout-9d6595d7 wp-block-columns-is-layout-flex\">\n<div class=\"wp-block-column is-layout-flow wp-block-column-is-layout-flow\">\n<h3 class=\"wp-block-heading\">Par\u00e2metros das lancheiras a granel <\/h3>\n\n\n\n<p>Material: A\u00e7o inoxid\u00e1vel 304 + vidro + PP<br>Tampa: vidro \u00e0 prova de explos\u00e3o + PP<br>Cor: prata + silicone castanho<br>Tratamento de superf\u00edcie: eletrol\u00edtico<br>Especifica\u00e7\u00e3o: 450-3000ml<br>Espessura: 0,5 mm<br>MOQ 500 pcs<\/p>\n<\/div>\n\n\n\n<div class=\"wp-block-column is-layout-flow wp-block-column-is-layout-flow\">\n<h3 class=\"wp-block-heading\">Lancheiras personalizadas<\/h3>\n\n\n\n<p>Log\u00f3tipos: Personalizar o log\u00f3tipo da sua marca<br>Gr\u00e1ficos: Personalizar os gr\u00e1ficos pretendidos<br>Quantidade de encomenda 2000 pe\u00e7as<br><strong><a href=\"https:\/\/www.chancescook.com\/pt\/custom-cookware\/\" target=\"_blank\" rel=\"noreferrer noopener\">Solu\u00e7\u00f5es personalizadas OEM e ODM<\/a><\/strong><\/p>\n<\/div>\n<\/div>\n\n\n<div class=\"wp-block-image\">\n<figure class=\"alignleft size-full is-resized\"><img decoding=\"async\" width=\"421\" height=\"720\" src=\"https:\/\/www.chancescook.com\/wp-content\/uploads\/2024\/12\/Bulk-Lunch-Box-Cover-2.webp\" alt=\"Capa para lancheiras a granel \uff082\uff09\" class=\"wp-image-4464\" style=\"width:840px;height:auto\" srcset=\"https:\/\/www.chancescook.com\/wp-content\/uploads\/2024\/12\/Bulk-Lunch-Box-Cover-2.webp 421w, https:\/\/www.chancescook.com\/wp-content\/uploads\/2024\/12\/Bulk-Lunch-Box-Cover-2-175x300.webp 175w, https:\/\/www.chancescook.com\/wp-content\/uploads\/2024\/12\/Bulk-Lunch-Box-Cover-2-7x12.webp 7w, https:\/\/www.chancescook.com\/wp-content\/uploads\/2024\/12\/Bulk-Lunch-Box-Cover-2-285x487.webp 285w, https:\/\/www.chancescook.com\/wp-content\/uploads\/2024\/12\/Bulk-Lunch-Box-Cover-2-386x660.webp 386w, https:\/\/www.chancescook.com\/wp-content\/uploads\/2024\/12\/Bulk-Lunch-Box-Cover-2-88x150.webp 88w\" sizes=\"(max-width: 421px) 100vw, 421px\" \/><\/figure>\n<\/div>","protected":false},"excerpt":{"rendered":"<p>Somos um fornecedor de lancheiras. Fabricado em a\u00e7o inoxid\u00e1vel de alta qualidade, dur\u00e1vel e resistente \u00e0 corros\u00e3o, com uma tampa de vidro para facilitar a visualiza\u00e7\u00e3o dos alimentos. O anel de veda\u00e7\u00e3o e o anel de bloqueio trabalham em estreita colabora\u00e7\u00e3o para evitar fugas de alimentos. N\u00e3o s\u00f3 as compras por grosso beneficiam de melhores pre\u00e7os, como tamb\u00e9m podemos fornecer servi\u00e7os personalizados. A nossa equipa de vendas pode ajustar a cor, o padr\u00e3o de impress\u00e3o, etc., de acordo com as suas necessidades.<\/p>\n<h3>Carater\u00edsticas e vantagens das lancheiras<\/h3>\n<p><span class=\"Editor_t__not_edited_long__JuNNx\"><strong>Selado, n\u00e3o t\u00f3xico e sem BPA<\/strong>: Prepare refei\u00e7\u00f5es saud\u00e1veis com anteced\u00eancia, reduzindo o tempo de limpeza. As nossas lancheiras s\u00e3o perfeitas para quem segue um estilo de vida cetog\u00e9nico, mantendo os alimentos frescos e seguros.<\/p>\n<p><strong>Empilh\u00e1vel e economizador de espa\u00e7o<\/strong>: Poupe dinheiro, espa\u00e7o e energia com estas lancheiras empilh\u00e1veis. Perfeitas para crian\u00e7as em movimento<\/span><span class=\"Editor_t__not_edited__WuRP8\">\u00a0ou\u00a0<\/span><span class=\"Editor_t__added__LtuNJ\">para<\/span><span class=\"Editor_t__not_edited__WuRP8\">\u00a0<\/span><span class=\"Editor_t__added__LtuNJ\">embalagem<\/span><span class=\"Editor_t__not_edited_long__JuNNx\">\u00a0almo\u00e7os, lanches e refei\u00e7\u00f5es completas para piqueniques e passeios<\/span><span class=\"Editor_t__added__LtuNJ\">,<\/span><span class=\"Editor_t__not_edited__WuRP8\">\u00a0o design compacto\u00a0<\/span><span class=\"Editor_t__added__LtuNJ\">\u00e9<\/span><span class=\"Editor_t__not_edited__WuRP8\">\u00a0<\/span><span class=\"Editor_t__not_edited_long__JuNNx\">f\u00e1cil de guardar em arcas frigor\u00edficas, sacos de almo\u00e7o ou mochilas.<\/p>\n<p><strong>F\u00e1cil de limpar<\/strong><\/span><span class=\"Editor_t__added__LtuNJ\">:<\/span><span class=\"Editor_t__not_edited__WuRP8\">\u00a0<\/span><span class=\"Editor_t__not_edited__WuRP8\">Seguro para m\u00e1quina de lavar lou\u00e7a e odor<\/span><span class=\"Editor_t__added__LtuNJ\">\u00a0Resistente<\/span><span class=\"Editor_t__not_edited__WuRP8\">-<\/span><span class=\"Editor_t__added__LtuNJ\">Tratada;<\/span><span class=\"Editor_t__not_edited__WuRP8\">\u00a0<\/span><span class=\"Editor_t__added__LtuNJ\">nosso<\/span><span class=\"Editor_t__not_edited__WuRP8\">\u00a0<\/span><span class=\"Editor_t__not_edited__WuRP8\">resistente \u00e0 ferrugem<\/span><span class=\"Editor_t__added__LtuNJ\">,<\/span><span class=\"Editor_t__not_edited__WuRP8\">\u00a0a\u00e7o inoxid\u00e1vel<\/span><span class=\"Editor_t__not_edited__WuRP8\">\u00a0<\/span><span class=\"Editor_t__not_edited_long__JuNNx\">as lancheiras s\u00e3o f\u00e1ceis de limpar e podem ir\u00a0<\/span><span class=\"Editor_t__added__LtuNJ\">diretamente<\/span><span class=\"Editor_t__not_edited__WuRP8\">\u00a0em\u00a0<\/span><span class=\"Editor_t__added__LtuNJ\">seu<\/span><span class=\"Editor_t__not_edited__WuRP8\">\u00a0m\u00e1quina de lavar lou\u00e7a.\u00a0<\/span><span class=\"Editor_t__not_edited__WuRP8\">Odor avan\u00e7ado<\/span><span class=\"Editor_t__added__LtuNJ\">\u00a0<\/span><span class=\"Editor_t__not_edited__WuRP8\">Tecnologia resistente\u00a0<\/span><span class=\"Editor_t__added__LtuNJ\">assim<\/span><span class=\"Editor_t__not_edited__WuRP8\">\u00a0<\/span><span class=\"Editor_t__added__LtuNJ\">que mant\u00e9m\u00a0<\/span><span class=\"Editor_t__not_edited__WuRP8\">a sua lancheira\u00a0<\/span><span class=\"Editor_t__not_edited__WuRP8\">fresco<\/span><span class=\"Editor_t__not_edited__WuRP8\">\u00a0<\/span><span class=\"Editor_t__added__LtuNJ\">e<\/span><span class=\"Editor_t__not_edited__WuRP8\">\u00a0<\/span><span class=\"Editor_t__added__LtuNJ\">n\u00e3o<\/span><span class=\"Editor_t__not_edited__WuRP8\">\u00a0<\/span><span class=\"Editor_t__added__LtuNJ\">dar<\/span><span class=\"Editor_t__not_edited__WuRP8\">\u00a0<\/span><span class=\"Editor_t__added__LtuNJ\">tu<\/span><span class=\"Editor_t__not_edited__WuRP8\">\u00a0<\/span><span class=\"Editor_t__added__LtuNJ\">qualquer<\/span><span class=\"Editor_t__not_edited__WuRP8\">\u00a0<\/span><span class=\"Editor_t__added__LtuNJ\">cheirar sempre que\u00a0<\/span><span class=\"Editor_t__not_edited_long__JuNNx\">abre-o.<\/p>\n<p><strong>Tampa de vidro com fun\u00e7\u00e3o de temporizador<\/strong>: A tampa de vidro\u00a0<\/span><span class=\"Editor_t__added__LtuNJ\">tem<\/span><span class=\"Editor_t__not_edited__WuRP8\">\u00a0<\/span><span class=\"Editor_t__added__LtuNJ\">um<\/span><span class=\"Editor_t__not_edited__WuRP8\">\u00a0<\/span><span class=\"Editor_t__added__LtuNJ\">incorporado<\/span><span class=\"Editor_t__not_edited__WuRP8\"> Fun\u00e7\u00e3o de temporizador, que permite controlar facilmente o tempo de conserva\u00e7\u00e3o dos alimentos no interior<\/span><span class=\"Editor_t__added__LtuNJ\">.\u00a0<\/span><span class=\"Editor_t__not_edited__WuRP8\">Voc\u00ea\u00a0<\/span><span class=\"Editor_t__added__LtuNJ\">vontade\u00a0<\/span><span class=\"Editor_t__not_edited__WuRP8\">saber quando tomar as suas refei\u00e7\u00f5es para <\/span><span class=\"Editor_t__added__LtuNJ\">tu<\/span><span class=\"Editor_t__not_edited__WuRP8\">\u00a0<\/span><span class=\"Editor_t__added__LtuNJ\">fazer<\/span><span class=\"Editor_t__not_edited__WuRP8\">\u00a0<\/span><span class=\"Editor_t__added__LtuNJ\">n\u00e3o<\/span><span class=\"Editor_t__not_edited__WuRP8\">\u00a0<\/span><span class=\"Editor_t__added__LtuNJ\">armazen\u00e1-los para\u00a0<\/span><span class=\"Editor_t__not_edited__WuRP8\">demasiado tempo.<\/p>\n<p><\/span><strong><span class=\"Editor_t__added__LtuNJ\">Adequado<\/span><span class=\"Editor_t__not_edited__WuRP8\">\u00a0para Qualquer\u00a0<\/span><span class=\"Editor_t__added__LtuNJ\">Situa\u00e7\u00e3o<\/span><\/strong><span class=\"Editor_t__not_edited__WuRP8\">:\u00a0<\/span><span class=\"Editor_t__added__LtuNJ\">Perfeito<\/span><span class=\"Editor_t__not_edited_long__JuNNx\">\u00a0para reuni\u00f5es familiares, piqueniques,\u00a0<\/span><span class=\"Editor_t__added__LtuNJ\">e<\/span><span class=\"Editor_t__not_edited__WuRP8\">\u00a0<\/span><span class=\"Editor_t__added__LtuNJ\">mesmo viajando<\/span><span class=\"Editor_t__not_edited_long__JuNNx\">. Estas lancheiras s\u00e3o\u00a0<\/span><span class=\"Editor_t__added__LtuNJ\">efectuadas<\/span><span class=\"Editor_t__not_edited__WuRP8\">\u00a0<\/span><span class=\"Editor_t__added__LtuNJ\">para<\/span><span class=\"Editor_t__not_edited__WuRP8\">\u00a0<\/span><span class=\"Editor_t__added__LtuNJ\">ser<\/span><span class=\"Editor_t__not_edited__WuRP8\">\u00a0<\/span><span class=\"Editor_t__added__LtuNJ\">tomadas<\/span><span class=\"Editor_t__not_edited__WuRP8\">\u00a0<\/span><span class=\"Editor_t__added__LtuNJ\">em qualquer lugar<\/span><span class=\"Editor_t__not_edited__WuRP8\">\u00a0<\/span><span class=\"Editor_t__added__LtuNJ\">e<\/span><span class=\"Editor_t__not_edited__WuRP8\">\u00a0<\/span><span class=\"Editor_t__added__LtuNJ\">com qualquer coisa<\/span><span class=\"Editor_t__not_edited__WuRP8\">,\u00a0<\/span><span class=\"Editor_t__added__LtuNJ\">de<\/span><span class=\"Editor_t__not_edited__WuRP8\">\u00a0<\/span><span class=\"Editor_t__added__LtuNJ\">a<\/span><span class=\"Editor_t__not_edited__WuRP8\">\u00a0<\/span><span class=\"Editor_t__not_edited__WuRP8\">saco de almo\u00e7o<\/span><span class=\"Editor_t__not_edited__WuRP8\">\u00a0<\/span><span class=\"Editor_t__added__LtuNJ\">para um\u00a0<\/span><span class=\"Editor_t__not_edited__WuRP8\">mochila<\/span><span class=\"Editor_t__not_edited__WuRP8\">\u00a0<\/span><span class=\"Editor_t__added__LtuNJ\">e<\/span><span class=\"Editor_t__not_edited__WuRP8\">\u00a0mais frio.<\/span><\/p>\n<p>&nbsp;<\/p>","protected":false},"featured_media":5802,"comment_status":"closed","ping_status":"closed","template":"","meta":{"_acf_changed":false},"product_brand":[],"product_cat":[56],"product_tag":[],"class_list":{"0":"post-4460","1":"product","2":"type-product","3":"status-publish","4":"has-post-thumbnail","6":"product_cat-wholesale-kitchen-utensils","8":"first","9":"instock","10":"shipping-taxable","11":"product-type-simple"},"acf":[],"_links":{"self":[{"href":"https:\/\/www.chancescook.com\/pt\/wp-json\/wp\/v2\/product\/4460","targetHints":{"allow":["GET"]}}],"collection":[{"href":"https:\/\/www.chancescook.com\/pt\/wp-json\/wp\/v2\/product"}],"about":[{"href":"https:\/\/www.chancescook.com\/pt\/wp-json\/wp\/v2\/types\/product"}],"replies":[{"embeddable":true,"href":"https:\/\/www.chancescook.com\/pt\/wp-json\/wp\/v2\/comments?post=4460"}],"wp:featuredmedia":[{"embeddable":true,"href":"https:\/\/www.chancescook.com\/pt\/wp-json\/wp\/v2\/media\/5802"}],"wp:attachment":[{"href":"https:\/\/www.chancescook.com\/pt\/wp-json\/wp\/v2\/media?parent=4460"}],"wp:term":[{"taxonomy":"product_brand","embeddable":true,"href":"https:\/\/www.chancescook.com\/pt\/wp-json\/wp\/v2\/product_brand?post=4460"},{"taxonomy":"product_cat","embeddable":true,"href":"https:\/\/www.chancescook.com\/pt\/wp-json\/wp\/v2\/product_cat?post=4460"},{"taxonomy":"product_tag","embeddable":true,"href":"https:\/\/www.chancescook.com\/pt\/wp-json\/wp\/v2\/product_tag?post=4460"}],"curies":[{"name":"wp","href":"https:\/\/api.w.org\/{rel}","templated":true}]}}