{"id":4492,"date":"2024-12-09T17:26:08","date_gmt":"2024-12-09T17:26:08","guid":{"rendered":"https:\/\/www.chancescook.com\/?post_type=product&#038;p=4492"},"modified":"2024-12-10T03:58:45","modified_gmt":"2024-12-10T03:58:45","slug":"stainless-steel-mixing-bowls-wholesale","status":"publish","type":"product","link":"https:\/\/www.chancescook.com\/pt\/produto\/stainless-steel-mixing-bowls-wholesale\/","title":{"rendered":"Tigelas de mistura de a\u00e7o inoxid\u00e1vel multiusos por atacado com coador"},"content":{"rendered":"<div class=\"wp-block-columns is-layout-flex wp-container-core-columns-is-layout-9d6595d7 wp-block-columns-is-layout-flex\">\n<div class=\"wp-block-column is-layout-flow wp-block-column-is-layout-flow\">\n<h2 class=\"wp-block-heading\">Par\u00e2metros das ta\u00e7as de mistura em a\u00e7o inoxid\u00e1vel<\/h2>\n\n\n\n<p><\/p>\n\n\n\n<p>Nome do produto: Coador de a\u00e7o inoxid\u00e1vel<br>Material: A\u00e7o inoxid\u00e1vel 304<br>Aceitar log\u00f3tipo: Log\u00f3tipo personalizado<br>Aplica\u00e7\u00e3o : Cozinha\/casa\/restaurante<br>Fun\u00e7\u00e3o\uff1a Drenar alimentos<br>Embalagem: Caixa de cor<br>Tamanho do conjunto: 16\/18\/20\/22\/24\/26\/28\/30\/32cm<\/p>\n<\/div>\n\n\n\n<div class=\"wp-block-column is-layout-flow wp-block-column-is-layout-flow\">\n<h2 class=\"wp-block-heading\">Ta\u00e7as de mistura em a\u00e7o inoxid\u00e1vel personalizadas<\/h2>\n\n\n\n<p><\/p>\n\n\n\n<p>Log\u00f3tipo: personalizar o log\u00f3tipo da sua marca<br>embalagem: caixa de cor\/caixa de cart\u00e3o, etc<br>MOQ: 1000pcs<br><strong><a href=\"https:\/\/www.chancescook.com\/pt\/custom-cookware\/\">Solu\u00e7\u00f5es de ta\u00e7as de mistura personalizadas OEM e ODM<\/a><\/strong><\/p>\n<\/div>\n<\/div>\n\n\n\n<div class=\"wp-block-columns is-layout-flex wp-container-core-columns-is-layout-9d6595d7 wp-block-columns-is-layout-flex\">\n<div class=\"wp-block-column is-layout-flow wp-block-column-is-layout-flow\">\n<figure class=\"wp-block-image size-full\"><img decoding=\"async\" width=\"720\" height=\"720\" src=\"https:\/\/www.chancescook.com\/wp-content\/uploads\/2024\/12\/Wholesale-Stainless-Steel-Mixing-Bowls-2.webp\" alt=\"Tigelas de mistura de a\u00e7o inoxid\u00e1vel por atacado (2)\" class=\"wp-image-4495\" srcset=\"https:\/\/www.chancescook.com\/wp-content\/uploads\/2024\/12\/Wholesale-Stainless-Steel-Mixing-Bowls-2.webp 720w, https:\/\/www.chancescook.com\/wp-content\/uploads\/2024\/12\/Wholesale-Stainless-Steel-Mixing-Bowls-2-300x300.webp 300w, https:\/\/www.chancescook.com\/wp-content\/uploads\/2024\/12\/Wholesale-Stainless-Steel-Mixing-Bowls-2-150x150.webp 150w, https:\/\/www.chancescook.com\/wp-content\/uploads\/2024\/12\/Wholesale-Stainless-Steel-Mixing-Bowls-2-12x12.webp 12w, https:\/\/www.chancescook.com\/wp-content\/uploads\/2024\/12\/Wholesale-Stainless-Steel-Mixing-Bowls-2-285x285.webp 285w, https:\/\/www.chancescook.com\/wp-content\/uploads\/2024\/12\/Wholesale-Stainless-Steel-Mixing-Bowls-2-270x270.webp 270w, https:\/\/www.chancescook.com\/wp-content\/uploads\/2024\/12\/Wholesale-Stainless-Steel-Mixing-Bowls-2-540x540.webp 540w, https:\/\/www.chancescook.com\/wp-content\/uploads\/2024\/12\/Wholesale-Stainless-Steel-Mixing-Bowls-2-660x660.webp 660w\" sizes=\"(max-width: 720px) 100vw, 720px\" \/><\/figure>\n<\/div>\n\n\n\n<div class=\"wp-block-column is-layout-flow wp-block-column-is-layout-flow\"><\/div>\n<\/div>","protected":false},"excerpt":{"rendered":"<p>Chancesook \u00e9 um fabricante de tigelas de mistura, n\u00f3s fornecemos servi\u00e7o de tigelas de mistura multiuso por atacado. As ta\u00e7as de mistura t\u00eam um coador que facilita a lavagem e filtragem de vegetais, frutas e arroz. Bem-vindo a contactar-nos para comprar tigelas de mistura a granel.<\/p>\n<h3>Carater\u00edsticas e vantagens das ta\u00e7as misturadoras em a\u00e7o inoxid\u00e1vel<\/h3>\n<ul>\n<li>O acabamento requintado faz com que n\u00e3o seja f\u00e1cil enferrujar e deformar, \u00e9 f\u00e1cil de transportar e pode ser utilizado em cozinhas interiores e em acampamentos exteriores.<\/li>\n<li>Feito de material de a\u00e7o inoxid\u00e1vel 304, superf\u00edcie lisa, f\u00e1cil de limpar, dur\u00e1vel e forte capacidade de carga.<\/li>\n<li>\u00d3timo para a limpeza de utens\u00edlios de cozinha e recipientes para alimentos, como frutas, legumes ou outros alimentos secos de grandes dimens\u00f5es.<\/li>\n<li>A limpeza dos alimentos \u00e9 segura e pr\u00e1tica, e o design com v\u00e1rios orif\u00edcios permite um escoamento mais suave e eficiente.<\/li>\n<li>Oferta de ta\u00e7as de mistura personalizadas OEM e ODM.<\/li>\n<\/ul>","protected":false},"featured_media":4494,"comment_status":"closed","ping_status":"closed","template":"","meta":{"_acf_changed":false},"product_brand":[],"product_cat":[55],"product_tag":[],"class_list":{"0":"post-4492","1":"product","2":"type-product","3":"status-publish","4":"has-post-thumbnail","6":"product_cat-tableware-wholesale","8":"first","9":"instock","10":"shipping-taxable","11":"product-type-simple"},"acf":[],"_links":{"self":[{"href":"https:\/\/www.chancescook.com\/pt\/wp-json\/wp\/v2\/product\/4492","targetHints":{"allow":["GET"]}}],"collection":[{"href":"https:\/\/www.chancescook.com\/pt\/wp-json\/wp\/v2\/product"}],"about":[{"href":"https:\/\/www.chancescook.com\/pt\/wp-json\/wp\/v2\/types\/product"}],"replies":[{"embeddable":true,"href":"https:\/\/www.chancescook.com\/pt\/wp-json\/wp\/v2\/comments?post=4492"}],"wp:featuredmedia":[{"embeddable":true,"href":"https:\/\/www.chancescook.com\/pt\/wp-json\/wp\/v2\/media\/4494"}],"wp:attachment":[{"href":"https:\/\/www.chancescook.com\/pt\/wp-json\/wp\/v2\/media?parent=4492"}],"wp:term":[{"taxonomy":"product_brand","embeddable":true,"href":"https:\/\/www.chancescook.com\/pt\/wp-json\/wp\/v2\/product_brand?post=4492"},{"taxonomy":"product_cat","embeddable":true,"href":"https:\/\/www.chancescook.com\/pt\/wp-json\/wp\/v2\/product_cat?post=4492"},{"taxonomy":"product_tag","embeddable":true,"href":"https:\/\/www.chancescook.com\/pt\/wp-json\/wp\/v2\/product_tag?post=4492"}],"curies":[{"name":"wp","href":"https:\/\/api.w.org\/{rel}","templated":true}]}}