{"id":4557,"date":"2025-01-03T03:21:06","date_gmt":"2025-01-03T03:21:06","guid":{"rendered":"https:\/\/www.chancescook.com\/?post_type=product&#038;p=4557"},"modified":"2025-01-18T09:59:30","modified_gmt":"2025-01-18T09:59:30","slug":"camping-stainless-steel-cooking-utensils","status":"publish","type":"product","link":"https:\/\/www.chancescook.com\/pt\/produto\/camping-stainless-steel-cooking-utensils\/","title":{"rendered":"Utens\u00edlios de cozinha de a\u00e7o inoxid\u00e1vel para campismo ao ar livre por atacado"},"content":{"rendered":"<div class=\"wp-block-columns is-layout-flex wp-container-core-columns-is-layout-9d6595d7 wp-block-columns-is-layout-flex\">\n<div class=\"wp-block-column is-layout-flow wp-block-column-is-layout-flow\">\n<div class=\"wp-block-columns is-layout-flex wp-container-core-columns-is-layout-9d6595d7 wp-block-columns-is-layout-flex\">\n<div class=\"wp-block-column is-layout-flow wp-block-column-is-layout-flow\">\n<h2 class=\"wp-block-heading\">Par\u00e2metros dos utens\u00edlios de cozinha em a\u00e7o inoxid\u00e1vel<\/h2>\n\n\n\n<p>Tipo: Conjunto de panelas<br>N\u00famero de pe\u00e7as: Conjunto de 7 pe\u00e7as<br>Material: a\u00e7o inoxid\u00e1vel 201\/304<br>Quantidade: 1 conjunto\/caixa (14cm\/16cm\/20cm)<br>Peso: 2,8 kg<br>Tamanho da caixa: 24,5 \u00d7 24,5 \u00d7 19 cm<br>Aplica\u00e7\u00e3o: Cozinhar no campismo<\/p>\n<\/div>\n\n\n\n<div class=\"wp-block-column is-layout-flow wp-block-column-is-layout-flow\">\n<h2 class=\"wp-block-heading\">Utens\u00edlios de cozinha personalizados em a\u00e7o inoxid\u00e1vel<\/h2>\n\n\n\n<p>Embalagem: caixa de cor\/caixa de cart\u00e3o, etc.<br><strong><a href=\"https:\/\/www.chancescook.com\/pt\/custom-cookware\/\">Solu\u00e7\u00f5es personalizadas OEM e ODM<\/a><\/strong><\/p>\n<\/div>\n<\/div>\n<\/div>\n<\/div>\n\n\n\n<div class=\"wp-block-columns is-layout-flex wp-container-core-columns-is-layout-9d6595d7 wp-block-columns-is-layout-flex\">\n<div class=\"wp-block-column is-layout-flow wp-block-column-is-layout-flow\">\n<figure class=\"wp-block-image size-full\"><img decoding=\"async\" src=\"https:\/\/www.chancescook.com\/wp-content\/uploads\/2025\/01\/Wholesale-Stainless-Steel-Cooking-Utensils-3.webp\" alt=\"\" class=\"wp-image-4586\"\/><\/figure>\n<\/div>\n\n\n\n<div class=\"wp-block-column is-layout-flow wp-block-column-is-layout-flow\">\n<figure class=\"wp-block-image size-full\"><img decoding=\"async\" width=\"750\" height=\"1146\" src=\"https:\/\/www.chancescook.com\/wp-content\/uploads\/2025\/01\/Wholesale-Stainless-Steel-Cooking-Utensils-2.webp\" alt=\"\" class=\"wp-image-4585\" srcset=\"https:\/\/www.chancescook.com\/wp-content\/uploads\/2025\/01\/Wholesale-Stainless-Steel-Cooking-Utensils-2.webp 750w, https:\/\/www.chancescook.com\/wp-content\/uploads\/2025\/01\/Wholesale-Stainless-Steel-Cooking-Utensils-2-196x300.webp 196w, https:\/\/www.chancescook.com\/wp-content\/uploads\/2025\/01\/Wholesale-Stainless-Steel-Cooking-Utensils-2-8x12.webp 8w, https:\/\/www.chancescook.com\/wp-content\/uploads\/2025\/01\/Wholesale-Stainless-Steel-Cooking-Utensils-2-285x435.webp 285w, https:\/\/www.chancescook.com\/wp-content\/uploads\/2025\/01\/Wholesale-Stainless-Steel-Cooking-Utensils-2-432x660.webp 432w, https:\/\/www.chancescook.com\/wp-content\/uploads\/2025\/01\/Wholesale-Stainless-Steel-Cooking-Utensils-2-98x150.webp 98w\" sizes=\"(max-width: 750px) 100vw, 750px\" \/><\/figure>\n<\/div>\n<\/div>\n\n\n\n<div class=\"wp-block-columns is-layout-flex wp-container-core-columns-is-layout-9d6595d7 wp-block-columns-is-layout-flex\">\n<div class=\"wp-block-column is-layout-flow wp-block-column-is-layout-flow\">\n<figure class=\"wp-block-image size-full\"><img decoding=\"async\" width=\"750\" height=\"1178\" src=\"https:\/\/www.chancescook.com\/wp-content\/uploads\/2025\/01\/Wholesale-Stainless-Steel-Cooking-Utensils-1.webp\" alt=\"\" class=\"wp-image-4584\" srcset=\"https:\/\/www.chancescook.com\/wp-content\/uploads\/2025\/01\/Wholesale-Stainless-Steel-Cooking-Utensils-1.webp 750w, https:\/\/www.chancescook.com\/wp-content\/uploads\/2025\/01\/Wholesale-Stainless-Steel-Cooking-Utensils-1-191x300.webp 191w, https:\/\/www.chancescook.com\/wp-content\/uploads\/2025\/01\/Wholesale-Stainless-Steel-Cooking-Utensils-1-8x12.webp 8w, https:\/\/www.chancescook.com\/wp-content\/uploads\/2025\/01\/Wholesale-Stainless-Steel-Cooking-Utensils-1-285x448.webp 285w, https:\/\/www.chancescook.com\/wp-content\/uploads\/2025\/01\/Wholesale-Stainless-Steel-Cooking-Utensils-1-420x660.webp 420w, https:\/\/www.chancescook.com\/wp-content\/uploads\/2025\/01\/Wholesale-Stainless-Steel-Cooking-Utensils-1-96x150.webp 96w\" sizes=\"(max-width: 750px) 100vw, 750px\" \/><\/figure>\n<\/div>\n\n\n\n<div class=\"wp-block-column is-layout-flow wp-block-column-is-layout-flow\">\n<figure class=\"wp-block-image size-full\"><img decoding=\"async\" src=\"https:\/\/www.chancescook.com\/wp-content\/uploads\/2025\/01\/Stainless-Steel-Cooking-Utensils-Wholesaler-3.webp\" alt=\"\" class=\"wp-image-4583\"\/><\/figure>\n<\/div>\n<\/div>\n\n\n\n<div class=\"wp-block-columns is-layout-flex wp-container-core-columns-is-layout-9d6595d7 wp-block-columns-is-layout-flex\">\n<div class=\"wp-block-column is-layout-flow wp-block-column-is-layout-flow\">\n<figure class=\"wp-block-image size-full\"><img decoding=\"async\" width=\"750\" height=\"1218\" src=\"https:\/\/www.chancescook.com\/wp-content\/uploads\/2025\/01\/Stainless-Steel-Cooking-Utensils-Wholesaler-2.webp\" alt=\"\" class=\"wp-image-4582\" srcset=\"https:\/\/www.chancescook.com\/wp-content\/uploads\/2025\/01\/Stainless-Steel-Cooking-Utensils-Wholesaler-2.webp 750w, https:\/\/www.chancescook.com\/wp-content\/uploads\/2025\/01\/Stainless-Steel-Cooking-Utensils-Wholesaler-2-185x300.webp 185w, https:\/\/www.chancescook.com\/wp-content\/uploads\/2025\/01\/Stainless-Steel-Cooking-Utensils-Wholesaler-2-7x12.webp 7w, https:\/\/www.chancescook.com\/wp-content\/uploads\/2025\/01\/Stainless-Steel-Cooking-Utensils-Wholesaler-2-285x463.webp 285w, https:\/\/www.chancescook.com\/wp-content\/uploads\/2025\/01\/Stainless-Steel-Cooking-Utensils-Wholesaler-2-406x660.webp 406w, https:\/\/www.chancescook.com\/wp-content\/uploads\/2025\/01\/Stainless-Steel-Cooking-Utensils-Wholesaler-2-92x150.webp 92w\" sizes=\"(max-width: 750px) 100vw, 750px\" \/><\/figure>\n<\/div>\n\n\n\n<div class=\"wp-block-column is-layout-flow wp-block-column-is-layout-flow\">\n<figure class=\"wp-block-image size-full\"><img decoding=\"async\" width=\"750\" height=\"1175\" src=\"https:\/\/www.chancescook.com\/wp-content\/uploads\/2025\/01\/Stainless-Steel-Cooking-Utensils-Wholesaler-1.webp\" alt=\"\" class=\"wp-image-4581\" srcset=\"https:\/\/www.chancescook.com\/wp-content\/uploads\/2025\/01\/Stainless-Steel-Cooking-Utensils-Wholesaler-1.webp 750w, https:\/\/www.chancescook.com\/wp-content\/uploads\/2025\/01\/Stainless-Steel-Cooking-Utensils-Wholesaler-1-191x300.webp 191w, https:\/\/www.chancescook.com\/wp-content\/uploads\/2025\/01\/Stainless-Steel-Cooking-Utensils-Wholesaler-1-8x12.webp 8w, https:\/\/www.chancescook.com\/wp-content\/uploads\/2025\/01\/Stainless-Steel-Cooking-Utensils-Wholesaler-1-285x447.webp 285w, https:\/\/www.chancescook.com\/wp-content\/uploads\/2025\/01\/Stainless-Steel-Cooking-Utensils-Wholesaler-1-421x660.webp 421w, https:\/\/www.chancescook.com\/wp-content\/uploads\/2025\/01\/Stainless-Steel-Cooking-Utensils-Wholesaler-1-96x150.webp 96w\" sizes=\"(max-width: 750px) 100vw, 750px\" \/><\/figure>\n<\/div>\n<\/div>\n\n\n\n<div class=\"wp-block-columns is-layout-flex wp-container-core-columns-is-layout-9d6595d7 wp-block-columns-is-layout-flex\">\n<div class=\"wp-block-column is-layout-flow wp-block-column-is-layout-flow\">\n<figure class=\"wp-block-image size-full\"><img decoding=\"async\" width=\"750\" height=\"706\" src=\"https:\/\/www.chancescook.com\/wp-content\/uploads\/2025\/01\/Factory-Stainless-Steel-Cooking-Utensils-Supplier-1.jpg\" alt=\"\" class=\"wp-image-4578\" srcset=\"https:\/\/www.chancescook.com\/wp-content\/uploads\/2025\/01\/Factory-Stainless-Steel-Cooking-Utensils-Supplier-1.jpg 750w, https:\/\/www.chancescook.com\/wp-content\/uploads\/2025\/01\/Factory-Stainless-Steel-Cooking-Utensils-Supplier-1-300x282.jpg 300w, https:\/\/www.chancescook.com\/wp-content\/uploads\/2025\/01\/Factory-Stainless-Steel-Cooking-Utensils-Supplier-1-13x12.jpg 13w, https:\/\/www.chancescook.com\/wp-content\/uploads\/2025\/01\/Factory-Stainless-Steel-Cooking-Utensils-Supplier-1-285x268.jpg 285w, https:\/\/www.chancescook.com\/wp-content\/uploads\/2025\/01\/Factory-Stainless-Steel-Cooking-Utensils-Supplier-1-660x621.jpg 660w, https:\/\/www.chancescook.com\/wp-content\/uploads\/2025\/01\/Factory-Stainless-Steel-Cooking-Utensils-Supplier-1-150x141.jpg 150w\" sizes=\"(max-width: 750px) 100vw, 750px\" \/><\/figure>\n<\/div>\n\n\n\n<div class=\"wp-block-column is-layout-flow wp-block-column-is-layout-flow\">\n<figure class=\"wp-block-image size-full\"><img decoding=\"async\" width=\"750\" height=\"950\" src=\"https:\/\/www.chancescook.com\/wp-content\/uploads\/2025\/01\/Factory-Stainless-Steel-Cooking-Utensils-Supplier-1.webp\" alt=\"\" class=\"wp-image-4579\" srcset=\"https:\/\/www.chancescook.com\/wp-content\/uploads\/2025\/01\/Factory-Stainless-Steel-Cooking-Utensils-Supplier-1.webp 750w, https:\/\/www.chancescook.com\/wp-content\/uploads\/2025\/01\/Factory-Stainless-Steel-Cooking-Utensils-Supplier-1-237x300.webp 237w, https:\/\/www.chancescook.com\/wp-content\/uploads\/2025\/01\/Factory-Stainless-Steel-Cooking-Utensils-Supplier-1-9x12.webp 9w, https:\/\/www.chancescook.com\/wp-content\/uploads\/2025\/01\/Factory-Stainless-Steel-Cooking-Utensils-Supplier-1-285x361.webp 285w, https:\/\/www.chancescook.com\/wp-content\/uploads\/2025\/01\/Factory-Stainless-Steel-Cooking-Utensils-Supplier-1-521x660.webp 521w, https:\/\/www.chancescook.com\/wp-content\/uploads\/2025\/01\/Factory-Stainless-Steel-Cooking-Utensils-Supplier-1-118x150.webp 118w\" sizes=\"(max-width: 750px) 100vw, 750px\" \/><\/figure>\n<\/div>\n<\/div>","protected":false},"excerpt":{"rendered":"<p>Utens\u00edlios de cozinha em a\u00e7o inoxid\u00e1vel para campismo, fabricados em a\u00e7o inoxid\u00e1vel de alta qualidade, adequados para uma variedade de situa\u00e7\u00f5es. Design de superf\u00edcie lisa para evitar res\u00edduos de alimentos, f\u00e1cil de limpar, lavar \u00e0 m\u00e3o ou na m\u00e1quina de lavar lou\u00e7a, economiza tempo e trabalho. Bem-vindo a contactar-nos para encomendar. \u00a0<\/p>\n<h2>Carater\u00edsticas e vantagens dos utens\u00edlios de cozinha em a\u00e7o inoxid\u00e1vel<\/h2>\n<p>&nbsp;<\/p>\n<ul>\n<li><strong>A\u00e7o inoxid\u00e1vel 304 de alta qualidade<\/strong>: Feito de material de a\u00e7o inoxid\u00e1vel 304 de qualidade alimentar, robusto e dur\u00e1vel, resistente \u00e0 ferrugem e \u00e0 corros\u00e3o para garantir uma utiliza\u00e7\u00e3o a longo prazo, adequado para uma variedade de ambientes exteriores.<\/li>\n<li><strong>Conjunto completo de cozinha<\/strong>7 pe\u00e7as de utens\u00edlios pr\u00e1ticos, para satisfazer as suas v\u00e1rias necessidades de cozinha ao ar livre, tornando a sua cozinha no campo mais c\u00f3moda.<\/li>\n<li><strong>Design port\u00e1til<\/strong>: Cada ferramenta foi concebida para ser leve e f\u00e1cil de transportar com um saco de arruma\u00e7\u00e3o port\u00e1til para facilitar a organiza\u00e7\u00e3o e a arruma\u00e7\u00e3o, adequado para campismo, piqueniques, caminhadas e outras actividades ao ar livre.<\/li>\n<li><strong>Saud\u00e1vel e seguro<\/strong>: Fabricado com materiais de qualidade alimentar, sem subst\u00e2ncias nocivas, garante a seguran\u00e7a alimentar, utilize-o com confian\u00e7a.<\/li>\n<li><strong>F\u00e1cil de limpar<\/strong>: Design de superf\u00edcie lisa para evitar res\u00edduos de alimentos, f\u00e1cil de limpar, lav\u00e1vel \u00e0 m\u00e3o ou na m\u00e1quina de lavar lou\u00e7a, poupa tempo e trabalho.<\/li>\n<li><strong>Utiliza\u00e7\u00e3o multifuncional<\/strong>: N\u00e3o s\u00f3 para cozinhar no campo, mas tamb\u00e9m na cozinha familiar, uma vasta gama de aplica\u00e7\u00f5es e praticidade.<\/li>\n<li><strong>Resist\u00eancia a altas temperaturas<\/strong>: O material em a\u00e7o inoxid\u00e1vel 304 \u00e9 resistente a altas temperaturas e n\u00e3o \u00e9 f\u00e1cil de deformar, garantindo que se mant\u00e9m est\u00e1vel e fi\u00e1vel em ambientes de alta temperatura.<\/li>\n<li><strong>Armazenamento compacto<\/strong>: Todas as ferramentas podem ser guardadas juntas de forma compacta, poupam espa\u00e7o, s\u00e3o f\u00e1ceis de transportar e s\u00e3o ideais para actividades ao ar livre.<\/li>\n<li><strong>Um must-have para o exterior<\/strong>: Quer esteja a acampar, a fazer piqueniques ou a fazer caminhadas, este conjunto de ferramentas de cozinha em a\u00e7o inoxid\u00e1vel de 8 pe\u00e7as \u00e9 indispens\u00e1vel para as suas actividades ao ar livre.<\/li>\n<\/ul>\n<p><strong>Oferecer solu\u00e7\u00f5es personalizadas de utens\u00edlios de cozinha em a\u00e7o inoxid\u00e1vel.<\/strong> <strong>Suporte para utens\u00edlios de cozinha em a\u00e7o inoxid\u00e1vel personalizados OEM&amp;ODM.<\/strong> \u00a0<\/p>","protected":false},"featured_media":4559,"comment_status":"closed","ping_status":"closed","template":"","meta":{"_acf_changed":false},"product_brand":[],"product_cat":[54],"product_tag":[],"class_list":{"0":"post-4557","1":"product","2":"type-product","3":"status-publish","4":"has-post-thumbnail","6":"product_cat-camping-cookware-wholesale","8":"first","9":"instock","10":"shipping-taxable","11":"product-type-simple"},"acf":[],"_links":{"self":[{"href":"https:\/\/www.chancescook.com\/pt\/wp-json\/wp\/v2\/product\/4557","targetHints":{"allow":["GET"]}}],"collection":[{"href":"https:\/\/www.chancescook.com\/pt\/wp-json\/wp\/v2\/product"}],"about":[{"href":"https:\/\/www.chancescook.com\/pt\/wp-json\/wp\/v2\/types\/product"}],"replies":[{"embeddable":true,"href":"https:\/\/www.chancescook.com\/pt\/wp-json\/wp\/v2\/comments?post=4557"}],"wp:featuredmedia":[{"embeddable":true,"href":"https:\/\/www.chancescook.com\/pt\/wp-json\/wp\/v2\/media\/4559"}],"wp:attachment":[{"href":"https:\/\/www.chancescook.com\/pt\/wp-json\/wp\/v2\/media?parent=4557"}],"wp:term":[{"taxonomy":"product_brand","embeddable":true,"href":"https:\/\/www.chancescook.com\/pt\/wp-json\/wp\/v2\/product_brand?post=4557"},{"taxonomy":"product_cat","embeddable":true,"href":"https:\/\/www.chancescook.com\/pt\/wp-json\/wp\/v2\/product_cat?post=4557"},{"taxonomy":"product_tag","embeddable":true,"href":"https:\/\/www.chancescook.com\/pt\/wp-json\/wp\/v2\/product_tag?post=4557"}],"curies":[{"name":"wp","href":"https:\/\/api.w.org\/{rel}","templated":true}]}}