{"id":4601,"date":"2025-01-20T08:15:50","date_gmt":"2025-01-20T08:15:50","guid":{"rendered":"https:\/\/www.chancescook.com\/?post_type=product&#038;p=4601"},"modified":"2025-12-20T08:10:51","modified_gmt":"2025-12-20T08:10:51","slug":"wholesale-camping-cooking-utensils-set","status":"publish","type":"product","link":"https:\/\/www.chancescook.com\/pt\/produto\/wholesale-camping-cooking-utensils-set\/","title":{"rendered":"Conjunto de utens\u00edlios de cozinha para campismo personalizado Fabricante de utens\u00edlios de cozinha em a\u00e7o inoxid\u00e1vel para exterior"},"content":{"rendered":"<div class=\"wp-block-columns is-layout-flex wp-container-core-columns-is-layout-9d6595d7 wp-block-columns-is-layout-flex\">\n<div class=\"wp-block-column is-layout-flow wp-block-column-is-layout-flow\">\n<h3 class=\"wp-block-heading\">Par\u00e2metros do melhor conjunto de utens\u00edlios de cozinha para campismo<\/h3>\n\n\n\n<ul class=\"wp-block-list\">\n<li>Tipo: <strong><a href=\"https:\/\/www.chancescook.com\/pt\/categoria-produto\/wholesale-cookware-sets\/\">Conjunto de panelas<\/a><\/strong><\/li>\n\n\n\n<li>N\u00famero de pe\u00e7as: Conjunto de 7 pe\u00e7as<\/li>\n\n\n\n<li>Material: a\u00e7o inoxid\u00e1vel 201\/304<\/li>\n\n\n\n<li>Quantidade: 1 conjunto\/caixa\uff0816cm\/20cm\/24cm)<\/li>\n\n\n\n<li>Peso: 3,4 kg<\/li>\n\n\n\n<li>Tamanho da caixa de cart\u00e3o:29\u00d729\u00d722cm<\/li>\n\n\n\n<li>Aplica\u00e7\u00e3o: Cozinhar no campismo<\/li>\n<\/ul>\n<\/div>\n\n\n\n<div class=\"wp-block-column is-layout-flow wp-block-column-is-layout-flow\">\n<h3 class=\"wp-block-heading\">Utens\u00edlios de cozinha personalizados em a\u00e7o inoxid\u00e1vel para campismo<\/h3>\n\n\n\n<ul class=\"wp-block-list\">\n<li>Embalagem: caixa de cor\/caixa de cart\u00e3o, etc. <\/li>\n\n\n\n<li>Pega <strong> <\/strong>Material: Personalizar o estilo ou o material da pega<\/li>\n\n\n\n<li>Tratamento de superf\u00edcie: Revestimento n\u00e3o revestido\/n\u00e3o aderente <\/li>\n\n\n\n<li>OEM e ODM: Solu\u00e7\u00f5es personalizadas<\/li>\n<\/ul>\n<\/div>\n<\/div>\n\n\n\n<div class=\"wp-block-columns is-layout-flex wp-container-core-columns-is-layout-9d6595d7 wp-block-columns-is-layout-flex\">\n<div class=\"wp-block-column is-layout-flow wp-block-column-is-layout-flow\">\n<figure class=\"wp-block-image size-full\"><img decoding=\"async\" width=\"960\" height=\"720\" src=\"https:\/\/www.chancescook.com\/wp-content\/uploads\/2025\/01\/Custom-Camping-Cooking-Utensils-Set-Wholesale-2.webp\" alt=\"Conjunto de utens\u00edlios de cozinha para campismo por atacado (2)\" class=\"wp-image-4609\" srcset=\"https:\/\/www.chancescook.com\/wp-content\/uploads\/2025\/01\/Custom-Camping-Cooking-Utensils-Set-Wholesale-2.webp 960w, https:\/\/www.chancescook.com\/wp-content\/uploads\/2025\/01\/Custom-Camping-Cooking-Utensils-Set-Wholesale-2-300x225.webp 300w, https:\/\/www.chancescook.com\/wp-content\/uploads\/2025\/01\/Custom-Camping-Cooking-Utensils-Set-Wholesale-2-768x576.webp 768w, https:\/\/www.chancescook.com\/wp-content\/uploads\/2025\/01\/Custom-Camping-Cooking-Utensils-Set-Wholesale-2-16x12.webp 16w, https:\/\/www.chancescook.com\/wp-content\/uploads\/2025\/01\/Custom-Camping-Cooking-Utensils-Set-Wholesale-2-285x214.webp 285w, https:\/\/www.chancescook.com\/wp-content\/uploads\/2025\/01\/Custom-Camping-Cooking-Utensils-Set-Wholesale-2-800x600.webp 800w, https:\/\/www.chancescook.com\/wp-content\/uploads\/2025\/01\/Custom-Camping-Cooking-Utensils-Set-Wholesale-2-660x495.webp 660w, https:\/\/www.chancescook.com\/wp-content\/uploads\/2025\/01\/Custom-Camping-Cooking-Utensils-Set-Wholesale-2-150x113.webp 150w\" sizes=\"(max-width: 960px) 100vw, 960px\" \/><\/figure>\n<\/div>\n\n\n\n<div class=\"wp-block-column is-layout-flow wp-block-column-is-layout-flow\">\n<figure class=\"wp-block-image size-full\"><img decoding=\"async\" width=\"1000\" height=\"750\" src=\"https:\/\/www.chancescook.com\/wp-content\/uploads\/2025\/01\/Custom-Camping-Cooking-Utensils-Set-Wholesale-1.webp\" alt=\"Conjunto de utens\u00edlios de cozinha para campismo por atacado (1)\" class=\"wp-image-4608\" srcset=\"https:\/\/www.chancescook.com\/wp-content\/uploads\/2025\/01\/Custom-Camping-Cooking-Utensils-Set-Wholesale-1.webp 1000w, https:\/\/www.chancescook.com\/wp-content\/uploads\/2025\/01\/Custom-Camping-Cooking-Utensils-Set-Wholesale-1-300x225.webp 300w, https:\/\/www.chancescook.com\/wp-content\/uploads\/2025\/01\/Custom-Camping-Cooking-Utensils-Set-Wholesale-1-768x576.webp 768w, https:\/\/www.chancescook.com\/wp-content\/uploads\/2025\/01\/Custom-Camping-Cooking-Utensils-Set-Wholesale-1-16x12.webp 16w, https:\/\/www.chancescook.com\/wp-content\/uploads\/2025\/01\/Custom-Camping-Cooking-Utensils-Set-Wholesale-1-285x214.webp 285w, https:\/\/www.chancescook.com\/wp-content\/uploads\/2025\/01\/Custom-Camping-Cooking-Utensils-Set-Wholesale-1-800x600.webp 800w, https:\/\/www.chancescook.com\/wp-content\/uploads\/2025\/01\/Custom-Camping-Cooking-Utensils-Set-Wholesale-1-660x495.webp 660w, https:\/\/www.chancescook.com\/wp-content\/uploads\/2025\/01\/Custom-Camping-Cooking-Utensils-Set-Wholesale-1-150x113.webp 150w\" sizes=\"(max-width: 1000px) 100vw, 1000px\" \/><\/figure>\n<\/div>\n<\/div>\n\n\n\n<div class=\"wp-block-columns is-layout-flex wp-container-core-columns-is-layout-9d6595d7 wp-block-columns-is-layout-flex\">\n<div class=\"wp-block-column is-layout-flow wp-block-column-is-layout-flow\" style=\"flex-basis:15%\"><\/div>\n\n\n\n<div class=\"wp-block-column is-layout-flow wp-block-column-is-layout-flow\" style=\"flex-basis:70%\">\n<figure class=\"wp-block-embed is-type-video is-provider-youtube wp-block-embed-youtube wp-embed-aspect-16-9 wp-has-aspect-ratio\"><div class=\"wp-block-embed__wrapper\">\n<iframe title=\"Panelas ecol\u00f3gicas para acampamento Conjunto de cozinha ao ar livre Panelas e frigideiras port\u00e1teis\" width=\"940\" height=\"529\" src=\"https:\/\/www.youtube.com\/embed\/m_juxhien8k?feature=oembed\" frameborder=\"0\" allow=\"accelerometer; autoplay; clipboard-write; encrypted-media; gyroscope; picture-in-picture; web-share\" referrerpolicy=\"strict-origin-when-cross-origin\" allowfullscreen><\/iframe>\n<\/div><figcaption class=\"wp-element-caption\">Fabricante de conjuntos de utens\u00edlios de cozinha para acampamento<\/figcaption><\/figure>\n<\/div>\n\n\n\n<div class=\"wp-block-column is-vertically-aligned-top is-layout-flow wp-block-column-is-layout-flow\" style=\"flex-basis:15%\"><\/div>\n<\/div>","protected":false},"excerpt":{"rendered":"<p>Conjunto de utens\u00edlios de cozinha para campismo personaliz\u00e1vel por atacado. Fabricado em a\u00e7o inoxid\u00e1vel de alta qualidade, este conjunto \u00e9 ideal para v\u00e1rios cen\u00e1rios de campismo. O design da superf\u00edcie lisa evita res\u00edduos de alimentos, tornando-o f\u00e1cil de limpar - perfeito para lavar \u00e0 m\u00e3o ou na m\u00e1quina de lavar lou\u00e7a, poupando-lhe tempo e esfor\u00e7o. Bem-vindo a contactar-nos para encomendar.<\/p>\n<h2>Caracter\u00edsticas e vantagens do conjunto de utens\u00edlios de cozinha para acampamento<\/h2>\n<p>&nbsp;<\/p>\n<ul>\n<li><strong>A\u00e7o inoxid\u00e1vel 304 de alta qualidade<\/strong>: material de qualidade alimentar, robusto e dur\u00e1vel, resistente \u00e0 ferrugem, resistente \u00e0 corros\u00e3o, de longa dura\u00e7\u00e3o, adequado para uma variedade de ambientes exteriores.<\/li>\n<li><strong>Um conjunto de utens\u00edlios completo<\/strong>As sete pe\u00e7as diferentes, mas funcionais, que o comp\u00f5em satisfazem uma infinidade de necessidades quando se trata de cozinhar ao ar livre.<\/li>\n<li><strong>Design port\u00e1til<\/strong>: Todos os utens\u00edlios de cozinha para campismo apresentam um design leve e f\u00e1cil de transportar com a bolsa de armazenamento port\u00e1til para organiza\u00e7\u00e3o e armazenamento da cabana. Perfeito para todas as actividades ao ar livre, incluindo um acampamento, piquenique, caminhadas, etc.<\/li>\n<li><strong>Saud\u00e1vel e seguro<\/strong>O material de qualidade alimentar n\u00e3o cont\u00e9m subst\u00e2ncias nocivas que possam afetar a utilidade da sa\u00fade humana. Pode utiliz\u00e1-lo com toda a confian\u00e7a.<\/li>\n<li><strong>F\u00e1cil de limpar<\/strong>: A conce\u00e7\u00e3o do utens\u00edlio de superf\u00edcie lisa evita a acumula\u00e7\u00e3o de res\u00edduos alimentares presentes. \u00c9 f\u00e1cil de limpar, pode ser lavado \u00e0 m\u00e3o ou na m\u00e1quina de lavar lou\u00e7a. Poupa tempo e trabalho.<\/li>\n<li><strong>Utiliza\u00e7\u00e3o multifuncional<\/strong>: N\u00e3o serve apenas para cozinhar no campo, mas tamb\u00e9m, de vez em quando, pode ser utilizado na cozinha da fam\u00edlia. O seu leque de aplica\u00e7\u00f5es \u00e9 t\u00e3o vasto que constitui um produto muito pr\u00e1tico.<\/li>\n<li><strong>Resist\u00eancia a altas temperaturas<\/strong>O material de a\u00e7o inoxid\u00e1vel 304 n\u00e3o se deforma facilmente, garantindo estabilidade e fiabilidade em condi\u00e7\u00f5es de utiliza\u00e7\u00e3o a alta temperatura.<\/li>\n<li><strong>Essenciais ao ar livre<\/strong>: Seja para acampar, fazer piqueniques ou simplesmente caminhar, estes utens\u00edlios de cozinha em a\u00e7o inoxid\u00e1vel de 7 pe\u00e7as s\u00e3o indispens\u00e1veis para todas as actividades ao ar livre.<\/li>\n<\/ul>\n<p>Oferecer utens\u00edlios de cozinha feitos \u00e0 medida para a casa. <span style=\"color: #ff0000;\"><a style=\"color: #ff0000;\" href=\"https:\/\/www.chancescook.com\/pt\/cookware\/\"><em><strong>Suporte para utens\u00edlios de cozinha em a\u00e7o inoxid\u00e1vel personalizados OEM&amp;ODM<\/strong><\/em><\/a><\/span>.<\/p>\n<p>&nbsp;<\/p>","protected":false},"featured_media":5728,"comment_status":"closed","ping_status":"closed","template":"","meta":{"_acf_changed":false},"product_brand":[],"product_cat":[54,53],"product_tag":[],"class_list":{"0":"post-4601","1":"product","2":"type-product","3":"status-publish","4":"has-post-thumbnail","6":"product_cat-camping-cookware-wholesale","7":"product_cat-wholesale-cookware-sets","9":"first","10":"instock","11":"shipping-taxable","12":"product-type-simple"},"acf":[],"_links":{"self":[{"href":"https:\/\/www.chancescook.com\/pt\/wp-json\/wp\/v2\/product\/4601","targetHints":{"allow":["GET"]}}],"collection":[{"href":"https:\/\/www.chancescook.com\/pt\/wp-json\/wp\/v2\/product"}],"about":[{"href":"https:\/\/www.chancescook.com\/pt\/wp-json\/wp\/v2\/types\/product"}],"replies":[{"embeddable":true,"href":"https:\/\/www.chancescook.com\/pt\/wp-json\/wp\/v2\/comments?post=4601"}],"wp:featuredmedia":[{"embeddable":true,"href":"https:\/\/www.chancescook.com\/pt\/wp-json\/wp\/v2\/media\/5728"}],"wp:attachment":[{"href":"https:\/\/www.chancescook.com\/pt\/wp-json\/wp\/v2\/media?parent=4601"}],"wp:term":[{"taxonomy":"product_brand","embeddable":true,"href":"https:\/\/www.chancescook.com\/pt\/wp-json\/wp\/v2\/product_brand?post=4601"},{"taxonomy":"product_cat","embeddable":true,"href":"https:\/\/www.chancescook.com\/pt\/wp-json\/wp\/v2\/product_cat?post=4601"},{"taxonomy":"product_tag","embeddable":true,"href":"https:\/\/www.chancescook.com\/pt\/wp-json\/wp\/v2\/product_tag?post=4601"}],"curies":[{"name":"wp","href":"https:\/\/api.w.org\/{rel}","templated":true}]}}