{"id":4728,"date":"2025-02-22T02:36:38","date_gmt":"2025-02-22T02:36:38","guid":{"rendered":"https:\/\/www.chancescook.com\/?post_type=product&#038;p=4728"},"modified":"2025-12-21T13:50:45","modified_gmt":"2025-12-21T13:50:45","slug":"custom-snow-pan-wholesale","status":"publish","type":"product","link":"https:\/\/www.chancescook.com\/pt\/produto\/custom-snow-pan-wholesale\/","title":{"rendered":"Panela de neve personalizada por atacado, 403 Fabricante de panelas de a\u00e7o inoxid\u00e1vel"},"content":{"rendered":"<div class=\"wp-block-columns is-layout-flex wp-container-core-columns-is-layout-9d6595d7 wp-block-columns-is-layout-flex\">\n<div class=\"wp-block-column is-layout-flow wp-block-column-is-layout-flow\">\n<h3 class=\"wp-block-heading\">Par\u00e2metros da panela de a\u00e7o inoxid\u00e1vel para neve<\/h3>\n\n\n\n<p><\/p>\n\n\n\n<ul class=\"wp-block-list\">\n<li>Material: A\u00e7o inoxid\u00e1vel 430 A\u00e7o inoxid\u00e1vel<\/li>\n\n\n\n<li>Espessura normal: 1,0 mm<\/li>\n\n\n\n<li>Tamanho: 18\/20\/22 cm<\/li>\n\n\n\n<li>Log\u00f3tipo: Grava\u00e7\u00e3o a laser\/carimbo em relevo<\/li>\n\n\n\n<li>MOQ: 600 pcs<\/li>\n<\/ul>\n<\/div>\n\n\n\n<div class=\"wp-block-column is-layout-flow wp-block-column-is-layout-flow\">\n<h3 class=\"wp-block-heading\">Op\u00e7\u00f5es personalizadas de bandejas para neve<\/h3>\n\n\n\n<p><\/p>\n\n\n\n<ul class=\"wp-block-list\">\n<li>Log\u00f3tipo: personalizar o log\u00f3tipo da sua marca<\/li>\n\n\n\n<li>Material: A\u00e7o inoxid\u00e1vel 430<\/li>\n\n\n\n<li>Espessura do material: 1,0 mm<\/li>\n\n\n\n<li>Material da tampa: Estilo\/Material<\/li>\n\n\n\n<li>Material da pega: Estilo\/Material<\/li>\n\n\n\n<li>Tratamento da superf\u00edcie de contacto: Revestimento n\u00e3o revestido\/n\u00e3o aderente<\/li>\n\n\n\n<li>Embalagem: caixa de cor\/caixa de cart\u00e3o, etc<\/li>\n\n\n\n<li>Solu\u00e7\u00f5es personalizadas para molheiras OEM e ODM<\/li>\n<\/ul>\n<\/div>\n<\/div>\n\n\n\n<div class=\"wp-block-columns is-layout-flex wp-container-core-columns-is-layout-9d6595d7 wp-block-columns-is-layout-flex\">\n<div class=\"wp-block-column is-layout-flow wp-block-column-is-layout-flow\">\n<figure class=\"wp-block-image size-full\"><img decoding=\"async\" width=\"790\" height=\"1053\" src=\"https:\/\/www.chancescook.com\/wp-content\/uploads\/2025\/02\/Custom-Stainless-Steel-Snow-Pot-2-edited.jpg\" alt=\"Panela de neve personalizada por atacado (2)\" class=\"wp-image-4745\" srcset=\"https:\/\/www.chancescook.com\/wp-content\/uploads\/2025\/02\/Custom-Stainless-Steel-Snow-Pot-2-edited.jpg 790w, https:\/\/www.chancescook.com\/wp-content\/uploads\/2025\/02\/Custom-Stainless-Steel-Snow-Pot-2-edited-225x300.jpg 225w, https:\/\/www.chancescook.com\/wp-content\/uploads\/2025\/02\/Custom-Stainless-Steel-Snow-Pot-2-edited-768x1024.jpg 768w, https:\/\/www.chancescook.com\/wp-content\/uploads\/2025\/02\/Custom-Stainless-Steel-Snow-Pot-2-edited-9x12.jpg 9w, https:\/\/www.chancescook.com\/wp-content\/uploads\/2025\/02\/Custom-Stainless-Steel-Snow-Pot-2-edited-285x380.jpg 285w, https:\/\/www.chancescook.com\/wp-content\/uploads\/2025\/02\/Custom-Stainless-Steel-Snow-Pot-2-edited-495x660.jpg 495w, https:\/\/www.chancescook.com\/wp-content\/uploads\/2025\/02\/Custom-Stainless-Steel-Snow-Pot-2-edited-113x150.jpg 113w\" sizes=\"(max-width: 790px) 100vw, 790px\" \/><\/figure>\n<\/div>\n\n\n\n<div class=\"wp-block-column is-layout-flow wp-block-column-is-layout-flow\">\n<figure class=\"wp-block-image size-full\"><img decoding=\"async\" width=\"729\" height=\"972\" src=\"https:\/\/www.chancescook.com\/wp-content\/uploads\/2025\/02\/Custom-Stainless-Steel-Snow-Pot-4-edited.jpg\" alt=\"Bandeja de neve em a\u00e7o inoxid\u00e1vel personalizada (4)\" class=\"wp-image-4744\" srcset=\"https:\/\/www.chancescook.com\/wp-content\/uploads\/2025\/02\/Custom-Stainless-Steel-Snow-Pot-4-edited.jpg 729w, https:\/\/www.chancescook.com\/wp-content\/uploads\/2025\/02\/Custom-Stainless-Steel-Snow-Pot-4-edited-225x300.jpg 225w, https:\/\/www.chancescook.com\/wp-content\/uploads\/2025\/02\/Custom-Stainless-Steel-Snow-Pot-4-edited-9x12.jpg 9w, https:\/\/www.chancescook.com\/wp-content\/uploads\/2025\/02\/Custom-Stainless-Steel-Snow-Pot-4-edited-285x380.jpg 285w, https:\/\/www.chancescook.com\/wp-content\/uploads\/2025\/02\/Custom-Stainless-Steel-Snow-Pot-4-edited-495x660.jpg 495w, https:\/\/www.chancescook.com\/wp-content\/uploads\/2025\/02\/Custom-Stainless-Steel-Snow-Pot-4-edited-113x150.jpg 113w\" sizes=\"(max-width: 729px) 100vw, 729px\" \/><\/figure>\n<\/div>\n<\/div>\n\n\n\n<div class=\"wp-block-columns is-layout-flex wp-container-core-columns-is-layout-9d6595d7 wp-block-columns-is-layout-flex\">\n<div class=\"wp-block-column is-layout-flow wp-block-column-is-layout-flow\">\n<figure class=\"wp-block-image size-full\"><img decoding=\"async\" width=\"712\" height=\"1085\" src=\"https:\/\/www.chancescook.com\/wp-content\/uploads\/2025\/02\/Custom-Stainless-Steel-Snow-Pot-1.jpg\" alt=\"Pote de neve em a\u00e7o inoxid\u00e1vel personalizado (1)\" class=\"wp-image-4729\" srcset=\"https:\/\/www.chancescook.com\/wp-content\/uploads\/2025\/02\/Custom-Stainless-Steel-Snow-Pot-1.jpg 712w, https:\/\/www.chancescook.com\/wp-content\/uploads\/2025\/02\/Custom-Stainless-Steel-Snow-Pot-1-197x300.jpg 197w, https:\/\/www.chancescook.com\/wp-content\/uploads\/2025\/02\/Custom-Stainless-Steel-Snow-Pot-1-8x12.jpg 8w, https:\/\/www.chancescook.com\/wp-content\/uploads\/2025\/02\/Custom-Stainless-Steel-Snow-Pot-1-285x434.jpg 285w, https:\/\/www.chancescook.com\/wp-content\/uploads\/2025\/02\/Custom-Stainless-Steel-Snow-Pot-1-433x660.jpg 433w, https:\/\/www.chancescook.com\/wp-content\/uploads\/2025\/02\/Custom-Stainless-Steel-Snow-Pot-1-98x150.jpg 98w\" sizes=\"(max-width: 712px) 100vw, 712px\" \/><\/figure>\n<\/div>\n\n\n\n<div class=\"wp-block-column is-layout-flow wp-block-column-is-layout-flow\"><\/div>\n<\/div>\n\n\n\n<p><\/p>","protected":false},"excerpt":{"rendered":"<p>Fornecemos um servi\u00e7o grossista de panelas de neve antiaderentes de alta qualidade ao estilo japon\u00eas. O design do corpo \u00e9 simples e elegante, com uma tampa a condizer. Existem dois tipos de materiais de panela para escolher: 304 e 430. Todos eles s\u00e3o muito adequados para piqueniques ao ar livre ou para cozinhar dentro de casa. Tamb\u00e9m s\u00e3o fornecidos servi\u00e7os de personaliza\u00e7\u00e3o, e os log\u00f3tipos da marca e as embalagens personalizadas podem ser impressos de acordo com as suas necessidades. Bem-vindo a contactar-nos para encomendar.<\/p>\n<h2>Carater\u00edsticas e vantagens do Snow Pan Wholesale<\/h2>\n<p>&nbsp;<\/p>\n<p><strong>Pega f\u00e1cil em madeira<\/strong>: O cabo de madeira da panela de neve \u00e9 bem trabalhado, f\u00e1cil de segurar e actua como um bom dissipador de calor, tornando-a f\u00e1cil de manusear para os cozinheiros. Quer esteja \u00e0 procura de op\u00e7\u00f5es por atacado de panelas de neve ou de um design personalizado, a pega garante uma ader\u00eancia confort\u00e1vel.<\/p>\n<p><strong>Bicos de despejo duplos<\/strong>: Este pote de neve possui orif\u00edcios de derramamento em ambos os lados, permitindo derramar \u00f3leo sem derramar e tornando-o adequado para destros e canhotos. Uma escolha perfeita para quem procura utens\u00edlios de cozinha personalizados em a\u00e7o inoxid\u00e1vel 430 com uma funcionalidade atenciosa.<\/p>\n<p><strong>Compatibilidade flex\u00edvel<\/strong>: A panela de neve \u00e9 compat\u00edvel com v\u00e1rias superf\u00edcies de cozedura, incluindo panelas de neve, fog\u00f5es a g\u00e1s, fog\u00f5es de indu\u00e7\u00e3o ou fornos de indu\u00e7\u00e3o, proporcionando-lhe a m\u00e1xima flexibilidade na cozinha.<\/p>\n<p><strong>Distribui\u00e7\u00e3o uniforme do calor<\/strong>: O fundo de a\u00e7o inoxid\u00e1vel garante uma distribui\u00e7\u00e3o uniforme do calor, evitando pontos quentes, o que ajuda a preservar o sabor dos alimentos e a conservar a energia. \u00c9 uma excelente op\u00e7\u00e3o para quem est\u00e1 interessado em produtos de alta qualidade para panelas de neve por atacado.<\/p>\n<p><strong>Design fresco da pega<\/strong>: A pega foi concebida para proporcionar um fluxo de ar superior, mantendo-a fresca ao toque, mesmo a altas temperaturas. Isto acrescenta seguran\u00e7a e conforto extra durante a cozedura, tornando-a uma op\u00e7\u00e3o ideal para as necessidades de utens\u00edlios de cozinha personalizados em a\u00e7o inoxid\u00e1vel 430.<\/p>\n<p><strong>Rebite duplo para maior durabilidade<\/strong>: A pega tem rebites duplos para maior durabilidade, garantindo uma vida mais longa para a sua panela de neve e proporcionando sempre uma experi\u00eancia de cozedura confort\u00e1vel e segura.<\/p>","protected":false},"featured_media":5777,"comment_status":"closed","ping_status":"closed","template":"","meta":{"_acf_changed":false},"product_brand":[],"product_cat":[52,69],"product_tag":[],"class_list":{"0":"post-4728","1":"product","2":"type-product","3":"status-publish","4":"has-post-thumbnail","6":"product_cat-cookware-wholesale","7":"product_cat-snow-pan-wholesaler","9":"first","10":"instock","11":"shipping-taxable","12":"product-type-simple"},"acf":[],"_links":{"self":[{"href":"https:\/\/www.chancescook.com\/pt\/wp-json\/wp\/v2\/product\/4728","targetHints":{"allow":["GET"]}}],"collection":[{"href":"https:\/\/www.chancescook.com\/pt\/wp-json\/wp\/v2\/product"}],"about":[{"href":"https:\/\/www.chancescook.com\/pt\/wp-json\/wp\/v2\/types\/product"}],"replies":[{"embeddable":true,"href":"https:\/\/www.chancescook.com\/pt\/wp-json\/wp\/v2\/comments?post=4728"}],"wp:featuredmedia":[{"embeddable":true,"href":"https:\/\/www.chancescook.com\/pt\/wp-json\/wp\/v2\/media\/5777"}],"wp:attachment":[{"href":"https:\/\/www.chancescook.com\/pt\/wp-json\/wp\/v2\/media?parent=4728"}],"wp:term":[{"taxonomy":"product_brand","embeddable":true,"href":"https:\/\/www.chancescook.com\/pt\/wp-json\/wp\/v2\/product_brand?post=4728"},{"taxonomy":"product_cat","embeddable":true,"href":"https:\/\/www.chancescook.com\/pt\/wp-json\/wp\/v2\/product_cat?post=4728"},{"taxonomy":"product_tag","embeddable":true,"href":"https:\/\/www.chancescook.com\/pt\/wp-json\/wp\/v2\/product_tag?post=4728"}],"curies":[{"name":"wp","href":"https:\/\/api.w.org\/{rel}","templated":true}]}}