{"id":4892,"date":"2025-04-18T10:45:50","date_gmt":"2025-04-18T10:45:50","guid":{"rendered":"https:\/\/www.chancescook.com\/?post_type=product&#038;p=4892"},"modified":"2025-12-20T08:31:25","modified_gmt":"2025-12-20T08:31:25","slug":"oem-camping-cookware-set-wholesale","status":"publish","type":"product","link":"https:\/\/www.chancescook.com\/pt\/produto\/oem-camping-cookware-set-wholesale\/","title":{"rendered":"Conjunto de panelas para acampamento OEM por atacado, Conjunto de panelas para acampamento em a\u00e7o inoxid\u00e1vel 304 Fabricante"},"content":{"rendered":"<div class=\"wp-block-columns is-layout-flex wp-container-core-columns-is-layout-9d6595d7 wp-block-columns-is-layout-flex\">\n<div class=\"wp-block-column is-layout-flow wp-block-column-is-layout-flow\">\n<h3 class=\"wp-block-heading\">Par\u00e2metros dos utens\u00edlios de cozinha em a\u00e7o inoxid\u00e1vel<\/h3>\n\n\n\n<p>Tipo: Conjunto de panelas<br>N\u00famero de pe\u00e7as: Conjunto de 7 pe\u00e7as<br>Material: A\u00e7o inoxid\u00e1vel 304<br>Quantidade: 1 conjunto\/caixa\uff0814cm\/16cm\/20cm)<br>Peso: 2,8 kg<br>Tamanho da caixa: 29\u00d729\u00d722cm<br>Aplica\u00e7\u00e3o: Cozinhar no campismo<\/p>\n\n\n\n<h3 class=\"wp-block-heading\">Utens\u00edlios de cozinha personalizados em a\u00e7o inoxid\u00e1vel<\/h3>\n\n\n\n<p>Embalagem: caixa de cor\/caixa de cart\u00e3o, etc.<br>Solu\u00e7\u00f5es personalizadas OEM e ODM<\/p>\n<\/div>\n\n\n\n<div class=\"wp-block-column is-layout-flow wp-block-column-is-layout-flow\">\n<figure class=\"wp-block-image size-full\"><img decoding=\"async\" width=\"1000\" height=\"1000\" src=\"https:\/\/www.chancescook.com\/wp-content\/uploads\/2025\/04\/Camping-Cookware-Set-Wholesaler.webp\" alt=\"Atacadista de utens\u00edlios de cozinha para campismo\" class=\"wp-image-4896\" srcset=\"https:\/\/www.chancescook.com\/wp-content\/uploads\/2025\/04\/Camping-Cookware-Set-Wholesaler.webp 1000w, https:\/\/www.chancescook.com\/wp-content\/uploads\/2025\/04\/Camping-Cookware-Set-Wholesaler-300x300.webp 300w, https:\/\/www.chancescook.com\/wp-content\/uploads\/2025\/04\/Camping-Cookware-Set-Wholesaler-150x150.webp 150w, https:\/\/www.chancescook.com\/wp-content\/uploads\/2025\/04\/Camping-Cookware-Set-Wholesaler-768x768.webp 768w, https:\/\/www.chancescook.com\/wp-content\/uploads\/2025\/04\/Camping-Cookware-Set-Wholesaler-12x12.webp 12w, https:\/\/www.chancescook.com\/wp-content\/uploads\/2025\/04\/Camping-Cookware-Set-Wholesaler-285x285.webp 285w, https:\/\/www.chancescook.com\/wp-content\/uploads\/2025\/04\/Camping-Cookware-Set-Wholesaler-270x270.webp 270w, https:\/\/www.chancescook.com\/wp-content\/uploads\/2025\/04\/Camping-Cookware-Set-Wholesaler-540x540.webp 540w, https:\/\/www.chancescook.com\/wp-content\/uploads\/2025\/04\/Camping-Cookware-Set-Wholesaler-660x660.webp 660w\" sizes=\"(max-width: 1000px) 100vw, 1000px\" \/><\/figure>\n<\/div>\n<\/div>\n\n\n\n<div class=\"wp-block-columns is-layout-flex wp-container-core-columns-is-layout-9d6595d7 wp-block-columns-is-layout-flex\">\n<div class=\"wp-block-column is-layout-flow wp-block-column-is-layout-flow\">\n<figure class=\"wp-block-image size-full\"><img decoding=\"async\" width=\"800\" height=\"800\" src=\"https:\/\/www.chancescook.com\/wp-content\/uploads\/2025\/04\/0be88d295005eb449c211241a1e2481.webp\" alt=\"Conjunto de utens\u00edlios de cozinha para campismo Frigideira por atacado\" class=\"wp-image-4910\" srcset=\"https:\/\/www.chancescook.com\/wp-content\/uploads\/2025\/04\/0be88d295005eb449c211241a1e2481.webp 800w, https:\/\/www.chancescook.com\/wp-content\/uploads\/2025\/04\/0be88d295005eb449c211241a1e2481-300x300.webp 300w, https:\/\/www.chancescook.com\/wp-content\/uploads\/2025\/04\/0be88d295005eb449c211241a1e2481-150x150.webp 150w, https:\/\/www.chancescook.com\/wp-content\/uploads\/2025\/04\/0be88d295005eb449c211241a1e2481-768x768.webp 768w, https:\/\/www.chancescook.com\/wp-content\/uploads\/2025\/04\/0be88d295005eb449c211241a1e2481-12x12.webp 12w, https:\/\/www.chancescook.com\/wp-content\/uploads\/2025\/04\/0be88d295005eb449c211241a1e2481-285x285.webp 285w, https:\/\/www.chancescook.com\/wp-content\/uploads\/2025\/04\/0be88d295005eb449c211241a1e2481-270x270.webp 270w, https:\/\/www.chancescook.com\/wp-content\/uploads\/2025\/04\/0be88d295005eb449c211241a1e2481-540x540.webp 540w, https:\/\/www.chancescook.com\/wp-content\/uploads\/2025\/04\/0be88d295005eb449c211241a1e2481-660x660.webp 660w\" sizes=\"(max-width: 800px) 100vw, 800px\" \/><\/figure>\n<\/div>\n\n\n\n<div class=\"wp-block-column is-layout-flow wp-block-column-is-layout-flow\">\n<figure class=\"wp-block-image size-full\"><img decoding=\"async\" width=\"800\" height=\"800\" src=\"https:\/\/www.chancescook.com\/wp-content\/uploads\/2025\/04\/6376cf03c91dcc2165f8e85a36e1d67.webp\" alt=\"Conjunto de utens\u00edlios de cozinha para campismo Panela de sopa por atacado\" class=\"wp-image-4912\" srcset=\"https:\/\/www.chancescook.com\/wp-content\/uploads\/2025\/04\/6376cf03c91dcc2165f8e85a36e1d67.webp 800w, https:\/\/www.chancescook.com\/wp-content\/uploads\/2025\/04\/6376cf03c91dcc2165f8e85a36e1d67-300x300.webp 300w, https:\/\/www.chancescook.com\/wp-content\/uploads\/2025\/04\/6376cf03c91dcc2165f8e85a36e1d67-150x150.webp 150w, https:\/\/www.chancescook.com\/wp-content\/uploads\/2025\/04\/6376cf03c91dcc2165f8e85a36e1d67-768x768.webp 768w, https:\/\/www.chancescook.com\/wp-content\/uploads\/2025\/04\/6376cf03c91dcc2165f8e85a36e1d67-12x12.webp 12w, https:\/\/www.chancescook.com\/wp-content\/uploads\/2025\/04\/6376cf03c91dcc2165f8e85a36e1d67-285x285.webp 285w, https:\/\/www.chancescook.com\/wp-content\/uploads\/2025\/04\/6376cf03c91dcc2165f8e85a36e1d67-270x270.webp 270w, https:\/\/www.chancescook.com\/wp-content\/uploads\/2025\/04\/6376cf03c91dcc2165f8e85a36e1d67-540x540.webp 540w, https:\/\/www.chancescook.com\/wp-content\/uploads\/2025\/04\/6376cf03c91dcc2165f8e85a36e1d67-660x660.webp 660w\" sizes=\"(max-width: 800px) 100vw, 800px\" \/><\/figure>\n<\/div>\n\n\n\n<div class=\"wp-block-column is-layout-flow wp-block-column-is-layout-flow\">\n<figure class=\"wp-block-image size-full\"><img decoding=\"async\" width=\"800\" height=\"800\" src=\"https:\/\/www.chancescook.com\/wp-content\/uploads\/2025\/04\/22a4cc9b300de6f1141c5532d967281.webp\" alt=\"Conjunto de utens\u00edlios de cozinha para campismo Tigela port\u00e1til por atacado\" class=\"wp-image-4911\" srcset=\"https:\/\/www.chancescook.com\/wp-content\/uploads\/2025\/04\/22a4cc9b300de6f1141c5532d967281.webp 800w, https:\/\/www.chancescook.com\/wp-content\/uploads\/2025\/04\/22a4cc9b300de6f1141c5532d967281-300x300.webp 300w, https:\/\/www.chancescook.com\/wp-content\/uploads\/2025\/04\/22a4cc9b300de6f1141c5532d967281-150x150.webp 150w, https:\/\/www.chancescook.com\/wp-content\/uploads\/2025\/04\/22a4cc9b300de6f1141c5532d967281-768x768.webp 768w, https:\/\/www.chancescook.com\/wp-content\/uploads\/2025\/04\/22a4cc9b300de6f1141c5532d967281-12x12.webp 12w, https:\/\/www.chancescook.com\/wp-content\/uploads\/2025\/04\/22a4cc9b300de6f1141c5532d967281-285x285.webp 285w, https:\/\/www.chancescook.com\/wp-content\/uploads\/2025\/04\/22a4cc9b300de6f1141c5532d967281-270x270.webp 270w, https:\/\/www.chancescook.com\/wp-content\/uploads\/2025\/04\/22a4cc9b300de6f1141c5532d967281-540x540.webp 540w, https:\/\/www.chancescook.com\/wp-content\/uploads\/2025\/04\/22a4cc9b300de6f1141c5532d967281-660x660.webp 660w\" sizes=\"(max-width: 800px) 100vw, 800px\" \/><\/figure>\n<\/div>\n<\/div>\n\n\n\n<p><\/p>","protected":false},"excerpt":{"rendered":"<p><span class=\"Editor_t__added__LtuNJ\">Personalizado <\/span><span class=\"Editor_t__not_edited__WuRP8\">conjunto de utens\u00edlios de cozinha para campismo w<span class=\"Editor_t__added__LtuNJ\">venda de buracos<\/span><\/span><span class=\"Editor_t__not_edited_long__JuNNx\">, fabricado em a\u00e7o inoxid\u00e1vel 304 de qualidade alimentar. Adequado para\u00a0<\/span><span class=\"Editor_t__added__LtuNJ\">qualquer<\/span><span class=\"Editor_t__not_edited__WuRP8\">\u00a0exterior\u00a0<\/span><span class=\"Editor_t__added__LtuNJ\">actividades<\/span><span class=\"Editor_t__not_edited__WuRP8\">\u00a0como acampar,\u00a0<\/span><span class=\"Editor_t__added__LtuNJ\">piquenique<\/span><span class=\"Editor_t__not_edited__WuRP8\">e caminhadas. Suave\u00a0<\/span><span class=\"Editor_t__added__LtuNJ\">estrutura\u00a0<\/span><span class=\"Editor_t__not_edited__WuRP8\">superf\u00edcie\u00a0<\/span><span class=\"Editor_t__not_edited__WuRP8\">previne a alimenta\u00e7\u00e3o\u00a0<\/span><span class=\"Editor_t__added__LtuNJ\">res\u00edduos<\/span><span class=\"Editor_t__not_edited__WuRP8\">, facilitando a <\/span><span class=\"Editor_t__added__LtuNJ\">m\u00e3o<\/span><span class=\"Editor_t__not_edited__WuRP8\">\u00a0<\/span><span class=\"Editor_t__added__LtuNJ\">lavagem<\/span><span class=\"Editor_t__not_edited__WuRP8\">\u00a0<\/span><span class=\"Editor_t__not_edited__WuRP8\">ou\u00a0<\/span><span class=\"Editor_t__added__LtuNJ\">m\u00e1quina de lavar lou\u00e7a<\/span><span class=\"Editor_t__not_edited__WuRP8\">\u00a0<\/span><span class=\"Editor_t__added__LtuNJ\">limpo<\/span><span class=\"Editor_t__not_edited__WuRP8\">.\u00a0<\/span><span class=\"Editor_t__added__LtuNJ\">N\u00f3s<\/span><span class=\"Editor_t__not_edited__WuRP8\">\u00a0<\/span><span class=\"Editor_t__added__LtuNJ\">s\u00e3o\u00a0<\/span><span class=\"Editor_t__not_edited__WuRP8\">um a\u00e7o inoxid\u00e1vel profissional\u00a0<\/span><span class=\"Editor_t__added__LtuNJ\">panela<\/span><span class=\"Editor_t__not_edited__WuRP8\">\u00a0e\u00a0<\/span><span class=\"Editor_t__added__LtuNJ\">panela<\/span><span class=\"Editor_t__not_edited__WuRP8\">\u00a0fabricante<\/span><span class=\"Editor_t__not_edited__WuRP8\">\u00a0<\/span><span class=\"Editor_t__added__LtuNJ\">-<\/span><span class=\"Editor_t__not_edited__WuRP8\">\u00a0<\/span><span class=\"Editor_t__not_edited__WuRP8\">Encomendas OEM\/ODM\u00a0<\/span><span class=\"Editor_t__added__LtuNJ\">s\u00e3o<\/span><span class=\"Editor_t__not_edited__WuRP8\">\u00a0<\/span><span class=\"Editor_t__added__LtuNJ\">bem-vindo, apenas\u00a0<\/span><span class=\"Editor_t__not_edited__WuRP8\">contacte-nos para\u00a0<\/span><span class=\"Editor_t__added__LtuNJ\">in\u00edcio<\/span><span class=\"Editor_t__not_edited__WuRP8\">!<\/span><\/p>\n<h2>Carater\u00edsticas e benef\u00edcios do conjunto de utens\u00edlios de cozinha para campismo por atacado<\/h2>\n<ul>\n<li><strong><span class=\"Editor_t__added__LtuNJ\">Longo<\/span><span class=\"Editor_t__not_edited__WuRP8\">-<\/span><span class=\"Editor_t__added__LtuNJ\">duradouro<\/span><\/strong><span class=\"Editor_t__not_edited__WuRP8\"><strong> A\u00e7o inoxid\u00e1vel 304<\/strong>:\u00a0<\/span><span class=\"Editor_t__added__LtuNJ\">Constru\u00eddo<\/span><span class=\"Editor_t__not_edited__WuRP8\">\u00a0<\/span><span class=\"Editor_t__added__LtuNJ\">de<\/span><span class=\"Editor_t__not_edited__WuRP8\">\u00a0<\/span><span class=\"Editor_t__added__LtuNJ\">de alta qualidade<\/span><span class=\"Editor_t__not_edited_long__JuNNx\">\u00a0a\u00e7o inoxid\u00e1vel 304 de qualidade alimentar,\u00a0<\/span><span class=\"Editor_t__added__LtuNJ\">duradouro<\/span><span class=\"Editor_t__not_edited__WuRP8\">,\u00a0<\/span><span class=\"Editor_t__added__LtuNJ\">\u00e0 prova de ferrugem<\/span><span class=\"Editor_t__not_edited__WuRP8\">e\u00a0<\/span><span class=\"Editor_t__added__LtuNJ\">adequado<\/span><span class=\"Editor_t__not_edited__WuRP8\">\u00a0para todos\u00a0<\/span><span class=\"Editor_t__added__LtuNJ\">tipos de\u00a0<\/span><span class=\"Editor_t__not_edited__WuRP8\">exterior\u00a0<\/span><span class=\"Editor_t__added__LtuNJ\">utiliza\u00e7\u00e3o<\/span><span class=\"Editor_t__not_edited__WuRP8\">.\u00a0<\/span><span class=\"Editor_t__added__LtuNJ\">Ser<\/span><span class=\"Editor_t__not_edited_long__JuNNx\">\u00a0tachos e panelas de a\u00e7o inoxid\u00e1vel fi\u00e1veis\u00a0<\/span><span class=\"Editor_t__added__LtuNJ\">fornecedor<\/span><span class=\"Editor_t__not_edited__WuRP8\">, n\u00f3s\u00a0<\/span><span class=\"Editor_t__added__LtuNJ\">promessa<\/span><span class=\"Editor_t__not_edited__WuRP8\">\u00a0longo-<\/span><span class=\"Editor_t__added__LtuNJ\">duradouro<\/span><span class=\"Editor_t__not_edited__WuRP8\">\u00a0<\/span><span class=\"Editor_t__added__LtuNJ\">utiliza\u00e7\u00e3o<\/span><span class=\"Editor_t__not_edited_long__JuNNx\">\u00a0e seguran\u00e7a. <\/span><\/li>\n<li><strong><span class=\"Editor_t__not_edited_long__JuNNx\">Completo C<\/span><span class=\"Editor_t__added__LtuNJ\">ookware<\/span><\/strong><span class=\"Editor_t__not_edited__WuRP8\"><strong> Conjunto<\/strong>: Este\u00a0<\/span><span class=\"Editor_t__added__LtuNJ\">grossista\u00a0<\/span><span class=\"Editor_t__not_edited__WuRP8\">conjunto de utens\u00edlios de cozinha para campismo\u00a0<\/span><span class=\"Editor_t__not_edited__WuRP8\">inclui 7\u00a0<\/span><span class=\"Editor_t__added__LtuNJ\">elementos essenciais<\/span><span class=\"Editor_t__not_edited__WuRP8\">\u00a0<\/span><span class=\"Editor_t__not_edited__WuRP8\">para\u00a0<\/span><span class=\"Editor_t__added__LtuNJ\">cumprir<\/span><span class=\"Editor_t__not_edited__WuRP8\">\u00a0todos os seus\u00a0<\/span><span class=\"Editor_t__added__LtuNJ\">requisitos em\u00a0<\/span><span class=\"Editor_t__not_edited__WuRP8\">cozinha ao ar livre<\/span><span class=\"Editor_t__not_edited__WuRP8\">, fazendo\u00a0<\/span><span class=\"Editor_t__added__LtuNJ\">ele<\/span><span class=\"Editor_t__not_edited__WuRP8\">\u00a0<\/span><span class=\"Editor_t__not_edited__WuRP8\">mais c\u00f3modo<\/span><span class=\"Editor_t__added__LtuNJ\">\u00a0para se divertir l\u00e1 fora<\/span><span class=\"Editor_t__not_edited_long__JuNNx\">. <\/span><\/li>\n<li><span class=\"Editor_t__not_edited_long__JuNNx\"><strong>Port\u00e1til e compacto<\/strong>: Leve\u00a0<\/span><span class=\"Editor_t__added__LtuNJ\">constru\u00e7\u00e3o<\/span><span class=\"Editor_t__not_edited__WuRP8\">\u00a0com um\u00a0<\/span><span class=\"Editor_t__added__LtuNJ\">especial<\/span><span class=\"Editor_t__not_edited_long__JuNNx\">\u00a0saco de arruma\u00e7\u00e3o. Todas as ferramentas s\u00e3o f\u00e1ceis de organizar e transportar - perfeitas para acampar, fazer caminhadas e\u00a0<\/span><span class=\"Editor_t__added__LtuNJ\">viajar<\/span><span class=\"Editor_t__not_edited_long__JuNNx\">. <\/span><\/li>\n<li><span class=\"Editor_t__not_edited_long__JuNNx\"><strong>Saud\u00e1vel e seguro<\/strong>: Materiais sem BPA e de qualidade alimentar, sem subst\u00e2ncias nocivas\u00a0<\/span><span class=\"Editor_t__added__LtuNJ\">produtos qu\u00edmicos<\/span><span class=\"Editor_t__not_edited__WuRP8\">.\u00a0<\/span><span class=\"Editor_t__added__LtuNJ\">Constru\u00eddo<\/span><span class=\"Editor_t__not_edited__WuRP8\">\u00a0por um\u00a0<\/span><span class=\"Editor_t__added__LtuNJ\">bem conhecido<\/span><span class=\"Editor_t__not_edited_long__JuNNx\">\u00a0fabricante de panelas e frigideiras de a\u00e7o inoxid\u00e1vel para\u00a0<\/span><span class=\"Editor_t__added__LtuNJ\">garantia<\/span><span class=\"Editor_t__not_edited_long__JuNNx\">. <\/span><\/li>\n<li><span class=\"Editor_t__not_edited_long__JuNNx\"><strong>F\u00e1cil de limpar<\/strong>: Design de superf\u00edcie lisa\u00a0<\/span><span class=\"Editor_t__added__LtuNJ\">evita<\/span><span class=\"Editor_t__not_edited__WuRP8\">\u00a0<\/span><span class=\"Editor_t__not_edited__WuRP8\">alimentos\u00a0<\/span><span class=\"Editor_t__added__LtuNJ\">acumula\u00e7\u00e3o<\/span><span class=\"Editor_t__not_edited__WuRP8\">. M\u00e1quina de lavar loi\u00e7a<\/span><span class=\"Editor_t__added__LtuNJ\">-<\/span><span class=\"Editor_t__not_edited__WuRP8\">seguro e manual<\/span><span class=\"Editor_t__added__LtuNJ\">\u00a0<\/span><span class=\"Editor_t__not_edited_long__JuNNx\">lav\u00e1vel - poupa tempo e\u00a0<\/span><span class=\"Editor_t__added__LtuNJ\">energia<\/span><span class=\"Editor_t__not_edited__WuRP8\">. <\/span><\/li>\n<li><span class=\"Editor_t__not_edited__WuRP8\"><strong>Utiliza\u00e7\u00e3o vers\u00e1til<\/strong>:\u00a0<\/span><span class=\"Editor_t__added__LtuNJ\">N\u00e3o<\/span><span class=\"Editor_t__not_edited__WuRP8\">\u00a0<\/span><span class=\"Editor_t__not_edited__WuRP8\">apenas para\u00a0<\/span><span class=\"Editor_t__added__LtuNJ\">acampar<\/span><span class=\"Editor_t__not_edited__WuRP8\">\u00a0<\/span><span class=\"Editor_t__added__LtuNJ\">ao ar livre<\/span><span class=\"Editor_t__not_edited__WuRP8\">\u00a0- este\u00a0<\/span><span class=\"Editor_t__added__LtuNJ\">grossista\u00a0<\/span><span class=\"Editor_t__not_edited__WuRP8\">conjunto de utens\u00edlios de cozinha para campismo\u00a0<\/span><span class=\"Editor_t__not_edited__WuRP8\">\u00e9 tamb\u00e9m\u00a0<\/span><span class=\"Editor_t__added__LtuNJ\">adequado<\/span><span class=\"Editor_t__not_edited__WuRP8\">\u00a0para\u00a0<\/span><span class=\"Editor_t__added__LtuNJ\">geral<\/span><span class=\"Editor_t__not_edited__WuRP8\">\u00a0utiliza\u00e7\u00e3o na cozinha. <\/span><\/li>\n<li><strong><span class=\"Editor_t__added__LtuNJ\">Resist\u00eancia ao H<\/span><span class=\"Editor_t__not_edited__WuRP8\">alto<\/span><span class=\"Editor_t__not_edited__WuRP8\"> H<\/span><span class=\"Editor_t__added__LtuNJ\">comer<\/span><\/strong><span class=\"Editor_t__not_edited__WuRP8\">:\u00a0<\/span><span class=\"Editor_t__added__LtuNJ\">Fabricado<\/span><span class=\"Editor_t__not_edited_long__JuNNx\">\u00a0para resistir ao calor intenso sem deformar ou danificar, garantindo\u00a0<\/span><span class=\"Editor_t__added__LtuNJ\">coerente<\/span><span class=\"Editor_t__not_edited_long__JuNNx\">\u00a0desempenho de cozedura ao ar livre. <\/span><\/li>\n<li><strong><span class=\"Editor_t__added__LtuNJ\">Efici\u00eancia de espa\u00e7o<\/span><\/strong><span class=\"Editor_t__not_edited__WuRP8\"><strong> Armazenamento<\/strong>: Todos\u00a0<\/span><span class=\"Editor_t__added__LtuNJ\">pe\u00e7as<\/span><span class=\"Editor_t__not_edited__WuRP8\">\u00a0pode ser\u00a0<\/span><span class=\"Editor_t__not_edited__WuRP8\">armazenados em conjunto\u00a0<\/span><span class=\"Editor_t__added__LtuNJ\">de uma forma eficiente em termos de espa\u00e7o\u00a0<\/span><span class=\"Editor_t__not_edited__WuRP8\">para poupar espa\u00e7o.\u00a0<\/span><span class=\"Editor_t__added__LtuNJ\">Adequado<\/span><span class=\"Editor_t__not_edited_long__JuNNx\">\u00a0para campismo e eventos ao ar livre. <\/span><\/li>\n<li><strong><span class=\"Editor_t__not_edited_long__JuNNx\">OEM\/ODM S<\/span><span class=\"Editor_t__added__LtuNJ\">servi\u00e7o<\/span><\/strong><span class=\"Editor_t__not_edited_long__JuNNx\">: Oferecemos solu\u00e7\u00f5es de utens\u00edlios de cozinha em a\u00e7o inoxid\u00e1vel totalmente personaliz\u00e1veis para\u00a0<\/span><span class=\"Editor_t__added__LtuNJ\">fato<\/span><span class=\"Editor_t__not_edited__WuRP8\">\u00a0as necessidades da sua marca.<\/span><\/li>\n<\/ul>","protected":false},"featured_media":5734,"comment_status":"closed","ping_status":"closed","template":"","meta":{"_acf_changed":false},"product_brand":[],"product_cat":[54],"product_tag":[],"class_list":{"0":"post-4892","1":"product","2":"type-product","3":"status-publish","4":"has-post-thumbnail","6":"product_cat-camping-cookware-wholesale","8":"first","9":"instock","10":"shipping-taxable","11":"product-type-simple"},"acf":[],"_links":{"self":[{"href":"https:\/\/www.chancescook.com\/pt\/wp-json\/wp\/v2\/product\/4892","targetHints":{"allow":["GET"]}}],"collection":[{"href":"https:\/\/www.chancescook.com\/pt\/wp-json\/wp\/v2\/product"}],"about":[{"href":"https:\/\/www.chancescook.com\/pt\/wp-json\/wp\/v2\/types\/product"}],"replies":[{"embeddable":true,"href":"https:\/\/www.chancescook.com\/pt\/wp-json\/wp\/v2\/comments?post=4892"}],"wp:featuredmedia":[{"embeddable":true,"href":"https:\/\/www.chancescook.com\/pt\/wp-json\/wp\/v2\/media\/5734"}],"wp:attachment":[{"href":"https:\/\/www.chancescook.com\/pt\/wp-json\/wp\/v2\/media?parent=4892"}],"wp:term":[{"taxonomy":"product_brand","embeddable":true,"href":"https:\/\/www.chancescook.com\/pt\/wp-json\/wp\/v2\/product_brand?post=4892"},{"taxonomy":"product_cat","embeddable":true,"href":"https:\/\/www.chancescook.com\/pt\/wp-json\/wp\/v2\/product_cat?post=4892"},{"taxonomy":"product_tag","embeddable":true,"href":"https:\/\/www.chancescook.com\/pt\/wp-json\/wp\/v2\/product_tag?post=4892"}],"curies":[{"name":"wp","href":"https:\/\/api.w.org\/{rel}","templated":true}]}}