{"id":5130,"date":"2025-07-07T16:31:49","date_gmt":"2025-07-07T16:31:49","guid":{"rendered":"https:\/\/www.chancescook.com\/?post_type=product&#038;p=5130"},"modified":"2025-12-20T08:43:53","modified_gmt":"2025-12-20T08:43:53","slug":"custom-camping-cups-stainless-steel","status":"publish","type":"product","link":"https:\/\/www.chancescook.com\/pt\/produto\/custom-camping-cups-stainless-steel\/","title":{"rendered":"Copos de campismo personalizados A\u00e7o inoxid\u00e1vel 304 com pega dobr\u00e1vel Grossista"},"content":{"rendered":"<div class=\"wp-block-columns is-layout-flex wp-container-core-columns-is-layout-9d6595d7 wp-block-columns-is-layout-flex\">\n<div class=\"wp-block-column is-layout-flow wp-block-column-is-layout-flow\">\n<h2 class=\"wp-block-heading\">Par\u00e2metros dos copos de campismo em a\u00e7o inoxid\u00e1vel<\/h2>\n\n\n\n<ul class=\"wp-block-list\">\n<li>Tipo:<strong><a href=\"https:\/\/www.chancescook.com\/pt\/categoria-produto\/camping-cookware-wholesale\/\">Cozinhas essenciais para campismo<\/a><\/strong><\/li>\n\n\n\n<li>Material: a\u00e7o inoxid\u00e1vel 201\/304<\/li>\n\n\n\n<li>Capacidade: 300ml<\/li>\n\n\n\n<li>Log\u00f3tipo: Grava\u00e7\u00e3o a laser<\/li>\n\n\n\n<li>Aplica\u00e7\u00e3o: Cozinhar no campismo<\/li>\n\n\n\n<li>MOQ: 1000 pcs<\/li>\n<\/ul>\n<\/div>\n\n\n\n<div class=\"wp-block-column is-layout-flow wp-block-column-is-layout-flow\">\n<h2 class=\"wp-block-heading\">Op\u00e7\u00f5es de copos de campismo personalizados<\/h2>\n\n\n\n<ul class=\"wp-block-list\">\n<li>Log\u00f3tipo: personalizar o log\u00f3tipo da sua marca<\/li>\n\n\n\n<li>Material: A\u00e7o inoxid\u00e1vel SUS304\/SUS201<\/li>\n\n\n\n<li>Material da tampa: Estilo \/ Material<\/li>\n\n\n\n<li>Material da pega: Estilo\/Material<\/li>\n\n\n\n<li>Tratamento da superf\u00edcie de contacto: Revestimento n\u00e3o revestido\/n\u00e3o aderente<\/li>\n\n\n\n<li>Embalagem: caixa de cor\/caixa de cart\u00e3o, etc<\/li>\n\n\n\n<li><strong><a href=\"https:\/\/www.chancescook.com\/pt\/custom-cookware\/\">Solu\u00e7\u00f5es para copos de campismo em a\u00e7o inoxid\u00e1vel personalizados OEM e ODM<\/a><\/strong><\/li>\n<\/ul>\n<\/div>\n<\/div>\n\n\n\n<div class=\"wp-block-columns is-layout-flex wp-container-core-columns-is-layout-9d6595d7 wp-block-columns-is-layout-flex\">\n<div class=\"wp-block-column is-layout-flow wp-block-column-is-layout-flow\">\n<figure class=\"wp-block-image size-full\"><img decoding=\"async\" width=\"748\" height=\"748\" src=\"https:\/\/www.chancescook.com\/wp-content\/uploads\/2025\/07\/Custom-Camping-Cups-Stainless-Steel-1-edited.webp\" alt=\"Copos de campismo personalizados em a\u00e7o inoxid\u00e1vel (1)\" class=\"wp-image-5134\" srcset=\"https:\/\/www.chancescook.com\/wp-content\/uploads\/2025\/07\/Custom-Camping-Cups-Stainless-Steel-1-edited.webp 748w, https:\/\/www.chancescook.com\/wp-content\/uploads\/2025\/07\/Custom-Camping-Cups-Stainless-Steel-1-edited-300x300.webp 300w, https:\/\/www.chancescook.com\/wp-content\/uploads\/2025\/07\/Custom-Camping-Cups-Stainless-Steel-1-edited-150x150.webp 150w, https:\/\/www.chancescook.com\/wp-content\/uploads\/2025\/07\/Custom-Camping-Cups-Stainless-Steel-1-edited-12x12.webp 12w, https:\/\/www.chancescook.com\/wp-content\/uploads\/2025\/07\/Custom-Camping-Cups-Stainless-Steel-1-edited-285x285.webp 285w, https:\/\/www.chancescook.com\/wp-content\/uploads\/2025\/07\/Custom-Camping-Cups-Stainless-Steel-1-edited-270x270.webp 270w, https:\/\/www.chancescook.com\/wp-content\/uploads\/2025\/07\/Custom-Camping-Cups-Stainless-Steel-1-edited-540x540.webp 540w, https:\/\/www.chancescook.com\/wp-content\/uploads\/2025\/07\/Custom-Camping-Cups-Stainless-Steel-1-edited-660x660.webp 660w\" sizes=\"(max-width: 748px) 100vw, 748px\" \/><\/figure>\n<\/div>\n\n\n\n<div class=\"wp-block-column is-layout-flow wp-block-column-is-layout-flow\">\n<figure class=\"wp-block-image size-full\"><img decoding=\"async\" width=\"747\" height=\"747\" src=\"https:\/\/www.chancescook.com\/wp-content\/uploads\/2025\/07\/Custom-Camping-Cups-Stainless-Steel-3-edited.webp\" alt=\"Copos de campismo personalizados em a\u00e7o inoxid\u00e1vel (3)\" class=\"wp-image-5135\" srcset=\"https:\/\/www.chancescook.com\/wp-content\/uploads\/2025\/07\/Custom-Camping-Cups-Stainless-Steel-3-edited.webp 747w, https:\/\/www.chancescook.com\/wp-content\/uploads\/2025\/07\/Custom-Camping-Cups-Stainless-Steel-3-edited-300x300.webp 300w, https:\/\/www.chancescook.com\/wp-content\/uploads\/2025\/07\/Custom-Camping-Cups-Stainless-Steel-3-edited-150x150.webp 150w, https:\/\/www.chancescook.com\/wp-content\/uploads\/2025\/07\/Custom-Camping-Cups-Stainless-Steel-3-edited-12x12.webp 12w, https:\/\/www.chancescook.com\/wp-content\/uploads\/2025\/07\/Custom-Camping-Cups-Stainless-Steel-3-edited-285x285.webp 285w, https:\/\/www.chancescook.com\/wp-content\/uploads\/2025\/07\/Custom-Camping-Cups-Stainless-Steel-3-edited-270x270.webp 270w, https:\/\/www.chancescook.com\/wp-content\/uploads\/2025\/07\/Custom-Camping-Cups-Stainless-Steel-3-edited-540x540.webp 540w, https:\/\/www.chancescook.com\/wp-content\/uploads\/2025\/07\/Custom-Camping-Cups-Stainless-Steel-3-edited-660x660.webp 660w\" sizes=\"(max-width: 747px) 100vw, 747px\" \/><\/figure>\n<\/div>\n<\/div>\n\n\n\n<p><strong>Bem-vindo a contactar um grossista profissional de copos de campismo em a\u00e7o inoxid\u00e1vel para obter cota\u00e7\u00f5es de produtos e personalizar a s\u00e9rie de copos de \u00e1gua para exterior da sua marca!<\/strong><\/p>\n\n\n\n<p><\/p>","protected":false},"excerpt":{"rendered":"<p>Somos um grossista profissional de copos de campismo em a\u00e7o inoxid\u00e1vel, fornecendo copos de \u00e1gua em a\u00e7o inoxid\u00e1vel de alta qualidade para hotelaria, empresas de catering e grossistas de material de exterior h\u00e1 muito tempo. Este produto suporta personaliza\u00e7\u00e3o OEM\/ODM, adequado para clientes com necessidades de marca personalizada para criar copos de campismo personalizados exclusivos. Bem-vindo ao inqu\u00e9rito!<\/p>\n<h3>Vantagens dos copos de campismo em a\u00e7o inoxid\u00e1vel 304<\/h3>\n<ol>\n<li><strong>Material em a\u00e7o inoxid\u00e1vel 304<\/strong>: Fabricado em a\u00e7o inoxid\u00e1vel 304, tem uma excelente resist\u00eancia \u00e0 corros\u00e3o e durabilidade. \u00c9 uma escolha ideal para \u00e1gua pot\u00e1vel ao ar livre e um dos produtos mais vendidos no grossista de copos de campismo em a\u00e7o inoxid\u00e1vel.<\/li>\n<li><strong>A\u00e7o inoxid\u00e1vel espessado de qualidade alimentar<\/strong>: Utilizando material espessado de qualidade alimentar, \u00e9 seguro e higi\u00e9nico, resistente e dur\u00e1vel. N\u00e3o produzir\u00e1 odor ou subst\u00e2ncias nocivas ap\u00f3s uma utiliza\u00e7\u00e3o prolongada. \u00c9 adequado para o desenvolvimento de linhas de produtos de copos de campismo personalizados de alta qualidade.<\/li>\n<li><strong>N\u00e3o \u00e9 f\u00e1cil de deformar<\/strong>: Tem boa estabilidade e resist\u00eancia \u00e0 press\u00e3o, n\u00e3o \u00e9 f\u00e1cil de deformar sob alta temperatura ou for\u00e7a externa, pode manter a forma e a fun\u00e7\u00e3o do corpo do copo e \u00e9 um equipamento fi\u00e1vel para uma utiliza\u00e7\u00e3o est\u00e1vel em ambientes exteriores.<\/li>\n<li><strong>Artesanato de alta qualidade<\/strong>: material fino, acabamento requintado, apar\u00eancia bonita, combinando durabilidade e beleza visual, adequado para clientes grossistas de copos de campismo em a\u00e7o inoxid\u00e1vel para expandir o mercado de gama m\u00e9dia a alta.<\/li>\n<li><strong>F\u00e1cil de limpar<\/strong>: A superf\u00edcie do copo \u00e9 lisa, f\u00e1cil de limpar, conveniente e r\u00e1pida de limpar, e mant\u00e9m a \u00e1gua pot\u00e1vel higi\u00e9nica. \u00c9 adequado para campismo, hot\u00e9is, buffets e outros cen\u00e1rios. Especialmente adequado para copos de campismo personalizados com um LOGOTIPO personalizado.<\/li>\n<\/ol>\n<h3>De Camping Kitchen Essentials Fabricante :<\/h3>\n<p>Fornecimento direto a pre\u00e7o de f\u00e1brica, ajudando os clientes grossistas a obter margens de lucro mais elevadas. Pode fornecer aos clientes r\u00f3tulos privados e personaliza\u00e7\u00e3o de embalagens, criar copos de campismo personalizados de marca exclusiva e aumentar o reconhecimento e a competitividade dos produtos no mercado.<\/p>","protected":false},"featured_media":5738,"comment_status":"closed","ping_status":"closed","template":"","meta":{"_acf_changed":false},"product_brand":[],"product_cat":[54],"product_tag":[],"class_list":{"0":"post-5130","1":"product","2":"type-product","3":"status-publish","4":"has-post-thumbnail","6":"product_cat-camping-cookware-wholesale","8":"first","9":"instock","10":"shipping-taxable","11":"product-type-simple"},"acf":[],"_links":{"self":[{"href":"https:\/\/www.chancescook.com\/pt\/wp-json\/wp\/v2\/product\/5130","targetHints":{"allow":["GET"]}}],"collection":[{"href":"https:\/\/www.chancescook.com\/pt\/wp-json\/wp\/v2\/product"}],"about":[{"href":"https:\/\/www.chancescook.com\/pt\/wp-json\/wp\/v2\/types\/product"}],"replies":[{"embeddable":true,"href":"https:\/\/www.chancescook.com\/pt\/wp-json\/wp\/v2\/comments?post=5130"}],"wp:featuredmedia":[{"embeddable":true,"href":"https:\/\/www.chancescook.com\/pt\/wp-json\/wp\/v2\/media\/5738"}],"wp:attachment":[{"href":"https:\/\/www.chancescook.com\/pt\/wp-json\/wp\/v2\/media?parent=5130"}],"wp:term":[{"taxonomy":"product_brand","embeddable":true,"href":"https:\/\/www.chancescook.com\/pt\/wp-json\/wp\/v2\/product_brand?post=5130"},{"taxonomy":"product_cat","embeddable":true,"href":"https:\/\/www.chancescook.com\/pt\/wp-json\/wp\/v2\/product_cat?post=5130"},{"taxonomy":"product_tag","embeddable":true,"href":"https:\/\/www.chancescook.com\/pt\/wp-json\/wp\/v2\/product_tag?post=5130"}],"curies":[{"name":"wp","href":"https:\/\/api.w.org\/{rel}","templated":true}]}}