{"id":5143,"date":"2025-07-07T18:21:49","date_gmt":"2025-07-07T18:21:49","guid":{"rendered":"https:\/\/www.chancescook.com\/?post_type=product&#038;p=5143"},"modified":"2025-07-07T18:21:51","modified_gmt":"2025-07-07T18:21:51","slug":"wholesale-camping-pot","status":"publish","type":"product","link":"https:\/\/www.chancescook.com\/pt\/produto\/wholesale-camping-pot\/","title":{"rendered":"Conjunto de panelas port\u00e1til de a\u00e7o inoxid\u00e1vel para acampamento por atacado Fabricante"},"content":{"rendered":"<div class=\"wp-block-columns is-layout-flex wp-container-core-columns-is-layout-9d6595d7 wp-block-columns-is-layout-flex\">\n<div class=\"wp-block-column is-layout-flow wp-block-column-is-layout-flow\">\n<h2 class=\"wp-block-heading\">Par\u00e2metros da panela de campismo<\/h2>\n\n\n\n<ul class=\"wp-block-list\">\n<li><strong>Espessura normal<\/strong>: 0,5 mm<\/li>\n\n\n\n<li><strong>Tamanho<\/strong>: 20cm \/ 24cm<\/li>\n\n\n\n<li><strong>Capacidade:<\/strong>\u00a02.0-4.0L<\/li>\n\n\n\n<li><strong>Cor:<\/strong>\u00a0Cor prata<\/li>\n\n\n\n<li><strong>Log\u00f3tipo<\/strong>: Grava\u00e7\u00e3o a laser<\/li>\n\n\n\n<li><strong>QUANTIDADE M\u00c1XIMA DE ENCOMENDA<\/strong>: 1000 unidades<\/li>\n<\/ul>\n\n\n\n<h2 class=\"wp-block-heading\">Op\u00e7\u00f5es de utens\u00edlios de cozinha personalizados para campismo<\/h2>\n\n\n\n<ul class=\"wp-block-list\">\n<li><strong>Log\u00f3tipo:\u00a0<\/strong>Personalize o log\u00f3tipo da sua marca<\/li>\n\n\n\n<li><strong>Material<\/strong>: A\u00e7o inoxid\u00e1vel SUS304\/SUS201<\/li>\n\n\n\n<li><strong>Espessura do material<\/strong>: 0,5 mm<\/li>\n\n\n\n<li><strong>Material da tampa<\/strong>: Estilo \/ Material<\/li>\n\n\n\n<li><strong>Material do punho<\/strong>: Estilo\/Material<\/li>\n\n\n\n<li><strong>Tratamento de superf\u00edcie:<\/strong>\u00a0Polido ou fosco<\/li>\n\n\n\n<li><strong>Tratamento da superf\u00edcie de contacto<\/strong>: Revestimento n\u00e3o revestido\/n\u00e3o aderente<\/li>\n\n\n\n<li><strong>Embalagem<\/strong>: caixa\/caixa de cor, etc<\/li>\n\n\n\n<li><strong><a href=\"https:\/\/www.chancescook.com\/pt\/custom-cookware\/\">Solu\u00e7\u00f5es de panelas de campismo em a\u00e7o inoxid\u00e1vel personalizadas OEM e ODM<\/a><\/strong><\/li>\n<\/ul>\n<\/div>\n\n\n\n<div class=\"wp-block-column is-layout-flow wp-block-column-is-layout-flow\">\n<figure class=\"wp-block-image size-full\"><img decoding=\"async\" width=\"1000\" height=\"1000\" src=\"https:\/\/www.chancescook.com\/wp-content\/uploads\/2025\/04\/Camping-Cookware-Set-Wholesale-3.webp\" alt=\"Conjunto de utens\u00edlios de cozinha para campismo por atacado (3)\" class=\"wp-image-4895\" srcset=\"https:\/\/www.chancescook.com\/wp-content\/uploads\/2025\/04\/Camping-Cookware-Set-Wholesale-3.webp 1000w, https:\/\/www.chancescook.com\/wp-content\/uploads\/2025\/04\/Camping-Cookware-Set-Wholesale-3-300x300.webp 300w, https:\/\/www.chancescook.com\/wp-content\/uploads\/2025\/04\/Camping-Cookware-Set-Wholesale-3-150x150.webp 150w, https:\/\/www.chancescook.com\/wp-content\/uploads\/2025\/04\/Camping-Cookware-Set-Wholesale-3-768x768.webp 768w, https:\/\/www.chancescook.com\/wp-content\/uploads\/2025\/04\/Camping-Cookware-Set-Wholesale-3-12x12.webp 12w, https:\/\/www.chancescook.com\/wp-content\/uploads\/2025\/04\/Camping-Cookware-Set-Wholesale-3-285x285.webp 285w, https:\/\/www.chancescook.com\/wp-content\/uploads\/2025\/04\/Camping-Cookware-Set-Wholesale-3-270x270.webp 270w, https:\/\/www.chancescook.com\/wp-content\/uploads\/2025\/04\/Camping-Cookware-Set-Wholesale-3-540x540.webp 540w, https:\/\/www.chancescook.com\/wp-content\/uploads\/2025\/04\/Camping-Cookware-Set-Wholesale-3-660x660.webp 660w\" sizes=\"(max-width: 1000px) 100vw, 1000px\" \/><\/figure>\n<\/div>\n<\/div>\n\n\n\n<div class=\"wp-block-columns is-layout-flex wp-container-core-columns-is-layout-9d6595d7 wp-block-columns-is-layout-flex\">\n<div class=\"wp-block-column is-layout-flow wp-block-column-is-layout-flow\" style=\"flex-basis:50%\">\n<figure class=\"wp-block-image size-full\"><img decoding=\"async\" width=\"1000\" height=\"1000\" src=\"https:\/\/www.chancescook.com\/wp-content\/uploads\/2025\/04\/Camping-Cookware-Set-Wholesale-1.webp\" alt=\"Conjunto de utens\u00edlios de cozinha para campismo por atacado (1)\" class=\"wp-image-4893\" srcset=\"https:\/\/www.chancescook.com\/wp-content\/uploads\/2025\/04\/Camping-Cookware-Set-Wholesale-1.webp 1000w, https:\/\/www.chancescook.com\/wp-content\/uploads\/2025\/04\/Camping-Cookware-Set-Wholesale-1-300x300.webp 300w, https:\/\/www.chancescook.com\/wp-content\/uploads\/2025\/04\/Camping-Cookware-Set-Wholesale-1-150x150.webp 150w, https:\/\/www.chancescook.com\/wp-content\/uploads\/2025\/04\/Camping-Cookware-Set-Wholesale-1-768x768.webp 768w, https:\/\/www.chancescook.com\/wp-content\/uploads\/2025\/04\/Camping-Cookware-Set-Wholesale-1-12x12.webp 12w, https:\/\/www.chancescook.com\/wp-content\/uploads\/2025\/04\/Camping-Cookware-Set-Wholesale-1-285x285.webp 285w, https:\/\/www.chancescook.com\/wp-content\/uploads\/2025\/04\/Camping-Cookware-Set-Wholesale-1-270x270.webp 270w, https:\/\/www.chancescook.com\/wp-content\/uploads\/2025\/04\/Camping-Cookware-Set-Wholesale-1-540x540.webp 540w, https:\/\/www.chancescook.com\/wp-content\/uploads\/2025\/04\/Camping-Cookware-Set-Wholesale-1-660x660.webp 660w\" sizes=\"(max-width: 1000px) 100vw, 1000px\" \/><figcaption class=\"wp-element-caption\">Pote de campismo personalizado<\/figcaption><\/figure>\n<\/div>\n\n\n\n<div class=\"wp-block-column is-layout-flow wp-block-column-is-layout-flow\" style=\"flex-basis:50%\">\n<figure class=\"wp-block-image size-full\"><img decoding=\"async\" width=\"600\" height=\"600\" src=\"https:\/\/www.chancescook.com\/wp-content\/uploads\/2025\/07\/Wholesale-Camping-Pot-Stainless-Steel.webp\" alt=\"Panela de campismo por atacado em a\u00e7o inoxid\u00e1vel\" class=\"wp-image-5144\" srcset=\"https:\/\/www.chancescook.com\/wp-content\/uploads\/2025\/07\/Wholesale-Camping-Pot-Stainless-Steel.webp 600w, https:\/\/www.chancescook.com\/wp-content\/uploads\/2025\/07\/Wholesale-Camping-Pot-Stainless-Steel-300x300.webp 300w, https:\/\/www.chancescook.com\/wp-content\/uploads\/2025\/07\/Wholesale-Camping-Pot-Stainless-Steel-150x150.webp 150w, https:\/\/www.chancescook.com\/wp-content\/uploads\/2025\/07\/Wholesale-Camping-Pot-Stainless-Steel-12x12.webp 12w, https:\/\/www.chancescook.com\/wp-content\/uploads\/2025\/07\/Wholesale-Camping-Pot-Stainless-Steel-285x285.webp 285w, https:\/\/www.chancescook.com\/wp-content\/uploads\/2025\/07\/Wholesale-Camping-Pot-Stainless-Steel-270x270.webp 270w, https:\/\/www.chancescook.com\/wp-content\/uploads\/2025\/07\/Wholesale-Camping-Pot-Stainless-Steel-540x540.webp 540w\" sizes=\"(max-width: 600px) 100vw, 600px\" \/><figcaption class=\"wp-element-caption\">Tachos e panelas de campismo por grosso<\/figcaption><\/figure>\n<\/div>\n<\/div>","protected":false},"excerpt":{"rendered":"<p>Como um fabricante profissional de conjunto de panelas de campismo de a\u00e7o inoxid\u00e1vel, fornecemos panelas de campismo por atacado de alta qualidade que s\u00e3o resistentes ao calor, f\u00e1ceis de limpar e f\u00e1ceis de transportar, adequadas para todos os tipos de actividades ao ar livre. Contacte-nos agora para amostras e cota\u00e7\u00f5es de f\u00e1brica!<\/p>\n<h3>Carater\u00edsticas e vantagens da panela de campismo<\/h3>\n<ol>\n<li><strong>Material em a\u00e7o inoxid\u00e1vel 304<\/strong>: Fabricado em a\u00e7o inoxid\u00e1vel 304 de qualidade alimentar, \u00e9 resistente \u00e0 corros\u00e3o, \u00e0 ferrugem, dur\u00e1vel e adapt\u00e1vel a uma variedade de ambientes complexos ao ar livre. \u00c9 o produto de panela de campismo por atacado preferido por muitos compradores.<\/li>\n<li><strong>Design leve e port\u00e1til<\/strong>: O conjunto \u00e9 leve e est\u00e1 equipado com um saco de arruma\u00e7\u00e3o port\u00e1til. \u00c9 adequado para caminhadas, montanhismo e campismo. \u00c9 um dos modelos mais vendidos de um fabricante de conjuntos de panelas de campismo em a\u00e7o inoxid\u00e1vel.<\/li>\n<li><strong>Materiais saud\u00e1veis e seguros<\/strong>: S\u00e3o utilizados materiais de qualidade para contacto com os alimentos, isentos de BPA e de ingredientes nocivos para garantir a seguran\u00e7a alimentar.<\/li>\n<li><strong>Design f\u00e1cil de limpar<\/strong>: A superf\u00edcie do corpo da panela e da panela \u00e9 lisa e n\u00e3o \u00e9 f\u00e1cil deixar res\u00edduos de comida. Permite a lavagem \u00e0 m\u00e3o e na m\u00e1quina de lavar lou\u00e7a, poupando tempo de limpeza depois de cozinhar ao ar livre.<\/li>\n<li><strong>Resist\u00eancia a altas temperaturas e n\u00e3o \u00e9 f\u00e1cil de deformar<\/strong>: Tem boa resist\u00eancia ao calor e mant\u00e9m uma estrutura est\u00e1vel em ambientes de alta temperatura, prolongando a vida \u00fatil.<\/li>\n<li><strong>Aplica\u00e7\u00e3o multi-cen\u00e1rio<\/strong>: Quer se trate de um piquenique, de um acampamento ou de um standby familiar, \u00e9 muito adequado, especialmente para encontrar grossistas e personalizadores de panelas de campismo por atacado com uma boa rela\u00e7\u00e3o custo-benef\u00edcio.<\/li>\n<\/ol>","protected":false},"featured_media":5145,"comment_status":"closed","ping_status":"closed","template":"","meta":{"_acf_changed":false},"product_brand":[],"product_cat":[54],"product_tag":[],"class_list":{"0":"post-5143","1":"product","2":"type-product","3":"status-publish","4":"has-post-thumbnail","6":"product_cat-camping-cookware-wholesale","8":"first","9":"instock","10":"shipping-taxable","11":"product-type-simple"},"acf":[],"_links":{"self":[{"href":"https:\/\/www.chancescook.com\/pt\/wp-json\/wp\/v2\/product\/5143","targetHints":{"allow":["GET"]}}],"collection":[{"href":"https:\/\/www.chancescook.com\/pt\/wp-json\/wp\/v2\/product"}],"about":[{"href":"https:\/\/www.chancescook.com\/pt\/wp-json\/wp\/v2\/types\/product"}],"replies":[{"embeddable":true,"href":"https:\/\/www.chancescook.com\/pt\/wp-json\/wp\/v2\/comments?post=5143"}],"wp:featuredmedia":[{"embeddable":true,"href":"https:\/\/www.chancescook.com\/pt\/wp-json\/wp\/v2\/media\/5145"}],"wp:attachment":[{"href":"https:\/\/www.chancescook.com\/pt\/wp-json\/wp\/v2\/media?parent=5143"}],"wp:term":[{"taxonomy":"product_brand","embeddable":true,"href":"https:\/\/www.chancescook.com\/pt\/wp-json\/wp\/v2\/product_brand?post=5143"},{"taxonomy":"product_cat","embeddable":true,"href":"https:\/\/www.chancescook.com\/pt\/wp-json\/wp\/v2\/product_cat?post=5143"},{"taxonomy":"product_tag","embeddable":true,"href":"https:\/\/www.chancescook.com\/pt\/wp-json\/wp\/v2\/product_tag?post=5143"}],"curies":[{"name":"wp","href":"https:\/\/api.w.org\/{rel}","templated":true}]}}