{"id":5158,"date":"2025-07-11T16:23:38","date_gmt":"2025-07-11T16:23:38","guid":{"rendered":"https:\/\/www.chancescook.com\/?post_type=product&#038;p=5158"},"modified":"2025-07-11T16:23:41","modified_gmt":"2025-07-11T16:23:41","slug":"stainless-steel-salad-bowls-wholeslae","status":"publish","type":"product","link":"https:\/\/www.chancescook.com\/pt\/produto\/stainless-steel-salad-bowls-wholeslae\/","title":{"rendered":"Saladeira de a\u00e7o inoxid\u00e1vel coreana Fornecedor de tigela de mistura de ouro por atacado"},"content":{"rendered":"<div class=\"wp-block-columns is-layout-flex wp-container-core-columns-is-layout-9d6595d7 wp-block-columns-is-layout-flex\">\n<div class=\"wp-block-column is-layout-flow wp-block-column-is-layout-flow\">\n<h2 class=\"wp-block-heading\">Par\u00e2metros da saladeira de a\u00e7o inoxid\u00e1vel<\/h2>\n\n\n\n<ul class=\"wp-block-list\">\n<li>Tipo: Lou\u00e7a de mesa<\/li>\n\n\n\n<li>Material: a\u00e7o inoxid\u00e1vel 201\/304<\/li>\n\n\n\n<li>Tamanho da ta\u00e7a: 19\/22\/25cm<\/li>\n\n\n\n<li>Cor do cesto: dourado<\/li>\n\n\n\n<li>MOQ: 1000 pcs<\/li>\n\n\n\n<li>Log\u00f3tipo: Personaliz\u00e1vel<\/li>\n<\/ul>\n<\/div>\n\n\n\n<div class=\"wp-block-column is-layout-flow wp-block-column-is-layout-flow\">\n<h2 class=\"wp-block-heading\">Saladeira personalizada<\/h2>\n\n\n\n<ul class=\"wp-block-list\">\n<li>Log\u00f3tipo: Personalize o log\u00f3tipo da sua marca<\/li>\n\n\n\n<li>Embalagem: caixa de cor\/caixa de cart\u00e3o, etc.<\/li>\n\n\n\n<li>Quantidade de encomenda 1000 pcs<\/li>\n\n\n\n<li>Tratamento da superf\u00edcie de contacto: Revestimento n\u00e3o revestido\/n\u00e3o aderente<\/li>\n\n\n\n<li><strong><a href=\"https:\/\/www.chancescook.com\/pt\/custom-cookware\/\">Solu\u00e7\u00f5es para copos de campismo em a\u00e7o inoxid\u00e1vel personalizados OEM e ODM<\/a><\/strong><\/li>\n<\/ul>\n<\/div>\n<\/div>\n\n\n\n<div class=\"wp-block-columns is-layout-flex wp-container-core-columns-is-layout-9d6595d7 wp-block-columns-is-layout-flex\">\n<div class=\"wp-block-column is-layout-flow wp-block-column-is-layout-flow\">\n<figure class=\"wp-block-image size-full\"><img decoding=\"async\" width=\"1440\" height=\"1440\" src=\"https:\/\/www.chancescook.com\/wp-content\/uploads\/2025\/07\/Stainless-Steel-Salad-Bowls-Wholesale.webp\" alt=\"Saladeiras de a\u00e7o inoxid\u00e1vel por atacado\" class=\"wp-image-5160\" srcset=\"https:\/\/www.chancescook.com\/wp-content\/uploads\/2025\/07\/Stainless-Steel-Salad-Bowls-Wholesale.webp 1440w, https:\/\/www.chancescook.com\/wp-content\/uploads\/2025\/07\/Stainless-Steel-Salad-Bowls-Wholesale-300x300.webp 300w, https:\/\/www.chancescook.com\/wp-content\/uploads\/2025\/07\/Stainless-Steel-Salad-Bowls-Wholesale-150x150.webp 150w, https:\/\/www.chancescook.com\/wp-content\/uploads\/2025\/07\/Stainless-Steel-Salad-Bowls-Wholesale-768x768.webp 768w, https:\/\/www.chancescook.com\/wp-content\/uploads\/2025\/07\/Stainless-Steel-Salad-Bowls-Wholesale-12x12.webp 12w, https:\/\/www.chancescook.com\/wp-content\/uploads\/2025\/07\/Stainless-Steel-Salad-Bowls-Wholesale-285x285.webp 285w, https:\/\/www.chancescook.com\/wp-content\/uploads\/2025\/07\/Stainless-Steel-Salad-Bowls-Wholesale-270x270.webp 270w, https:\/\/www.chancescook.com\/wp-content\/uploads\/2025\/07\/Stainless-Steel-Salad-Bowls-Wholesale-540x540.webp 540w, https:\/\/www.chancescook.com\/wp-content\/uploads\/2025\/07\/Stainless-Steel-Salad-Bowls-Wholesale-660x660.webp 660w\" sizes=\"(max-width: 1440px) 100vw, 1440px\" \/><\/figure>\n<\/div>\n\n\n\n<div class=\"wp-block-column is-layout-flow wp-block-column-is-layout-flow\">\n<figure class=\"wp-block-image size-full\"><img decoding=\"async\" width=\"1440\" height=\"1440\" src=\"https:\/\/www.chancescook.com\/wp-content\/uploads\/2025\/07\/Stainless-Steel-Salad-Bowls-Wholesale-2.webp\" alt=\"Saladeiras de a\u00e7o inoxid\u00e1vel por atacado (2)\" class=\"wp-image-5159\" srcset=\"https:\/\/www.chancescook.com\/wp-content\/uploads\/2025\/07\/Stainless-Steel-Salad-Bowls-Wholesale-2.webp 1440w, https:\/\/www.chancescook.com\/wp-content\/uploads\/2025\/07\/Stainless-Steel-Salad-Bowls-Wholesale-2-300x300.webp 300w, https:\/\/www.chancescook.com\/wp-content\/uploads\/2025\/07\/Stainless-Steel-Salad-Bowls-Wholesale-2-150x150.webp 150w, https:\/\/www.chancescook.com\/wp-content\/uploads\/2025\/07\/Stainless-Steel-Salad-Bowls-Wholesale-2-768x768.webp 768w, https:\/\/www.chancescook.com\/wp-content\/uploads\/2025\/07\/Stainless-Steel-Salad-Bowls-Wholesale-2-12x12.webp 12w, https:\/\/www.chancescook.com\/wp-content\/uploads\/2025\/07\/Stainless-Steel-Salad-Bowls-Wholesale-2-285x285.webp 285w, https:\/\/www.chancescook.com\/wp-content\/uploads\/2025\/07\/Stainless-Steel-Salad-Bowls-Wholesale-2-270x270.webp 270w, https:\/\/www.chancescook.com\/wp-content\/uploads\/2025\/07\/Stainless-Steel-Salad-Bowls-Wholesale-2-540x540.webp 540w, https:\/\/www.chancescook.com\/wp-content\/uploads\/2025\/07\/Stainless-Steel-Salad-Bowls-Wholesale-2-660x660.webp 660w\" sizes=\"(max-width: 1440px) 100vw, 1440px\" \/><\/figure>\n<\/div>\n<\/div>","protected":false},"excerpt":{"rendered":"<p>Como fornecedor profissional de tigelas de salada coreanas, fornecemos tigelas de salada de a\u00e7o inoxid\u00e1vel de alta qualidade por atacado. As tigelas s\u00e3o leves e dur\u00e1veis, podem ser empilhadas e armazenadas, e s\u00e3o ricas em cores, adicionando cores brilhantes \u00e0 sua cozinha ou restaurante. Suporte a personaliza\u00e7\u00e3o de cores, tamanhos e padr\u00f5es para atender a diversas necessidades. As compras a granel s\u00e3o bem-vindas.<\/p>\n<h3>Vantagens da saladeira de a\u00e7o inoxid\u00e1vel<\/h3>\n<ul>\n<li><strong>Saladeiras de a\u00e7o inoxid\u00e1vel por atacado<\/strong>: Fabricadas em a\u00e7o inoxid\u00e1vel de qualidade alimentar, estas ta\u00e7as s\u00e3o robustas e duradouras, capazes de conter saladas, frutas, arroz, massa e muito mais, o que as torna adequadas tanto para uso dom\u00e9stico como comercial.<\/li>\n<li><strong>Estilo coreano cl\u00e1ssico<\/strong>: O corpo da tigela \u00e9 aprofundado, as linhas s\u00e3o simples e generosas, em linha com o estilo da lou\u00e7a coreana, e \u00e9 um estilo recomendado pelo fornecedor de tigelas de salada coreanas de confian\u00e7a.<\/li>\n<li><strong>Cores vivas, saud\u00e1veis<\/strong><strong>e amigo do ambiente<\/strong>: O processo de pulveriza\u00e7\u00e3o da superf\u00edcie \u00e9 amigo do ambiente e seguro, oferecendo uma variedade de cores que podem ser livremente combinadas com qualquer estilo de cozinha. Al\u00e9m disso, pode ser empilhado e armazenado sem ocupar espa\u00e7o.<\/li>\n<li><strong>Aquecimento<\/strong>: Suporte para aquecimento no micro-ondas e no fog\u00e3o de indu\u00e7\u00e3o, uma ta\u00e7a para m\u00faltiplas utiliza\u00e7\u00f5es, para satisfazer as necessidades di\u00e1rias de cozinhar e servir.<\/li>\n<li><strong>Utiliza\u00e7\u00e3o multifuncional<\/strong>: Pode ser utilizada como saladeira, fruteira, ta\u00e7a de ramen, ta\u00e7a de sobremesa ou ta\u00e7a de decora\u00e7\u00e3o de mesa, pr\u00e1tica e bonita.<\/li>\n<li><strong>Apoiar servi\u00e7os personalizados<\/strong>: a cor, o tamanho e o padr\u00e3o podem ser personalizados, adequados para a promo\u00e7\u00e3o da marca ou para compras por grosso a granel.<\/li>\n<\/ul>\n<h3>De Fabricante de utens\u00edlios de mesa em a\u00e7o inoxid\u00e1vel :<\/h3>\n<p>Fornecimento direto a pre\u00e7o de f\u00e1brica, ajudando os clientes grossistas a obter margens de lucro mais elevadas. Pode fornecer aos clientes r\u00f3tulos privados e personaliza\u00e7\u00e3o de embalagens, criar copos de campismo personalizados de marca exclusiva e aumentar o reconhecimento e a competitividade dos produtos no mercado.<\/p>","protected":false},"featured_media":5161,"comment_status":"closed","ping_status":"closed","template":"","meta":{"_acf_changed":false},"product_brand":[],"product_cat":[55],"product_tag":[],"class_list":{"0":"post-5158","1":"product","2":"type-product","3":"status-publish","4":"has-post-thumbnail","6":"product_cat-tableware-wholesale","8":"first","9":"instock","10":"shipping-taxable","11":"product-type-simple"},"acf":[],"_links":{"self":[{"href":"https:\/\/www.chancescook.com\/pt\/wp-json\/wp\/v2\/product\/5158","targetHints":{"allow":["GET"]}}],"collection":[{"href":"https:\/\/www.chancescook.com\/pt\/wp-json\/wp\/v2\/product"}],"about":[{"href":"https:\/\/www.chancescook.com\/pt\/wp-json\/wp\/v2\/types\/product"}],"replies":[{"embeddable":true,"href":"https:\/\/www.chancescook.com\/pt\/wp-json\/wp\/v2\/comments?post=5158"}],"wp:featuredmedia":[{"embeddable":true,"href":"https:\/\/www.chancescook.com\/pt\/wp-json\/wp\/v2\/media\/5161"}],"wp:attachment":[{"href":"https:\/\/www.chancescook.com\/pt\/wp-json\/wp\/v2\/media?parent=5158"}],"wp:term":[{"taxonomy":"product_brand","embeddable":true,"href":"https:\/\/www.chancescook.com\/pt\/wp-json\/wp\/v2\/product_brand?post=5158"},{"taxonomy":"product_cat","embeddable":true,"href":"https:\/\/www.chancescook.com\/pt\/wp-json\/wp\/v2\/product_cat?post=5158"},{"taxonomy":"product_tag","embeddable":true,"href":"https:\/\/www.chancescook.com\/pt\/wp-json\/wp\/v2\/product_tag?post=5158"}],"curies":[{"name":"wp","href":"https:\/\/api.w.org\/{rel}","templated":true}]}}