{"id":5177,"date":"2025-07-30T08:37:21","date_gmt":"2025-07-30T08:37:21","guid":{"rendered":"https:\/\/www.chancescook.com\/?post_type=product&#038;p=5177"},"modified":"2025-07-30T08:37:24","modified_gmt":"2025-07-30T08:37:24","slug":"wholesale-spherical-bowl-double-layer","status":"publish","type":"product","link":"https:\/\/www.chancescook.com\/pt\/produto\/wholesale-spherical-bowl-double-layer\/","title":{"rendered":"Fabricante de utens\u00edlios de mesa de saladeira de camada dupla de tigela esf\u00e9rica por atacado"},"content":{"rendered":"<div class=\"wp-block-columns is-layout-flex wp-container-core-columns-is-layout-9d6595d7 wp-block-columns-is-layout-flex\">\n<div class=\"wp-block-column is-layout-flow wp-block-column-is-layout-flow\">\n<h2 class=\"wp-block-heading\">Par\u00e2metros dos utens\u00edlios de mesa de ta\u00e7a esf\u00e9rica<\/h2>\n\n\n\n<p><strong>Nome do produto<\/strong>: Artigos de mesa esf\u00e9ricos<br><strong>Material<\/strong>: A\u00e7o inoxid\u00e1vel 304<br><strong>Cor<\/strong>: Prata\/Dourado\/Colorido<br><strong>Log\u00f3tipo<\/strong>: Selo serigrafado, gravado a laser ou em relevo<\/p>\n<\/div>\n\n\n\n<div class=\"wp-block-column is-layout-flow wp-block-column-is-layout-flow\">\n<h2 class=\"wp-block-heading\">Op\u00e7\u00e3o de lou\u00e7a esf\u00e9rica personalizada<\/h2>\n\n\n\n<p><strong>Log\u00f3tipo<\/strong>: Personalizar o log\u00f3tipo da sua marca<br><strong>Embalagem<\/strong>: Caixa de cor\/caixa de cart\u00e3o, etc.<br><strong>Padr\u00e3o:<\/strong> Personalize o padr\u00e3o que pretende.<br><strong>QUANTIDADE M\u00c1XIMA DE ENCOMENDA<\/strong>: 500 pe\u00e7as<br><strong>Solu\u00e7\u00f5es de pratos de sobremesa personalizados OEM e ODM<\/strong><\/p>\n<\/div>\n<\/div>\n\n\n\n<div class=\"wp-block-columns is-layout-flex wp-container-core-columns-is-layout-9d6595d7 wp-block-columns-is-layout-flex\">\n<div class=\"wp-block-column is-layout-flow wp-block-column-is-layout-flow\">\n<figure class=\"wp-block-image size-full\"><img decoding=\"async\" width=\"1795\" height=\"1795\" src=\"https:\/\/www.chancescook.com\/wp-content\/uploads\/2025\/07\/Wholesale-Spherical-Bowl-Tableware-Manufacturer-4.webp\" alt=\"Fabricante grossista de loi\u00e7a de ta\u00e7a esf\u00e9rica (4)\" class=\"wp-image-5200\" srcset=\"https:\/\/www.chancescook.com\/wp-content\/uploads\/2025\/07\/Wholesale-Spherical-Bowl-Tableware-Manufacturer-4.webp 1795w, https:\/\/www.chancescook.com\/wp-content\/uploads\/2025\/07\/Wholesale-Spherical-Bowl-Tableware-Manufacturer-4-300x300.webp 300w, https:\/\/www.chancescook.com\/wp-content\/uploads\/2025\/07\/Wholesale-Spherical-Bowl-Tableware-Manufacturer-4-150x150.webp 150w, https:\/\/www.chancescook.com\/wp-content\/uploads\/2025\/07\/Wholesale-Spherical-Bowl-Tableware-Manufacturer-4-768x768.webp 768w, https:\/\/www.chancescook.com\/wp-content\/uploads\/2025\/07\/Wholesale-Spherical-Bowl-Tableware-Manufacturer-4-12x12.webp 12w, https:\/\/www.chancescook.com\/wp-content\/uploads\/2025\/07\/Wholesale-Spherical-Bowl-Tableware-Manufacturer-4-285x285.webp 285w, https:\/\/www.chancescook.com\/wp-content\/uploads\/2025\/07\/Wholesale-Spherical-Bowl-Tableware-Manufacturer-4-1600x1600.webp 1600w, https:\/\/www.chancescook.com\/wp-content\/uploads\/2025\/07\/Wholesale-Spherical-Bowl-Tableware-Manufacturer-4-270x270.webp 270w, https:\/\/www.chancescook.com\/wp-content\/uploads\/2025\/07\/Wholesale-Spherical-Bowl-Tableware-Manufacturer-4-540x540.webp 540w, https:\/\/www.chancescook.com\/wp-content\/uploads\/2025\/07\/Wholesale-Spherical-Bowl-Tableware-Manufacturer-4-660x660.webp 660w\" sizes=\"(max-width: 1795px) 100vw, 1795px\" \/><\/figure>\n<\/div>\n\n\n\n<div class=\"wp-block-column is-layout-flow wp-block-column-is-layout-flow\">\n<figure class=\"wp-block-image size-full\"><img decoding=\"async\" width=\"1795\" height=\"1795\" src=\"https:\/\/www.chancescook.com\/wp-content\/uploads\/2025\/07\/Wholesale-Spherical-Bowl-Tableware-Manufacturer-3.webp\" alt=\"Fabricante grossista de loi\u00e7a de ta\u00e7a esf\u00e9rica (3)\" class=\"wp-image-5199\" srcset=\"https:\/\/www.chancescook.com\/wp-content\/uploads\/2025\/07\/Wholesale-Spherical-Bowl-Tableware-Manufacturer-3.webp 1795w, https:\/\/www.chancescook.com\/wp-content\/uploads\/2025\/07\/Wholesale-Spherical-Bowl-Tableware-Manufacturer-3-300x300.webp 300w, https:\/\/www.chancescook.com\/wp-content\/uploads\/2025\/07\/Wholesale-Spherical-Bowl-Tableware-Manufacturer-3-150x150.webp 150w, https:\/\/www.chancescook.com\/wp-content\/uploads\/2025\/07\/Wholesale-Spherical-Bowl-Tableware-Manufacturer-3-768x768.webp 768w, https:\/\/www.chancescook.com\/wp-content\/uploads\/2025\/07\/Wholesale-Spherical-Bowl-Tableware-Manufacturer-3-12x12.webp 12w, https:\/\/www.chancescook.com\/wp-content\/uploads\/2025\/07\/Wholesale-Spherical-Bowl-Tableware-Manufacturer-3-285x285.webp 285w, https:\/\/www.chancescook.com\/wp-content\/uploads\/2025\/07\/Wholesale-Spherical-Bowl-Tableware-Manufacturer-3-1600x1600.webp 1600w, https:\/\/www.chancescook.com\/wp-content\/uploads\/2025\/07\/Wholesale-Spherical-Bowl-Tableware-Manufacturer-3-270x270.webp 270w, https:\/\/www.chancescook.com\/wp-content\/uploads\/2025\/07\/Wholesale-Spherical-Bowl-Tableware-Manufacturer-3-540x540.webp 540w, https:\/\/www.chancescook.com\/wp-content\/uploads\/2025\/07\/Wholesale-Spherical-Bowl-Tableware-Manufacturer-3-660x660.webp 660w\" sizes=\"(max-width: 1795px) 100vw, 1795px\" \/><\/figure>\n<\/div>\n\n\n\n<div class=\"wp-block-column is-layout-flow wp-block-column-is-layout-flow\">\n<figure class=\"wp-block-image size-full\"><img decoding=\"async\" width=\"1795\" height=\"1795\" src=\"https:\/\/www.chancescook.com\/wp-content\/uploads\/2025\/07\/Wholesale-Spherical-Bowl-Tableware-Manufacturer-2.webp\" alt=\"Fabricante grossista de loi\u00e7a de ta\u00e7a esf\u00e9rica (2)\" class=\"wp-image-5198\" srcset=\"https:\/\/www.chancescook.com\/wp-content\/uploads\/2025\/07\/Wholesale-Spherical-Bowl-Tableware-Manufacturer-2.webp 1795w, https:\/\/www.chancescook.com\/wp-content\/uploads\/2025\/07\/Wholesale-Spherical-Bowl-Tableware-Manufacturer-2-300x300.webp 300w, https:\/\/www.chancescook.com\/wp-content\/uploads\/2025\/07\/Wholesale-Spherical-Bowl-Tableware-Manufacturer-2-150x150.webp 150w, https:\/\/www.chancescook.com\/wp-content\/uploads\/2025\/07\/Wholesale-Spherical-Bowl-Tableware-Manufacturer-2-768x768.webp 768w, https:\/\/www.chancescook.com\/wp-content\/uploads\/2025\/07\/Wholesale-Spherical-Bowl-Tableware-Manufacturer-2-12x12.webp 12w, https:\/\/www.chancescook.com\/wp-content\/uploads\/2025\/07\/Wholesale-Spherical-Bowl-Tableware-Manufacturer-2-285x285.webp 285w, https:\/\/www.chancescook.com\/wp-content\/uploads\/2025\/07\/Wholesale-Spherical-Bowl-Tableware-Manufacturer-2-1600x1600.webp 1600w, https:\/\/www.chancescook.com\/wp-content\/uploads\/2025\/07\/Wholesale-Spherical-Bowl-Tableware-Manufacturer-2-270x270.webp 270w, https:\/\/www.chancescook.com\/wp-content\/uploads\/2025\/07\/Wholesale-Spherical-Bowl-Tableware-Manufacturer-2-540x540.webp 540w, https:\/\/www.chancescook.com\/wp-content\/uploads\/2025\/07\/Wholesale-Spherical-Bowl-Tableware-Manufacturer-2-660x660.webp 660w\" sizes=\"(max-width: 1795px) 100vw, 1795px\" \/><\/figure>\n<\/div>\n<\/div>\n\n\n\n<div class=\"wp-block-columns is-layout-flex wp-container-core-columns-is-layout-9d6595d7 wp-block-columns-is-layout-flex\">\n<div class=\"wp-block-column is-layout-flow wp-block-column-is-layout-flow\">\n<figure class=\"wp-block-image size-full\"><img decoding=\"async\" width=\"1669\" height=\"1669\" src=\"https:\/\/www.chancescook.com\/wp-content\/uploads\/2025\/07\/Custom-Double-Layer-Salad-Bowl-Tableware-4.webp\" alt=\"Servi\u00e7o de mesa personalizado de saladeira de camada dupla (4)\" class=\"wp-image-5194\" srcset=\"https:\/\/www.chancescook.com\/wp-content\/uploads\/2025\/07\/Custom-Double-Layer-Salad-Bowl-Tableware-4.webp 1669w, https:\/\/www.chancescook.com\/wp-content\/uploads\/2025\/07\/Custom-Double-Layer-Salad-Bowl-Tableware-4-300x300.webp 300w, https:\/\/www.chancescook.com\/wp-content\/uploads\/2025\/07\/Custom-Double-Layer-Salad-Bowl-Tableware-4-150x150.webp 150w, https:\/\/www.chancescook.com\/wp-content\/uploads\/2025\/07\/Custom-Double-Layer-Salad-Bowl-Tableware-4-768x768.webp 768w, https:\/\/www.chancescook.com\/wp-content\/uploads\/2025\/07\/Custom-Double-Layer-Salad-Bowl-Tableware-4-12x12.webp 12w, https:\/\/www.chancescook.com\/wp-content\/uploads\/2025\/07\/Custom-Double-Layer-Salad-Bowl-Tableware-4-285x285.webp 285w, https:\/\/www.chancescook.com\/wp-content\/uploads\/2025\/07\/Custom-Double-Layer-Salad-Bowl-Tableware-4-1600x1600.webp 1600w, https:\/\/www.chancescook.com\/wp-content\/uploads\/2025\/07\/Custom-Double-Layer-Salad-Bowl-Tableware-4-270x270.webp 270w, https:\/\/www.chancescook.com\/wp-content\/uploads\/2025\/07\/Custom-Double-Layer-Salad-Bowl-Tableware-4-540x540.webp 540w, https:\/\/www.chancescook.com\/wp-content\/uploads\/2025\/07\/Custom-Double-Layer-Salad-Bowl-Tableware-4-660x660.webp 660w\" sizes=\"(max-width: 1669px) 100vw, 1669px\" \/><\/figure>\n<\/div>\n\n\n\n<div class=\"wp-block-column is-layout-flow wp-block-column-is-layout-flow\">\n<figure class=\"wp-block-image size-full\"><img decoding=\"async\" width=\"1541\" height=\"1541\" src=\"https:\/\/www.chancescook.com\/wp-content\/uploads\/2025\/07\/Custom-Double-Layer-Salad-Bowl-Tableware-3.webp\" alt=\"Servi\u00e7o de mesa personalizado de saladeira de camada dupla (3)\" class=\"wp-image-5193\" srcset=\"https:\/\/www.chancescook.com\/wp-content\/uploads\/2025\/07\/Custom-Double-Layer-Salad-Bowl-Tableware-3.webp 1541w, https:\/\/www.chancescook.com\/wp-content\/uploads\/2025\/07\/Custom-Double-Layer-Salad-Bowl-Tableware-3-300x300.webp 300w, https:\/\/www.chancescook.com\/wp-content\/uploads\/2025\/07\/Custom-Double-Layer-Salad-Bowl-Tableware-3-150x150.webp 150w, https:\/\/www.chancescook.com\/wp-content\/uploads\/2025\/07\/Custom-Double-Layer-Salad-Bowl-Tableware-3-768x768.webp 768w, https:\/\/www.chancescook.com\/wp-content\/uploads\/2025\/07\/Custom-Double-Layer-Salad-Bowl-Tableware-3-12x12.webp 12w, https:\/\/www.chancescook.com\/wp-content\/uploads\/2025\/07\/Custom-Double-Layer-Salad-Bowl-Tableware-3-285x285.webp 285w, https:\/\/www.chancescook.com\/wp-content\/uploads\/2025\/07\/Custom-Double-Layer-Salad-Bowl-Tableware-3-270x270.webp 270w, https:\/\/www.chancescook.com\/wp-content\/uploads\/2025\/07\/Custom-Double-Layer-Salad-Bowl-Tableware-3-540x540.webp 540w, https:\/\/www.chancescook.com\/wp-content\/uploads\/2025\/07\/Custom-Double-Layer-Salad-Bowl-Tableware-3-660x660.webp 660w\" sizes=\"(max-width: 1541px) 100vw, 1541px\" \/><\/figure>\n<\/div>\n\n\n\n<div class=\"wp-block-column is-layout-flow wp-block-column-is-layout-flow\">\n<figure class=\"wp-block-image size-full\"><img decoding=\"async\" width=\"1421\" height=\"1421\" src=\"https:\/\/www.chancescook.com\/wp-content\/uploads\/2025\/07\/Custom-Double-Layer-Salad-Bowl-Tableware-5.webp\" alt=\"Servi\u00e7o de mesa personalizado de saladeira de camada dupla (5)\" class=\"wp-image-5195\" srcset=\"https:\/\/www.chancescook.com\/wp-content\/uploads\/2025\/07\/Custom-Double-Layer-Salad-Bowl-Tableware-5.webp 1421w, https:\/\/www.chancescook.com\/wp-content\/uploads\/2025\/07\/Custom-Double-Layer-Salad-Bowl-Tableware-5-300x300.webp 300w, https:\/\/www.chancescook.com\/wp-content\/uploads\/2025\/07\/Custom-Double-Layer-Salad-Bowl-Tableware-5-150x150.webp 150w, https:\/\/www.chancescook.com\/wp-content\/uploads\/2025\/07\/Custom-Double-Layer-Salad-Bowl-Tableware-5-768x768.webp 768w, https:\/\/www.chancescook.com\/wp-content\/uploads\/2025\/07\/Custom-Double-Layer-Salad-Bowl-Tableware-5-12x12.webp 12w, https:\/\/www.chancescook.com\/wp-content\/uploads\/2025\/07\/Custom-Double-Layer-Salad-Bowl-Tableware-5-285x285.webp 285w, https:\/\/www.chancescook.com\/wp-content\/uploads\/2025\/07\/Custom-Double-Layer-Salad-Bowl-Tableware-5-270x270.webp 270w, https:\/\/www.chancescook.com\/wp-content\/uploads\/2025\/07\/Custom-Double-Layer-Salad-Bowl-Tableware-5-540x540.webp 540w, https:\/\/www.chancescook.com\/wp-content\/uploads\/2025\/07\/Custom-Double-Layer-Salad-Bowl-Tableware-5-660x660.webp 660w\" sizes=\"(max-width: 1421px) 100vw, 1421px\" \/><\/figure>\n<\/div>\n<\/div>\n\n\n\n<p><\/p>","protected":false},"excerpt":{"rendered":"<p>Bem-vindo a comprar a nossa s\u00e9rie de saladeiras esf\u00e9ricas duplas por atacado, estas tigelas s\u00e3o feitas com um artesanato requintado, bonito e pr\u00e1tico. Feito de materiais de alta qualidade, perfeito para servir saladas, frutas e muito mais. O design de camada dupla garante durabilidade e isolamento. Oferecemos fornecimentos a granel para restaurantes, caf\u00e9s e lojas de retalho. Encomende hoje e compre lou\u00e7a de mesa acess\u00edvel, elegante e bonita para melhorar a sua experi\u00eancia gastron\u00f3mica!<\/p>\n<h2>Carater\u00edsticas dos utens\u00edlios de mesa com ta\u00e7a esf\u00e9rica por atacado<\/h2>\n<ul>\n<li><strong>Servi\u00e7o de mesa esf\u00e9rico por grosso<\/strong>: Fabricado em a\u00e7o inoxid\u00e1vel 304 de qualidade alimentar, com um design curvo que se adapta \u00e0 ergonomia. Arruma\u00e7\u00e3o eficaz e est\u00e9tica. Contacte-nos para um or\u00e7amento.<\/li>\n<li><strong>Material de a\u00e7o inoxid\u00e1vel de qualidade alimentar<\/strong>: Os utens\u00edlios de mesa esf\u00e9ricos em a\u00e7o inoxid\u00e1vel s\u00e3o fabricados em a\u00e7o inoxid\u00e1vel 304 de qualidade alimentar, adequado para a limpeza na m\u00e1quina de lavar lou\u00e7a, desinfe\u00e7\u00e3o a alta temperatura e todos os cen\u00e1rios de utiliza\u00e7\u00e3o di\u00e1ria.<\/li>\n<li><strong>Design ergon\u00f3mico<\/strong>: The curved design fits both hands better and reduces hand pressure<br \/>\nEfficient storage: The stainless steel spherical tableware set can be stored and stacked, allowing for efficient organization of the kitchen.<\/li>\n<li><strong>Multifun\u00e7\u00f5es<\/strong>Os pratos podem ser utilizados como pratos de jantar, pratos de cozinha, pratos de sobremesa, pratos de sushi, tigelas podem ser utilizadas como tigelas de salada, tigelas de Lamian Noodles, etc. Um conjunto de utens\u00edlios de mesa pode ser utilizado para muitos fins e pode ser guardado e utilizado como decora\u00e7\u00e3o.<\/li>\n<li><strong>Servi\u00e7o grossista<\/strong>: Fornecemos solu\u00e7\u00f5es de utens\u00edlios de cozinha por atacado a pre\u00e7o de f\u00e1brica para o ajudar a aumentar os lucros, adequadas para distribuidores, retalhistas e grossistas.<\/li>\n<\/ul>","protected":false},"featured_media":5203,"comment_status":"closed","ping_status":"closed","template":"","meta":{"_acf_changed":false},"product_brand":[],"product_cat":[55],"product_tag":[],"class_list":{"0":"post-5177","1":"product","2":"type-product","3":"status-publish","4":"has-post-thumbnail","6":"product_cat-tableware-wholesale","8":"first","9":"instock","10":"shipping-taxable","11":"product-type-simple"},"acf":[],"_links":{"self":[{"href":"https:\/\/www.chancescook.com\/pt\/wp-json\/wp\/v2\/product\/5177","targetHints":{"allow":["GET"]}}],"collection":[{"href":"https:\/\/www.chancescook.com\/pt\/wp-json\/wp\/v2\/product"}],"about":[{"href":"https:\/\/www.chancescook.com\/pt\/wp-json\/wp\/v2\/types\/product"}],"replies":[{"embeddable":true,"href":"https:\/\/www.chancescook.com\/pt\/wp-json\/wp\/v2\/comments?post=5177"}],"wp:featuredmedia":[{"embeddable":true,"href":"https:\/\/www.chancescook.com\/pt\/wp-json\/wp\/v2\/media\/5203"}],"wp:attachment":[{"href":"https:\/\/www.chancescook.com\/pt\/wp-json\/wp\/v2\/media?parent=5177"}],"wp:term":[{"taxonomy":"product_brand","embeddable":true,"href":"https:\/\/www.chancescook.com\/pt\/wp-json\/wp\/v2\/product_brand?post=5177"},{"taxonomy":"product_cat","embeddable":true,"href":"https:\/\/www.chancescook.com\/pt\/wp-json\/wp\/v2\/product_cat?post=5177"},{"taxonomy":"product_tag","embeddable":true,"href":"https:\/\/www.chancescook.com\/pt\/wp-json\/wp\/v2\/product_tag?post=5177"}],"curies":[{"name":"wp","href":"https:\/\/api.w.org\/{rel}","templated":true}]}}