{"id":5204,"date":"2025-07-30T09:40:28","date_gmt":"2025-07-30T09:40:28","guid":{"rendered":"https:\/\/www.chancescook.com\/?post_type=product&#038;p=5204"},"modified":"2025-07-30T09:40:33","modified_gmt":"2025-07-30T09:40:33","slug":"stainless-steel-plates-bowls-wholesale","status":"publish","type":"product","link":"https:\/\/www.chancescook.com\/pt\/produto\/stainless-steel-plates-bowls-wholesale\/","title":{"rendered":"Conjunto de pratos e ta\u00e7as de a\u00e7o inoxid\u00e1vel por atacado Conjunto de utens\u00edlios de mesa esf\u00e9ricos redondos"},"content":{"rendered":"<div class=\"wp-block-columns is-layout-flex wp-container-core-columns-is-layout-9d6595d7 wp-block-columns-is-layout-flex\">\n<div class=\"wp-block-column is-layout-flow wp-block-column-is-layout-flow\">\n<h2 class=\"wp-block-heading\">Par\u00e2metros dos pratos e ta\u00e7as de a\u00e7o inoxid\u00e1vel<\/h2>\n\n\n\n<p>Nome do produto: Lou\u00e7a esf\u00e9rica<br>Material: A\u00e7o inoxid\u00e1vel 304<br>Cor: Prateado\/Dourado\/Colorido<br>Log\u00f3tipo: Serigrafado, gravado a laser ou selo em relevo<\/p>\n<\/div>\n\n\n\n<div class=\"wp-block-column is-layout-flow wp-block-column-is-layout-flow\">\n<h2 class=\"wp-block-heading\">Op\u00e7\u00e3o de lou\u00e7a esf\u00e9rica personalizada<\/h2>\n\n\n\n<p>Log\u00f3tipo: Personalize o log\u00f3tipo da sua marca<br>Embalagem: Caixa de cor\/caixa de cart\u00e3o, etc.<br>Padr\u00e3o: Personalize o padr\u00e3o que pretende.<br>MOQ: 500 pe\u00e7as<br>Solu\u00e7\u00f5es de pratos de sobremesa personalizados OEM e ODM<\/p>\n<\/div>\n<\/div>\n\n\n\n<div class=\"wp-block-columns is-layout-flex wp-container-core-columns-is-layout-9d6595d7 wp-block-columns-is-layout-flex\">\n<div class=\"wp-block-column is-layout-flow wp-block-column-is-layout-flow\">\n<figure class=\"wp-block-image size-full\"><img decoding=\"async\" width=\"800\" height=\"800\" src=\"https:\/\/www.chancescook.com\/wp-content\/uploads\/2025\/07\/Stainless-Steel-Plates-and-Bowls-Wholesale-6.webp\" alt=\"Pratos e ta\u00e7as de a\u00e7o inoxid\u00e1vel por grosso (6)\" class=\"wp-image-5211\" srcset=\"https:\/\/www.chancescook.com\/wp-content\/uploads\/2025\/07\/Stainless-Steel-Plates-and-Bowls-Wholesale-6.webp 800w, https:\/\/www.chancescook.com\/wp-content\/uploads\/2025\/07\/Stainless-Steel-Plates-and-Bowls-Wholesale-6-300x300.webp 300w, https:\/\/www.chancescook.com\/wp-content\/uploads\/2025\/07\/Stainless-Steel-Plates-and-Bowls-Wholesale-6-150x150.webp 150w, https:\/\/www.chancescook.com\/wp-content\/uploads\/2025\/07\/Stainless-Steel-Plates-and-Bowls-Wholesale-6-768x768.webp 768w, https:\/\/www.chancescook.com\/wp-content\/uploads\/2025\/07\/Stainless-Steel-Plates-and-Bowls-Wholesale-6-12x12.webp 12w, https:\/\/www.chancescook.com\/wp-content\/uploads\/2025\/07\/Stainless-Steel-Plates-and-Bowls-Wholesale-6-285x285.webp 285w, https:\/\/www.chancescook.com\/wp-content\/uploads\/2025\/07\/Stainless-Steel-Plates-and-Bowls-Wholesale-6-270x270.webp 270w, https:\/\/www.chancescook.com\/wp-content\/uploads\/2025\/07\/Stainless-Steel-Plates-and-Bowls-Wholesale-6-540x540.webp 540w, https:\/\/www.chancescook.com\/wp-content\/uploads\/2025\/07\/Stainless-Steel-Plates-and-Bowls-Wholesale-6-660x660.webp 660w\" sizes=\"(max-width: 800px) 100vw, 800px\" \/><\/figure>\n<\/div>\n\n\n\n<div class=\"wp-block-column is-layout-flow wp-block-column-is-layout-flow\">\n<figure class=\"wp-block-image size-full\"><img decoding=\"async\" width=\"800\" height=\"800\" src=\"https:\/\/www.chancescook.com\/wp-content\/uploads\/2025\/07\/Custom-Stainless-Steel-Plates-and-Bowls-Wholesale-8.webp\" alt=\"Pratos e ta\u00e7as de a\u00e7o inoxid\u00e1vel personalizados por grosso (8)\" class=\"wp-image-5205\" srcset=\"https:\/\/www.chancescook.com\/wp-content\/uploads\/2025\/07\/Custom-Stainless-Steel-Plates-and-Bowls-Wholesale-8.webp 800w, https:\/\/www.chancescook.com\/wp-content\/uploads\/2025\/07\/Custom-Stainless-Steel-Plates-and-Bowls-Wholesale-8-300x300.webp 300w, https:\/\/www.chancescook.com\/wp-content\/uploads\/2025\/07\/Custom-Stainless-Steel-Plates-and-Bowls-Wholesale-8-150x150.webp 150w, https:\/\/www.chancescook.com\/wp-content\/uploads\/2025\/07\/Custom-Stainless-Steel-Plates-and-Bowls-Wholesale-8-768x768.webp 768w, https:\/\/www.chancescook.com\/wp-content\/uploads\/2025\/07\/Custom-Stainless-Steel-Plates-and-Bowls-Wholesale-8-12x12.webp 12w, https:\/\/www.chancescook.com\/wp-content\/uploads\/2025\/07\/Custom-Stainless-Steel-Plates-and-Bowls-Wholesale-8-285x285.webp 285w, https:\/\/www.chancescook.com\/wp-content\/uploads\/2025\/07\/Custom-Stainless-Steel-Plates-and-Bowls-Wholesale-8-270x270.webp 270w, https:\/\/www.chancescook.com\/wp-content\/uploads\/2025\/07\/Custom-Stainless-Steel-Plates-and-Bowls-Wholesale-8-540x540.webp 540w, https:\/\/www.chancescook.com\/wp-content\/uploads\/2025\/07\/Custom-Stainless-Steel-Plates-and-Bowls-Wholesale-8-660x660.webp 660w\" sizes=\"(max-width: 800px) 100vw, 800px\" \/><\/figure>\n<\/div>\n<\/div>\n\n\n\n<p><\/p>","protected":false},"excerpt":{"rendered":"<p>Diretamente do fabricante profissional de utens\u00edlios de mesa personalizados, a qualidade dos pratos e ta\u00e7as de a\u00e7o inoxid\u00e1vel por atacado \u00e9 garantida, a superf\u00edcie lisa e brilhante reflecte a luz lindamente, enquanto o design esf\u00e9rico acrescenta um toque de modernidade \u00e0 sua mesa. \u00c9 a primeira escolha para restaurante\/caf\u00e9\/retalho! Encomende agora e melhore a sua atmosfera de jantar com este requintado e dur\u00e1vel conjunto de loi\u00e7a de mesa!<\/p>\n<h2>Pratos e ta\u00e7as em a\u00e7o inoxid\u00e1vel Carater\u00edsticas<\/h2>\n<ul>\n<li><strong>Design elegante em forma de casca de ovo<\/strong>: A forma elegante e arredondada e as linhas suaves fazem de qualquer ambiente uma obra de arte, transformando instantaneamente a sua mesa de jantar numa experi\u00eancia de luxo!<\/li>\n<li><strong>Brilho espelhado<\/strong>: Fabricado em a\u00e7o inoxid\u00e1vel de qualidade alimentar, polido a um n\u00edvel suficientemente pr\u00e1tico para refletir um espelho! Ao brilhar \u00e0 luz, torna a refei\u00e7\u00e3o ainda mais ritual!<\/li>\n<li><strong>Dur\u00e1vel e de longa dura\u00e7\u00e3o<\/strong>O a\u00e7o inoxid\u00e1vel \u00e9 resistente a quedas, deforma\u00e7\u00f5es e corros\u00e3o, limpa-se facilmente e fica como novo durante anos! \u00c9 por isso que os nossos pratos e ta\u00e7as de a\u00e7o inoxid\u00e1vel por grosso s\u00e3o t\u00e3o populares.<\/li>\n<li><strong>Um must-have para consumidores atentos aos pormenores:<\/strong> Como fabricante profissional de utens\u00edlios de mesa personalizados, polimos cada pe\u00e7a com um acabamento ultra-suave, garantindo uma ader\u00eancia suave e confort\u00e1vel. Desfrute do seu conforto e receba os seus convidados com estilo!<\/li>\n<li><strong>Uma obra de arte sobre a mesa<\/strong>: Elegante para fruta, sobremesas ou como centro de mesa, vai certamente tornar-se viral no seu feed do Instagram!<\/li>\n<li><strong>Esteticamente agrad\u00e1vel e pr\u00e1tico:<\/strong> Este conjunto de pratos e ta\u00e7as em a\u00e7o inoxid\u00e1vel \u00e9 bonito e pr\u00e1tico, tornando cada refei\u00e7\u00e3o num verdadeiro prazer.<\/li>\n<\/ul>","protected":false},"featured_media":5208,"comment_status":"closed","ping_status":"closed","template":"","meta":{"_acf_changed":false},"product_brand":[],"product_cat":[55],"product_tag":[],"class_list":{"0":"post-5204","1":"product","2":"type-product","3":"status-publish","4":"has-post-thumbnail","6":"product_cat-tableware-wholesale","8":"first","9":"instock","10":"shipping-taxable","11":"product-type-simple"},"acf":[],"_links":{"self":[{"href":"https:\/\/www.chancescook.com\/pt\/wp-json\/wp\/v2\/product\/5204","targetHints":{"allow":["GET"]}}],"collection":[{"href":"https:\/\/www.chancescook.com\/pt\/wp-json\/wp\/v2\/product"}],"about":[{"href":"https:\/\/www.chancescook.com\/pt\/wp-json\/wp\/v2\/types\/product"}],"replies":[{"embeddable":true,"href":"https:\/\/www.chancescook.com\/pt\/wp-json\/wp\/v2\/comments?post=5204"}],"wp:featuredmedia":[{"embeddable":true,"href":"https:\/\/www.chancescook.com\/pt\/wp-json\/wp\/v2\/media\/5208"}],"wp:attachment":[{"href":"https:\/\/www.chancescook.com\/pt\/wp-json\/wp\/v2\/media?parent=5204"}],"wp:term":[{"taxonomy":"product_brand","embeddable":true,"href":"https:\/\/www.chancescook.com\/pt\/wp-json\/wp\/v2\/product_brand?post=5204"},{"taxonomy":"product_cat","embeddable":true,"href":"https:\/\/www.chancescook.com\/pt\/wp-json\/wp\/v2\/product_cat?post=5204"},{"taxonomy":"product_tag","embeddable":true,"href":"https:\/\/www.chancescook.com\/pt\/wp-json\/wp\/v2\/product_tag?post=5204"}],"curies":[{"name":"wp","href":"https:\/\/api.w.org\/{rel}","templated":true}]}}