{"id":5213,"date":"2025-07-30T16:39:25","date_gmt":"2025-07-30T16:39:25","guid":{"rendered":"https:\/\/www.chancescook.com\/?post_type=product&#038;p=5213"},"modified":"2025-07-30T16:40:25","modified_gmt":"2025-07-30T16:40:25","slug":"stainless-steel-dinner-plates-wholesale","status":"publish","type":"product","link":"https:\/\/www.chancescook.com\/pt\/produto\/stainless-steel-dinner-plates-wholesale\/","title":{"rendered":"Pratos de jantar de a\u00e7o inoxid\u00e1vel por atacado Prato de servi\u00e7o de bandeja redonda a granel"},"content":{"rendered":"<div class=\"wp-block-columns is-layout-flex wp-container-core-columns-is-layout-9d6595d7 wp-block-columns-is-layout-flex\">\n<div class=\"wp-block-column is-layout-flow wp-block-column-is-layout-flow\">\n<h2 class=\"wp-block-heading\">Par\u00e2metros dos pratos de jantar em a\u00e7o inoxid\u00e1vel<\/h2>\n\n\n\n<ul class=\"wp-block-list\">\n<li>Nome do produto: Prato redondo<\/li>\n\n\n\n<li>Tamanho\uff1a14\/17\/20\/23\/26\/30\/34 cm<\/li>\n\n\n\n<li>Material: a\u00e7o inoxid\u00e1vel 201\/304<\/li>\n\n\n\n<li>Espessura 0,6 mm<\/li>\n\n\n\n<li>MOQ: 60 pe\u00e7as<\/li>\n\n\n\n<li>Log\u00f3tipo: Aceita-se log\u00f3tipo personalizado<\/li>\n<\/ul>\n<\/div>\n\n\n\n<div class=\"wp-block-column is-layout-flow wp-block-column-is-layout-flow\">\n<h2 class=\"wp-block-heading\">Pratos de jantar personalizados em a\u00e7o inoxid\u00e1vel <\/h2>\n\n\n\n<ul class=\"wp-block-list\">\n<li>Log\u00f3tipo: personalizar o log\u00f3tipo da sua marca<\/li>\n\n\n\n<li>Embalagem: caixa de cor\/caixa de cart\u00e3o, etc.<\/li>\n\n\n\n<li>Padr\u00e3o: personalizar o padr\u00e3o pretendido<\/li>\n\n\n\n<li>MOQ: 1000 pe\u00e7as<\/li>\n\n\n\n<li>Solu\u00e7\u00f5es de pratos de jantar personalizados OEM e ODM<\/li>\n<\/ul>\n<\/div>\n<\/div>\n\n\n\n<div class=\"wp-block-columns is-layout-flex wp-container-core-columns-is-layout-9d6595d7 wp-block-columns-is-layout-flex\">\n<div class=\"wp-block-column is-layout-flow wp-block-column-is-layout-flow\">\n<figure class=\"wp-block-image size-full\"><img decoding=\"async\" width=\"582\" height=\"582\" src=\"https:\/\/www.chancescook.com\/wp-content\/uploads\/2025\/07\/Stainless-Steel-Dinner-Plates-Wholesaler-2.webp\" alt=\"Pratos de jantar em a\u00e7o inoxid\u00e1vel grossista (2)\" class=\"wp-image-5215\" srcset=\"https:\/\/www.chancescook.com\/wp-content\/uploads\/2025\/07\/Stainless-Steel-Dinner-Plates-Wholesaler-2.webp 582w, https:\/\/www.chancescook.com\/wp-content\/uploads\/2025\/07\/Stainless-Steel-Dinner-Plates-Wholesaler-2-300x300.webp 300w, https:\/\/www.chancescook.com\/wp-content\/uploads\/2025\/07\/Stainless-Steel-Dinner-Plates-Wholesaler-2-150x150.webp 150w, https:\/\/www.chancescook.com\/wp-content\/uploads\/2025\/07\/Stainless-Steel-Dinner-Plates-Wholesaler-2-12x12.webp 12w, https:\/\/www.chancescook.com\/wp-content\/uploads\/2025\/07\/Stainless-Steel-Dinner-Plates-Wholesaler-2-285x285.webp 285w, https:\/\/www.chancescook.com\/wp-content\/uploads\/2025\/07\/Stainless-Steel-Dinner-Plates-Wholesaler-2-270x270.webp 270w, https:\/\/www.chancescook.com\/wp-content\/uploads\/2025\/07\/Stainless-Steel-Dinner-Plates-Wholesaler-2-540x540.webp 540w\" sizes=\"(max-width: 582px) 100vw, 582px\" \/><\/figure>\n<\/div>\n\n\n\n<div class=\"wp-block-column is-layout-flow wp-block-column-is-layout-flow\">\n<figure class=\"wp-block-image size-full\"><img decoding=\"async\" width=\"750\" height=\"750\" src=\"https:\/\/www.chancescook.com\/wp-content\/uploads\/2025\/07\/Stainless-Steel-Dinner-Plates-Wholesaler-4.webp\" alt=\"Pratos de jantar em a\u00e7o inoxid\u00e1vel grossista (4)\" class=\"wp-image-5217\" srcset=\"https:\/\/www.chancescook.com\/wp-content\/uploads\/2025\/07\/Stainless-Steel-Dinner-Plates-Wholesaler-4.webp 750w, https:\/\/www.chancescook.com\/wp-content\/uploads\/2025\/07\/Stainless-Steel-Dinner-Plates-Wholesaler-4-300x300.webp 300w, https:\/\/www.chancescook.com\/wp-content\/uploads\/2025\/07\/Stainless-Steel-Dinner-Plates-Wholesaler-4-150x150.webp 150w, https:\/\/www.chancescook.com\/wp-content\/uploads\/2025\/07\/Stainless-Steel-Dinner-Plates-Wholesaler-4-12x12.webp 12w, https:\/\/www.chancescook.com\/wp-content\/uploads\/2025\/07\/Stainless-Steel-Dinner-Plates-Wholesaler-4-285x285.webp 285w, https:\/\/www.chancescook.com\/wp-content\/uploads\/2025\/07\/Stainless-Steel-Dinner-Plates-Wholesaler-4-270x270.webp 270w, https:\/\/www.chancescook.com\/wp-content\/uploads\/2025\/07\/Stainless-Steel-Dinner-Plates-Wholesaler-4-540x540.webp 540w, https:\/\/www.chancescook.com\/wp-content\/uploads\/2025\/07\/Stainless-Steel-Dinner-Plates-Wholesaler-4-660x660.webp 660w\" sizes=\"(max-width: 750px) 100vw, 750px\" \/><\/figure>\n<\/div>\n<\/div>","protected":false},"excerpt":{"rendered":"<p>Pratos de jantar redondos de a\u00e7o inoxid\u00e1vel personalizados de estilo retro por atacado a granel. Os pratos de jantar t\u00eam um design de superf\u00edcie lisa, evitam res\u00edduos de alimentos, s\u00e3o f\u00e1ceis de limpar, podem ser lavados \u00e0 m\u00e3o ou na m\u00e1quina de lavar lou\u00e7a e economizam tempo e trabalho. N\u00f3s fornecemos solu\u00e7\u00f5es personalizadas para pratos de jantar. Bem-vindo a contactar-nos para um or\u00e7amento gratuito.<\/p>\n<h2>Carater\u00edsticas e vantagens dos pratos de jantar em a\u00e7o inoxid\u00e1vel<\/h2>\n<ul>\n<li><strong>A\u00e7o inoxid\u00e1vel 304 de alta qualidade<\/strong>: feito de material de a\u00e7o inoxid\u00e1vel 304 de qualidade alimentar, resistente \u00e0 ferrugem e \u00e0 corros\u00e3o, robusto e dur\u00e1vel para garantir uma utiliza\u00e7\u00e3o a longo prazo, adequado para contacto direto com alimentos, para proteger a sa\u00fade.<\/li>\n<li><strong>Op\u00e7\u00f5es de tamanhos m\u00faltiplos<\/strong>: Dispon\u00edvel em tamanhos de 14 cm, 17 cm, 20 cm, 23 cm, 26 cm, 30 cm e 34 cm para satisfazer diferentes necessidades e ocasi\u00f5es de refei\u00e7\u00f5es, adequado para servir uma vasta gama de alimentos, como pratos principais, acompanhamentos e sobremesas.<\/li>\n<li><strong>Desenho circular<\/strong>O design circular cl\u00e1ssico, adequado para v\u00e1rios estilos de refei\u00e7\u00f5es, \u00e9 f\u00e1cil de combinar com outros utens\u00edlios de mesa e melhora a est\u00e9tica da mesa em geral.<\/li>\n<li><strong>Estrutura de camada \u00fanica<\/strong>: leve e f\u00e1cil de transportar, adequado para uso di\u00e1rio e v\u00e1rias ocasi\u00f5es de jantar, c\u00f3modo e pr\u00e1tico.<\/li>\n<li><strong>Resistente a altas temperaturas<\/strong>: resist\u00eancia superior a altas temperaturas, adequado para forno, micro-ondas e outros ambientes de alta temperatura, n\u00e3o \u00e9 f\u00e1cil de ser deformado ou danificado.<\/li>\n<li><strong>F\u00e1cil de limpar<\/strong>: design de superf\u00edcie lisa, evita res\u00edduos alimentares, f\u00e1cil de limpar, lav\u00e1vel \u00e0 m\u00e3o ou na m\u00e1quina de lavar lou\u00e7a, poupa tempo e trabalho.<br \/>\nSaud\u00e1vel e seguro: design sem revestimento, n\u00e3o cont\u00e9m subst\u00e2ncias nocivas, para garantir a pureza e a seguran\u00e7a dos alimentos, adequado para uso a longo prazo.<\/li>\n<li><strong>Decorativo<\/strong>: O design \u00fanico torna-o n\u00e3o s\u00f3 um utens\u00edlio de mesa pr\u00e1tico, mas tamb\u00e9m um cen\u00e1rio brilhante na mesa, real\u00e7ando a beleza do ambiente de jantar.<\/li>\n<li><strong>Oferecer uma solu\u00e7\u00e3o personalizada de pratos de jantar.<\/strong><\/li>\n<li><strong>Suporte a pratos personalizados OEM&amp;ODM.<\/strong><\/li>\n<\/ul>","protected":false},"featured_media":5218,"comment_status":"closed","ping_status":"closed","template":"","meta":{"_acf_changed":false},"product_brand":[],"product_cat":[55],"product_tag":[],"class_list":{"0":"post-5213","1":"product","2":"type-product","3":"status-publish","4":"has-post-thumbnail","6":"product_cat-tableware-wholesale","8":"first","9":"instock","10":"shipping-taxable","11":"product-type-simple"},"acf":[],"_links":{"self":[{"href":"https:\/\/www.chancescook.com\/pt\/wp-json\/wp\/v2\/product\/5213","targetHints":{"allow":["GET"]}}],"collection":[{"href":"https:\/\/www.chancescook.com\/pt\/wp-json\/wp\/v2\/product"}],"about":[{"href":"https:\/\/www.chancescook.com\/pt\/wp-json\/wp\/v2\/types\/product"}],"replies":[{"embeddable":true,"href":"https:\/\/www.chancescook.com\/pt\/wp-json\/wp\/v2\/comments?post=5213"}],"wp:featuredmedia":[{"embeddable":true,"href":"https:\/\/www.chancescook.com\/pt\/wp-json\/wp\/v2\/media\/5218"}],"wp:attachment":[{"href":"https:\/\/www.chancescook.com\/pt\/wp-json\/wp\/v2\/media?parent=5213"}],"wp:term":[{"taxonomy":"product_brand","embeddable":true,"href":"https:\/\/www.chancescook.com\/pt\/wp-json\/wp\/v2\/product_brand?post=5213"},{"taxonomy":"product_cat","embeddable":true,"href":"https:\/\/www.chancescook.com\/pt\/wp-json\/wp\/v2\/product_cat?post=5213"},{"taxonomy":"product_tag","embeddable":true,"href":"https:\/\/www.chancescook.com\/pt\/wp-json\/wp\/v2\/product_tag?post=5213"}],"curies":[{"name":"wp","href":"https:\/\/api.w.org\/{rel}","templated":true}]}}