{"id":5219,"date":"2025-07-30T17:18:12","date_gmt":"2025-07-30T17:18:12","guid":{"rendered":"https:\/\/www.chancescook.com\/?post_type=product&#038;p=5219"},"modified":"2025-07-30T17:18:14","modified_gmt":"2025-07-30T17:18:14","slug":"stainless-steel-oval-tray-supplier","status":"publish","type":"product","link":"https:\/\/www.chancescook.com\/pt\/produto\/stainless-steel-oval-tray-supplier\/","title":{"rendered":"Bandeja oval de a\u00e7o inoxid\u00e1vel a granel Fornecedor de pratos de sobremesa de ouro \/ prata para bandejas de sushi"},"content":{"rendered":"<div class=\"wp-block-columns is-layout-flex wp-container-core-columns-is-layout-9d6595d7 wp-block-columns-is-layout-flex\">\n<div class=\"wp-block-column is-layout-flow wp-block-column-is-layout-flow\">\n<h2 class=\"wp-block-heading\">Par\u00e2metros do tabuleiro oval em a\u00e7o inoxid\u00e1vel<\/h2>\n\n\n\n<p>Nome do produto: Prato Oval\/Bandejas de Sushi<br>Tamanho: Tamanhos m\u00ednimo\/m\u00e9dio\/m\u00e1ximo<br>Material: Sus 201<br>Cor: Prata\/dourado<br>Log\u00f3tipo: Aceita-se log\u00f3tipo personalizado<\/p>\n<\/div>\n\n\n\n<div class=\"wp-block-column is-layout-flow wp-block-column-is-layout-flow\">\n<h2 class=\"wp-block-heading\">Pratos de sobremesa personalizados\/ bandejas de sushi<\/h2>\n\n\n\n<p>Log\u00f3tipo: personalizar o log\u00f3tipo da sua marca<br>Embalagem: caixa de cor\/caixa de cart\u00e3o, etc.<br>Padr\u00e3o: personalizar o padr\u00e3o pretendido.<br>MOQ: 1000 pe\u00e7as<br>Solu\u00e7\u00f5es de pratos de sobremesa personalizados OEM e ODM<\/p>\n<\/div>\n<\/div>\n\n\n\n<div class=\"wp-block-columns is-layout-flex wp-container-core-columns-is-layout-9d6595d7 wp-block-columns-is-layout-flex\">\n<div class=\"wp-block-column is-layout-flow wp-block-column-is-layout-flow\">\n<figure class=\"wp-block-image size-full\"><img decoding=\"async\" width=\"750\" height=\"750\" src=\"https:\/\/www.chancescook.com\/wp-content\/uploads\/2025\/07\/Bulk-Stainless-Steel-Oval-Tray-Wholesaler-2.webp\" alt=\"Grossista de tabuleiro oval de a\u00e7o inoxid\u00e1vel a granel (2)\" class=\"wp-image-5222\" srcset=\"https:\/\/www.chancescook.com\/wp-content\/uploads\/2025\/07\/Bulk-Stainless-Steel-Oval-Tray-Wholesaler-2.webp 750w, https:\/\/www.chancescook.com\/wp-content\/uploads\/2025\/07\/Bulk-Stainless-Steel-Oval-Tray-Wholesaler-2-300x300.webp 300w, https:\/\/www.chancescook.com\/wp-content\/uploads\/2025\/07\/Bulk-Stainless-Steel-Oval-Tray-Wholesaler-2-150x150.webp 150w, https:\/\/www.chancescook.com\/wp-content\/uploads\/2025\/07\/Bulk-Stainless-Steel-Oval-Tray-Wholesaler-2-12x12.webp 12w, https:\/\/www.chancescook.com\/wp-content\/uploads\/2025\/07\/Bulk-Stainless-Steel-Oval-Tray-Wholesaler-2-285x285.webp 285w, https:\/\/www.chancescook.com\/wp-content\/uploads\/2025\/07\/Bulk-Stainless-Steel-Oval-Tray-Wholesaler-2-270x270.webp 270w, https:\/\/www.chancescook.com\/wp-content\/uploads\/2025\/07\/Bulk-Stainless-Steel-Oval-Tray-Wholesaler-2-540x540.webp 540w, https:\/\/www.chancescook.com\/wp-content\/uploads\/2025\/07\/Bulk-Stainless-Steel-Oval-Tray-Wholesaler-2-660x660.webp 660w\" sizes=\"(max-width: 750px) 100vw, 750px\" \/><\/figure>\n<\/div>\n\n\n\n<div class=\"wp-block-column is-layout-flow wp-block-column-is-layout-flow\">\n<figure class=\"wp-block-image size-full\"><img decoding=\"async\" width=\"749\" height=\"749\" src=\"https:\/\/www.chancescook.com\/wp-content\/uploads\/2025\/07\/Bulk-Stainless-Steel-Oval-Tray-Wholesaler-1.webp\" alt=\"Atacadista de tabuleiro oval de a\u00e7o inoxid\u00e1vel a granel (1)\" class=\"wp-image-5221\" srcset=\"https:\/\/www.chancescook.com\/wp-content\/uploads\/2025\/07\/Bulk-Stainless-Steel-Oval-Tray-Wholesaler-1.webp 749w, https:\/\/www.chancescook.com\/wp-content\/uploads\/2025\/07\/Bulk-Stainless-Steel-Oval-Tray-Wholesaler-1-300x300.webp 300w, https:\/\/www.chancescook.com\/wp-content\/uploads\/2025\/07\/Bulk-Stainless-Steel-Oval-Tray-Wholesaler-1-150x150.webp 150w, https:\/\/www.chancescook.com\/wp-content\/uploads\/2025\/07\/Bulk-Stainless-Steel-Oval-Tray-Wholesaler-1-12x12.webp 12w, https:\/\/www.chancescook.com\/wp-content\/uploads\/2025\/07\/Bulk-Stainless-Steel-Oval-Tray-Wholesaler-1-285x285.webp 285w, https:\/\/www.chancescook.com\/wp-content\/uploads\/2025\/07\/Bulk-Stainless-Steel-Oval-Tray-Wholesaler-1-270x270.webp 270w, https:\/\/www.chancescook.com\/wp-content\/uploads\/2025\/07\/Bulk-Stainless-Steel-Oval-Tray-Wholesaler-1-540x540.webp 540w, https:\/\/www.chancescook.com\/wp-content\/uploads\/2025\/07\/Bulk-Stainless-Steel-Oval-Tray-Wholesaler-1-660x660.webp 660w\" sizes=\"(max-width: 749px) 100vw, 749px\" \/><\/figure>\n<\/div>\n<\/div>\n\n\n\n<p><\/p>","protected":false},"excerpt":{"rendered":"<p>Bem-vindo \u00e0 nossa elegante e pr\u00e1tica s\u00e9rie de tabuleiros ovais em a\u00e7o inoxid\u00e1vel, dispon\u00edveis nos estilos dourado e prateado, adequados para pratos de sobremesa, tabuleiros de sushi e outros cen\u00e1rios. Fabricados em a\u00e7o inoxid\u00e1vel de alta qualidade, s\u00e3o bonitos e duradouros, adequados para restaurantes, banquetes e locais de restaura\u00e7\u00e3o de alta qualidade. Como fornecedor profissional, oferecemos-lhe um servi\u00e7o de compras a granel est\u00e1vel e fi\u00e1vel!<\/p>\n<h3>Carater\u00edsticas e vantagens do tabuleiro oval em a\u00e7o inoxid\u00e1vel<\/h3>\n<ul>\n<li><strong>A\u00e7o inoxid\u00e1vel de alta qualidade<\/strong>: feito de material de a\u00e7o inoxid\u00e1vel 201 de alta qualidade, robusto e dur\u00e1vel, resistente \u00e0 ferrugem e \u00e0 corros\u00e3o para garantir uma utiliza\u00e7\u00e3o a longo prazo, adequado para uma utiliza\u00e7\u00e3o frequente em ambientes de hotelaria e restaura\u00e7\u00e3o.<\/li>\n<li><strong>Conce\u00e7\u00e3o<\/strong>: simple and elegant style design enhances the aesthetics of the table, suitable for a variety of high-end dining venues, showing taste and style.<br \/>\nCustomized size: Provide a variety of size options to meet different dining needs, whether it\u2019s delicate desserts or diverse snacks, you can find the right size.<\/li>\n<li><strong>Desenho oval<\/strong>: O design oval do prato de jantar aumenta a flexibilidade e a beleza do revestimento, adequado para exibir todos os tipos de sobremesas, lanches e pequenos pratos antes do jantar, melhorando o efeito visual dos alimentos.<\/li>\n<li><strong>Saud\u00e1vel e seguro<\/strong>: feito de material de a\u00e7o inoxid\u00e1vel de qualidade alimentar, sem subst\u00e2ncias nocivas, garante a seguran\u00e7a alimentar, utiliza\u00e7\u00e3o segura, adequado para contacto direto com os alimentos.<\/li>\n<li><strong>F\u00e1cil de limpar<\/strong>: o design da superf\u00edcie lisa evita res\u00edduos de alimentos, \u00e9 f\u00e1cil de limpar, pode ser lavado \u00e0 m\u00e3o ou na m\u00e1quina de lavar lou\u00e7a, poupa tempo e trabalho, adequado para um servi\u00e7o alimentar eficiente.<\/li>\n<li><strong>Grande durabilidade<\/strong>O material de a\u00e7o inoxid\u00e1vel \u00e9 resistente a altas temperaturas e a impactos, n\u00e3o \u00e9 f\u00e1cil de deformar ou danificar e \u00e9 adequado para uma utiliza\u00e7\u00e3o de alta intensidade em cozinhas comerciais.<\/li>\n<li><strong>Utiliza\u00e7\u00e3o multifuncional<\/strong>: n\u00e3o s\u00f3 para sobremesas e lanches, mas tamb\u00e9m para expor sushi, sashimi, aperitivos e muitas outras cozinhas, vers\u00e1til e pr\u00e1tico.<\/li>\n<li><strong>Aspeto moderno<\/strong>O design simples e generoso, adequado a uma variedade de estilos de restaura\u00e7\u00e3o, \u00e9 um instrumento pr\u00e1tico e bonito para expor na mesa.<\/li>\n<li><strong>Personaliza\u00e7\u00e3o profissional<\/strong>: apoiar a personaliza\u00e7\u00e3o para satisfazer as necessidades espec\u00edficas dos hot\u00e9is e restaurantes e melhorar a imagem da marca e a satisfa\u00e7\u00e3o do cliente.<\/li>\n<\/ul>\n<h3>De Fabricante de utens\u00edlios de mesa em a\u00e7o inoxid\u00e1vel :<\/h3>\n<p>Fornecimento direto a pre\u00e7o de f\u00e1brica, ajudando os clientes grossistas a obter margens de lucro mais elevadas. Pode fornecer aos clientes r\u00f3tulos privados e personaliza\u00e7\u00e3o de embalagens, criar copos de campismo personalizados de marca exclusiva e aumentar o reconhecimento e a competitividade dos produtos no mercado.<\/p>","protected":false},"featured_media":5220,"comment_status":"closed","ping_status":"closed","template":"","meta":{"_acf_changed":false},"product_brand":[],"product_cat":[55],"product_tag":[],"class_list":{"0":"post-5219","1":"product","2":"type-product","3":"status-publish","4":"has-post-thumbnail","6":"product_cat-tableware-wholesale","8":"first","9":"instock","10":"shipping-taxable","11":"product-type-simple"},"acf":[],"_links":{"self":[{"href":"https:\/\/www.chancescook.com\/pt\/wp-json\/wp\/v2\/product\/5219","targetHints":{"allow":["GET"]}}],"collection":[{"href":"https:\/\/www.chancescook.com\/pt\/wp-json\/wp\/v2\/product"}],"about":[{"href":"https:\/\/www.chancescook.com\/pt\/wp-json\/wp\/v2\/types\/product"}],"replies":[{"embeddable":true,"href":"https:\/\/www.chancescook.com\/pt\/wp-json\/wp\/v2\/comments?post=5219"}],"wp:featuredmedia":[{"embeddable":true,"href":"https:\/\/www.chancescook.com\/pt\/wp-json\/wp\/v2\/media\/5220"}],"wp:attachment":[{"href":"https:\/\/www.chancescook.com\/pt\/wp-json\/wp\/v2\/media?parent=5219"}],"wp:term":[{"taxonomy":"product_brand","embeddable":true,"href":"https:\/\/www.chancescook.com\/pt\/wp-json\/wp\/v2\/product_brand?post=5219"},{"taxonomy":"product_cat","embeddable":true,"href":"https:\/\/www.chancescook.com\/pt\/wp-json\/wp\/v2\/product_cat?post=5219"},{"taxonomy":"product_tag","embeddable":true,"href":"https:\/\/www.chancescook.com\/pt\/wp-json\/wp\/v2\/product_tag?post=5219"}],"curies":[{"name":"wp","href":"https:\/\/api.w.org\/{rel}","templated":true}]}}