{"id":5287,"date":"2025-08-14T17:14:58","date_gmt":"2025-08-14T17:14:58","guid":{"rendered":"https:\/\/www.chancescook.com\/?post_type=product&#038;p=5287"},"modified":"2025-12-15T02:49:33","modified_gmt":"2025-12-15T02:49:33","slug":"custom-11-piece-cookware-set-wholesale","status":"publish","type":"product","link":"https:\/\/www.chancescook.com\/pt\/produto\/custom-11-piece-cookware-set-wholesale\/","title":{"rendered":"Conjunto de panelas de 11 pe\u00e7as personalizado por atacado, compat\u00edvel com v\u00e1rios fog\u00f5es"},"content":{"rendered":"<div class=\"wp-block-columns is-layout-flex wp-container-core-columns-is-layout-9d6595d7 wp-block-columns-is-layout-flex\">\n<div class=\"wp-block-column is-layout-flow wp-block-column-is-layout-flow\">\n<h2 class=\"wp-block-heading\">Par\u00e2metros do conjunto de panelas de 11 pe\u00e7as<\/h2>\n\n\n\n<ul class=\"wp-block-list\">\n<li><strong>Material:<\/strong> SS201<\/li>\n\n\n\n<li><strong>Cor<\/strong>: Prata<\/li>\n\n\n\n<li><strong>Fundo<\/strong>: Fundo de base encapsulado (SUS+1,2mm Alu+SUS)<\/li>\n\n\n\n<li><strong>Tampa:<\/strong> Tampas em a\u00e7o inoxid\u00e1vel<\/li>\n\n\n\n<li><strong>Tamanhos<\/strong>:54\u00d733\u00d746cm<\/li>\n\n\n\n<li><strong>Nota:<\/strong> Apoiar a inspe\u00e7\u00e3o da qualidade para encomendas de pequenos lotes<\/li>\n<\/ul>\n<\/div>\n\n\n\n<div class=\"wp-block-column is-layout-flow wp-block-column-is-layout-flow\">\n<h2 class=\"wp-block-heading\">Op\u00e7\u00f5es de utens\u00edlios de cozinha personalizados<\/h2>\n\n\n\n<ul class=\"wp-block-list\">\n<li><strong>Log\u00f3tipo:<\/strong> Personaliz\u00e1vel com o log\u00f3tipo da sua marca<\/li>\n\n\n\n<li><strong>Pega<\/strong>: Pega para se adaptar ao seu estilo<\/li>\n\n\n\n<li><strong>Embalagem<\/strong>: Caixa de cor\/caixa de cart\u00e3o, etc<\/li>\n<\/ul>\n<\/div>\n<\/div>\n\n\n\n<p><strong><a href=\"https:\/\/www.chancescook.com\/pt\/\">Fabricante de utens\u00edlios de cozinha Chancescook<\/a><\/strong> oferece pre\u00e7os de f\u00e1brica e servi\u00e7os de personaliza\u00e7\u00e3o OEM. Contacte-nos para obter o melhor or\u00e7amento de um fabricante de utens\u00edlios de cozinha fi\u00e1vel.<\/p>\n\n\n\n<div class=\"wp-block-columns is-layout-flex wp-container-core-columns-is-layout-9d6595d7 wp-block-columns-is-layout-flex\">\n<div class=\"wp-block-column is-layout-flow wp-block-column-is-layout-flow\">\n<figure class=\"wp-block-image size-full\"><img decoding=\"async\" width=\"800\" height=\"800\" src=\"https:\/\/www.chancescook.com\/wp-content\/uploads\/2025\/08\/Custom-11-Piece-Cookware-Set-Wholesale-Manufacturer-1.webp\" alt=\"Conjunto de panelas de 11 pe\u00e7as personalizado Fabricante por atacado (1)\" class=\"wp-image-5701\" srcset=\"https:\/\/www.chancescook.com\/wp-content\/uploads\/2025\/08\/Custom-11-Piece-Cookware-Set-Wholesale-Manufacturer-1.webp 800w, https:\/\/www.chancescook.com\/wp-content\/uploads\/2025\/08\/Custom-11-Piece-Cookware-Set-Wholesale-Manufacturer-1-300x300.webp 300w, https:\/\/www.chancescook.com\/wp-content\/uploads\/2025\/08\/Custom-11-Piece-Cookware-Set-Wholesale-Manufacturer-1-150x150.webp 150w, https:\/\/www.chancescook.com\/wp-content\/uploads\/2025\/08\/Custom-11-Piece-Cookware-Set-Wholesale-Manufacturer-1-768x768.webp 768w, https:\/\/www.chancescook.com\/wp-content\/uploads\/2025\/08\/Custom-11-Piece-Cookware-Set-Wholesale-Manufacturer-1-12x12.webp 12w, https:\/\/www.chancescook.com\/wp-content\/uploads\/2025\/08\/Custom-11-Piece-Cookware-Set-Wholesale-Manufacturer-1-285x285.webp 285w, https:\/\/www.chancescook.com\/wp-content\/uploads\/2025\/08\/Custom-11-Piece-Cookware-Set-Wholesale-Manufacturer-1-270x270.webp 270w, https:\/\/www.chancescook.com\/wp-content\/uploads\/2025\/08\/Custom-11-Piece-Cookware-Set-Wholesale-Manufacturer-1-540x540.webp 540w, https:\/\/www.chancescook.com\/wp-content\/uploads\/2025\/08\/Custom-11-Piece-Cookware-Set-Wholesale-Manufacturer-1-660x660.webp 660w\" sizes=\"(max-width: 800px) 100vw, 800px\" \/><\/figure>\n<\/div>\n\n\n\n<div class=\"wp-block-column is-layout-flow wp-block-column-is-layout-flow\">\n<figure class=\"wp-block-image size-full\"><img decoding=\"async\" width=\"800\" height=\"800\" src=\"https:\/\/www.chancescook.com\/wp-content\/uploads\/2025\/08\/Custom-11-Piece-Cookware-Set-Wholesale-Manufacturer-2.webp\" alt=\"Conjunto de panelas de 11 pe\u00e7as personalizado Fabricante por atacado (2)\" class=\"wp-image-5702\" srcset=\"https:\/\/www.chancescook.com\/wp-content\/uploads\/2025\/08\/Custom-11-Piece-Cookware-Set-Wholesale-Manufacturer-2.webp 800w, https:\/\/www.chancescook.com\/wp-content\/uploads\/2025\/08\/Custom-11-Piece-Cookware-Set-Wholesale-Manufacturer-2-300x300.webp 300w, https:\/\/www.chancescook.com\/wp-content\/uploads\/2025\/08\/Custom-11-Piece-Cookware-Set-Wholesale-Manufacturer-2-150x150.webp 150w, https:\/\/www.chancescook.com\/wp-content\/uploads\/2025\/08\/Custom-11-Piece-Cookware-Set-Wholesale-Manufacturer-2-768x768.webp 768w, https:\/\/www.chancescook.com\/wp-content\/uploads\/2025\/08\/Custom-11-Piece-Cookware-Set-Wholesale-Manufacturer-2-12x12.webp 12w, https:\/\/www.chancescook.com\/wp-content\/uploads\/2025\/08\/Custom-11-Piece-Cookware-Set-Wholesale-Manufacturer-2-285x285.webp 285w, https:\/\/www.chancescook.com\/wp-content\/uploads\/2025\/08\/Custom-11-Piece-Cookware-Set-Wholesale-Manufacturer-2-270x270.webp 270w, https:\/\/www.chancescook.com\/wp-content\/uploads\/2025\/08\/Custom-11-Piece-Cookware-Set-Wholesale-Manufacturer-2-540x540.webp 540w, https:\/\/www.chancescook.com\/wp-content\/uploads\/2025\/08\/Custom-11-Piece-Cookware-Set-Wholesale-Manufacturer-2-660x660.webp 660w\" sizes=\"(max-width: 800px) 100vw, 800px\" \/><\/figure>\n<\/div>\n\n\n\n<div class=\"wp-block-column is-layout-flow wp-block-column-is-layout-flow\">\n<figure class=\"wp-block-image size-full\"><img decoding=\"async\" width=\"800\" height=\"800\" src=\"https:\/\/www.chancescook.com\/wp-content\/uploads\/2025\/08\/Custom-11-Piece-Cookware-Set-Wholesale-Manufacturer-3.webp\" alt=\"Conjunto de panelas de 11 pe\u00e7as personalizado Fabricante por atacado (3)\" class=\"wp-image-5703\" srcset=\"https:\/\/www.chancescook.com\/wp-content\/uploads\/2025\/08\/Custom-11-Piece-Cookware-Set-Wholesale-Manufacturer-3.webp 800w, https:\/\/www.chancescook.com\/wp-content\/uploads\/2025\/08\/Custom-11-Piece-Cookware-Set-Wholesale-Manufacturer-3-300x300.webp 300w, https:\/\/www.chancescook.com\/wp-content\/uploads\/2025\/08\/Custom-11-Piece-Cookware-Set-Wholesale-Manufacturer-3-150x150.webp 150w, https:\/\/www.chancescook.com\/wp-content\/uploads\/2025\/08\/Custom-11-Piece-Cookware-Set-Wholesale-Manufacturer-3-768x768.webp 768w, https:\/\/www.chancescook.com\/wp-content\/uploads\/2025\/08\/Custom-11-Piece-Cookware-Set-Wholesale-Manufacturer-3-12x12.webp 12w, https:\/\/www.chancescook.com\/wp-content\/uploads\/2025\/08\/Custom-11-Piece-Cookware-Set-Wholesale-Manufacturer-3-285x285.webp 285w, https:\/\/www.chancescook.com\/wp-content\/uploads\/2025\/08\/Custom-11-Piece-Cookware-Set-Wholesale-Manufacturer-3-270x270.webp 270w, https:\/\/www.chancescook.com\/wp-content\/uploads\/2025\/08\/Custom-11-Piece-Cookware-Set-Wholesale-Manufacturer-3-540x540.webp 540w, https:\/\/www.chancescook.com\/wp-content\/uploads\/2025\/08\/Custom-11-Piece-Cookware-Set-Wholesale-Manufacturer-3-660x660.webp 660w\" sizes=\"(max-width: 800px) 100vw, 800px\" \/><\/figure>\n<\/div>\n<\/div>","protected":false},"excerpt":{"rendered":"<p>Conjunto de panelas de 11 pe\u00e7as por atacado. Este conjunto inclui uma panela de leite, uma panela de sopa e uma frigideira para v\u00e1rias necessidades culin\u00e1rias, incluindo ferver, estufar e cozer a vapor. O fundo de tr\u00eas camadas assegura uma r\u00e1pida condu\u00e7\u00e3o do calor. Fabricados em a\u00e7o inoxid\u00e1vel dur\u00e1vel, podem ser lavados na m\u00e1quina de lavar loi\u00e7a e s\u00e3o adequados para uso comercial e dom\u00e9stico. Contacte-nos para obter o cat\u00e1logo de produtos e o or\u00e7amento.<\/p>\n<p>&nbsp;<\/p>\n<h2>Carater\u00edsticas do Conjunto de panelas de 11 pe\u00e7as<\/h2>\n<p>&nbsp;<\/p>\n<ul>\n<li><strong>Desempenho de cozedura profissional<\/strong>: A base da panela \u00e9 feita de material triplo, que distribui uniformemente o calor e evita eficazmente o sobreaquecimento, garantindo excelentes resultados de cozedura.<\/li>\n<li><strong>Conjunto vers\u00e1til<\/strong>: Este conjunto completo de utens\u00edlios de cozinha inclui uma panela, uma panela de cozinha e uma frigideira, satisfazendo v\u00e1rias necessidades culin\u00e1rias, incluindo ferver, estufar e cozer a vapor, tornando-o adequado para cozinheiros dom\u00e9sticos e restaurantes.<\/li>\n<li><strong>F\u00e1cil de limpar e manter<\/strong>: A superf\u00edcie de a\u00e7o inoxid\u00e1vel sem revestimento \u00e9 resistente a riscos e a manchas, e os utens\u00edlios de cozinha deste conjunto podem ser lavados na m\u00e1quina de lavar lou\u00e7a, o que os torna adequados para cozinhas comerciais que exigem uma limpeza eficiente e conveniente.<\/li>\n<li><strong>Excelente conce\u00e7\u00e3o pormenorizada<\/strong>: A tampa com encaixe de precis\u00e3o proporciona uma veda\u00e7\u00e3o segura e uma melhor reten\u00e7\u00e3o do calor. A pega com rebites proporciona maior resist\u00eancia e durabilidade para uma utiliza\u00e7\u00e3o a longo prazo.<\/li>\n<li><strong>Servi\u00e7o grossista de utens\u00edlios de cozinha<\/strong>: Como um fabricante confi\u00e1vel de utens\u00edlios de cozinha da China, oferecemos utens\u00edlios de cozinha por atacado para compradores B2B globais em uma ampla variedade de estilos a pre\u00e7os de f\u00e1brica. Tamb\u00e9m apoiamos servi\u00e7os OEM de marca.<\/li>\n<\/ul>","protected":false},"featured_media":5288,"comment_status":"closed","ping_status":"closed","template":"","meta":{"_acf_changed":false},"product_brand":[],"product_cat":[53],"product_tag":[],"class_list":{"0":"post-5287","1":"product","2":"type-product","3":"status-publish","4":"has-post-thumbnail","6":"product_cat-wholesale-cookware-sets","8":"first","9":"instock","10":"shipping-taxable","11":"product-type-simple"},"acf":[],"_links":{"self":[{"href":"https:\/\/www.chancescook.com\/pt\/wp-json\/wp\/v2\/product\/5287","targetHints":{"allow":["GET"]}}],"collection":[{"href":"https:\/\/www.chancescook.com\/pt\/wp-json\/wp\/v2\/product"}],"about":[{"href":"https:\/\/www.chancescook.com\/pt\/wp-json\/wp\/v2\/types\/product"}],"replies":[{"embeddable":true,"href":"https:\/\/www.chancescook.com\/pt\/wp-json\/wp\/v2\/comments?post=5287"}],"wp:featuredmedia":[{"embeddable":true,"href":"https:\/\/www.chancescook.com\/pt\/wp-json\/wp\/v2\/media\/5288"}],"wp:attachment":[{"href":"https:\/\/www.chancescook.com\/pt\/wp-json\/wp\/v2\/media?parent=5287"}],"wp:term":[{"taxonomy":"product_brand","embeddable":true,"href":"https:\/\/www.chancescook.com\/pt\/wp-json\/wp\/v2\/product_brand?post=5287"},{"taxonomy":"product_cat","embeddable":true,"href":"https:\/\/www.chancescook.com\/pt\/wp-json\/wp\/v2\/product_cat?post=5287"},{"taxonomy":"product_tag","embeddable":true,"href":"https:\/\/www.chancescook.com\/pt\/wp-json\/wp\/v2\/product_tag?post=5287"}],"curies":[{"name":"wp","href":"https:\/\/api.w.org\/{rel}","templated":true}]}}