{"id":5289,"date":"2025-08-14T17:30:30","date_gmt":"2025-08-14T17:30:30","guid":{"rendered":"https:\/\/www.chancescook.com\/?post_type=product&#038;p=5289"},"modified":"2025-08-14T17:31:44","modified_gmt":"2025-08-14T17:31:44","slug":"12-piece-stainless-steel-cookware-set","status":"publish","type":"product","link":"https:\/\/www.chancescook.com\/pt\/produto\/12-piece-stainless-steel-cookware-set\/","title":{"rendered":"Conjunto de panelas de a\u00e7o inoxid\u00e1vel OEM 12 pe\u00e7as por atacado, compat\u00edvel com v\u00e1rios fog\u00f5es"},"content":{"rendered":"<div class=\"wp-block-columns is-layout-flex wp-container-core-columns-is-layout-9d6595d7 wp-block-columns-is-layout-flex\">\n<div class=\"wp-block-column is-layout-flow wp-block-column-is-layout-flow\">\n<h2 class=\"wp-block-heading\">Parameters of the 12 Piece Stainless Steel Cookware Set<\/h2>\n\n\n\n<ul class=\"wp-block-list\">\n<li><strong>Material<\/strong>: SS201<\/li>\n\n\n\n<li><strong>Cor<\/strong>: Prata<\/li>\n\n\n\n<li><strong>Fundo<\/strong>: Fundo de base encapsulado (SUS+1,2mm Alu+SUS)<\/li>\n\n\n\n<li><strong>Tampa<\/strong>: Stainless Steel Lids<\/li>\n\n\n\n<li><strong>Tamanhos<\/strong>:53\u00d734\u00d738cm<\/li>\n\n\n\n<li><strong>Nota<\/strong>: Apoiar a inspe\u00e7\u00e3o da qualidade para encomendas de pequenos lotes<\/li>\n<\/ul>\n<\/div>\n\n\n\n<div class=\"wp-block-column is-layout-flow wp-block-column-is-layout-flow\">\n<h2 class=\"wp-block-heading\"><mark style=\"background-color:rgba(0, 0, 0, 0)\" class=\"has-inline-color has-vivid-red-color\"><a href=\"https:\/\/www.chancescook.com\/pt\/custom-cookware\/\">Custom Cookware<\/a><\/mark> Options<\/h2>\n\n\n\n<ul class=\"wp-block-list\">\n<li><strong>Log\u00f3tipo<\/strong>: Customizable with your brand logo<\/li>\n\n\n\n<li><strong>Pega<\/strong>: Pega para se adaptar ao seu estilo<\/li>\n\n\n\n<li><strong>Embalagem<\/strong>: Caixa de cor\/caixa de cart\u00e3o, etc<\/li>\n<\/ul>\n<\/div>\n<\/div>\n\n\n\n<p><\/p>","protected":false},"excerpt":{"rendered":"<p>Wholesale 12 piece cookware set. This set includes a milk pot, a soup pot, and a fry pan for various cooking needs, including boiling, stewing, and steaming. The three-layer bottom ensures rapid heat conduction. Made of durable stainless steel, they are dishwasher-safe and suitable for both commercial and domestic use. Contact us for the product catalogue and quotation.<\/p>\n<p>O fabricante de utens\u00edlios de cozinha Chancescook oferece pre\u00e7os de f\u00e1brica e servi\u00e7os de personaliza\u00e7\u00e3o OEM. Contacte-nos para obter a melhor cota\u00e7\u00e3o de um fabricante de utens\u00edlios de cozinha fi\u00e1vel.<\/p>\n<p>&nbsp;<\/p>\n<h2>Features of 12 Piece Stainless Steel Cookware Set<\/h2>\n<p>&nbsp;<\/p>\n<ul>\n<li><strong>Desempenho de cozedura profissional<\/strong>: A base da panela \u00e9 feita de material triplo, que distribui uniformemente o calor e evita eficazmente o sobreaquecimento, garantindo excelentes resultados de cozedura.<\/li>\n<li><strong>Conjunto vers\u00e1til<\/strong>: This complete cookware set includes a stockpot, stewpot, and fry pan, meeting various cooking needs, including boiling, stewing, and steaming, making it suitable for home chefs and restaurants.<\/li>\n<li><strong>F\u00e1cil de limpar e manter<\/strong>: The uncoated stainless steel surface is both scratch-resistant and stain-resistant. The cookware in this set is dishwasher-safe, making it suitable for commercial kitchens that demand efficient and convenient cleaning.<\/li>\n<li><strong>Excelente conce\u00e7\u00e3o pormenorizada<\/strong>: A tampa com encaixe de precis\u00e3o proporciona uma veda\u00e7\u00e3o segura e uma melhor reten\u00e7\u00e3o do calor. A pega com rebites proporciona maior resist\u00eancia e durabilidade para uma utiliza\u00e7\u00e3o a longo prazo.<\/li>\n<li><strong>Servi\u00e7o grossista de utens\u00edlios de cozinha<\/strong>: Como um fabricante confi\u00e1vel de utens\u00edlios de cozinha da China, oferecemos utens\u00edlios de cozinha por atacado para compradores B2B globais em uma ampla variedade de estilos a pre\u00e7os de f\u00e1brica. Tamb\u00e9m apoiamos servi\u00e7os OEM de marca.<\/li>\n<\/ul>","protected":false},"featured_media":5290,"comment_status":"closed","ping_status":"closed","template":"","meta":{"_acf_changed":false},"product_brand":[],"product_cat":[53],"product_tag":[],"class_list":{"0":"post-5289","1":"product","2":"type-product","3":"status-publish","4":"has-post-thumbnail","6":"product_cat-wholesale-cookware-sets","8":"first","9":"instock","10":"shipping-taxable","11":"product-type-simple"},"acf":[],"_links":{"self":[{"href":"https:\/\/www.chancescook.com\/pt\/wp-json\/wp\/v2\/product\/5289","targetHints":{"allow":["GET"]}}],"collection":[{"href":"https:\/\/www.chancescook.com\/pt\/wp-json\/wp\/v2\/product"}],"about":[{"href":"https:\/\/www.chancescook.com\/pt\/wp-json\/wp\/v2\/types\/product"}],"replies":[{"embeddable":true,"href":"https:\/\/www.chancescook.com\/pt\/wp-json\/wp\/v2\/comments?post=5289"}],"wp:featuredmedia":[{"embeddable":true,"href":"https:\/\/www.chancescook.com\/pt\/wp-json\/wp\/v2\/media\/5290"}],"wp:attachment":[{"href":"https:\/\/www.chancescook.com\/pt\/wp-json\/wp\/v2\/media?parent=5289"}],"wp:term":[{"taxonomy":"product_brand","embeddable":true,"href":"https:\/\/www.chancescook.com\/pt\/wp-json\/wp\/v2\/product_brand?post=5289"},{"taxonomy":"product_cat","embeddable":true,"href":"https:\/\/www.chancescook.com\/pt\/wp-json\/wp\/v2\/product_cat?post=5289"},{"taxonomy":"product_tag","embeddable":true,"href":"https:\/\/www.chancescook.com\/pt\/wp-json\/wp\/v2\/product_tag?post=5289"}],"curies":[{"name":"wp","href":"https:\/\/api.w.org\/{rel}","templated":true}]}}