{"id":5291,"date":"2025-08-14T18:10:25","date_gmt":"2025-08-14T18:10:25","guid":{"rendered":"https:\/\/www.chancescook.com\/?post_type=product&#038;p=5291"},"modified":"2025-12-22T06:42:32","modified_gmt":"2025-12-22T06:42:32","slug":"wholesale-korean-ramen-pot","status":"publish","type":"product","link":"https:\/\/www.chancescook.com\/pt\/produto\/wholesale-korean-ramen-pot\/","title":{"rendered":"Pote de Ramen Coreano por atacado Pote de sopa instant\u00e2nea artesanal de a\u00e7o inoxid\u00e1vel Fornecedor"},"content":{"rendered":"<div class=\"wp-block-columns is-layout-flex wp-container-core-columns-is-layout-9d6595d7 wp-block-columns-is-layout-flex\">\n<div class=\"wp-block-column is-layout-flow wp-block-column-is-layout-flow\">\n<h2 class=\"wp-block-heading\">Par\u00e2metros do pote de Ramen coreano em a\u00e7o inoxid\u00e1vel<\/h2>\n\n\n\n<ul class=\"wp-block-list\">\n<li><strong>Espessura normal<\/strong>: 0,5 mm<\/li>\n\n\n\n<li><strong>Tamanho<\/strong>: 18cm<\/li>\n\n\n\n<li>Log\u00f3tipo: Grava\u00e7\u00e3o a laser<\/li>\n\n\n\n<li>MOQ: 1000 pcs<\/li>\n<\/ul>\n<\/div>\n\n\n\n<div class=\"wp-block-column is-layout-flow wp-block-column-is-layout-flow\">\n<h2 class=\"wp-block-heading\">Pote de Ramen em a\u00e7o inoxid\u00e1vel personalizado<\/h2>\n\n\n\n<p>Log\u00f3tipo: Personalize o log\u00f3tipo da sua marca<br>Material: A\u00e7o inoxid\u00e1vel SUS430<br>Espessura do material: 0,5 mm<br>Embalagem: caixa de cor\/caixa de cart\u00e3o, etc<br>Solu\u00e7\u00f5es de panelas personalizadas OEM e ODM<\/p>\n<\/div>\n<\/div>\n\n\n\n<div class=\"wp-block-columns is-layout-flex wp-container-core-columns-is-layout-9d6595d7 wp-block-columns-is-layout-flex\">\n<div class=\"wp-block-column is-layout-flow wp-block-column-is-layout-flow\">\n<figure class=\"wp-block-image size-full\"><img decoding=\"async\" width=\"457\" height=\"457\" src=\"https:\/\/www.chancescook.com\/wp-content\/uploads\/2025\/08\/Custom-Korean-Ramen-Pot-Wholesale.webp\" alt=\"Pote de Ramen Coreano Personalizado por atacado\" class=\"wp-image-5292\" srcset=\"https:\/\/www.chancescook.com\/wp-content\/uploads\/2025\/08\/Custom-Korean-Ramen-Pot-Wholesale.webp 457w, https:\/\/www.chancescook.com\/wp-content\/uploads\/2025\/08\/Custom-Korean-Ramen-Pot-Wholesale-300x300.webp 300w, https:\/\/www.chancescook.com\/wp-content\/uploads\/2025\/08\/Custom-Korean-Ramen-Pot-Wholesale-150x150.webp 150w, https:\/\/www.chancescook.com\/wp-content\/uploads\/2025\/08\/Custom-Korean-Ramen-Pot-Wholesale-12x12.webp 12w, https:\/\/www.chancescook.com\/wp-content\/uploads\/2025\/08\/Custom-Korean-Ramen-Pot-Wholesale-285x285.webp 285w, https:\/\/www.chancescook.com\/wp-content\/uploads\/2025\/08\/Custom-Korean-Ramen-Pot-Wholesale-270x270.webp 270w\" sizes=\"(max-width: 457px) 100vw, 457px\" \/><\/figure>\n<\/div>\n\n\n\n<div class=\"wp-block-column is-layout-flow wp-block-column-is-layout-flow\">\n<figure class=\"wp-block-image size-full\"><img decoding=\"async\" width=\"445\" height=\"445\" src=\"https:\/\/www.chancescook.com\/wp-content\/uploads\/2025\/08\/Custom-Korean-Ramen-Pot-Wholesaler.webp\" alt=\"Atacadista de potes de ramen coreanos personalizados\" class=\"wp-image-5293\" srcset=\"https:\/\/www.chancescook.com\/wp-content\/uploads\/2025\/08\/Custom-Korean-Ramen-Pot-Wholesaler.webp 445w, https:\/\/www.chancescook.com\/wp-content\/uploads\/2025\/08\/Custom-Korean-Ramen-Pot-Wholesaler-300x300.webp 300w, https:\/\/www.chancescook.com\/wp-content\/uploads\/2025\/08\/Custom-Korean-Ramen-Pot-Wholesaler-150x150.webp 150w, https:\/\/www.chancescook.com\/wp-content\/uploads\/2025\/08\/Custom-Korean-Ramen-Pot-Wholesaler-12x12.webp 12w, https:\/\/www.chancescook.com\/wp-content\/uploads\/2025\/08\/Custom-Korean-Ramen-Pot-Wholesaler-285x285.webp 285w, https:\/\/www.chancescook.com\/wp-content\/uploads\/2025\/08\/Custom-Korean-Ramen-Pot-Wholesaler-270x270.webp 270w\" sizes=\"(max-width: 445px) 100vw, 445px\" \/><\/figure>\n<\/div>\n<\/div>\n\n\n\n<p><\/p>","protected":false},"excerpt":{"rendered":"<p>Pote de macarr\u00e3o instant\u00e2neo com padr\u00e3o de floco de neve dourado por atacado, feito de a\u00e7o inoxid\u00e1vel de alta qualidade, ecol\u00f3gico e sem revestimento, equipado com uma al\u00e7a de a\u00e7o inoxid\u00e1vel anti-queimadura espessa e conex\u00e3o de rebite, proporcionando uma ader\u00eancia confort\u00e1vel e firme, evitando efetivamente queimaduras. Este pote de ramen coreano \u00e9 adequado para restaurantes chineses, hot\u00e9is e uso dom\u00e9stico. Bem-vindo a contactar-nos. O fabricante de utens\u00edlios de cozinha Chancescook fornece servi\u00e7os completos de atacado e personaliza\u00e7\u00e3o.<\/p>\n<h2>Carater\u00edsticas e vantagens da panela de Ramen coreana<\/h2>\n<ul>\n<li><strong>Materiais de alta qualidade<\/strong>: Fabricado em a\u00e7o inoxid\u00e1vel de alta qualidade, n\u00e3o \u00e9 propenso a riscos ou desgaste, pode suportar uma utiliza\u00e7\u00e3o di\u00e1ria frequente, n\u00e3o tem revestimento, \u00e9 resistente ao calor e \u00e9 seguro e saud\u00e1vel de utilizar.<\/li>\n<li><strong>Boa resist\u00eancia ao calor<\/strong>: O a\u00e7o inoxid\u00e1vel tem uma excelente condutividade t\u00e9rmica, permitindo um aquecimento r\u00e1pido e uniforme dos ingredientes, tornando os alimentos mais deliciosos.<\/li>\n<li><strong>F\u00e1cil de limpar<\/strong>: Os woks de a\u00e7o inoxid\u00e1vel s\u00e3o muito f\u00e1ceis de limpar e podem ser limpos com um pano macio. A forte resist\u00eancia \u00e0 corros\u00e3o e a capacidade anti-deforma\u00e7\u00e3o tornam os tachos de a\u00e7o inoxid\u00e1vel t\u00e3o bons como novos ap\u00f3s uma utiliza\u00e7\u00e3o prolongada.<\/li>\n<li><strong>Servi\u00e7o grossista<\/strong>: Como fabricante de utens\u00edlios de cozinha em a\u00e7o inoxid\u00e1vel, <span style=\"color: #993300;\"><a style=\"color: #993300;\" href=\"https:\/\/www.chancescook.com\/pt\/\"><strong>Chancescook<\/strong><\/a><\/span> oferece potes de massa instant\u00e2nea dourada por atacado a distribuidores e retalhistas e presta servi\u00e7os de personaliza\u00e7\u00e3o profissional.<\/li>\n<\/ul>\n<p>&nbsp;<\/p>","protected":false},"featured_media":5790,"comment_status":"closed","ping_status":"closed","template":"","meta":{"_acf_changed":false},"product_brand":[],"product_cat":[62,52],"product_tag":[],"class_list":{"0":"post-5291","1":"product","2":"type-product","3":"status-publish","4":"has-post-thumbnail","6":"product_cat-wholesale-soup-pot","7":"product_cat-cookware-wholesale","9":"first","10":"instock","11":"shipping-taxable","12":"product-type-simple"},"acf":[],"_links":{"self":[{"href":"https:\/\/www.chancescook.com\/pt\/wp-json\/wp\/v2\/product\/5291","targetHints":{"allow":["GET"]}}],"collection":[{"href":"https:\/\/www.chancescook.com\/pt\/wp-json\/wp\/v2\/product"}],"about":[{"href":"https:\/\/www.chancescook.com\/pt\/wp-json\/wp\/v2\/types\/product"}],"replies":[{"embeddable":true,"href":"https:\/\/www.chancescook.com\/pt\/wp-json\/wp\/v2\/comments?post=5291"}],"wp:featuredmedia":[{"embeddable":true,"href":"https:\/\/www.chancescook.com\/pt\/wp-json\/wp\/v2\/media\/5790"}],"wp:attachment":[{"href":"https:\/\/www.chancescook.com\/pt\/wp-json\/wp\/v2\/media?parent=5291"}],"wp:term":[{"taxonomy":"product_brand","embeddable":true,"href":"https:\/\/www.chancescook.com\/pt\/wp-json\/wp\/v2\/product_brand?post=5291"},{"taxonomy":"product_cat","embeddable":true,"href":"https:\/\/www.chancescook.com\/pt\/wp-json\/wp\/v2\/product_cat?post=5291"},{"taxonomy":"product_tag","embeddable":true,"href":"https:\/\/www.chancescook.com\/pt\/wp-json\/wp\/v2\/product_tag?post=5291"}],"curies":[{"name":"wp","href":"https:\/\/api.w.org\/{rel}","templated":true}]}}