{"id":5298,"date":"2025-08-14T18:35:34","date_gmt":"2025-08-14T18:35:34","guid":{"rendered":"https:\/\/www.chancescook.com\/?post_type=product&#038;p=5298"},"modified":"2025-12-22T06:44:11","modified_gmt":"2025-12-22T06:44:11","slug":"stainless-steel-noodle-pot-wholesale","status":"publish","type":"product","link":"https:\/\/www.chancescook.com\/pt\/produto\/stainless-steel-noodle-pot-wholesale\/","title":{"rendered":"Pote de macarr\u00e3o de a\u00e7o inoxid\u00e1vel por atacado, pote de macarr\u00e3o Ramen coreano com al\u00e7a"},"content":{"rendered":"<div class=\"wp-block-columns is-layout-flex wp-container-core-columns-is-layout-9d6595d7 wp-block-columns-is-layout-flex\">\n<div class=\"wp-block-column is-layout-flow wp-block-column-is-layout-flow\">\n<h2 class=\"wp-block-heading\">Par\u00e2metros do pote de macarr\u00e3o de a\u00e7o inoxid\u00e1vel<\/h2>\n\n\n\n<ul class=\"wp-block-list\">\n<li>Espessura normal: 1 mm<\/li>\n\n\n\n<li>Tamanho: 18cm<\/li>\n\n\n\n<li>Log\u00f3tipo: Grava\u00e7\u00e3o a laser<\/li>\n\n\n\n<li>MOQ: 1000 pcs<\/li>\n<\/ul>\n<\/div>\n\n\n\n<div class=\"wp-block-column is-layout-flow wp-block-column-is-layout-flow\">\n<h2 class=\"wp-block-heading\">Pote de macarr\u00e3o de a\u00e7o inoxid\u00e1vel personalizado<\/h2>\n\n\n\n<ul class=\"wp-block-list\">\n<li>Log\u00f3tipo: Personalize o log\u00f3tipo da sua marca<\/li>\n\n\n\n<li>Material: A\u00e7o inoxid\u00e1vel SUS430<\/li>\n\n\n\n<li>Espessura do material: 1 mm<\/li>\n\n\n\n<li>Embalagem: caixa de cor\/caixa de cart\u00e3o, etc<\/li>\n\n\n\n<li><strong><a href=\"https:\/\/www.chancescook.com\/pt\/custom-cookware\/\">Solu\u00e7\u00f5es de panelas personalizadas OEM e ODM<\/a><\/strong><\/li>\n<\/ul>\n<\/div>\n<\/div>\n\n\n\n<div class=\"wp-block-columns is-layout-flex wp-container-core-columns-is-layout-9d6595d7 wp-block-columns-is-layout-flex\">\n<div class=\"wp-block-column is-layout-flow wp-block-column-is-layout-flow\" style=\"flex-basis:25%\"><\/div>\n\n\n\n<div class=\"wp-block-column is-layout-flow wp-block-column-is-layout-flow\" style=\"flex-basis:50%\">\n<figure class=\"wp-block-image size-full\"><img decoding=\"async\" width=\"749\" height=\"584\" src=\"https:\/\/www.chancescook.com\/wp-content\/uploads\/2025\/08\/Stainless-Steel-Noodle-Pot-Wholesale-Korean-Ramen-Noodle-Pot.webp\" alt=\"Pote de macarr\u00e3o de a\u00e7o inoxid\u00e1vel Pote de macarr\u00e3o coreano Ramen por atacado\" class=\"wp-image-5299\" srcset=\"https:\/\/www.chancescook.com\/wp-content\/uploads\/2025\/08\/Stainless-Steel-Noodle-Pot-Wholesale-Korean-Ramen-Noodle-Pot.webp 749w, https:\/\/www.chancescook.com\/wp-content\/uploads\/2025\/08\/Stainless-Steel-Noodle-Pot-Wholesale-Korean-Ramen-Noodle-Pot-300x234.webp 300w, https:\/\/www.chancescook.com\/wp-content\/uploads\/2025\/08\/Stainless-Steel-Noodle-Pot-Wholesale-Korean-Ramen-Noodle-Pot-15x12.webp 15w, https:\/\/www.chancescook.com\/wp-content\/uploads\/2025\/08\/Stainless-Steel-Noodle-Pot-Wholesale-Korean-Ramen-Noodle-Pot-285x222.webp 285w, https:\/\/www.chancescook.com\/wp-content\/uploads\/2025\/08\/Stainless-Steel-Noodle-Pot-Wholesale-Korean-Ramen-Noodle-Pot-360x280.webp 360w, https:\/\/www.chancescook.com\/wp-content\/uploads\/2025\/08\/Stainless-Steel-Noodle-Pot-Wholesale-Korean-Ramen-Noodle-Pot-660x515.webp 660w, https:\/\/www.chancescook.com\/wp-content\/uploads\/2025\/08\/Stainless-Steel-Noodle-Pot-Wholesale-Korean-Ramen-Noodle-Pot-150x117.webp 150w\" sizes=\"(max-width: 749px) 100vw, 749px\" \/><\/figure>\n<\/div>\n\n\n\n<div class=\"wp-block-column is-layout-flow wp-block-column-is-layout-flow\" style=\"flex-basis:25%\"><\/div>\n<\/div>","protected":false},"excerpt":{"rendered":"<p>Pote de macarr\u00e3o dourado por atacado, feito de a\u00e7o inoxid\u00e1vel de alta qualidade, ecol\u00f3gico e sem revestimento, equipado com al\u00e7a de a\u00e7o inoxid\u00e1vel anti-escaldante espessa e liga\u00e7\u00e3o de rebite, proporcionando uma ader\u00eancia confort\u00e1vel e firme, evitando queimaduras de forma eficaz. Este pote de macarr\u00e3o dourado \u00e9 adequado para restaurantes chineses, hot\u00e9is e uso dom\u00e9stico. Bem-vindo a contactar-nos. O fabricante de utens\u00edlios de cozinha Chancescook fornece servi\u00e7os completos de atacado e personaliza\u00e7\u00e3o. \u00a0<\/p>\n<h2>Vantagens do pote de macarr\u00e3o de a\u00e7o inoxid\u00e1vel<\/h2>\n<p>&nbsp;<\/p>\n<ul>\n<li><strong>Material de alta qualidade:<\/strong> Fabricado em a\u00e7o inoxid\u00e1vel de alta qualidade, n\u00e3o se risca nem gasta facilmente, pode suportar uma utiliza\u00e7\u00e3o di\u00e1ria frequente, sem revestimento, resistente a altas temperaturas, seguro e saud\u00e1vel.<\/li>\n<li><strong>Boa resist\u00eancia ao calor<\/strong>: O a\u00e7o inoxid\u00e1vel tem boa condutividade t\u00e9rmica, o que permite aquecer r\u00e1pida e uniformemente os ingredientes, tornando-os mais deliciosos.<\/li>\n<li><strong>F\u00e1cil de limpar<\/strong>: O wok de a\u00e7o inoxid\u00e1vel \u00e9 muito f\u00e1cil de limpar e pode ser facilmente limpo com um pano de limpeza macio. A forte resist\u00eancia \u00e0 corros\u00e3o e \u00e0 deforma\u00e7\u00e3o dos tachos de a\u00e7o inoxid\u00e1vel mant\u00e9m-nos como novos ap\u00f3s uma utiliza\u00e7\u00e3o prolongada.<\/li>\n<li><strong>Servi\u00e7o grossista<\/strong>: Como fabricante de utens\u00edlios de cozinha em a\u00e7o inoxid\u00e1vel, a Chancescook fornece panelas de macarr\u00e3o douradas por atacado a distribuidores e retalhistas, bem como servi\u00e7os profissionais de personaliza\u00e7\u00e3o.<\/li>\n<\/ul>","protected":false},"featured_media":5791,"comment_status":"closed","ping_status":"closed","template":"","meta":{"_acf_changed":false},"product_brand":[],"product_cat":[52,62],"product_tag":[],"class_list":{"0":"post-5298","1":"product","2":"type-product","3":"status-publish","4":"has-post-thumbnail","6":"product_cat-cookware-wholesale","7":"product_cat-wholesale-soup-pot","9":"first","10":"instock","11":"shipping-taxable","12":"product-type-simple"},"acf":[],"_links":{"self":[{"href":"https:\/\/www.chancescook.com\/pt\/wp-json\/wp\/v2\/product\/5298","targetHints":{"allow":["GET"]}}],"collection":[{"href":"https:\/\/www.chancescook.com\/pt\/wp-json\/wp\/v2\/product"}],"about":[{"href":"https:\/\/www.chancescook.com\/pt\/wp-json\/wp\/v2\/types\/product"}],"replies":[{"embeddable":true,"href":"https:\/\/www.chancescook.com\/pt\/wp-json\/wp\/v2\/comments?post=5298"}],"wp:featuredmedia":[{"embeddable":true,"href":"https:\/\/www.chancescook.com\/pt\/wp-json\/wp\/v2\/media\/5791"}],"wp:attachment":[{"href":"https:\/\/www.chancescook.com\/pt\/wp-json\/wp\/v2\/media?parent=5298"}],"wp:term":[{"taxonomy":"product_brand","embeddable":true,"href":"https:\/\/www.chancescook.com\/pt\/wp-json\/wp\/v2\/product_brand?post=5298"},{"taxonomy":"product_cat","embeddable":true,"href":"https:\/\/www.chancescook.com\/pt\/wp-json\/wp\/v2\/product_cat?post=5298"},{"taxonomy":"product_tag","embeddable":true,"href":"https:\/\/www.chancescook.com\/pt\/wp-json\/wp\/v2\/product_tag?post=5298"}],"curies":[{"name":"wp","href":"https:\/\/api.w.org\/{rel}","templated":true}]}}