{"id":5359,"date":"2025-08-31T19:36:45","date_gmt":"2025-08-31T19:36:45","guid":{"rendered":"https:\/\/www.chancescook.com\/?post_type=product&#038;p=5359"},"modified":"2025-09-22T06:42:50","modified_gmt":"2025-09-22T06:42:50","slug":"bulk-pots-and-pans-12-piece","status":"publish","type":"product","link":"https:\/\/www.chancescook.com\/pt\/produto\/bulk-pots-and-pans-12-piece\/","title":{"rendered":"Conjunto de panelas e frigideiras de 12 pe\u00e7as Bulk - Compat\u00edvel com v\u00e1rios fog\u00f5es"},"content":{"rendered":"<div class=\"wp-block-columns is-layout-flex wp-container-core-columns-is-layout-9d6595d7 wp-block-columns-is-layout-flex\">\n<div class=\"wp-block-column is-layout-flow wp-block-column-is-layout-flow\">\n<h2 class=\"wp-block-heading\">Par\u00e2metros do conjunto de panelas de 12 pe\u00e7as<\/h2>\n\n\n\n<ul class=\"wp-block-list\">\n<li><strong>Material: <\/strong>SS201<\/li>\n\n\n\n<li><strong>Cor: <\/strong>Prata<\/li>\n\n\n\n<li><strong>Fundo<\/strong>: Fundo de base encapsulado (SUS+1,2mm Alu+SUS)<\/li>\n\n\n\n<li><strong>Tampa: <\/strong>Tampas de vidro<\/li>\n\n\n\n<li><strong>Tamanhos<\/strong>:51\u00d728\u00d747cm<\/li>\n\n\n\n<li><strong>Nota:<\/strong> Apoiar a inspe\u00e7\u00e3o da qualidade para encomendas de pequenos lotes<\/li>\n<\/ul>\n<\/div>\n\n\n\n<div class=\"wp-block-column is-layout-flow wp-block-column-is-layout-flow\">\n<h2 class=\"wp-block-heading\">Op\u00e7\u00f5es de utens\u00edlios de cozinha personalizados<\/h2>\n\n\n\n<ul class=\"wp-block-list\">\n<li><strong>Log\u00f3tipo:<\/strong> Personaliz\u00e1vel com o log\u00f3tipo da sua marca<\/li>\n\n\n\n<li><strong>Pega:<\/strong> Pega para se adaptar ao seu estilo<\/li>\n\n\n\n<li><strong>Embalagem:<\/strong> Caixa de cor\/caixa de cart\u00e3o, etc<\/li>\n<\/ul>\n<\/div>\n<\/div>\n\n\n\n<p><a href=\"https:\/\/www.chancescook.com\/pt\/\"><strong>Fabricante de utens\u00edlios de cozinha Chancescook<\/strong> <\/a>oferece pre\u00e7os de f\u00e1brica e servi\u00e7os de personaliza\u00e7\u00e3o OEM. Contacte-nos para obter a melhor cota\u00e7\u00e3o de um fabricante fi\u00e1vel de conjuntos de tachos e panelas a granel.<\/p>\n\n\n\n<p><\/p>","protected":false},"excerpt":{"rendered":"<p>Conjunto de panelas de 12 pe\u00e7as por grosso. Este conjunto de tachos e panelas inclui uma panela de leite, uma panela de sopa e uma panela de guisado para v\u00e1rias necessidades culin\u00e1rias, incluindo ferver, estufar e cozer a vapor. O fundo de tr\u00eas camadas assegura uma r\u00e1pida condu\u00e7\u00e3o do calor. Fabricados em a\u00e7o inoxid\u00e1vel dur\u00e1vel, podem ser lavados na m\u00e1quina de lavar loi\u00e7a e s\u00e3o adequados para uso comercial e dom\u00e9stico. Contacte-nos para obter o cat\u00e1logo de produtos e o or\u00e7amento.<\/p>\n<h3>Tachos e panelas a granel Carater\u00edsticas:<\/h3>\n<ul>\n<li><strong>Desempenho de cozedura profissional:<\/strong> A base da panela \u00e9 feita de material triplo, que distribui uniformemente o calor e evita eficazmente o sobreaquecimento, garantindo excelentes resultados de cozedura.<\/li>\n<li><strong>Conjunto vers\u00e1til:<\/strong> Este conjunto completo de utens\u00edlios de cozinha inclui uma panela de caldo, uma panela de guisado e uma panela de leite, satisfazendo v\u00e1rias necessidades culin\u00e1rias, incluindo ferver, estufar e cozer a vapor, tornando-o adequado para chefes de cozinha dom\u00e9sticos e restaurantes.<\/li>\n<li><strong>F\u00e1cil de limpar e de manter:<\/strong> A superf\u00edcie de a\u00e7o inoxid\u00e1vel sem revestimento \u00e9 resistente a riscos e a manchas e os utens\u00edlios de cozinha deste conjunto podem ser lavados na m\u00e1quina de lavar lou\u00e7a, o que os torna adequados para cozinhas comerciais que exigem uma limpeza eficiente e conveniente.<\/li>\n<li><strong>Excelente conce\u00e7\u00e3o pormenorizada:<\/strong> A tampa com encaixe de precis\u00e3o proporciona uma veda\u00e7\u00e3o segura e uma melhor reten\u00e7\u00e3o do calor. A pega com rebites proporciona maior resist\u00eancia e durabilidade para uma utiliza\u00e7\u00e3o a longo prazo.<\/li>\n<li><strong>Servi\u00e7o grossista de utens\u00edlios de cozinha:<\/strong> Como um fabricante fi\u00e1vel de utens\u00edlios de cozinha da China, oferecemos utens\u00edlios de cozinha por grosso a compradores B2B globais numa grande variedade de estilos a pre\u00e7os de f\u00e1brica. Tamb\u00e9m apoiamos servi\u00e7os OEM de marcas.<\/li>\n<\/ul>","protected":false},"featured_media":5360,"comment_status":"closed","ping_status":"closed","template":"","meta":{"_acf_changed":false},"product_brand":[],"product_cat":[53],"product_tag":[],"class_list":{"0":"post-5359","1":"product","2":"type-product","3":"status-publish","4":"has-post-thumbnail","6":"product_cat-wholesale-cookware-sets","8":"first","9":"instock","10":"shipping-taxable","11":"product-type-simple"},"acf":[],"_links":{"self":[{"href":"https:\/\/www.chancescook.com\/pt\/wp-json\/wp\/v2\/product\/5359","targetHints":{"allow":["GET"]}}],"collection":[{"href":"https:\/\/www.chancescook.com\/pt\/wp-json\/wp\/v2\/product"}],"about":[{"href":"https:\/\/www.chancescook.com\/pt\/wp-json\/wp\/v2\/types\/product"}],"replies":[{"embeddable":true,"href":"https:\/\/www.chancescook.com\/pt\/wp-json\/wp\/v2\/comments?post=5359"}],"wp:featuredmedia":[{"embeddable":true,"href":"https:\/\/www.chancescook.com\/pt\/wp-json\/wp\/v2\/media\/5360"}],"wp:attachment":[{"href":"https:\/\/www.chancescook.com\/pt\/wp-json\/wp\/v2\/media?parent=5359"}],"wp:term":[{"taxonomy":"product_brand","embeddable":true,"href":"https:\/\/www.chancescook.com\/pt\/wp-json\/wp\/v2\/product_brand?post=5359"},{"taxonomy":"product_cat","embeddable":true,"href":"https:\/\/www.chancescook.com\/pt\/wp-json\/wp\/v2\/product_cat?post=5359"},{"taxonomy":"product_tag","embeddable":true,"href":"https:\/\/www.chancescook.com\/pt\/wp-json\/wp\/v2\/product_tag?post=5359"}],"curies":[{"name":"wp","href":"https:\/\/api.w.org\/{rel}","templated":true}]}}