{"id":5414,"date":"2025-09-17T06:19:28","date_gmt":"2025-09-17T06:19:28","guid":{"rendered":"https:\/\/www.chancescook.com\/?post_type=product&#038;p=5414"},"modified":"2025-09-24T07:08:13","modified_gmt":"2025-09-24T07:08:13","slug":"12-piece-pot-and-pan-set-manufacturer","status":"publish","type":"product","link":"https:\/\/www.chancescook.com\/pt\/produto\/12-piece-pot-and-pan-set-manufacturer\/","title":{"rendered":"Conjunto de panelas e frigideiras de 12 pe\u00e7as Fabricante, Fornecedor de conjunto de panelas de a\u00e7o inoxid\u00e1vel"},"content":{"rendered":"<div class=\"wp-block-columns is-layout-flex wp-container-core-columns-is-layout-9d6595d7 wp-block-columns-is-layout-flex\">\n<div class=\"wp-block-column is-layout-flow wp-block-column-is-layout-flow\">\n<h2 class=\"wp-block-heading\">Par\u00e2metros do conjunto de panelas e frigideiras de 12 pe\u00e7as\uff1a<\/h2>\n\n\n\n<ul class=\"wp-block-list\">\n<li><strong>Material: <\/strong>SS410<\/li>\n\n\n\n<li><strong>Cor:<\/strong> Prata<\/li>\n\n\n\n<li><strong>Fundo<\/strong>: Fundo de base encapsulado (SUS+1,2mm Alu+SUS)<\/li>\n\n\n\n<li><strong>Tampa:<\/strong> Tampas de vidro<\/li>\n\n\n\n<li><strong>Tamanhos<\/strong>:54\u00d731\u00d752cm<\/li>\n\n\n\n<li><strong>Nota:<\/strong> Apoiar a inspe\u00e7\u00e3o da qualidade para encomendas de pequenos lotes<\/li>\n<\/ul>\n<\/div>\n\n\n\n<div class=\"wp-block-column is-layout-flow wp-block-column-is-layout-flow\">\n<h2 class=\"wp-block-heading\">Op\u00e7\u00f5es de conjuntos de panelas e frigideiras personalizados\uff1a<\/h2>\n\n\n\n<ul class=\"wp-block-list\">\n<li><strong>Log\u00f3tipo:<\/strong> Personaliz\u00e1vel com o log\u00f3tipo da sua marca<\/li>\n\n\n\n<li><strong>Pega<\/strong>: Pega para se adaptar ao seu estilo<\/li>\n\n\n\n<li><strong>Embalagem: <\/strong>Caixa de cor\/caixa de cart\u00e3o, etc<\/li>\n<\/ul>\n<\/div>\n<\/div>\n\n\n\n<p><em><a href=\"https:\/\/www.chancescook.com\/pt\/contact\/\" data-type=\"page\" data-id=\"2990\">O fabricante de utens\u00edlios de cozinha Chancescook oferece pre\u00e7os de f\u00e1brica e servi\u00e7os de personaliza\u00e7\u00e3o OEM. Contacte-nos para obter a melhor cota\u00e7\u00e3o de um fabricante de utens\u00edlios de cozinha fi\u00e1vel.<\/a><\/em><\/p>\n\n\n\n<div class=\"wp-block-columns is-layout-flex wp-container-core-columns-is-layout-9d6595d7 wp-block-columns-is-layout-flex\">\n<div class=\"wp-block-column is-layout-flow wp-block-column-is-layout-flow\">\n<figure class=\"wp-block-image size-full\"><img decoding=\"async\" width=\"4608\" height=\"3456\" src=\"https:\/\/www.chancescook.com\/wp-content\/uploads\/2025\/07\/wholesale-cookware-manufacturer-chances-0-edited.webp\" alt=\"Fabricante de utens\u00edlios de cozinha na China - Chancescook\" class=\"wp-image-5085\" srcset=\"https:\/\/www.chancescook.com\/wp-content\/uploads\/2025\/07\/wholesale-cookware-manufacturer-chances-0-edited.webp 4608w, https:\/\/www.chancescook.com\/wp-content\/uploads\/2025\/07\/wholesale-cookware-manufacturer-chances-0-edited-300x225.webp 300w, https:\/\/www.chancescook.com\/wp-content\/uploads\/2025\/07\/wholesale-cookware-manufacturer-chances-0-edited-768x576.webp 768w, https:\/\/www.chancescook.com\/wp-content\/uploads\/2025\/07\/wholesale-cookware-manufacturer-chances-0-edited-16x12.webp 16w, https:\/\/www.chancescook.com\/wp-content\/uploads\/2025\/07\/wholesale-cookware-manufacturer-chances-0-edited-285x214.webp 285w, https:\/\/www.chancescook.com\/wp-content\/uploads\/2025\/07\/wholesale-cookware-manufacturer-chances-0-edited-1600x1200.webp 1600w, https:\/\/www.chancescook.com\/wp-content\/uploads\/2025\/07\/wholesale-cookware-manufacturer-chances-0-edited-800x600.webp 800w, https:\/\/www.chancescook.com\/wp-content\/uploads\/2025\/07\/wholesale-cookware-manufacturer-chances-0-edited-660x495.webp 660w, https:\/\/www.chancescook.com\/wp-content\/uploads\/2025\/07\/wholesale-cookware-manufacturer-chances-0-edited-150x113.webp 150w\" sizes=\"(max-width: 4608px) 100vw, 4608px\" \/><\/figure>\n<\/div>\n\n\n\n<div class=\"wp-block-column is-layout-flow wp-block-column-is-layout-flow\">\n<figure class=\"wp-block-image size-full\"><img decoding=\"async\" width=\"2755\" height=\"2066\" src=\"https:\/\/www.chancescook.com\/wp-content\/uploads\/2025\/07\/wholesale-cookware-manufacturer-kitchenware-manufacturer-chances-1_\u526f\u672c-edited.webp\" alt=\"Os materiais de cozinha mais comuns - Chancescook\" class=\"wp-image-5084\" srcset=\"https:\/\/www.chancescook.com\/wp-content\/uploads\/2025\/07\/wholesale-cookware-manufacturer-kitchenware-manufacturer-chances-1_\u526f\u672c-edited.webp 2755w, https:\/\/www.chancescook.com\/wp-content\/uploads\/2025\/07\/wholesale-cookware-manufacturer-kitchenware-manufacturer-chances-1_\u526f\u672c-edited-300x225.webp 300w, https:\/\/www.chancescook.com\/wp-content\/uploads\/2025\/07\/wholesale-cookware-manufacturer-kitchenware-manufacturer-chances-1_\u526f\u672c-edited-768x576.webp 768w, https:\/\/www.chancescook.com\/wp-content\/uploads\/2025\/07\/wholesale-cookware-manufacturer-kitchenware-manufacturer-chances-1_\u526f\u672c-edited-16x12.webp 16w, https:\/\/www.chancescook.com\/wp-content\/uploads\/2025\/07\/wholesale-cookware-manufacturer-kitchenware-manufacturer-chances-1_\u526f\u672c-edited-285x214.webp 285w, https:\/\/www.chancescook.com\/wp-content\/uploads\/2025\/07\/wholesale-cookware-manufacturer-kitchenware-manufacturer-chances-1_\u526f\u672c-edited-1600x1200.webp 1600w, https:\/\/www.chancescook.com\/wp-content\/uploads\/2025\/07\/wholesale-cookware-manufacturer-kitchenware-manufacturer-chances-1_\u526f\u672c-edited-800x600.webp 800w, https:\/\/www.chancescook.com\/wp-content\/uploads\/2025\/07\/wholesale-cookware-manufacturer-kitchenware-manufacturer-chances-1_\u526f\u672c-edited-660x495.webp 660w, https:\/\/www.chancescook.com\/wp-content\/uploads\/2025\/07\/wholesale-cookware-manufacturer-kitchenware-manufacturer-chances-1_\u526f\u672c-edited-150x112.webp 150w\" sizes=\"(max-width: 2755px) 100vw, 2755px\" \/><\/figure>\n<\/div>\n<\/div>","protected":false},"excerpt":{"rendered":"<p>Como fabricante grossista de conjuntos de panelas e frigideiras de 12 pe\u00e7as, oferecemos utens\u00edlios de cozinha em a\u00e7o inoxid\u00e1vel duradouros, incluindo uma panela de leite, uma panela de sopa e uma panela de guisado com um fundo de 3 camadas para um aquecimento r\u00e1pido. Pode ser lavado na m\u00e1quina de lavar loi\u00e7a, ideal para cozinhas dom\u00e9sticas e comerciais. Contacte-nos para obter o cat\u00e1logo e o or\u00e7amento.<\/p>\n<h3>Conjunto de panelas e frigideiras de 12 pe\u00e7as por atacado Carater\u00edsticas:<\/h3>\n<ul>\n<li>\n<p><strong>Desempenho de cozedura profissional:<\/strong> A base tripla das panelas do conjunto de panelas e frigideiras de 12 pe\u00e7as para venda por grosso proporciona uma distribui\u00e7\u00e3o de calor r\u00e1pida e uniforme, evitando eficazmente o sobreaquecimento e oferecendo um desempenho de cozedura consistente.<\/p>\n<p>&nbsp;<\/p>\n<\/li>\n<li>\n<p><strong>Conjunto multifun\u00e7\u00f5es:<\/strong> O conjunto completo de utens\u00edlios de cozinha inclui uma panela, uma panela para guisado e uma panela para leite, oferecendo uma cobertura abrangente de uma s\u00e9rie de tarefas culin\u00e1rias, como ferver, estufar e cozer a vapor. Isto torna-o ideal para utiliza\u00e7\u00e3o tanto em cozinhas dom\u00e9sticas como em restaurantes.<\/p>\n<p>&nbsp;<\/p>\n<\/li>\n<li>\n<p><strong>F\u00e1cil de limpar e de manter:<\/strong> Constru\u00eddo com uma superf\u00edcie de a\u00e7o inoxid\u00e1vel n\u00e3o revestida que resiste a riscos e manchas, o conjunto de utens\u00edlios de cozinha pode ser lavado na m\u00e1quina de lavar loi\u00e7a, satisfazendo as exig\u00eancias de conveni\u00eancia e efici\u00eancia das cozinhas de restaurantes movimentados.<\/p>\n<p>&nbsp;<\/p>\n<\/li>\n<li>\n<p><strong>Excelente conce\u00e7\u00e3o pormenorizada:<\/strong> Cada tampa \u00e9 ajustada com precis\u00e3o para manter o calor e o sabor, e as pegas com rebites proporcionam resist\u00eancia e durabilidade adicionais para uma utiliza\u00e7\u00e3o di\u00e1ria prolongada.<\/p>\n<p>&nbsp;<\/p>\n<\/li>\n<li>\n<p><strong>Desempenho com efici\u00eancia energ\u00e9tica:<\/strong> A base condutora de tr\u00eas camadas proporciona a melhor reten\u00e7\u00e3o de calor e reduz a perda de energia, o tempo de cozedura e aumenta a efici\u00eancia geral em cozinhas dom\u00e9sticas e comerciais.<\/p>\n<p>&nbsp;<\/p>\n<\/li>\n<li>\n<p><strong>Servi\u00e7o grossista de utens\u00edlios de cozinha<\/strong>: Como uma s\u00f3lida f\u00e1brica chinesa de utens\u00edlios de cozinha, fornecemos conjuntos de panelas e frigideiras de 12 pe\u00e7as por atacado para compradores B2B globais a pre\u00e7os de f\u00e1brica, com suporte total de marca pr\u00f3pria e servi\u00e7os de personaliza\u00e7\u00e3o OEM.<\/p>\n<\/li>\n<\/ul>","protected":false},"featured_media":5418,"comment_status":"closed","ping_status":"closed","template":"","meta":{"_acf_changed":false},"product_brand":[],"product_cat":[53],"product_tag":[],"class_list":{"0":"post-5414","1":"product","2":"type-product","3":"status-publish","4":"has-post-thumbnail","6":"product_cat-wholesale-cookware-sets","8":"first","9":"instock","10":"shipping-taxable","11":"product-type-simple"},"acf":[],"_links":{"self":[{"href":"https:\/\/www.chancescook.com\/pt\/wp-json\/wp\/v2\/product\/5414","targetHints":{"allow":["GET"]}}],"collection":[{"href":"https:\/\/www.chancescook.com\/pt\/wp-json\/wp\/v2\/product"}],"about":[{"href":"https:\/\/www.chancescook.com\/pt\/wp-json\/wp\/v2\/types\/product"}],"replies":[{"embeddable":true,"href":"https:\/\/www.chancescook.com\/pt\/wp-json\/wp\/v2\/comments?post=5414"}],"wp:featuredmedia":[{"embeddable":true,"href":"https:\/\/www.chancescook.com\/pt\/wp-json\/wp\/v2\/media\/5418"}],"wp:attachment":[{"href":"https:\/\/www.chancescook.com\/pt\/wp-json\/wp\/v2\/media?parent=5414"}],"wp:term":[{"taxonomy":"product_brand","embeddable":true,"href":"https:\/\/www.chancescook.com\/pt\/wp-json\/wp\/v2\/product_brand?post=5414"},{"taxonomy":"product_cat","embeddable":true,"href":"https:\/\/www.chancescook.com\/pt\/wp-json\/wp\/v2\/product_cat?post=5414"},{"taxonomy":"product_tag","embeddable":true,"href":"https:\/\/www.chancescook.com\/pt\/wp-json\/wp\/v2\/product_tag?post=5414"}],"curies":[{"name":"wp","href":"https:\/\/api.w.org\/{rel}","templated":true}]}}