{"id":5420,"date":"2025-09-17T06:43:54","date_gmt":"2025-09-17T06:43:54","guid":{"rendered":"https:\/\/www.chancescook.com\/?post_type=product&#038;p=5420"},"modified":"2025-09-24T07:08:22","modified_gmt":"2025-09-24T07:08:22","slug":"stainless-steel-cooking-pot-set-factory","status":"publish","type":"product","link":"https:\/\/www.chancescook.com\/pt\/produto\/stainless-steel-cooking-pot-set-factory\/","title":{"rendered":"Melhor conjunto de panelas de a\u00e7o inoxid\u00e1vel, fabricante de conjunto de panelas asi\u00e1ticas"},"content":{"rendered":"<div class=\"wp-block-columns is-layout-flex wp-container-core-columns-is-layout-9d6595d7 wp-block-columns-is-layout-flex\">\n<div class=\"wp-block-column is-layout-flow wp-block-column-is-layout-flow\">\n<h2 class=\"wp-block-heading\">Conjunto de panelas de a\u00e7o inoxid\u00e1vel de 12 pe\u00e7as Par\u00e2metros\uff1a<\/h2>\n\n\n\n<ul class=\"wp-block-list\">\n<li><strong>Material: <\/strong>SS410<\/li>\n\n\n\n<li><strong>Cor:<\/strong> Prata<\/li>\n\n\n\n<li><strong>Fundo<\/strong>: Fundo de base encapsulado (SUS+1,2mm Alu+SUS)<\/li>\n\n\n\n<li><strong>Tampa:<\/strong> Tampas de vidro<\/li>\n\n\n\n<li><strong>Tamanhos<\/strong>:54\u00d731\u00d752cm<\/li>\n\n\n\n<li><strong>Nota:<\/strong> Apoiar a inspe\u00e7\u00e3o da qualidade para encomendas de pequenos lotes<\/li>\n<\/ul>\n<\/div>\n\n\n\n<div class=\"wp-block-column is-layout-flow wp-block-column-is-layout-flow\">\n<h2 class=\"wp-block-heading\">Op\u00e7\u00f5es do conjunto de panelas de a\u00e7o inoxid\u00e1vel personalizadas\uff1a<\/h2>\n\n\n\n<ul class=\"wp-block-list\">\n<li><strong>Log\u00f3tipo:<\/strong> Personaliz\u00e1vel com o log\u00f3tipo da sua marca<\/li>\n\n\n\n<li><strong>Pega<\/strong>: Pega para se adaptar ao seu estilo<\/li>\n\n\n\n<li><strong>Embalagem: <\/strong>Caixa de cor\/caixa de cart\u00e3o, etc<\/li>\n<\/ul>\n<\/div>\n<\/div>\n\n\n\n<p><em><a href=\"https:\/\/www.chancescook.com\/pt\/contact\/\" data-type=\"page\" data-id=\"2990\">O fabricante de utens\u00edlios de cozinha Chancescook oferece pre\u00e7os de f\u00e1brica e servi\u00e7os de personaliza\u00e7\u00e3o OEM. Contacte-nos para obter a melhor cota\u00e7\u00e3o de um fabricante de utens\u00edlios de cozinha fi\u00e1vel.<\/a><\/em><\/p>\n\n\n\n<div class=\"wp-block-columns is-layout-flex wp-container-core-columns-is-layout-9d6595d7 wp-block-columns-is-layout-flex\">\n<div class=\"wp-block-column is-layout-flow wp-block-column-is-layout-flow\">\n<figure class=\"wp-block-image size-full\"><img decoding=\"async\" width=\"1000\" height=\"1000\" src=\"https:\/\/www.chancescook.com\/wp-content\/uploads\/2025\/09\/12-Piece-Pot-and-Pan-Set-Manufacturer-Chancescook.webp\" alt=\"Conjunto de panelas e frigideiras de 12 pe\u00e7as Fabricante - Chancescook\" class=\"wp-image-5418\" srcset=\"https:\/\/www.chancescook.com\/wp-content\/uploads\/2025\/09\/12-Piece-Pot-and-Pan-Set-Manufacturer-Chancescook.webp 1000w, https:\/\/www.chancescook.com\/wp-content\/uploads\/2025\/09\/12-Piece-Pot-and-Pan-Set-Manufacturer-Chancescook-300x300.webp 300w, https:\/\/www.chancescook.com\/wp-content\/uploads\/2025\/09\/12-Piece-Pot-and-Pan-Set-Manufacturer-Chancescook-150x150.webp 150w, https:\/\/www.chancescook.com\/wp-content\/uploads\/2025\/09\/12-Piece-Pot-and-Pan-Set-Manufacturer-Chancescook-768x768.webp 768w, https:\/\/www.chancescook.com\/wp-content\/uploads\/2025\/09\/12-Piece-Pot-and-Pan-Set-Manufacturer-Chancescook-12x12.webp 12w, https:\/\/www.chancescook.com\/wp-content\/uploads\/2025\/09\/12-Piece-Pot-and-Pan-Set-Manufacturer-Chancescook-285x285.webp 285w, https:\/\/www.chancescook.com\/wp-content\/uploads\/2025\/09\/12-Piece-Pot-and-Pan-Set-Manufacturer-Chancescook-270x270.webp 270w, https:\/\/www.chancescook.com\/wp-content\/uploads\/2025\/09\/12-Piece-Pot-and-Pan-Set-Manufacturer-Chancescook-540x540.webp 540w, https:\/\/www.chancescook.com\/wp-content\/uploads\/2025\/09\/12-Piece-Pot-and-Pan-Set-Manufacturer-Chancescook-660x660.webp 660w\" sizes=\"(max-width: 1000px) 100vw, 1000px\" \/><\/figure>\n<\/div>\n\n\n\n<div class=\"wp-block-column is-layout-flow wp-block-column-is-layout-flow\">\n<figure class=\"wp-block-image size-full\"><img decoding=\"async\" width=\"1000\" height=\"1000\" src=\"https:\/\/www.chancescook.com\/wp-content\/uploads\/2025\/08\/Bulk-Pots-and-Pans-12-Piece-Cookware-Set.webp\" alt=\"Conjunto de panelas e frigideiras de 12 pe\u00e7as\" class=\"wp-image-5360\" srcset=\"https:\/\/www.chancescook.com\/wp-content\/uploads\/2025\/08\/Bulk-Pots-and-Pans-12-Piece-Cookware-Set\u200b.webp 1000w, https:\/\/www.chancescook.com\/wp-content\/uploads\/2025\/08\/Bulk-Pots-and-Pans-12-Piece-Cookware-Set\u200b-300x300.webp 300w, https:\/\/www.chancescook.com\/wp-content\/uploads\/2025\/08\/Bulk-Pots-and-Pans-12-Piece-Cookware-Set\u200b-150x150.webp 150w, https:\/\/www.chancescook.com\/wp-content\/uploads\/2025\/08\/Bulk-Pots-and-Pans-12-Piece-Cookware-Set\u200b-768x768.webp 768w, https:\/\/www.chancescook.com\/wp-content\/uploads\/2025\/08\/Bulk-Pots-and-Pans-12-Piece-Cookware-Set\u200b-12x12.webp 12w, https:\/\/www.chancescook.com\/wp-content\/uploads\/2025\/08\/Bulk-Pots-and-Pans-12-Piece-Cookware-Set\u200b-285x285.webp 285w, https:\/\/www.chancescook.com\/wp-content\/uploads\/2025\/08\/Bulk-Pots-and-Pans-12-Piece-Cookware-Set\u200b-270x270.webp 270w, https:\/\/www.chancescook.com\/wp-content\/uploads\/2025\/08\/Bulk-Pots-and-Pans-12-Piece-Cookware-Set\u200b-540x540.webp 540w, https:\/\/www.chancescook.com\/wp-content\/uploads\/2025\/08\/Bulk-Pots-and-Pans-12-Piece-Cookware-Set\u200b-660x660.webp 660w\" sizes=\"(max-width: 1000px) 100vw, 1000px\" \/><\/figure>\n<\/div>\n\n\n\n<div class=\"wp-block-column is-layout-flow wp-block-column-is-layout-flow\">\n<figure class=\"wp-block-image size-full\"><img decoding=\"async\" width=\"3000\" height=\"3000\" src=\"https:\/\/www.chancescook.com\/wp-content\/uploads\/2025\/08\/OEM-12-Piece-Stainless-Steel-Cookware-Set-Wholesale.webp\" alt=\"Conjunto de panelas de a\u00e7o inoxid\u00e1vel de 12 pe\u00e7as OEM por atacado\" class=\"wp-image-5290\" srcset=\"https:\/\/www.chancescook.com\/wp-content\/uploads\/2025\/08\/OEM-12-Piece-Stainless-Steel-Cookware-Set-Wholesale.webp 3000w, https:\/\/www.chancescook.com\/wp-content\/uploads\/2025\/08\/OEM-12-Piece-Stainless-Steel-Cookware-Set-Wholesale-300x300.webp 300w, https:\/\/www.chancescook.com\/wp-content\/uploads\/2025\/08\/OEM-12-Piece-Stainless-Steel-Cookware-Set-Wholesale-150x150.webp 150w, https:\/\/www.chancescook.com\/wp-content\/uploads\/2025\/08\/OEM-12-Piece-Stainless-Steel-Cookware-Set-Wholesale-768x768.webp 768w, https:\/\/www.chancescook.com\/wp-content\/uploads\/2025\/08\/OEM-12-Piece-Stainless-Steel-Cookware-Set-Wholesale-12x12.webp 12w, https:\/\/www.chancescook.com\/wp-content\/uploads\/2025\/08\/OEM-12-Piece-Stainless-Steel-Cookware-Set-Wholesale-285x285.webp 285w, https:\/\/www.chancescook.com\/wp-content\/uploads\/2025\/08\/OEM-12-Piece-Stainless-Steel-Cookware-Set-Wholesale-1600x1600.webp 1600w, https:\/\/www.chancescook.com\/wp-content\/uploads\/2025\/08\/OEM-12-Piece-Stainless-Steel-Cookware-Set-Wholesale-270x270.webp 270w, https:\/\/www.chancescook.com\/wp-content\/uploads\/2025\/08\/OEM-12-Piece-Stainless-Steel-Cookware-Set-Wholesale-540x540.webp 540w, https:\/\/www.chancescook.com\/wp-content\/uploads\/2025\/08\/OEM-12-Piece-Stainless-Steel-Cookware-Set-Wholesale-660x660.webp 660w\" sizes=\"(max-width: 3000px) 100vw, 3000px\" \/><\/figure>\n<\/div>\n<\/div>\n\n\n\n<p><\/p>","protected":false},"excerpt":{"rendered":"<p>Como um fabricante de utens\u00edlios de cozinha asi\u00e1tico de confian\u00e7a, fornecemos um conjunto de panelas de a\u00e7o inoxid\u00e1vel por atacado em 12 pe\u00e7as, com panelas, panela de leite, panela de guisado e utens\u00edlios. Dur\u00e1vel, lav\u00e1vel na m\u00e1quina de lavar lou\u00e7a, com base tripla para aquecimento r\u00e1pido, ideal para uso dom\u00e9stico e comercial.<\/p>\n<h3>Conjunto de panelas de a\u00e7o inoxid\u00e1vel Carater\u00edsticas:<\/h3>\n<ul>\n<li><strong>Excelente Material:<\/strong> Constru\u00eddo a partir de a\u00e7o inoxid\u00e1vel soberbo, este conjunto de panelas de a\u00e7o inoxid\u00e1vel a granel oferece durabilidade, resist\u00eancia \u00e0 corros\u00e3o e um acabamento polido fino ideal para aplica\u00e7\u00f5es em restaurantes e em casa.<\/li>\n<li><strong>Conjunto completo de 12 pe\u00e7as<\/strong>: As panelas, a panela de leite, a panela de guisado, a frigideira e os utens\u00edlios de cozinha simples s\u00e3o todos fornecidos para acomodar diferentes processos de cozedura, tais como ferver, guisar, fritar e cozer a vapor.<\/li>\n<li><strong>Transfer\u00eancia de calor eficiente:<\/strong> Fundo com tr\u00eas camadas para um aquecimento instant\u00e2neo e uniforme, menor consumo de energia e preven\u00e7\u00e3o de pontos quentes para resultados de cozedura \u00f3ptimos.<\/li>\n<li><strong>Design c\u00f3modo<\/strong>: A pega rebitada proporciona uma ader\u00eancia segura, enquanto as tampas de vidro ajustadas com precis\u00e3o ret\u00eam o calor e os sabores. Pode ser lavada na m\u00e1quina de lavar loi\u00e7a para uma limpeza e manuten\u00e7\u00e3o f\u00e1ceis.<\/li>\n<li><strong>Flexibilidade na utiliza\u00e7\u00e3o<\/strong>: Adequado para restaurantes, catering e cozinhas dom\u00e9sticas, satisfazendo as exig\u00eancias dos consumidores internacionais de utens\u00edlios de cozinha fi\u00e1veis.<\/li>\n<li><strong>Fabrico de confian\u00e7a<\/strong>: Como fabricante experiente de conjuntos de utens\u00edlios de cozinha asi\u00e1ticos, fornecemos personaliza\u00e7\u00e3o OEM\/ODM e fornecimento por atacado com um pre\u00e7o direto da f\u00e1brica.<\/li>\n<\/ul>","protected":false},"featured_media":5423,"comment_status":"closed","ping_status":"closed","template":"","meta":{"_acf_changed":false},"product_brand":[],"product_cat":[53],"product_tag":[],"class_list":{"0":"post-5420","1":"product","2":"type-product","3":"status-publish","4":"has-post-thumbnail","6":"product_cat-wholesale-cookware-sets","8":"first","9":"instock","10":"shipping-taxable","11":"product-type-simple"},"acf":[],"_links":{"self":[{"href":"https:\/\/www.chancescook.com\/pt\/wp-json\/wp\/v2\/product\/5420","targetHints":{"allow":["GET"]}}],"collection":[{"href":"https:\/\/www.chancescook.com\/pt\/wp-json\/wp\/v2\/product"}],"about":[{"href":"https:\/\/www.chancescook.com\/pt\/wp-json\/wp\/v2\/types\/product"}],"replies":[{"embeddable":true,"href":"https:\/\/www.chancescook.com\/pt\/wp-json\/wp\/v2\/comments?post=5420"}],"wp:featuredmedia":[{"embeddable":true,"href":"https:\/\/www.chancescook.com\/pt\/wp-json\/wp\/v2\/media\/5423"}],"wp:attachment":[{"href":"https:\/\/www.chancescook.com\/pt\/wp-json\/wp\/v2\/media?parent=5420"}],"wp:term":[{"taxonomy":"product_brand","embeddable":true,"href":"https:\/\/www.chancescook.com\/pt\/wp-json\/wp\/v2\/product_brand?post=5420"},{"taxonomy":"product_cat","embeddable":true,"href":"https:\/\/www.chancescook.com\/pt\/wp-json\/wp\/v2\/product_cat?post=5420"},{"taxonomy":"product_tag","embeddable":true,"href":"https:\/\/www.chancescook.com\/pt\/wp-json\/wp\/v2\/product_tag?post=5420"}],"curies":[{"name":"wp","href":"https:\/\/api.w.org\/{rel}","templated":true}]}}