{"id":5438,"date":"2025-09-26T09:36:29","date_gmt":"2025-09-26T09:36:29","guid":{"rendered":"https:\/\/www.chancescook.com\/?post_type=product&#038;p=5438"},"modified":"2025-09-26T10:01:42","modified_gmt":"2025-09-26T10:01:42","slug":"8-piece-cookware-set-manufacturer","status":"publish","type":"product","link":"https:\/\/www.chancescook.com\/pt\/produto\/8-piece-cookware-set-manufacturer\/","title":{"rendered":"Conjunto de panelas de 8 pe\u00e7as Chances Fabricante, Fornecedor de conjunto de panelas de a\u00e7o inoxid\u00e1vel"},"content":{"rendered":"<div class=\"wp-block-columns is-layout-flex wp-container-core-columns-is-layout-9d6595d7 wp-block-columns-is-layout-flex\">\n<div class=\"wp-block-column is-layout-flow wp-block-column-is-layout-flow\">\n<h2 class=\"wp-block-heading\">Par\u00e2metros do conjunto de panelas de 8 pe\u00e7as\uff1a<\/h2>\n\n\n\n<ul class=\"wp-block-list\">\n<li><strong>Material: <\/strong>SS201<\/li>\n\n\n\n<li><strong>Cor:<\/strong> Prata<\/li>\n\n\n\n<li><strong>Fundo<\/strong>: Fundo de base encapsulado (SUS+1,2mm Alu+SUS)<\/li>\n\n\n\n<li><strong>Tampa:<\/strong> Tampas de vidro<\/li>\n\n\n\n<li><strong>Tamanhos<\/strong>:56\u00d735\u00d753cm<\/li>\n\n\n\n<li><strong>Nota:<\/strong> Apoiar a inspe\u00e7\u00e3o da qualidade para encomendas de pequenos lotes<\/li>\n<\/ul>\n<\/div>\n\n\n\n<div class=\"wp-block-column is-layout-flow wp-block-column-is-layout-flow\">\n<h2 class=\"wp-block-heading\">Conjunto de panelas de 8 pe\u00e7as personalizado Op\u00e7\u00f5es\uff1a<\/h2>\n\n\n\n<ul class=\"wp-block-list\">\n<li><strong>Log\u00f3tipo:<\/strong> Personaliz\u00e1vel com o log\u00f3tipo da sua marca<\/li>\n\n\n\n<li><strong>Pega<\/strong>: Pega para se adaptar ao seu estilo<\/li>\n\n\n\n<li><strong>Embalagem: <\/strong>Caixa de cor\/caixa de cart\u00e3o, etc<\/li>\n<\/ul>\n<\/div>\n<\/div>\n\n\n\n<p><em><a href=\"https:\/\/www.chancescook.com\/pt\/contact\/\" data-type=\"page\" data-id=\"2990\">O fabricante de utens\u00edlios de cozinha Chancescook oferece pre\u00e7os de f\u00e1brica e servi\u00e7os de personaliza\u00e7\u00e3o OEM. Contacte-nos para obter a melhor cota\u00e7\u00e3o de um fabricante de utens\u00edlios de cozinha fi\u00e1vel.<\/a><\/em><\/p>\n\n\n\n<div class=\"wp-block-columns is-layout-flex wp-container-core-columns-is-layout-9d6595d7 wp-block-columns-is-layout-flex\">\n<div class=\"wp-block-column is-layout-flow wp-block-column-is-layout-flow\"><\/div>\n<\/div>\n\n\n\n<p><\/p>","protected":false},"excerpt":{"rendered":"<p>Este conjunto de panelas de a\u00e7o inoxid\u00e1vel de oito pe\u00e7as dur\u00e1vel de uma empresa bem estabelecida de conjuntos de panelas de 8 pe\u00e7as \u00e9 perfeito para cozinhas residenciais ou comerciais. Tem um acabamento electropolido que cria um aspeto profissional e met\u00e1lico que \u00e9 f\u00e1cil de limpar e pode ser lavado na m\u00e1quina de lavar lou\u00e7a.<\/p>\n<p>Apoiamos a personaliza\u00e7\u00e3o da marca e oferecemos grandes quantidades. Os comerciantes globais, grossistas e marcas de utens\u00edlios de cozinha s\u00e3o bem-vindos a contactar-nos.<\/p>\n<h3>Carater\u00edsticas e benef\u00edcios do conjunto de panelas de 8 pe\u00e7as\uff1a<\/h3>\n<ul>\n<li><strong>Durabilidade:<\/strong> Como fabricante profissional de conjuntos de panelas de 8 pe\u00e7as, desenvolvemos panelas de a\u00e7o inoxid\u00e1vel com resist\u00eancia \u00e0 corros\u00e3o e durabilidade duradouras. Ao contr\u00e1rio do alum\u00ednio ou de outros metais, os nossos utens\u00edlios de cozinha n\u00e3o se amolgam, n\u00e3o se deformam nem ficam rachados devido ao calor elevado ou \u00e0 aplica\u00e7\u00e3o pesada, garantindo uma vida longa.<\/li>\n<li><strong>Superf\u00edcie n\u00e3o reactiva:<\/strong> As nossas panelas de a\u00e7o inoxid\u00e1vel n\u00e3o reagem com ingredientes \u00e1cidos ou alcalinos, preservando o sabor natural dos alimentos sem qualquer sabor met\u00e1lico.<\/li>\n<li><strong>Solu\u00e7\u00e3o completa para cozinhar:<\/strong> Este conjunto de panelas de a\u00e7o inoxid\u00e1vel para venda por grosso inclui panelas de caldo e panelas de sopa de diferentes tamanhos, proporcionando uma solu\u00e7\u00e3o universal para muitos tipos diferentes de necessidades culin\u00e1rias.<\/li>\n<li><strong>F\u00e1cil de limpar:<\/strong> O conjunto de panelas de 8 pe\u00e7as \u00e9 f\u00e1cil de limpar na m\u00e1quina de lavar lou\u00e7a. As n\u00f3doas mais dif\u00edceis s\u00e3o f\u00e1ceis de remover, mergulhando-as ou esfregando-as ligeiramente, e a sua utiliza\u00e7\u00e3o nunca ir\u00e1 diminuir o seu aspeto brilhante e profissional.<\/li>\n<li><strong>Tecnologia avan\u00e7ada e produ\u00e7\u00e3o:<\/strong> Como um fabricante l\u00edder de conjunto de panelas de 8 pe\u00e7as, aplicamos linhas de produ\u00e7\u00e3o eficientes e tecnologia de polimento avan\u00e7ada para produzir nossos utens\u00edlios de cozinha em sua forma mais bonita e utiliz\u00e1vel. Somos capazes de oferecer quantidades de encomendas a granel de conjuntos de panelas de a\u00e7o inoxid\u00e1vel por atacado.<\/li>\n<\/ul>","protected":false},"featured_media":5439,"comment_status":"closed","ping_status":"closed","template":"","meta":{"_acf_changed":false},"product_brand":[],"product_cat":[53],"product_tag":[],"class_list":{"0":"post-5438","1":"product","2":"type-product","3":"status-publish","4":"has-post-thumbnail","6":"product_cat-wholesale-cookware-sets","8":"first","9":"instock","10":"shipping-taxable","11":"product-type-simple"},"acf":[],"_links":{"self":[{"href":"https:\/\/www.chancescook.com\/pt\/wp-json\/wp\/v2\/product\/5438","targetHints":{"allow":["GET"]}}],"collection":[{"href":"https:\/\/www.chancescook.com\/pt\/wp-json\/wp\/v2\/product"}],"about":[{"href":"https:\/\/www.chancescook.com\/pt\/wp-json\/wp\/v2\/types\/product"}],"replies":[{"embeddable":true,"href":"https:\/\/www.chancescook.com\/pt\/wp-json\/wp\/v2\/comments?post=5438"}],"wp:featuredmedia":[{"embeddable":true,"href":"https:\/\/www.chancescook.com\/pt\/wp-json\/wp\/v2\/media\/5439"}],"wp:attachment":[{"href":"https:\/\/www.chancescook.com\/pt\/wp-json\/wp\/v2\/media?parent=5438"}],"wp:term":[{"taxonomy":"product_brand","embeddable":true,"href":"https:\/\/www.chancescook.com\/pt\/wp-json\/wp\/v2\/product_brand?post=5438"},{"taxonomy":"product_cat","embeddable":true,"href":"https:\/\/www.chancescook.com\/pt\/wp-json\/wp\/v2\/product_cat?post=5438"},{"taxonomy":"product_tag","embeddable":true,"href":"https:\/\/www.chancescook.com\/pt\/wp-json\/wp\/v2\/product_tag?post=5438"}],"curies":[{"name":"wp","href":"https:\/\/api.w.org\/{rel}","templated":true}]}}