{"id":5440,"date":"2025-09-26T10:05:35","date_gmt":"2025-09-26T10:05:35","guid":{"rendered":"https:\/\/www.chancescook.com\/?post_type=product&#038;p=5440"},"modified":"2025-09-26T11:16:19","modified_gmt":"2025-09-26T11:16:19","slug":"restaurant-supply-pots-and-pans-7-pcs","status":"publish","type":"product","link":"https:\/\/www.chancescook.com\/pt\/produto\/restaurant-supply-pots-and-pans-7-pcs\/","title":{"rendered":"Conjunto de panelas e frigideiras de 7 pe\u00e7as para restaurante Fabricante"},"content":{"rendered":"<div class=\"wp-block-columns is-layout-flex wp-container-core-columns-is-layout-9d6595d7 wp-block-columns-is-layout-flex\">\n<div class=\"wp-block-column is-layout-flow wp-block-column-is-layout-flow\">\n<h2 class=\"wp-block-heading\">Tachos e panelas de 7 pe\u00e7as para restaurantes Par\u00e2metros\uff1a<\/h2>\n\n\n\n<ul class=\"wp-block-list\">\n<li><strong>Material: <\/strong>SS410<\/li>\n\n\n\n<li><strong>Cor:<\/strong> Prata<\/li>\n\n\n\n<li><strong>Fundo<\/strong>: Fundo de base encapsulado (SUS+1,2mm Alu+SUS)<\/li>\n\n\n\n<li><strong>Tampa:<\/strong> Tampas de vidro<\/li>\n\n\n\n<li><strong>Tamanhos<\/strong>:559\u00d749\u00d740cm<\/li>\n\n\n\n<li><strong>Nota:<\/strong> Apoiar a inspe\u00e7\u00e3o da qualidade para encomendas de pequenos lotes<\/li>\n<\/ul>\n<\/div>\n\n\n\n<div class=\"wp-block-column is-layout-flow wp-block-column-is-layout-flow\">\n<h2 class=\"wp-block-heading\">Op\u00e7\u00f5es de panelas e frigideiras personalizadas\uff1a<\/h2>\n\n\n\n<ul class=\"wp-block-list\">\n<li><strong>Log\u00f3tipo:<\/strong> Personaliz\u00e1vel com o log\u00f3tipo da sua marca<\/li>\n\n\n\n<li><strong>Pega<\/strong>: Pega para se adaptar ao seu estilo<\/li>\n\n\n\n<li><strong>Embalagem: <\/strong>Caixa de cor\/caixa de cart\u00e3o, etc<\/li>\n<\/ul>\n<\/div>\n<\/div>\n\n\n\n<p><em><a href=\"https:\/\/www.chancescook.com\/pt\/contact\/\" data-type=\"page\" data-id=\"2990\">O fabricante de utens\u00edlios de cozinha Chancescook oferece pre\u00e7os de f\u00e1brica e servi\u00e7os de personaliza\u00e7\u00e3o OEM. Contacte-nos para obter a melhor cota\u00e7\u00e3o de um fabricante de utens\u00edlios de cozinha fi\u00e1vel.<\/a><\/em><\/p>\n\n\n\n<div class=\"wp-block-columns is-layout-flex wp-container-core-columns-is-layout-9d6595d7 wp-block-columns-is-layout-flex\">\n<div class=\"wp-block-column is-layout-flow wp-block-column-is-layout-flow\">\n<figure class=\"wp-block-image size-full\"><img decoding=\"async\" width=\"4608\" height=\"3456\" src=\"https:\/\/www.chancescook.com\/wp-content\/uploads\/2025\/07\/wholesale-cookware-manufacturer-chances-0-edited.webp\" alt=\"Fabricante de utens\u00edlios de cozinha na China - Chancescook\" class=\"wp-image-5085\" srcset=\"https:\/\/www.chancescook.com\/wp-content\/uploads\/2025\/07\/wholesale-cookware-manufacturer-chances-0-edited.webp 4608w, https:\/\/www.chancescook.com\/wp-content\/uploads\/2025\/07\/wholesale-cookware-manufacturer-chances-0-edited-300x225.webp 300w, https:\/\/www.chancescook.com\/wp-content\/uploads\/2025\/07\/wholesale-cookware-manufacturer-chances-0-edited-768x576.webp 768w, https:\/\/www.chancescook.com\/wp-content\/uploads\/2025\/07\/wholesale-cookware-manufacturer-chances-0-edited-16x12.webp 16w, https:\/\/www.chancescook.com\/wp-content\/uploads\/2025\/07\/wholesale-cookware-manufacturer-chances-0-edited-285x214.webp 285w, https:\/\/www.chancescook.com\/wp-content\/uploads\/2025\/07\/wholesale-cookware-manufacturer-chances-0-edited-1600x1200.webp 1600w, https:\/\/www.chancescook.com\/wp-content\/uploads\/2025\/07\/wholesale-cookware-manufacturer-chances-0-edited-800x600.webp 800w, https:\/\/www.chancescook.com\/wp-content\/uploads\/2025\/07\/wholesale-cookware-manufacturer-chances-0-edited-660x495.webp 660w, https:\/\/www.chancescook.com\/wp-content\/uploads\/2025\/07\/wholesale-cookware-manufacturer-chances-0-edited-150x113.webp 150w\" sizes=\"(max-width: 4608px) 100vw, 4608px\" \/><\/figure>\n<\/div>\n\n\n\n<div class=\"wp-block-column is-layout-flow wp-block-column-is-layout-flow\">\n<figure class=\"wp-block-image size-full\"><img decoding=\"async\" width=\"2755\" height=\"2066\" src=\"https:\/\/www.chancescook.com\/wp-content\/uploads\/2025\/07\/wholesale-cookware-manufacturer-kitchenware-manufacturer-chances-1_\u526f\u672c-edited.webp\" alt=\"Os materiais de cozinha mais comuns - Chancescook\" class=\"wp-image-5084\" srcset=\"https:\/\/www.chancescook.com\/wp-content\/uploads\/2025\/07\/wholesale-cookware-manufacturer-kitchenware-manufacturer-chances-1_\u526f\u672c-edited.webp 2755w, https:\/\/www.chancescook.com\/wp-content\/uploads\/2025\/07\/wholesale-cookware-manufacturer-kitchenware-manufacturer-chances-1_\u526f\u672c-edited-300x225.webp 300w, https:\/\/www.chancescook.com\/wp-content\/uploads\/2025\/07\/wholesale-cookware-manufacturer-kitchenware-manufacturer-chances-1_\u526f\u672c-edited-768x576.webp 768w, https:\/\/www.chancescook.com\/wp-content\/uploads\/2025\/07\/wholesale-cookware-manufacturer-kitchenware-manufacturer-chances-1_\u526f\u672c-edited-16x12.webp 16w, https:\/\/www.chancescook.com\/wp-content\/uploads\/2025\/07\/wholesale-cookware-manufacturer-kitchenware-manufacturer-chances-1_\u526f\u672c-edited-285x214.webp 285w, https:\/\/www.chancescook.com\/wp-content\/uploads\/2025\/07\/wholesale-cookware-manufacturer-kitchenware-manufacturer-chances-1_\u526f\u672c-edited-1600x1200.webp 1600w, https:\/\/www.chancescook.com\/wp-content\/uploads\/2025\/07\/wholesale-cookware-manufacturer-kitchenware-manufacturer-chances-1_\u526f\u672c-edited-800x600.webp 800w, https:\/\/www.chancescook.com\/wp-content\/uploads\/2025\/07\/wholesale-cookware-manufacturer-kitchenware-manufacturer-chances-1_\u526f\u672c-edited-660x495.webp 660w, https:\/\/www.chancescook.com\/wp-content\/uploads\/2025\/07\/wholesale-cookware-manufacturer-kitchenware-manufacturer-chances-1_\u526f\u672c-edited-150x112.webp 150w\" sizes=\"(max-width: 2755px) 100vw, 2755px\" \/><\/figure>\n<\/div>\n<\/div>\n\n\n\n<p><\/p>","protected":false},"excerpt":{"rendered":"<p>Este conjunto dur\u00e1vel de sete pe\u00e7as de utens\u00edlios de cozinha em a\u00e7o inoxid\u00e1vel \u00e9 perfeito para cozinhas dom\u00e9sticas e comerciais. A superf\u00edcie electropolida proporciona um acabamento profissional e met\u00e1lico que \u00e9 f\u00e1cil de limpar e pode ser lavado na m\u00e1quina de lavar lou\u00e7a. Como fornecedor l\u00edder de tachos e panelas para restaurantes, apoiamos a personaliza\u00e7\u00e3o da marca e oferecemos encomendas de grandes quantidades. Os comerciantes globais, grossistas e marcas de utens\u00edlios de cozinha s\u00e3o bem-vindos a contactar-nos.<\/p>\n<h3>Tachos e panelas para restaurantes Carater\u00edsticas:<\/h3>\n<ul>\n<li data-start=\"137\" data-end=\"411\"><strong data-start=\"137\" data-end=\"152\">Durabilidade:<\/strong> Os nossos tachos e panelas para restaurantes oferecem uma excelente resist\u00eancia \u00e0 corros\u00e3o e uma durabilidade duradoura. Ao contr\u00e1rio do alum\u00ednio ou de outros metais, os utens\u00edlios de cozinha em a\u00e7o inoxid\u00e1vel n\u00e3o amolgam, deformam ou racham sob temperaturas elevadas ou utiliza\u00e7\u00e3o frequente, garantindo uma longa vida \u00fatil.<\/li>\n<li data-start=\"413\" data-end=\"584\"><strong data-start=\"413\" data-end=\"438\">Superf\u00edcie n\u00e3o reactiva:<\/strong> Os utens\u00edlios de cozinha em a\u00e7o inoxid\u00e1vel n\u00e3o reagem com alimentos \u00e1cidos ou alcalinos, preservando o sabor natural dos ingredientes sem qualquer sabor met\u00e1lico.<\/li>\n<li data-start=\"586\" data-end=\"833\"><strong data-start=\"586\" data-end=\"616\">Solu\u00e7\u00e3o completa para cozinhar:<\/strong> Este conjunto de utens\u00edlios de cozinha de 7 pe\u00e7as inclui panelas de caldo e panelas de sopa em v\u00e1rios tamanhos, proporcionando uma solu\u00e7\u00e3o vers\u00e1til para uma variedade de tarefas culin\u00e1rias - perfeito para cozinhas dom\u00e9sticas e necessidades de panelas e frigideiras de restaurantes.<\/li>\n<li data-start=\"835\" data-end=\"1049\"><strong data-start=\"835\" data-end=\"856\">F\u00e1cil de manter:<\/strong> O conjunto de panelas de 7 pe\u00e7as pode ser lavado na m\u00e1quina de lavar loi\u00e7a e os res\u00edduos mais dif\u00edceis podem ser facilmente removidos com uma imers\u00e3o ou uma esfrega suave. A utiliza\u00e7\u00e3o frequente n\u00e3o diminui o seu aspeto brilhante e profissional.<\/li>\n<li data-start=\"1051\" data-end=\"1340\"><strong data-start=\"1051\" data-end=\"1090\">Tecnologia avan\u00e7ada e produ\u00e7\u00e3o:<\/strong> Como um fabricante l\u00edder de utens\u00edlios de cozinha, utilizamos linhas de produ\u00e7\u00e3o eficientes e t\u00e9cnicas de polimento avan\u00e7adas para garantir que os nossos produtos sejam bonitos e funcionais. O fornecimento de grandes quantidades est\u00e1 dispon\u00edvel para panelas e frigideiras de restaurante por atacado.<\/li>\n<\/ul>","protected":false},"featured_media":5441,"comment_status":"closed","ping_status":"closed","template":"","meta":{"_acf_changed":false},"product_brand":[],"product_cat":[53],"product_tag":[],"class_list":{"0":"post-5440","1":"product","2":"type-product","3":"status-publish","4":"has-post-thumbnail","6":"product_cat-wholesale-cookware-sets","8":"first","9":"instock","10":"shipping-taxable","11":"product-type-simple"},"acf":[],"_links":{"self":[{"href":"https:\/\/www.chancescook.com\/pt\/wp-json\/wp\/v2\/product\/5440","targetHints":{"allow":["GET"]}}],"collection":[{"href":"https:\/\/www.chancescook.com\/pt\/wp-json\/wp\/v2\/product"}],"about":[{"href":"https:\/\/www.chancescook.com\/pt\/wp-json\/wp\/v2\/types\/product"}],"replies":[{"embeddable":true,"href":"https:\/\/www.chancescook.com\/pt\/wp-json\/wp\/v2\/comments?post=5440"}],"wp:featuredmedia":[{"embeddable":true,"href":"https:\/\/www.chancescook.com\/pt\/wp-json\/wp\/v2\/media\/5441"}],"wp:attachment":[{"href":"https:\/\/www.chancescook.com\/pt\/wp-json\/wp\/v2\/media?parent=5440"}],"wp:term":[{"taxonomy":"product_brand","embeddable":true,"href":"https:\/\/www.chancescook.com\/pt\/wp-json\/wp\/v2\/product_brand?post=5440"},{"taxonomy":"product_cat","embeddable":true,"href":"https:\/\/www.chancescook.com\/pt\/wp-json\/wp\/v2\/product_cat?post=5440"},{"taxonomy":"product_tag","embeddable":true,"href":"https:\/\/www.chancescook.com\/pt\/wp-json\/wp\/v2\/product_tag?post=5440"}],"curies":[{"name":"wp","href":"https:\/\/api.w.org\/{rel}","templated":true}]}}