{"id":5510,"date":"2025-11-04T18:15:04","date_gmt":"2025-11-04T18:15:04","guid":{"rendered":"https:\/\/www.chancescook.com\/?post_type=product&#038;p=5510"},"modified":"2025-11-04T18:38:22","modified_gmt":"2025-11-04T18:38:22","slug":"7-piece-stainless-steel-cookware-set","status":"publish","type":"product","link":"https:\/\/www.chancescook.com\/pt\/produto\/7-piece-stainless-steel-cookware-set\/","title":{"rendered":"Conjunto de panelas de a\u00e7o inoxid\u00e1vel de 7 pe\u00e7as Fabricante de panelas e frigideiras na China"},"content":{"rendered":"<div class=\"wp-block-columns is-layout-flex wp-container-core-columns-is-layout-9d6595d7 wp-block-columns-is-layout-flex\">\n<div class=\"wp-block-column is-layout-flow wp-block-column-is-layout-flow\">\n<h2 class=\"wp-block-heading\">Conjunto de panelas de a\u00e7o inoxid\u00e1vel de 7 pe\u00e7as Par\u00e2metros\uff1a<\/h2>\n\n\n\n<ul class=\"wp-block-list\">\n<li><strong>Material: <\/strong>SS304<\/li>\n\n\n\n<li><strong>Cor:<\/strong> Prata<\/li>\n\n\n\n<li><strong>Fundo<\/strong>: Fundo de base encapsulado (SUS+1,2mm Alu+SUS)<\/li>\n\n\n\n<li><strong>Tampa:<\/strong> Tampas em a\u00e7o inoxid\u00e1vel<\/li>\n\n\n\n<li><strong>Tamanhos<\/strong>:59\u00d749\u00d740cm<\/li>\n\n\n\n<li><strong>Nota:<\/strong> Apoiar a inspe\u00e7\u00e3o da qualidade para encomendas de pequenos lotes<\/li>\n<\/ul>\n<\/div>\n\n\n\n<div class=\"wp-block-column is-layout-flow wp-block-column-is-layout-flow\">\n<h2 class=\"wp-block-heading\">Op\u00e7\u00f5es de panelas e frigideiras personalizadas\uff1a<\/h2>\n\n\n\n<ul class=\"wp-block-list\">\n<li><strong>Log\u00f3tipo:<\/strong> Personaliz\u00e1vel com o log\u00f3tipo da sua marca<\/li>\n\n\n\n<li><strong>Pega<\/strong>: Pega para se adaptar ao seu estilo<\/li>\n\n\n\n<li><strong>Embalagem: <\/strong>Caixa de cor\/caixa de cart\u00e3o, etc<\/li>\n<\/ul>\n<\/div>\n<\/div>\n\n\n\n<p><em><a href=\"https:\/\/www.chancescook.com\/pt\/contact\/\" data-type=\"page\" data-id=\"2990\">O fabricante de utens\u00edlios de cozinha Chancescook oferece pre\u00e7os de f\u00e1brica e servi\u00e7os de personaliza\u00e7\u00e3o OEM. Contacte-nos para obter a melhor cota\u00e7\u00e3o de um fabricante de utens\u00edlios de cozinha fi\u00e1vel.<\/a><\/em><\/p>\n\n\n\n<div class=\"wp-block-columns is-layout-flex wp-container-core-columns-is-layout-9d6595d7 wp-block-columns-is-layout-flex\">\n<div class=\"wp-block-column is-layout-flow wp-block-column-is-layout-flow\">\n<figure class=\"wp-block-image size-full\"><img decoding=\"async\" width=\"4608\" height=\"3456\" src=\"https:\/\/www.chancescook.com\/wp-content\/uploads\/2025\/07\/wholesale-cookware-manufacturer-chances-0-edited.webp\" alt=\"Fabricante de utens\u00edlios de cozinha na China - Chancescook\" class=\"wp-image-5085\" srcset=\"https:\/\/www.chancescook.com\/wp-content\/uploads\/2025\/07\/wholesale-cookware-manufacturer-chances-0-edited.webp 4608w, https:\/\/www.chancescook.com\/wp-content\/uploads\/2025\/07\/wholesale-cookware-manufacturer-chances-0-edited-300x225.webp 300w, https:\/\/www.chancescook.com\/wp-content\/uploads\/2025\/07\/wholesale-cookware-manufacturer-chances-0-edited-768x576.webp 768w, https:\/\/www.chancescook.com\/wp-content\/uploads\/2025\/07\/wholesale-cookware-manufacturer-chances-0-edited-16x12.webp 16w, https:\/\/www.chancescook.com\/wp-content\/uploads\/2025\/07\/wholesale-cookware-manufacturer-chances-0-edited-285x214.webp 285w, https:\/\/www.chancescook.com\/wp-content\/uploads\/2025\/07\/wholesale-cookware-manufacturer-chances-0-edited-1600x1200.webp 1600w, https:\/\/www.chancescook.com\/wp-content\/uploads\/2025\/07\/wholesale-cookware-manufacturer-chances-0-edited-800x600.webp 800w, https:\/\/www.chancescook.com\/wp-content\/uploads\/2025\/07\/wholesale-cookware-manufacturer-chances-0-edited-660x495.webp 660w, https:\/\/www.chancescook.com\/wp-content\/uploads\/2025\/07\/wholesale-cookware-manufacturer-chances-0-edited-150x113.webp 150w\" sizes=\"(max-width: 4608px) 100vw, 4608px\" \/><\/figure>\n<\/div>\n\n\n\n<div class=\"wp-block-column is-layout-flow wp-block-column-is-layout-flow\">\n<figure class=\"wp-block-image size-full\"><img decoding=\"async\" width=\"2755\" height=\"2066\" src=\"https:\/\/www.chancescook.com\/wp-content\/uploads\/2025\/07\/wholesale-cookware-manufacturer-kitchenware-manufacturer-chances-1_\u526f\u672c-edited.webp\" alt=\"Os materiais de cozinha mais comuns - Chancescook\" class=\"wp-image-5084\" srcset=\"https:\/\/www.chancescook.com\/wp-content\/uploads\/2025\/07\/wholesale-cookware-manufacturer-kitchenware-manufacturer-chances-1_\u526f\u672c-edited.webp 2755w, https:\/\/www.chancescook.com\/wp-content\/uploads\/2025\/07\/wholesale-cookware-manufacturer-kitchenware-manufacturer-chances-1_\u526f\u672c-edited-300x225.webp 300w, https:\/\/www.chancescook.com\/wp-content\/uploads\/2025\/07\/wholesale-cookware-manufacturer-kitchenware-manufacturer-chances-1_\u526f\u672c-edited-768x576.webp 768w, https:\/\/www.chancescook.com\/wp-content\/uploads\/2025\/07\/wholesale-cookware-manufacturer-kitchenware-manufacturer-chances-1_\u526f\u672c-edited-16x12.webp 16w, https:\/\/www.chancescook.com\/wp-content\/uploads\/2025\/07\/wholesale-cookware-manufacturer-kitchenware-manufacturer-chances-1_\u526f\u672c-edited-285x214.webp 285w, https:\/\/www.chancescook.com\/wp-content\/uploads\/2025\/07\/wholesale-cookware-manufacturer-kitchenware-manufacturer-chances-1_\u526f\u672c-edited-1600x1200.webp 1600w, https:\/\/www.chancescook.com\/wp-content\/uploads\/2025\/07\/wholesale-cookware-manufacturer-kitchenware-manufacturer-chances-1_\u526f\u672c-edited-800x600.webp 800w, https:\/\/www.chancescook.com\/wp-content\/uploads\/2025\/07\/wholesale-cookware-manufacturer-kitchenware-manufacturer-chances-1_\u526f\u672c-edited-660x495.webp 660w, https:\/\/www.chancescook.com\/wp-content\/uploads\/2025\/07\/wholesale-cookware-manufacturer-kitchenware-manufacturer-chances-1_\u526f\u672c-edited-150x112.webp 150w\" sizes=\"(max-width: 2755px) 100vw, 2755px\" \/><\/figure>\n<\/div>\n<\/div>\n\n\n\n<p><\/p>","protected":false},"excerpt":{"rendered":"<p>Este conjunto de panelas de a\u00e7o inoxid\u00e1vel de 7 pe\u00e7as \u00e9 ideal para cozinhas dom\u00e9sticas e comerciais. A superf\u00edcie electropolida proporciona um acabamento met\u00e1lico elegante e profissional. F\u00e1cil de limpar e lav\u00e1vel na m\u00e1quina de lavar loi\u00e7a, garante um brilho e desempenho duradouros. Apoiamos a personaliza\u00e7\u00e3o da marca e o fornecimento a granel - compradores globais e atacadistas de utens\u00edlios de cozinha s\u00e3o bem-vindos para nos contactar para solu\u00e7\u00f5es de conjunto de utens\u00edlios de cozinha de a\u00e7o inoxid\u00e1vel de 7 pe\u00e7as por atacado.<\/p>\n<h3>Conjunto de panelas de a\u00e7o inoxid\u00e1vel de 7 pe\u00e7as Carater\u00edsticas:<\/h3>\n<ul>\n<li><strong>Altamente dur\u00e1vel:<\/strong> Feito de a\u00e7o inoxid\u00e1vel de primeira qualidade, este conjunto de panelas de a\u00e7o inoxid\u00e1vel de 7 pe\u00e7as \u00e9 totalmente caracterizado por uma resist\u00eancia superior \u00e0 corros\u00e3o e excelente durabilidade. Em compara\u00e7\u00e3o com o alum\u00ednio ou outros metais, este conjunto de utens\u00edlios de cozinha n\u00e3o amolga, deforma ou racha t\u00e3o facilmente sob altas temperaturas ou uso frequente, portanto, pode ser usado por mais tempo.<\/li>\n<li><strong>N\u00e3o reativo e seguro<\/strong>O a\u00e7o inoxid\u00e1vel n\u00e3o reage durante a cozedura de qualquer alimento \u00e1cido ou alcalino; por conseguinte, mant\u00e9m intacto o sabor original dos ingredientes, n\u00e3o deixando qualquer sabor met\u00e1lico.<\/li>\n<li><strong>Conjunto de cozinha multifun\u00e7\u00f5es:<\/strong> Este conjunto grossista de 7 pe\u00e7as em a\u00e7o inoxid\u00e1vel inclui diferentes tamanhos de panelas e frigideiras para v\u00e1rias necessidades, desde a cozinha dom\u00e9stica at\u00e9 \u00e0 cozinha de restaurante, permitindo-lhe realizar facilmente v\u00e1rias tarefas culin\u00e1rias num \u00fanico conjunto.<\/li>\n<li><strong>F\u00e1cil de limpar e de manter:<\/strong> Todo o conjunto pode ser lavado na m\u00e1quina de lavar lou\u00e7a e as n\u00f3doas mais dif\u00edceis s\u00e3o facilmente removidas com uma imers\u00e3o ou uma ligeira esfregadela. At\u00e9 mant\u00e9m o seu brilho profissional ap\u00f3s muita utiliza\u00e7\u00e3o.<\/li>\n<li><strong>Tecnologia de fabrico avan\u00e7ado:<\/strong> Como um fabricante profissional de utens\u00edlios de cozinha em a\u00e7o inoxid\u00e1vel, adoptamos linhas de produ\u00e7\u00e3o automatizadas eficientes e processos de polimento avan\u00e7ados para tornar os nossos produtos bonitos na apar\u00eancia e suaves no toque, f\u00e1ceis de usar e, ao mesmo tempo, satisfazer o grande volume de fornecimento necess\u00e1rio para a compra por atacado.<\/li>\n<\/ul>","protected":false},"featured_media":5513,"comment_status":"closed","ping_status":"closed","template":"","meta":{"_acf_changed":false},"product_brand":[],"product_cat":[53],"product_tag":[],"class_list":{"0":"post-5510","1":"product","2":"type-product","3":"status-publish","4":"has-post-thumbnail","6":"product_cat-wholesale-cookware-sets","8":"first","9":"instock","10":"shipping-taxable","11":"product-type-simple"},"acf":[],"_links":{"self":[{"href":"https:\/\/www.chancescook.com\/pt\/wp-json\/wp\/v2\/product\/5510","targetHints":{"allow":["GET"]}}],"collection":[{"href":"https:\/\/www.chancescook.com\/pt\/wp-json\/wp\/v2\/product"}],"about":[{"href":"https:\/\/www.chancescook.com\/pt\/wp-json\/wp\/v2\/types\/product"}],"replies":[{"embeddable":true,"href":"https:\/\/www.chancescook.com\/pt\/wp-json\/wp\/v2\/comments?post=5510"}],"wp:featuredmedia":[{"embeddable":true,"href":"https:\/\/www.chancescook.com\/pt\/wp-json\/wp\/v2\/media\/5513"}],"wp:attachment":[{"href":"https:\/\/www.chancescook.com\/pt\/wp-json\/wp\/v2\/media?parent=5510"}],"wp:term":[{"taxonomy":"product_brand","embeddable":true,"href":"https:\/\/www.chancescook.com\/pt\/wp-json\/wp\/v2\/product_brand?post=5510"},{"taxonomy":"product_cat","embeddable":true,"href":"https:\/\/www.chancescook.com\/pt\/wp-json\/wp\/v2\/product_cat?post=5510"},{"taxonomy":"product_tag","embeddable":true,"href":"https:\/\/www.chancescook.com\/pt\/wp-json\/wp\/v2\/product_tag?post=5510"}],"curies":[{"name":"wp","href":"https:\/\/api.w.org\/{rel}","templated":true}]}}