{"id":5516,"date":"2025-11-04T18:42:43","date_gmt":"2025-11-04T18:42:43","guid":{"rendered":"https:\/\/www.chancescook.com\/?post_type=product&#038;p=5516"},"modified":"2025-12-24T08:48:53","modified_gmt":"2025-12-24T08:48:53","slug":"10-piece-stainless-steel-cookware-set","status":"publish","type":"product","link":"https:\/\/www.chancescook.com\/pt\/produto\/10-piece-stainless-steel-cookware-set\/","title":{"rendered":"Conjunto de panelas de a\u00e7o inoxid\u00e1vel de 10 pe\u00e7as Atacadista, Melhor Conjunto de Panelas Fabricante"},"content":{"rendered":"<div class=\"wp-block-columns is-layout-flex wp-container-core-columns-is-layout-9d6595d7 wp-block-columns-is-layout-flex\">\n<div class=\"wp-block-column is-layout-flow wp-block-column-is-layout-flow\">\n<h2 class=\"wp-block-heading\">Conjunto de panelas de a\u00e7o inoxid\u00e1vel com 10 pe\u00e7as Par\u00e2metros:<\/h2>\n\n\n\n<ul class=\"wp-block-list\">\n<li><strong>Material: <\/strong>SS410<\/li>\n\n\n\n<li><strong>Cor:<\/strong> Prata<\/li>\n\n\n\n<li><strong>Fundo<\/strong>: Fundo de base encapsulado (SUS+1,2mm Alu+SUS)<\/li>\n\n\n\n<li><strong>Tampa:<\/strong> Tampas de vidro<\/li>\n\n\n\n<li><strong>Tamanhos<\/strong>:54\u00d731\u00d752cm<\/li>\n\n\n\n<li><strong>Nota:<\/strong> Apoiar a inspe\u00e7\u00e3o da qualidade para encomendas de pequenos lotes<\/li>\n<\/ul>\n<\/div>\n\n\n\n<div class=\"wp-block-column is-layout-flow wp-block-column-is-layout-flow\">\n<h2 class=\"wp-block-heading\">Op\u00e7\u00f5es do conjunto de panelas personalizadas\uff1a<\/h2>\n\n\n\n<ul class=\"wp-block-list\">\n<li><strong>Log\u00f3tipo:<\/strong> Personaliz\u00e1vel com o log\u00f3tipo da sua marca<\/li>\n\n\n\n<li><strong>Pega<\/strong>: Pega para se adaptar ao seu estilo<\/li>\n\n\n\n<li><strong>Embalagem: <\/strong>Caixa de cor\/caixa de cart\u00e3o, etc<\/li>\n<\/ul>\n<\/div>\n<\/div>\n\n\n\n<p><em><a href=\"https:\/\/www.chancescook.com\/pt\/contact\/\" data-type=\"page\" data-id=\"2990\">O fabricante de utens\u00edlios de cozinha Chancescook oferece pre\u00e7os de f\u00e1brica e servi\u00e7os de personaliza\u00e7\u00e3o OEM. Contacte-nos para obter a melhor cota\u00e7\u00e3o de um fabricante de utens\u00edlios de cozinha fi\u00e1vel.<\/a><\/em><\/p>\n\n\n\n<div class=\"wp-block-columns is-layout-flex wp-container-core-columns-is-layout-9d6595d7 wp-block-columns-is-layout-flex\">\n<div class=\"wp-block-column is-layout-flow wp-block-column-is-layout-flow\">\n<figure class=\"wp-block-image size-full\"><img decoding=\"async\" width=\"800\" height=\"800\" src=\"https:\/\/www.chancescook.com\/wp-content\/uploads\/2025\/11\/10-Piece-Stainless-Steel-Cookware-Set-Wholesaler-5.webp\" alt=\"Conjunto de panelas de a\u00e7o inoxid\u00e1vel com 10 pe\u00e7as - Atacadista (5)\" class=\"wp-image-5521\" srcset=\"https:\/\/www.chancescook.com\/wp-content\/uploads\/2025\/11\/10-Piece-Stainless-Steel-Cookware-Set-Wholesaler-5.webp 800w, https:\/\/www.chancescook.com\/wp-content\/uploads\/2025\/11\/10-Piece-Stainless-Steel-Cookware-Set-Wholesaler-5-300x300.webp 300w, https:\/\/www.chancescook.com\/wp-content\/uploads\/2025\/11\/10-Piece-Stainless-Steel-Cookware-Set-Wholesaler-5-150x150.webp 150w, https:\/\/www.chancescook.com\/wp-content\/uploads\/2025\/11\/10-Piece-Stainless-Steel-Cookware-Set-Wholesaler-5-768x768.webp 768w, https:\/\/www.chancescook.com\/wp-content\/uploads\/2025\/11\/10-Piece-Stainless-Steel-Cookware-Set-Wholesaler-5-12x12.webp 12w, https:\/\/www.chancescook.com\/wp-content\/uploads\/2025\/11\/10-Piece-Stainless-Steel-Cookware-Set-Wholesaler-5-285x285.webp 285w, https:\/\/www.chancescook.com\/wp-content\/uploads\/2025\/11\/10-Piece-Stainless-Steel-Cookware-Set-Wholesaler-5-270x270.webp 270w, https:\/\/www.chancescook.com\/wp-content\/uploads\/2025\/11\/10-Piece-Stainless-Steel-Cookware-Set-Wholesaler-5-540x540.webp 540w, https:\/\/www.chancescook.com\/wp-content\/uploads\/2025\/11\/10-Piece-Stainless-Steel-Cookware-Set-Wholesaler-5-660x660.webp 660w\" sizes=\"(max-width: 800px) 100vw, 800px\" \/><\/figure>\n<\/div>\n\n\n\n<div class=\"wp-block-column is-layout-flow wp-block-column-is-layout-flow\">\n<figure class=\"wp-block-image size-full\"><img decoding=\"async\" width=\"800\" height=\"800\" src=\"https:\/\/www.chancescook.com\/wp-content\/uploads\/2025\/11\/10-Piece-Stainless-Steel-Cookware-Set-Wholesaler-4.webp\" alt=\"Conjunto de panelas de a\u00e7o inoxid\u00e1vel com 10 pe\u00e7as - Atacadista (4)\" class=\"wp-image-5520\" srcset=\"https:\/\/www.chancescook.com\/wp-content\/uploads\/2025\/11\/10-Piece-Stainless-Steel-Cookware-Set-Wholesaler-4.webp 800w, https:\/\/www.chancescook.com\/wp-content\/uploads\/2025\/11\/10-Piece-Stainless-Steel-Cookware-Set-Wholesaler-4-300x300.webp 300w, https:\/\/www.chancescook.com\/wp-content\/uploads\/2025\/11\/10-Piece-Stainless-Steel-Cookware-Set-Wholesaler-4-150x150.webp 150w, https:\/\/www.chancescook.com\/wp-content\/uploads\/2025\/11\/10-Piece-Stainless-Steel-Cookware-Set-Wholesaler-4-768x768.webp 768w, https:\/\/www.chancescook.com\/wp-content\/uploads\/2025\/11\/10-Piece-Stainless-Steel-Cookware-Set-Wholesaler-4-12x12.webp 12w, https:\/\/www.chancescook.com\/wp-content\/uploads\/2025\/11\/10-Piece-Stainless-Steel-Cookware-Set-Wholesaler-4-285x285.webp 285w, https:\/\/www.chancescook.com\/wp-content\/uploads\/2025\/11\/10-Piece-Stainless-Steel-Cookware-Set-Wholesaler-4-270x270.webp 270w, https:\/\/www.chancescook.com\/wp-content\/uploads\/2025\/11\/10-Piece-Stainless-Steel-Cookware-Set-Wholesaler-4-540x540.webp 540w, https:\/\/www.chancescook.com\/wp-content\/uploads\/2025\/11\/10-Piece-Stainless-Steel-Cookware-Set-Wholesaler-4-660x660.webp 660w\" sizes=\"(max-width: 800px) 100vw, 800px\" \/><\/figure>\n<\/div>\n\n\n\n<div class=\"wp-block-column is-layout-flow wp-block-column-is-layout-flow\">\n<figure class=\"wp-block-image size-full\"><img decoding=\"async\" width=\"800\" height=\"800\" src=\"https:\/\/www.chancescook.com\/wp-content\/uploads\/2025\/11\/10-Piece-Stainless-Steel-Cookware-Set-Wholesaler-3.webp\" alt=\"Conjunto de 10 pe\u00e7as de panelas de a\u00e7o inoxid\u00e1vel para revendedores (3)\" class=\"wp-image-5519\" srcset=\"https:\/\/www.chancescook.com\/wp-content\/uploads\/2025\/11\/10-Piece-Stainless-Steel-Cookware-Set-Wholesaler-3.webp 800w, https:\/\/www.chancescook.com\/wp-content\/uploads\/2025\/11\/10-Piece-Stainless-Steel-Cookware-Set-Wholesaler-3-300x300.webp 300w, https:\/\/www.chancescook.com\/wp-content\/uploads\/2025\/11\/10-Piece-Stainless-Steel-Cookware-Set-Wholesaler-3-150x150.webp 150w, https:\/\/www.chancescook.com\/wp-content\/uploads\/2025\/11\/10-Piece-Stainless-Steel-Cookware-Set-Wholesaler-3-768x768.webp 768w, https:\/\/www.chancescook.com\/wp-content\/uploads\/2025\/11\/10-Piece-Stainless-Steel-Cookware-Set-Wholesaler-3-12x12.webp 12w, https:\/\/www.chancescook.com\/wp-content\/uploads\/2025\/11\/10-Piece-Stainless-Steel-Cookware-Set-Wholesaler-3-285x285.webp 285w, https:\/\/www.chancescook.com\/wp-content\/uploads\/2025\/11\/10-Piece-Stainless-Steel-Cookware-Set-Wholesaler-3-270x270.webp 270w, https:\/\/www.chancescook.com\/wp-content\/uploads\/2025\/11\/10-Piece-Stainless-Steel-Cookware-Set-Wholesaler-3-540x540.webp 540w, https:\/\/www.chancescook.com\/wp-content\/uploads\/2025\/11\/10-Piece-Stainless-Steel-Cookware-Set-Wholesaler-3-660x660.webp 660w\" sizes=\"(max-width: 800px) 100vw, 800px\" \/><\/figure>\n<\/div>\n<\/div>\n\n\n\n<p><\/p>","protected":false},"excerpt":{"rendered":"<p>Bem-vindo ao nosso conjunto de panelas de a\u00e7o inoxid\u00e1vel de 10 pe\u00e7as, projetado para atender \u00e0s diversas necessidades das cozinhas modernas. O conjunto inclui tr\u00eas tamanhos diferentes de panelas de sopa (todas com tampas de vidro), uma panela de leite com tampa de vidro, uma frigideira e uma chaleira, oferecendo uma solu\u00e7\u00e3o completa para cozinhar. A Chancescook, fabricante de panelas, oferece pre\u00e7os de f\u00e1brica e servi\u00e7os de personaliza\u00e7\u00e3o OEM. Entre em contacto connosco para obter o melhor or\u00e7amento.<\/p>\n<h3>Conjunto de panelas de a\u00e7o inoxid\u00e1vel com 10 pe\u00e7as Caracter\u00edsticas:<\/h3>\n<ul>\n<li><strong>Excelente durabilidade:<\/strong> Os utens\u00edlios de cozinha em a\u00e7o inoxid\u00e1vel s\u00e3o bem conhecidos pela sua resist\u00eancia \u00e0 corros\u00e3o e durabilidade. Ao contr\u00e1rio da maioria dos metais, o a\u00e7o inoxid\u00e1vel n\u00e3o amolgada, deforma ou parte facilmente devido \u00e0s altas temperaturas e ao uso frequente; portanto, pode durar mais tempo.<\/li>\n<li><strong>Sa\u00fade e seguran\u00e7a<\/strong>: Fabricado em a\u00e7o inoxid\u00e1vel de qualidade alimentar, o nosso conjunto de panelas de a\u00e7o inoxid\u00e1vel de 10 pe\u00e7as para revenda oferece uma superf\u00edcie n\u00e3o reativa que n\u00e3o reage com alimentos \u00e1cidos ou alcalinos. Isso significa que ele pode preservar o sabor natural dos ingredientes sem lhes conferir um gosto met\u00e1lico.<\/li>\n<li><strong>Solu\u00e7\u00e3o completa para cozinhar:<\/strong> O seguinte conjunto de 10 pe\u00e7as de panelas de a\u00e7o inoxid\u00e1vel certamente atender\u00e1 a todas as diversas necessidades culin\u00e1rias, seja para ferver, cozinhar sopa, fritar, ferver \u00e1gua e muito mais, gra\u00e7as ao seu design multifuncional que facilmente atende a todos os tipos de desafios culin\u00e1rios di\u00e1rios.<\/li>\n<li><strong>F\u00e1cil de manter:<\/strong> Os utens\u00edlios de cozinha em a\u00e7o inoxid\u00e1vel s\u00e3o f\u00e1ceis de limpar e podem ser lavados na m\u00e1quina de lavar lou\u00e7a. Quaisquer res\u00edduos de alimentos dif\u00edceis de remover normalmente s\u00f3 precisam de ser deixados de molho ou esfregados levemente para serem removidos, de modo que, ap\u00f3s v\u00e1rios anos de uso, continuam com um aspecto brilhante e profissional.<\/li>\n<li><strong>Processo de fabrico de precis\u00e3o:<\/strong> Utilizamos tecnologia de produ\u00e7\u00e3o avan\u00e7ada e t\u00e9cnicas de polimento precisas para garantir que cada produto n\u00e3o s\u00f3 tenha uma apar\u00eancia bonita, mas tamb\u00e9m proporcione uma excelente experi\u00eancia ao utilizador. Tamb\u00e9m oferecemos servi\u00e7os de personaliza\u00e7\u00e3o OEM\/ODM para atender \u00e0s necessidades de marca de diferentes clientes.<\/li>\n<li>Oferecemos pre\u00e7os de f\u00e1brica competitivos e solu\u00e7\u00f5es personalizadas. Convidamos comerciantes globais, grossistas e marcas de utens\u00edlios de cozinha a contactar-nos para obter as melhores cota\u00e7\u00f5es.<\/li>\n<\/ul>","protected":false},"featured_media":5911,"comment_status":"closed","ping_status":"closed","template":"","meta":{"_acf_changed":false},"product_brand":[],"product_cat":[53],"product_tag":[],"class_list":{"0":"post-5516","1":"product","2":"type-product","3":"status-publish","4":"has-post-thumbnail","6":"product_cat-wholesale-cookware-sets","8":"first","9":"instock","10":"shipping-taxable","11":"product-type-simple"},"acf":[],"_links":{"self":[{"href":"https:\/\/www.chancescook.com\/pt\/wp-json\/wp\/v2\/product\/5516","targetHints":{"allow":["GET"]}}],"collection":[{"href":"https:\/\/www.chancescook.com\/pt\/wp-json\/wp\/v2\/product"}],"about":[{"href":"https:\/\/www.chancescook.com\/pt\/wp-json\/wp\/v2\/types\/product"}],"replies":[{"embeddable":true,"href":"https:\/\/www.chancescook.com\/pt\/wp-json\/wp\/v2\/comments?post=5516"}],"wp:featuredmedia":[{"embeddable":true,"href":"https:\/\/www.chancescook.com\/pt\/wp-json\/wp\/v2\/media\/5911"}],"wp:attachment":[{"href":"https:\/\/www.chancescook.com\/pt\/wp-json\/wp\/v2\/media?parent=5516"}],"wp:term":[{"taxonomy":"product_brand","embeddable":true,"href":"https:\/\/www.chancescook.com\/pt\/wp-json\/wp\/v2\/product_brand?post=5516"},{"taxonomy":"product_cat","embeddable":true,"href":"https:\/\/www.chancescook.com\/pt\/wp-json\/wp\/v2\/product_cat?post=5516"},{"taxonomy":"product_tag","embeddable":true,"href":"https:\/\/www.chancescook.com\/pt\/wp-json\/wp\/v2\/product_tag?post=5516"}],"curies":[{"name":"wp","href":"https:\/\/api.w.org\/{rel}","templated":true}]}}