{"id":5523,"date":"2025-11-05T01:28:09","date_gmt":"2025-11-05T00:58:41","guid":{"rendered":"https:\/\/www.chancescook.com\/?post_type=product&#038;p=5523"},"modified":"2025-12-22T06:40:42","modified_gmt":"2025-12-22T06:40:42","slug":"stainless-steel-apple-pot-wholesale","status":"publish","type":"product","link":"https:\/\/www.chancescook.com\/pt\/produto\/stainless-steel-apple-pot-wholesale\/","title":{"rendered":"316 pote de ma\u00e7\u00e3 de a\u00e7o inoxid\u00e1vel por atacado 2L Tri-ply dupla orelha pote de sopa fabricante"},"content":{"rendered":"<div class=\"wp-block-columns is-layout-flex wp-container-core-columns-is-layout-9d6595d7 wp-block-columns-is-layout-flex\">\n<div class=\"wp-block-column is-layout-flow wp-block-column-is-layout-flow\">\n<h2 class=\"wp-block-heading\">Pote de ma\u00e7\u00e3 em a\u00e7o inoxid\u00e1vel Par\u00e2metros:<\/h2>\n\n\n\n<ul class=\"wp-block-list\">\n<li><strong>Material:<\/strong> SS316 Tri-ply<\/li>\n\n\n\n<li><strong>Cor:<\/strong> Prata<\/li>\n\n\n\n<li><strong>Fundo: <\/strong>Fundo de base encapsulado (SUS+1,2mm Alu+SUS)<\/li>\n\n\n\n<li><strong>Tampa:<\/strong> Tampas em a\u00e7o inoxid\u00e1vel<\/li>\n\n\n\n<li><strong>Tamanhos:<\/strong>20\/22\/24cm<\/li>\n\n\n\n<li><strong>Nota:<\/strong> Apoiar a inspe\u00e7\u00e3o da qualidade para encomendas de pequenos lotes<\/li>\n<\/ul>\n<\/div>\n\n\n\n<div class=\"wp-block-column is-layout-flow wp-block-column-is-layout-flow\">\n<h2 class=\"wp-block-heading\">Op\u00e7\u00f5es de panela de sopa personalizada:<\/h2>\n\n\n\n<ul class=\"wp-block-list\">\n<li><strong>Log\u00f3tipo:<\/strong> Personaliz\u00e1vel com o log\u00f3tipo da sua marca<\/li>\n\n\n\n<li><strong>Pega: <\/strong>Pega para se adaptar ao seu estilo<\/li>\n\n\n\n<li><strong>Embalagem: <\/strong>Caixa de cor\/caixa de cart\u00e3o, etc<\/li>\n\n\n\n<li><strong><a href=\"https:\/\/www.chancescook.com\/pt\/custom-cookware\/\">Solu\u00e7\u00f5es de panelas personalizadas OEM e ODM<\/a><\/strong><\/li>\n<\/ul>\n<\/div>\n<\/div>\n\n\n\n<p><em><a href=\"https:\/\/www.chancescook.com\/pt\/contact\/\">O fabricante de utens\u00edlios de cozinha Chancescook oferece pre\u00e7os de f\u00e1brica e servi\u00e7os de personaliza\u00e7\u00e3o OEM. Contacte-nos para obter a melhor cota\u00e7\u00e3o de um fabricante de utens\u00edlios de cozinha fi\u00e1vel.<\/a><\/em><\/p>\n\n\n\n<div class=\"wp-block-columns is-layout-flex wp-container-core-columns-is-layout-9d6595d7 wp-block-columns-is-layout-flex\">\n<div class=\"wp-block-column is-layout-flow wp-block-column-is-layout-flow\">\n<figure class=\"wp-block-image size-full\"><img decoding=\"async\" width=\"1600\" height=\"1067\" src=\"https:\/\/www.chancescook.com\/wp-content\/uploads\/2025\/07\/wholesale-cookware-manufacturer-chances-0-1600x1067-1.webp\" alt=\"oportunidades de fabrico de utens\u00edlios de cozinha por grosso-0-1600x1067\" class=\"wp-image-5233\" srcset=\"https:\/\/www.chancescook.com\/wp-content\/uploads\/2025\/07\/wholesale-cookware-manufacturer-chances-0-1600x1067-1.webp 1600w, https:\/\/www.chancescook.com\/wp-content\/uploads\/2025\/07\/wholesale-cookware-manufacturer-chances-0-1600x1067-1-300x200.webp 300w, https:\/\/www.chancescook.com\/wp-content\/uploads\/2025\/07\/wholesale-cookware-manufacturer-chances-0-1600x1067-1-768x512.webp 768w, https:\/\/www.chancescook.com\/wp-content\/uploads\/2025\/07\/wholesale-cookware-manufacturer-chances-0-1600x1067-1-18x12.webp 18w, https:\/\/www.chancescook.com\/wp-content\/uploads\/2025\/07\/wholesale-cookware-manufacturer-chances-0-1600x1067-1-285x190.webp 285w, https:\/\/www.chancescook.com\/wp-content\/uploads\/2025\/07\/wholesale-cookware-manufacturer-chances-0-1600x1067-1-660x440.webp 660w, https:\/\/www.chancescook.com\/wp-content\/uploads\/2025\/07\/wholesale-cookware-manufacturer-chances-0-1600x1067-1-150x100.webp 150w\" sizes=\"(max-width: 1600px) 100vw, 1600px\" \/><\/figure>\n<\/div>\n\n\n\n<div class=\"wp-block-column is-layout-flow wp-block-column-is-layout-flow\">\n<figure class=\"wp-block-image size-full\"><img decoding=\"async\" width=\"3807\" height=\"2538\" src=\"https:\/\/www.chancescook.com\/wp-content\/uploads\/2024\/08\/wholesale-cookware-manufacturer-kitchenware-manufacturer-chances-1.webp\" alt=\"utens\u00edlios de cozinha de indu\u00e7\u00e3o em a\u00e7o inoxid\u00e1vel Fabricante\" class=\"wp-image-3446\" srcset=\"https:\/\/www.chancescook.com\/wp-content\/uploads\/2024\/08\/wholesale-cookware-manufacturer-kitchenware-manufacturer-chances-1.webp 3807w, https:\/\/www.chancescook.com\/wp-content\/uploads\/2024\/08\/wholesale-cookware-manufacturer-kitchenware-manufacturer-chances-1-300x200.webp 300w, https:\/\/www.chancescook.com\/wp-content\/uploads\/2024\/08\/wholesale-cookware-manufacturer-kitchenware-manufacturer-chances-1-768x512.webp 768w, https:\/\/www.chancescook.com\/wp-content\/uploads\/2024\/08\/wholesale-cookware-manufacturer-kitchenware-manufacturer-chances-1-18x12.webp 18w, https:\/\/www.chancescook.com\/wp-content\/uploads\/2024\/08\/wholesale-cookware-manufacturer-kitchenware-manufacturer-chances-1-285x190.webp 285w, https:\/\/www.chancescook.com\/wp-content\/uploads\/2024\/08\/wholesale-cookware-manufacturer-kitchenware-manufacturer-chances-1-1600x1067.webp 1600w, https:\/\/www.chancescook.com\/wp-content\/uploads\/2024\/08\/wholesale-cookware-manufacturer-kitchenware-manufacturer-chances-1-660x440.webp 660w, https:\/\/www.chancescook.com\/wp-content\/uploads\/2024\/08\/wholesale-cookware-manufacturer-kitchenware-manufacturer-chances-1-150x100.webp 150w\" sizes=\"(max-width: 3807px) 100vw, 3807px\" \/><\/figure>\n<\/div>\n<\/div>","protected":false},"excerpt":{"rendered":"<p>A nossa panela de ma\u00e7\u00e3 em a\u00e7o inoxid\u00e1vel para venda por grosso \u00e9 uma ca\u00e7arola elegante e pr\u00e1tica em a\u00e7o inoxid\u00e1vel 316, ideal para cozinhar em casa, em hot\u00e9is e na restaura\u00e7\u00e3o. Concebida com uma superf\u00edcie n\u00e3o t\u00f3xica e sem PFOA, \u00e9 segura e saud\u00e1vel para as refei\u00e7\u00f5es do dia a dia. Adequada para 2-3 por\u00e7\u00f5es, esta panela multifuncional adapta-se a todos os fog\u00f5es, incluindo fog\u00f5es de indu\u00e7\u00e3o e a g\u00e1s. Oferecemos servi\u00e7os de personaliza\u00e7\u00e3o OEM\/ODM e fornecimento a granel para grossistas e distribuidores globais - contacte-nos hoje para obter or\u00e7amentos competitivos.<\/p>\n<h2>Carater\u00edsticas e vantagens do pote de ma\u00e7\u00e3 em a\u00e7o inoxid\u00e1vel<\/h2>\n<ul>\n<li><strong>A\u00e7o inoxid\u00e1vel 316 de qualidade m\u00e9dica:<\/strong> O a\u00e7o inoxid\u00e1vel 316 destaca-se pela sua durabilidade e seguran\u00e7a para a sa\u00fade. O nosso pote de ma\u00e7\u00e3 de a\u00e7o inoxid\u00e1vel por atacado \u00e9 feito deste material que se destaca na resist\u00eancia \u00e0 corros\u00e3o de ingredientes \u00e1cidos ou alcalinos.<\/li>\n<li><strong>Adequado para 2-3 pessoas:<\/strong> A capacidade de 3-4,5 L \u00e9 muito adequada para a cozinha di\u00e1ria da fam\u00edlia e \u00e9 muito adequada para as necessidades culin\u00e1rias de fam\u00edlias pequenas ou pessoas solteiras.<\/li>\n<li><strong>Adequado para v\u00e1rios fog\u00f5es:<\/strong> A panela de ma\u00e7\u00e3 em a\u00e7o inoxid\u00e1vel pode ser compat\u00edvel com uma variedade de equipamentos de cozinha, incluindo fog\u00f5es de indu\u00e7\u00e3o, fog\u00f5es a g\u00e1s e fog\u00f5es de cer\u00e2mica, proporcionando grande comodidade.<\/li>\n<li><strong>Servi\u00e7o personalizado:<\/strong> A Chancescook fornece uma vasta gama de servi\u00e7os personalizados de panelas de ma\u00e7\u00e3 em a\u00e7o inoxid\u00e1vel para ajudar as empresas a conseguirem a personaliza\u00e7\u00e3o da marca quando compram a granel, adequado para hot\u00e9is, ind\u00fastrias de catering e comerciantes que compram a granel.<\/li>\n<\/ul>","protected":false},"featured_media":5789,"comment_status":"closed","ping_status":"closed","template":"","meta":{"_acf_changed":false},"product_brand":[],"product_cat":[52,62],"product_tag":[],"class_list":{"0":"post-5523","1":"product","2":"type-product","3":"status-publish","4":"has-post-thumbnail","6":"product_cat-cookware-wholesale","7":"product_cat-wholesale-soup-pot","9":"first","10":"instock","11":"shipping-taxable","12":"product-type-simple"},"acf":[],"_links":{"self":[{"href":"https:\/\/www.chancescook.com\/pt\/wp-json\/wp\/v2\/product\/5523","targetHints":{"allow":["GET"]}}],"collection":[{"href":"https:\/\/www.chancescook.com\/pt\/wp-json\/wp\/v2\/product"}],"about":[{"href":"https:\/\/www.chancescook.com\/pt\/wp-json\/wp\/v2\/types\/product"}],"replies":[{"embeddable":true,"href":"https:\/\/www.chancescook.com\/pt\/wp-json\/wp\/v2\/comments?post=5523"}],"wp:featuredmedia":[{"embeddable":true,"href":"https:\/\/www.chancescook.com\/pt\/wp-json\/wp\/v2\/media\/5789"}],"wp:attachment":[{"href":"https:\/\/www.chancescook.com\/pt\/wp-json\/wp\/v2\/media?parent=5523"}],"wp:term":[{"taxonomy":"product_brand","embeddable":true,"href":"https:\/\/www.chancescook.com\/pt\/wp-json\/wp\/v2\/product_brand?post=5523"},{"taxonomy":"product_cat","embeddable":true,"href":"https:\/\/www.chancescook.com\/pt\/wp-json\/wp\/v2\/product_cat?post=5523"},{"taxonomy":"product_tag","embeddable":true,"href":"https:\/\/www.chancescook.com\/pt\/wp-json\/wp\/v2\/product_tag?post=5523"}],"curies":[{"name":"wp","href":"https:\/\/api.w.org\/{rel}","templated":true}]}}